{"id":8101,"date":"2019-04-05T14:06:00","date_gmt":"2019-04-05T20:06:00","guid":{"rendered":"https:\/\/aaronaherbert.wpenginepowered.com\/dallas-workplace-wrongful-death-attorney\/"},"modified":"2025-12-29T12:13:45","modified_gmt":"2025-12-29T18:13:45","slug":"abogado-de-reclamaciones-por-muerte-negligente-en-dallas","status":"publish","type":"page","link":"https:\/\/injuryattorneyofdallas.com\/es\/abogado-de-reclamaciones-por-muerte-negligente-en-dallas\/","title":{"rendered":"Abogado de Reclamaciones por Muerte Negligente en Dallas"},"content":{"rendered":"\r\n<p>En el mundo real, muchas lesiones personales resultan en muerte. En ese momento, la v\u00edctima, obviamente, ya no podr\u00eda presentar reclamaciones de ning\u00fan tipo. Sin embargo, la familia del difunto permanece privada de apoyo, compa\u00f1erismo, etc. \u00bfC\u00f3mo mantiene la ley la muerte de la v\u00edctima de alguna manera trabajando en beneficio de la persona responsable de causar la muerte?<\/p><div id=\"ez-toc-container\" class=\"ez-toc-v2_0_80 counter-hierarchy ez-toc-counter ez-toc-grey ez-toc-container-direction\">\n<div class=\"ez-toc-title-container\">\n<p class=\"ez-toc-title\" style=\"cursor:inherit\">Table of Contents<\/p>\n<span class=\"ez-toc-title-toggle\"><a href=\"#\" class=\"ez-toc-pull-right ez-toc-btn ez-toc-btn-xs ez-toc-btn-default ez-toc-toggle\" aria-label=\"Alternar tabla de contenidos\"><span class=\"ez-toc-js-icon-con\"><span class=\"\"><span class=\"eztoc-hide\" style=\"display:none;\">Toggle<\/span><span class=\"ez-toc-icon-toggle-span\"><svg style=\"fill: #999;color:#999\" xmlns=\"http:\/\/www.w3.org\/2000\/svg\" class=\"list-377408\" width=\"20px\" height=\"20px\" viewBox=\"0 0 24 24\" fill=\"none\"><path d=\"M6 6H4v2h2V6zm14 0H8v2h12V6zM4 11h2v2H4v-2zm16 0H8v2h12v-2zM4 16h2v2H4v-2zm16 0H8v2h12v-2z\" fill=\"currentColor\"><\/path><\/svg><svg style=\"fill: #999;color:#999\" class=\"arrow-unsorted-368013\" xmlns=\"http:\/\/www.w3.org\/2000\/svg\" width=\"10px\" height=\"10px\" viewBox=\"0 0 24 24\" version=\"1.2\" baseProfile=\"tiny\"><path d=\"M18.2 9.3l-6.2-6.3-6.2 6.3c-.2.2-.3.4-.3.7s.1.5.3.7c.2.2.4.3.7.3h11c.3 0 .5-.1.7-.3.2-.2.3-.5.3-.7s-.1-.5-.3-.7zM5.8 14.7l6.2 6.3 6.2-6.3c.2-.2.3-.5.3-.7s-.1-.5-.3-.7c-.2-.2-.4-.3-.7-.3h-11c-.3 0-.5.1-.7.3-.2.2-.3.5-.3.7s.1.5.3.7z\"\/><\/svg><\/span><\/span><\/span><\/a><\/span><\/div>\n<nav><ul class='ez-toc-list ez-toc-list-level-1 ' ><li class='ez-toc-page-1 ez-toc-heading-level-2'><a class=\"ez-toc-link ez-toc-heading-1\" href=\"https:\/\/injuryattorneyofdallas.com\/es\/abogado-de-reclamaciones-por-muerte-negligente-en-dallas\/#NATURALEZA_DE_LAS_ACCIONES_DE_MUERTE_NEGLIGENTE\" >NATURALEZA DE LAS ACCIONES DE MUERTE NEGLIGENTE<\/a><\/li><li class='ez-toc-page-1 ez-toc-heading-level-2'><a class=\"ez-toc-link ez-toc-heading-2\" href=\"https:\/\/injuryattorneyofdallas.com\/es\/abogado-de-reclamaciones-por-muerte-negligente-en-dallas\/#Obten_una_Consulta_Legal_Gratis\" >Obt\u00e9n una Consulta Legal Gratis<\/a><\/li><li class='ez-toc-page-1 ez-toc-heading-level-2'><a class=\"ez-toc-link ez-toc-heading-3\" href=\"https:\/\/injuryattorneyofdallas.com\/es\/abogado-de-reclamaciones-por-muerte-negligente-en-dallas\/#%C2%ABACCIONES_DE_SUPERVIVENCIA%C2%BB_SON_DIFERENTES\" >\u00abACCIONES DE SUPERVIVENCIA\u00bb SON DIFERENTES<\/a><\/li><li class='ez-toc-page-1 ez-toc-heading-level-2'><a class=\"ez-toc-link ez-toc-heading-4\" href=\"https:\/\/injuryattorneyofdallas.com\/es\/abogado-de-reclamaciones-por-muerte-negligente-en-dallas\/#CONSIGUE_AYUDA\" >CONSIGUE AYUDA<\/a><\/li><li class='ez-toc-page-1 ez-toc-heading-level-2'><a class=\"ez-toc-link ez-toc-heading-5\" href=\"https:\/\/injuryattorneyofdallas.com\/es\/abogado-de-reclamaciones-por-muerte-negligente-en-dallas\/#CONTACTENOS\" >CONT\u00c1CTENOS<\/a><\/li><\/ul><\/nav><\/div>\n\r\n\r\n\r\n\r\n<p>Con la idea de \u00abmuerte negligente\u00bb la reclamaci\u00f3n puede ser presentada por los familiares sobrevivientes de la v\u00edctima.<\/p>\r\n\r\n\r\n\r\n<h2 class=\"wp-block-heading\"><span class=\"ez-toc-section\" id=\"NATURALEZA_DE_LAS_ACCIONES_DE_MUERTE_NEGLIGENTE\"><\/span>NATURALEZA DE LAS ACCIONES DE MUERTE NEGLIGENTE<span class=\"ez-toc-section-end\"><\/span><\/h2>\r\n\r\n\r\n\r\n<p>Las demandas por muerte negligente se basan en lo que los herederos del difunto han experimentado p\u00e9rdida como resultado de la muerte. En Texas, estas p\u00e9rdidas pueden describirse generalmente como:<\/p>\r\n\r\n\r\n\r\n<ul class=\"wp-block-list\">\r\n<li>P\u00e9rdida del apoyo, servicios, cuidados, etc. que el difunto hubiera proporcionado<\/li>\r\n\r\n\r\n\r\n<li>P\u00e9rdida de la compa\u00f1\u00eda del difunto<\/li>\r\n\r\n\r\n\r\n<li>Angustia mental<\/li>\r\n\r\n\r\n\r\n<li>Herencia disminuido (valor del patrimonio que el difunto habr\u00eda agregado probablemente al patrimonio durante el per\u00edodo normal de vida)<br \/><div class=\"contact-shortcode\">\r\n  <div class=\"row\">\r\n    <div class=\"col-md-4  align-self-center\"> <h2><span class=\"ez-toc-section\" id=\"Obten_una_Consulta_Legal_Gratis\"><\/span>Obt\u00e9n una Consulta Legal Gratis<span class=\"ez-toc-section-end\"><\/span><\/h2>\n <\/div>\r\n    <div class=\"col-md-8  align-self-center\">\r\n      <div class=\"coman-btn-block\"> <a href=\"https:\/\/injuryattorneyofdallas.com\/es\/contacto\/\" class=\"coman-btn-one\">Cont\u00e1ctenos<\/a> <a href=\"tel:18179044975\" class=\"coman-btn-second\"> <img decoding=\"async\" src=\"https:\/\/injuryattorneyoftexas.com\/wp-content\/uploads\/phone-icon-2.png\" alt=\"#\" width=\"\" height=\"\" class=\"img-fluid\"\/> Ll\u00e1manos<\/a> <\/div>\r\n    <\/div>\r\n  <\/div>\r\n<\/div>\r\n<br \/><br \/><\/li>\r\n<\/ul>\r\n\r\n\r\n\r\n<p>Una ley espec\u00edficamente legitima a aquellas personas con derecho a presentar una demanda por muerte negligente. En Texas, la legislaci\u00f3n (Secci\u00f3n 71.004 del C\u00f3digo de Procedimientos Civiles y C\u00f3digo Remedial) permite que las reclamaciones por muerte negligente las efect\u00faen los supervivientes:<\/p>\r\n\r\n\r\n\r\n<ul class=\"wp-block-list\">\r\n<li>Esposa<\/li>\r\n\r\n\r\n\r\n<li>Ni\u00f1os<\/li>\r\n\r\n\r\n\r\n<li>Padres<\/li>\r\n<\/ul>\r\n\r\n\r\n\r\n<p>Eso suena enga\u00f1osamente sencillo. Los divorcios, adopciones y otros acontecimientos similares a menudo cuestionan el estado del reclamante.<br \/>En la mayor\u00eda de los casos, hay m\u00e1s de una persona con derecho a presentar una acci\u00f3n por muerte negligente. El estatuto permite que la acci\u00f3n sea llevada por todos los supervivientes nombrados, o cualquier combinaci\u00f3n de ellos puede traer la acci\u00f3n para el beneficio de cada uno. Y si ninguno de los posibles demandantes intenta una acci\u00f3n dentro de los tres meses de la muerte del fallecido, el albacea del fallecido (o administrador) est\u00e1 obligado a presentar la acci\u00f3n a menos que todos los sobrevivientes nombrados soliciten que no se tramite una acci\u00f3n.<\/p>\r\n\r\n\r\n\r\n<p>El estatuto de Texas espec\u00edficamente, faculta al jurado decidir c\u00f3mo se reparten los\u00a0da\u00f1os\u00a0totales entre los reclamantes.<\/p>\r\n\r\n\r\n\r\n<p>S\u00ed, es complicado, y el requisito de tres meses crea una presi\u00f3n de tiempo. Lo mejor es obtener la ayuda de un abogado experto en muerte negligente en Texas tan pronto como sea posible.<\/p>\r\n\r\n\r\n\r\n<h2 class=\"wp-block-heading\"><span class=\"ez-toc-section\" id=\"%C2%ABACCIONES_DE_SUPERVIVENCIA%C2%BB_SON_DIFERENTES\"><\/span>\u00abACCIONES DE SUPERVIVENCIA\u00bb SON DIFERENTES<span class=\"ez-toc-section-end\"><\/span><\/h2>\r\n\r\n\r\n\r\n<p>Demandas de muerte injusta no son los \u00fanicos casos que buscan recuperar los da\u00f1os basados en la muerte de alguien. Tambi\u00e9n hay \u00abacciones de supervivencia\u00bb, que pueden ser confusas, despu\u00e9s de todo, son los \u00absupervivientes\u00bb del fallecido quienes ejercen las demandas de muerte injusta. Entonces, \u00bfqui\u00e9n ejerce las acciones de \u00abmuerte injusta\u00bb, y qui\u00e9n ejerce las \u00abacciones de supervivencia\u00bb y cu\u00e1l es la diferencia entre estas?<\/p>\r\n\r\n\r\n\r\n<p>Las acciones de supervivencia son reclamaciones por los da\u00f1os que el fallecido sufri\u00f3 y que el fallecido tendr\u00eda derecho a recuperar si la persona no hubiera muerto. La propiedad del fallecido trae la acci\u00f3n y cualquier da\u00f1o recuperado se convierte en parte de la herencia, para ser distribuida de acuerdo a la voluntad del difunto.<br \/>Los da\u00f1os t\u00edpicos en una acci\u00f3n de supervivencia incluyen:<\/p>\r\n\r\n\r\n\r\n<ul class=\"wp-block-list\">\r\n<li>Gastos m\u00e9dicos<\/li>\r\n\r\n\r\n\r\n<li>Gastos de funeral<\/li>\r\n\r\n\r\n\r\n<li>Dolor f\u00edsico<\/li>\r\n\r\n\r\n\r\n<li>Angustia mental<\/li>\r\n\r\n\r\n\r\n<li>Da\u00f1os punitivos cuando las circunstancias lo justifiquen<br \/><div class=\"user-shortcode-second\" style=\"background: url(https:\/\/injuryattorneyofdallas.com\/wp-content\/uploads\/user-img-shortcode-second.jpg);\">\r\n  <div class=\"row justify-content-end\">\r\n    <div class=\"col-md-8\"> <p>Cuando has resultado lesionado debido a la negligencia de otra persona, mereces m\u00e1s que solo representaci\u00f3n legal: mereces un defensor que luche incansablemente por tus derechos. En The Law Firm of Aaron A. Herbert, entendemos el dolor, el estr\u00e9s y la incertidumbre que acompa\u00f1an a una lesi\u00f3n, y nos comprometemos a obtener la compensaci\u00f3n que necesitas para seguir adelante. Con un historial comprobado de \u00e9xito y un enfoque personalizado, nosotros nos encargamos de la batalla legal para que t\u00fa puedas concentrarte en tu recuperaci\u00f3n. No cobramos honorarios a menos que ganemos\u2014porque tu justicia es nuestra prioridad.<\/p>\n      <h3>AARON A. HERBERT<\/h3>\r\n    <\/div>\r\n  <\/div>\r\n<\/div>\r\n\u00a0<br \/><br \/><\/li>\r\n<\/ul>\r\n\r\n\r\n\r\n<h2 class=\"wp-block-heading\"><span class=\"ez-toc-section\" id=\"CONSIGUE_AYUDA\"><\/span>CONSIGUE AYUDA<span class=\"ez-toc-section-end\"><\/span><\/h2>\r\n\r\n\r\n\r\n<p>Los casos de muerte negligente pueden ser muy complejos. La recuperaci\u00f3n depende de establecer que el inculpado -la persona demandada- es legalmente responsable de la muerte. Dado que cualquier n\u00famero de diferentes accidentes pueden haber causado la muerte &#8211;\u00a0<a href=\"https:\/\/injuryattorneyofdallas.com\/es\/abogados-de-accidentes-automovilisticos-en-dallas\/\">accidentes de tr\u00e1nsito<\/a>\u00a0, disparos,\u00a0<a href=\"https:\/\/injuryattorneyofdallas.com\/es\/abogado-de-caidas-y-resbalones-en-dallas\/\">ca\u00eddas<\/a>\u00a0, y un sinn\u00famero de otros mecanismos- se necesita un abogado de Texas con amplia experiencia en casos de lesiones personales de todo tipo, adem\u00e1s de experiencia espec\u00edfica con los requisitos t\u00e9cnicos requeridos por la legislaci\u00f3n en el caso de muerte negligente.<\/p>\r\n\r\n\r\n\r\n<p>El abogado Aaron Herbert de Dallas, tiene esa experiencia. \u00c9l se encuentra certificado como especialista en litigios por lesiones personales, es un miembro vitalicio de los abogados del Foro de Abogados del Mill\u00f3n de D\u00f3lares, y est\u00e1 altamente calificado por Avvo. Aaron sabe el valor de resolver el caso de la mejor forma posible y tomar todo el camino a un veredicto de la corte si es necesario para luchar por la compensaci\u00f3n que merece por sus da\u00f1os personales.<\/p>\r\n\r\n\r\n\r\n<h2 class=\"wp-block-heading\"><span class=\"ez-toc-section\" id=\"CONTACTENOS\"><\/span>CONT\u00c1CTENOS<span class=\"ez-toc-section-end\"><\/span><\/h2>\r\n\r\n\r\n\r\n<p>Ll\u00e1menos y cu\u00e9ntenos qu\u00e9 le ocurri\u00f3 a su ser querido. Si usted tiene un caso, podemos proporcionar la experiencia jur\u00eddica necesaria para obtener justicia para usted y su familia, lo que le permite centrarse en la recuperaci\u00f3n de la p\u00e9rdida de su ser querido.<br \/><div class=\"user-shortcode\" style=\"background: url(https:\/\/injuryattorneyofdallas.com\/wp-content\/uploads\/user-img-shortcode.jpg);\">\r\n  <div class=\"row\">\r\n    <div class=\"col-md-8\"> <h3>AARON A. HERBERT<\/h3>\n<p>Aaron A. Herbert es un abogado litigante reconocido por su defensa firme y agresiva en nombre de clientes que han sufrido lesiones graves en accidentes importantes. Con m\u00e1s de una d\u00e9cada de experiencia, ha construido una reputaci\u00f3n por obtener veredictos y acuerdos significativos, muchos de ellos bajo acuerdos de confidencialidad. Su pr\u00e1ctica se basa en la pasi\u00f3n, la preparaci\u00f3n y la perseverancia, con el objetivo de maximizar el valor del caso y reducir el estr\u00e9s del proceso legal para sus clientes. Revisa su perfil en <a href=\"https:\/\/lawyers.justia.com\/lawyer\/aaron-alan-herbert-237375\">Justia<\/a> y <a href=\"https:\/\/www.yelp.com\/biz\/law-firm-of-aaron-a-herbert-pc-dallas-5\">Yelp<\/a>.<\/p>\n <\/div>\r\n  <\/div>\r\n<\/div>\r\n<br \/><br \/><\/p>\r\n","protected":false},"excerpt":{"rendered":"<p>En el mundo real, muchas lesiones personales resultan en muerte. En ese momento, la v\u00edctima, obviamente, ya no podr\u00eda presentar reclamaciones de ning\u00fan tipo. Sin embargo, la familia del difunto permanece privada de apoyo, compa\u00f1erismo, etc. \u00bfC\u00f3mo mantiene la ley la muerte de la v\u00edctima de alguna manera trabajando en beneficio de la persona responsable&#8230;<\/p>\n","protected":false},"author":2,"featured_media":0,"parent":0,"menu_order":0,"comment_status":"closed","ping_status":"closed","template":"","meta":{"_acf_changed":false,"footnotes":""},"class_list":["post-8101","page","type-page","status-publish","hentry"],"acf":[],"yoast_head":"<!-- This site is optimized with the Yoast SEO Premium plugin v26.9 (Yoast SEO v26.9) - https:\/\/yoast.com\/product\/yoast-seo-premium-wordpress\/ -->\n<title>Abogado de Reclamaciones por Muerte Negligente en Dallas<\/title>\n<meta name=\"description\" content=\"Los casos de muerte negligente pueden ser muy complejos y dolorosos, Cont\u00e1ctanos hoy mismo para una consulta gratuita\" \/>\n<meta name=\"robots\" content=\"index, follow, max-snippet:-1, max-image-preview:large, max-video-preview:-1\" \/>\n<link rel=\"canonical\" href=\"https:\/\/injuryattorneyofdallas.com\/es\/abogado-de-reclamaciones-por-muerte-negligente-en-dallas\/\" \/>\n<meta property=\"og:locale\" content=\"es_ES\" \/>\n<meta property=\"og:type\" content=\"article\" \/>\n<meta property=\"og:title\" content=\"Abogado de Reclamaciones por Muerte Negligente en Dallas\" \/>\n<meta property=\"og:description\" content=\"Los casos de muerte negligente pueden ser muy complejos y dolorosos, Cont\u00e1ctanos hoy mismo para una consulta gratuita\" \/>\n<meta property=\"og:url\" content=\"https:\/\/injuryattorneyofdallas.com\/es\/abogado-de-reclamaciones-por-muerte-negligente-en-dallas\/\" \/>\n<meta property=\"og:site_name\" content=\"Aaron Herbert - Abogado de Lesiones de Texas\" \/>\n<meta property=\"article:publisher\" content=\"https:\/\/www.facebook.com\/injuryattorneyoftexas\/\" \/>\n<meta property=\"article:modified_time\" content=\"2025-12-29T18:13:45+00:00\" \/>\n<meta name=\"twitter:card\" content=\"summary_large_image\" \/>\n<meta name=\"twitter:site\" content=\"@dallaspilawyer\" \/>\n<meta name=\"twitter:label1\" content=\"Tiempo de lectura\" \/>\n\t<meta name=\"twitter:data1\" content=\"4 minutos\" \/>\n<script type=\"application\/ld+json\" class=\"yoast-schema-graph\">{\"@context\":\"https:\/\/schema.org\",\"@graph\":[{\"@type\":\"WebPage\",\"@id\":\"https:\/\/injuryattorneyofdallas.com\/es\/abogado-de-reclamaciones-por-muerte-negligente-en-dallas\/\",\"url\":\"https:\/\/injuryattorneyofdallas.com\/es\/abogado-de-reclamaciones-por-muerte-negligente-en-dallas\/\",\"name\":\"Abogado de Reclamaciones por Muerte Negligente en Dallas\",\"isPartOf\":{\"@id\":\"https:\/\/injuryattorneyofdallas.com\/es\/#website\"},\"datePublished\":\"2019-04-05T20:06:00+00:00\",\"dateModified\":\"2025-12-29T18:13:45+00:00\",\"description\":\"Los casos de muerte negligente pueden ser muy complejos y dolorosos, Cont\u00e1ctanos hoy mismo para una consulta gratuita\",\"breadcrumb\":{\"@id\":\"https:\/\/injuryattorneyofdallas.com\/es\/abogado-de-reclamaciones-por-muerte-negligente-en-dallas\/#breadcrumb\"},\"inLanguage\":\"es\",\"potentialAction\":[{\"@type\":\"ReadAction\",\"target\":[\"https:\/\/injuryattorneyofdallas.com\/es\/abogado-de-reclamaciones-por-muerte-negligente-en-dallas\/\"]}]},{\"@type\":\"BreadcrumbList\",\"@id\":\"https:\/\/injuryattorneyofdallas.com\/es\/abogado-de-reclamaciones-por-muerte-negligente-en-dallas\/#breadcrumb\",\"itemListElement\":[{\"@type\":\"ListItem\",\"position\":1,\"name\":\"Dallas Personal Injury Lawyers\",\"item\":\"https:\/\/injuryattorneyofdallas.com\/es\/\"},{\"@type\":\"ListItem\",\"position\":2,\"name\":\"Abogado de Reclamaciones por Muerte Negligente en Dallas\"}]},{\"@type\":\"WebSite\",\"@id\":\"https:\/\/injuryattorneyofdallas.com\/es\/#website\",\"url\":\"https:\/\/injuryattorneyofdallas.com\/es\/\",\"name\":\"The Law Firm Of Aaron A Herbert, P.C.\",\"description\":\"Dallas Personal Injury Lawyer\",\"alternateName\":\"The Law Firm Of Aaron Herbert\",\"potentialAction\":[{\"@type\":\"SearchAction\",\"target\":{\"@type\":\"EntryPoint\",\"urlTemplate\":\"https:\/\/injuryattorneyofdallas.com\/es\/?s={search_term_string}\"},\"query-input\":{\"@type\":\"PropertyValueSpecification\",\"valueRequired\":true,\"valueName\":\"search_term_string\"}}],\"inLanguage\":\"es\"}]}<\/script>\n<!-- \/ Yoast SEO Premium plugin. -->","yoast_head_json":{"title":"Abogado de Reclamaciones por Muerte Negligente en Dallas","description":"Los casos de muerte negligente pueden ser muy complejos y dolorosos, Cont\u00e1ctanos hoy mismo para una consulta gratuita","robots":{"index":"index","follow":"follow","max-snippet":"max-snippet:-1","max-image-preview":"max-image-preview:large","max-video-preview":"max-video-preview:-1"},"canonical":"https:\/\/injuryattorneyofdallas.com\/es\/abogado-de-reclamaciones-por-muerte-negligente-en-dallas\/","og_locale":"es_ES","og_type":"article","og_title":"Abogado de Reclamaciones por Muerte Negligente en Dallas","og_description":"Los casos de muerte negligente pueden ser muy complejos y dolorosos, Cont\u00e1ctanos hoy mismo para una consulta gratuita","og_url":"https:\/\/injuryattorneyofdallas.com\/es\/abogado-de-reclamaciones-por-muerte-negligente-en-dallas\/","og_site_name":"Aaron Herbert - Abogado de Lesiones de Texas","article_publisher":"https:\/\/www.facebook.com\/injuryattorneyoftexas\/","article_modified_time":"2025-12-29T18:13:45+00:00","twitter_card":"summary_large_image","twitter_site":"@dallaspilawyer","twitter_misc":{"Tiempo de lectura":"4 minutos"},"schema":{"@context":"https:\/\/schema.org","@graph":[{"@type":"WebPage","@id":"https:\/\/injuryattorneyofdallas.com\/es\/abogado-de-reclamaciones-por-muerte-negligente-en-dallas\/","url":"https:\/\/injuryattorneyofdallas.com\/es\/abogado-de-reclamaciones-por-muerte-negligente-en-dallas\/","name":"Abogado de Reclamaciones por Muerte Negligente en Dallas","isPartOf":{"@id":"https:\/\/injuryattorneyofdallas.com\/es\/#website"},"datePublished":"2019-04-05T20:06:00+00:00","dateModified":"2025-12-29T18:13:45+00:00","description":"Los casos de muerte negligente pueden ser muy complejos y dolorosos, Cont\u00e1ctanos hoy mismo para una consulta gratuita","breadcrumb":{"@id":"https:\/\/injuryattorneyofdallas.com\/es\/abogado-de-reclamaciones-por-muerte-negligente-en-dallas\/#breadcrumb"},"inLanguage":"es","potentialAction":[{"@type":"ReadAction","target":["https:\/\/injuryattorneyofdallas.com\/es\/abogado-de-reclamaciones-por-muerte-negligente-en-dallas\/"]}]},{"@type":"BreadcrumbList","@id":"https:\/\/injuryattorneyofdallas.com\/es\/abogado-de-reclamaciones-por-muerte-negligente-en-dallas\/#breadcrumb","itemListElement":[{"@type":"ListItem","position":1,"name":"Dallas Personal Injury Lawyers","item":"https:\/\/injuryattorneyofdallas.com\/es\/"},{"@type":"ListItem","position":2,"name":"Abogado de Reclamaciones por Muerte Negligente en Dallas"}]},{"@type":"WebSite","@id":"https:\/\/injuryattorneyofdallas.com\/es\/#website","url":"https:\/\/injuryattorneyofdallas.com\/es\/","name":"The Law Firm Of Aaron A Herbert, P.C.","description":"Dallas Personal Injury Lawyer","alternateName":"The Law Firm Of Aaron Herbert","potentialAction":[{"@type":"SearchAction","target":{"@type":"EntryPoint","urlTemplate":"https:\/\/injuryattorneyofdallas.com\/es\/?s={search_term_string}"},"query-input":{"@type":"PropertyValueSpecification","valueRequired":true,"valueName":"search_term_string"}}],"inLanguage":"es"}]}},"_links":{"self":[{"href":"https:\/\/injuryattorneyofdallas.com\/es\/wp-json\/wp\/v2\/pages\/8101","targetHints":{"allow":["GET"]}}],"collection":[{"href":"https:\/\/injuryattorneyofdallas.com\/es\/wp-json\/wp\/v2\/pages"}],"about":[{"href":"https:\/\/injuryattorneyofdallas.com\/es\/wp-json\/wp\/v2\/types\/page"}],"author":[{"embeddable":true,"href":"https:\/\/injuryattorneyofdallas.com\/es\/wp-json\/wp\/v2\/users\/2"}],"replies":[{"embeddable":true,"href":"https:\/\/injuryattorneyofdallas.com\/es\/wp-json\/wp\/v2\/comments?post=8101"}],"version-history":[{"count":0,"href":"https:\/\/injuryattorneyofdallas.com\/es\/wp-json\/wp\/v2\/pages\/8101\/revisions"}],"wp:attachment":[{"href":"https:\/\/injuryattorneyofdallas.com\/es\/wp-json\/wp\/v2\/media?parent=8101"}],"curies":[{"name":"wp","href":"https:\/\/api.w.org\/{rel}","templated":true}]}}