{"id":8099,"date":"2024-09-02T02:44:42","date_gmt":"2024-09-02T08:44:42","guid":{"rendered":"https:\/\/aaronaherbert.wpenginepowered.com\/paralysis-injury-lawyer-in-dallas\/"},"modified":"2025-12-26T14:58:25","modified_gmt":"2025-12-26T20:58:25","slug":"abogado-de-lesiones-por-paralisis-en-dallas","status":"publish","type":"page","link":"https:\/\/injuryattorneyofdallas.com\/es\/abogado-de-lesiones-por-paralisis-en-dallas\/","title":{"rendered":"Abogado de lesiones por par\u00e1lisis en Dallas"},"content":{"rendered":"\r\n<p>Tener una porci\u00f3n de su cuerpo permanentemente paralizado es devastador. Limita su independencia, sus oportunidades de empleo y su capacidad para participar en las actividades que una vez am\u00f3. Tambi\u00e9n puede acortar su esperanza de vida.<\/p><div id=\"ez-toc-container\" class=\"ez-toc-v2_0_80 counter-hierarchy ez-toc-counter ez-toc-grey ez-toc-container-direction\">\n<div class=\"ez-toc-title-container\">\n<p class=\"ez-toc-title\" style=\"cursor:inherit\">Table of Contents<\/p>\n<span class=\"ez-toc-title-toggle\"><a href=\"#\" class=\"ez-toc-pull-right ez-toc-btn ez-toc-btn-xs ez-toc-btn-default ez-toc-toggle\" aria-label=\"Alternar tabla de contenidos\"><span class=\"ez-toc-js-icon-con\"><span class=\"\"><span class=\"eztoc-hide\" style=\"display:none;\">Toggle<\/span><span class=\"ez-toc-icon-toggle-span\"><svg style=\"fill: #999;color:#999\" xmlns=\"http:\/\/www.w3.org\/2000\/svg\" class=\"list-377408\" width=\"20px\" height=\"20px\" viewBox=\"0 0 24 24\" fill=\"none\"><path d=\"M6 6H4v2h2V6zm14 0H8v2h12V6zM4 11h2v2H4v-2zm16 0H8v2h12v-2zM4 16h2v2H4v-2zm16 0H8v2h12v-2z\" fill=\"currentColor\"><\/path><\/svg><svg style=\"fill: #999;color:#999\" class=\"arrow-unsorted-368013\" xmlns=\"http:\/\/www.w3.org\/2000\/svg\" width=\"10px\" height=\"10px\" viewBox=\"0 0 24 24\" version=\"1.2\" baseProfile=\"tiny\"><path d=\"M18.2 9.3l-6.2-6.3-6.2 6.3c-.2.2-.3.4-.3.7s.1.5.3.7c.2.2.4.3.7.3h11c.3 0 .5-.1.7-.3.2-.2.3-.5.3-.7s-.1-.5-.3-.7zM5.8 14.7l6.2 6.3 6.2-6.3c.2-.2.3-.5.3-.7s-.1-.5-.3-.7c-.2-.2-.4-.3-.7-.3h-11c-.3 0-.5.1-.7.3-.2.2-.3.5-.3.7s.1.5.3.7z\"\/><\/svg><\/span><\/span><\/span><\/a><\/span><\/div>\n<nav><ul class='ez-toc-list ez-toc-list-level-1 ' ><li class='ez-toc-page-1 ez-toc-heading-level-2'><a class=\"ez-toc-link ez-toc-heading-1\" href=\"https:\/\/injuryattorneyofdallas.com\/es\/abogado-de-lesiones-por-paralisis-en-dallas\/#Obten_una_Consulta_Legal_Gratis\" >Obt\u00e9n una Consulta Legal Gratis<\/a><\/li><li class='ez-toc-page-1 ez-toc-heading-level-2'><a class=\"ez-toc-link ez-toc-heading-2\" href=\"https:\/\/injuryattorneyofdallas.com\/es\/abogado-de-lesiones-por-paralisis-en-dallas\/#Paralisis_Causadas_Por_Lesiones_de_La_Medula_Espinal\" >Par\u00e1lisis Causadas Por Lesiones de La M\u00e9dula Espinal<\/a><\/li><li class='ez-toc-page-1 ez-toc-heading-level-2'><a class=\"ez-toc-link ez-toc-heading-3\" href=\"https:\/\/injuryattorneyofdallas.com\/es\/abogado-de-lesiones-por-paralisis-en-dallas\/#Lesiones_Cerebrales_Traumaticas\" >Lesiones Cerebrales Traum\u00e1ticas<\/a><\/li><li class='ez-toc-page-1 ez-toc-heading-level-2'><a class=\"ez-toc-link ez-toc-heading-4\" href=\"https:\/\/injuryattorneyofdallas.com\/es\/abogado-de-lesiones-por-paralisis-en-dallas\/#Obtencion_de_La_Compensacion_Por_Una_Lesion_Catastrofica\" >Obtenci\u00f3n de La Compensaci\u00f3n Por Una Lesi\u00f3n Catastr\u00f3fica<\/a><\/li><li class='ez-toc-page-1 ez-toc-heading-level-2'><a class=\"ez-toc-link ez-toc-heading-5\" href=\"https:\/\/injuryattorneyofdallas.com\/es\/abogado-de-lesiones-por-paralisis-en-dallas\/#El_Abogado_Adecuado_Para_Su_Caso_Cuando_Usted_Ha_Sido_Paralizado\" >El Abogado Adecuado Para Su Caso Cuando Usted Ha Sido Paralizado<\/a><\/li><li class='ez-toc-page-1 ez-toc-heading-level-2'><a class=\"ez-toc-link ez-toc-heading-6\" href=\"https:\/\/injuryattorneyofdallas.com\/es\/abogado-de-lesiones-por-paralisis-en-dallas\/#Consulta_Gratuita_de_Casos\" >Consulta Gratuita de Casos<\/a><\/li><\/ul><\/nav><\/div>\n\r\n\r\n\r\n\r\n<p>La par\u00e1lisis permanente suele ser el resultado de una lesi\u00f3n traum\u00e1tica, a menudo un\u00a0<strong>accidente de coche, accidente de motocicleta, ca\u00edda, asalto<\/strong>, o un\u00a0<strong>accidente en el sitio de construcci\u00f3n<\/strong>. En muchos casos, la persona que sufri\u00f3 la lesi\u00f3n y la par\u00e1lisis de toda la vida resultante no fue de ninguna manera culpable por el accidente, que fue causado por un conductor negligente, due\u00f1o de los locales, o alguna otra parte responsable.<br \/><div class=\"contact-shortcode\">\r\n  <div class=\"row\">\r\n    <div class=\"col-md-4  align-self-center\"> <h2><span class=\"ez-toc-section\" id=\"Obten_una_Consulta_Legal_Gratis\"><\/span>Obt\u00e9n una Consulta Legal Gratis<span class=\"ez-toc-section-end\"><\/span><\/h2>\n <\/div>\r\n    <div class=\"col-md-8  align-self-center\">\r\n      <div class=\"coman-btn-block\"> <a href=\"https:\/\/injuryattorneyofdallas.com\/es\/contacto\/\" class=\"coman-btn-one\">Cont\u00e1ctenos<\/a> <a href=\"tel:18179044975\" class=\"coman-btn-second\"> <img decoding=\"async\" src=\"https:\/\/injuryattorneyoftexas.com\/wp-content\/uploads\/phone-icon-2.png\" alt=\"#\" width=\"\" height=\"\" class=\"img-fluid\"\/> Ll\u00e1manos<\/a> <\/div>\r\n    <\/div>\r\n  <\/div>\r\n<\/div>\r\n<br \/><br \/><\/p>\r\n\r\n\r\n\r\n<h2 class=\"wp-block-heading\"><span class=\"ez-toc-section\" id=\"Paralisis_Causadas_Por_Lesiones_de_La_Medula_Espinal\"><\/span>Par\u00e1lisis Causadas Por Lesiones de La M\u00e9dula Espinal<span class=\"ez-toc-section-end\"><\/span><\/h2>\r\n\r\n\r\n\r\n<p>La m\u00e9dula espinal es la v\u00eda que conecta el cerebro con el resto del cuerpo. Es un haz de nervios, protegido por una columna de v\u00e9rtebras duras en el cuello y la espalda, que conduce las se\u00f1ales del cerebro a trav\u00e9s del cuerpo y de todas las partes del cuerpo hasta el cerebro.<\/p>\r\n\r\n\r\n\r\n<p>Cualquier trauma en el cuello o la espalda puede da\u00f1ar la m\u00e9dula espinal, que puede cortar el camino de las se\u00f1ales nerviosas entre el cerebro y el cuerpo. Si su cuello o espalda est\u00e1 lesionado, la m\u00e9dula espinal tambi\u00e9n puede resultar da\u00f1ada. Esto significa que el cerebro ya no puede ser capaz de transmitir se\u00f1ales a los m\u00fasculos, lo que resulta en una par\u00e1lisis por debajo del punto de lesi\u00f3n. Cuanto mayor sea la lesi\u00f3n de la m\u00e9dula espinal, m\u00e1s extensa ser\u00e1 la par\u00e1lisis. Si la\u00a0<strong>lesi\u00f3n de la m\u00e9dula espinal<\/strong>\u00a0est\u00e1 en su cuello, con frecuencia causar\u00e1 tetraplejia (cuadripl\u00e9gico) -par\u00e1lisis de las cuatro extremidades y, a menudo, del diafragma, as\u00ed, necesitando el uso de un ventilador para permitirle respirar.<\/p>\r\n\r\n\r\n\r\n<p>Por otro lado, si se produce en sus mediados de espalda baja, se conservar\u00e1 el uso de los brazos y probablemente se ahorrar\u00e1 los problemas respiratorios, pero perder\u00e1 el uso de sus piernas. En cualquier caso, usted puede esperar ser confinado a una silla de ruedas por vida.<\/p>\r\n\r\n\r\n\r\n<h2 class=\"wp-block-heading\"><span class=\"ez-toc-section\" id=\"Lesiones_Cerebrales_Traumaticas\"><\/span>Lesiones Cerebrales Traum\u00e1ticas<span class=\"ez-toc-section-end\"><\/span><\/h2>\r\n\r\n\r\n\r\n<p>Los accidentes automovil\u00edsticos, las ca\u00eddas, los accidentes de motocicleta y los accidentes laborales son causas comunes de\u00a0<strong>lesiones cerebrales traum\u00e1ticas<\/strong>\u00a0(TBI). Cualquier golpe severo en la cabeza puede causar que el cerebro se desgarre o magullar\u00e1 mientras libera contra el cr\u00e1neo, resultando en da\u00f1o a los vasos sangu\u00edneos y nervios o una acumulaci\u00f3n de presi\u00f3n de una colecci\u00f3n de l\u00edquido dentro del cr\u00e1neo, presionando el cerebro. Las lesiones cerebrales pueden conducir a la par\u00e1lisis si se da\u00f1a un \u00e1rea del cerebro que controla ciertos m\u00fasculos.<\/p>\r\n\r\n\r\n\r\n<p>La par\u00e1lisis ocurre en el lado opuesto del cuerpo del \u00e1rea da\u00f1ada del <a href=\"https:\/\/injuryattorneyofdallas.com\/es\/abogado-de-lesion-cerebral-en-dallas\/\">cerebro<\/a>: el da\u00f1o en el lado derecho del cerebro puede potencialmente causar par\u00e1lisis del lado izquierdo del cuerpo, mientras que el da\u00f1o en el lado izquierdo del cerebro puede paralizar la derecha lado.<br \/><div class=\"user-shortcode-second\" style=\"background: url(https:\/\/injuryattorneyofdallas.com\/wp-content\/uploads\/user-img-shortcode-second.jpg);\">\r\n  <div class=\"row justify-content-end\">\r\n    <div class=\"col-md-8\"> <p>Cuando has resultado lesionado debido a la negligencia de otra persona, mereces m\u00e1s que solo representaci\u00f3n legal: mereces un defensor que luche incansablemente por tus derechos. En The Law Firm of Aaron A. Herbert, entendemos el dolor, el estr\u00e9s y la incertidumbre que acompa\u00f1an a una lesi\u00f3n, y nos comprometemos a obtener la compensaci\u00f3n que necesitas para seguir adelante. Con un historial comprobado de \u00e9xito y un enfoque personalizado, nosotros nos encargamos de la batalla legal para que t\u00fa puedas concentrarte en tu recuperaci\u00f3n. No cobramos honorarios a menos que ganemos\u2014porque tu justicia es nuestra prioridad.<\/p>\n      <h3>AARON A. HERBERT<\/h3>\r\n    <\/div>\r\n  <\/div>\r\n<\/div>\r\n\u00a0<br \/><br \/><\/p>\r\n\r\n\r\n\r\n<h2 class=\"wp-block-heading\"><span class=\"ez-toc-section\" id=\"Obtencion_de_La_Compensacion_Por_Una_Lesion_Catastrofica\"><\/span>Obtenci\u00f3n de La Compensaci\u00f3n Por Una Lesi\u00f3n Catastr\u00f3fica<span class=\"ez-toc-section-end\"><\/span><\/h2>\r\n\r\n\r\n\r\n<p>Afortunadamente, nuestro sistema legal le permite, como v\u00edctima de una lesi\u00f3n catastr\u00f3fica como la par\u00e1lisis permanente, recuperar da\u00f1os monetarios de la parte que fue responsable de su lesi\u00f3n. Nada le dar\u00e1 su vieja vida de vuelta, pero conseguir un buen abogado y hacer que el malhechor pague lograr\u00e1 varias cosas:<\/p>\r\n\r\n\r\n\r\n<ul class=\"wp-block-list\">\r\n<li>Puede proporcionarle el dinero para obtener el tratamiento m\u00e9dico que necesita.<\/li>\r\n\r\n\r\n\r\n<li>Puede proporcionarle los medios para mantenerse a s\u00ed mismo y a su familia cuando no puede trabajar.<\/li>\r\n\r\n\r\n\r\n<li>Puede darle los medios para adaptar su hogar, y quiz\u00e1s su veh\u00edculo, para acomodar su incapacidad f\u00edsica.<\/li>\r\n\r\n\r\n\r\n<li>Puede darle tranquilidad, sabiendo que tiene suficiente dinero para manejar sus obligaciones financieras y obtener los servicios y el tratamiento que necesita.<\/li>\r\n\r\n\r\n\r\n<li>Mantendr\u00e1 al agresor responsable de los <a href=\"https:\/\/injuryattorneyofdallas.com\/es\/abogado-de-danos-en-dallas\/\">da\u00f1os<\/a> a su calidad de vida y posible impedir este comportamiento injusto en el futuro.<\/li>\r\n\r\n\r\n\r\n<li>Le dar\u00e1 una sensaci\u00f3n de que hay alg\u00fan grado de justicia en el mundo.<\/li>\r\n<\/ul>\r\n\r\n\r\n\r\n<h2 class=\"wp-block-heading\"><span class=\"ez-toc-section\" id=\"El_Abogado_Adecuado_Para_Su_Caso_Cuando_Usted_Ha_Sido_Paralizado\"><\/span>El Abogado Adecuado Para Su Caso Cuando Usted Ha Sido Paralizado<span class=\"ez-toc-section-end\"><\/span><\/h2>\r\n\r\n\r\n\r\n<p>Las reclamaciones de responsabilidad por par\u00e1lisis pueden ser laboriosas, p\u00e9rdida de tiempo, y exigentes. Ellos requieren un abogado de lesiones personales con a\u00f1os de experiencia y un r\u00e9cord de \u00e9xito en la resoluci\u00f3n de casos de alto valor, tanto dentro como fuera de la sala del tribunal. Para asegurarse de que est\u00e1 recibiendo la mejor representaci\u00f3n legal de calidad, busque un abogado que haya sido calificado por la Junta de Especializaci\u00f3n Jur\u00eddica de Texas como Especialista Certificado de Pruebas de Lesiones Personales.<\/p>\r\n\r\n\r\n\r\n<h2 class=\"wp-block-heading\"><span class=\"ez-toc-section\" id=\"Consulta_Gratuita_de_Casos\"><\/span>Consulta Gratuita de Casos<span class=\"ez-toc-section-end\"><\/span><\/h2>\r\n\r\n\r\n\r\n<p>Si usted es como la mayor\u00eda de las personas que han sufrido recientemente lesiones severas, que cambian la vida, probablemente tienen muchas preguntas y preocupaciones para su futuro. En el Bufete de Abogados de Aaron Herbert, ofrecemos una consulta gratuita en la que responderemos sus preguntas y le asesoraremos sobre sus opciones legales, explicando c\u00f3mo podemos ayudarle despu\u00e9s de un evento paralizante causado por la negligencia de otro.<\/p>\r\n\r\n\r\n\r\n<p>Aaron Herbert es un\u00a0<strong>Abogado de la Prueba de Lesiones Personales<\/strong>\u00a0Certificadas de Texas con 14 a\u00f1os de experiencia y la calificaci\u00f3n m\u00e1s alta posible de AVVO-10 de cada diez. Ha obtenido acuerdos y veredictos para los clientes en estos casos de alto valor.<\/p>\r\n\r\n\r\n\r\n<p><strong>Llame hoy<\/strong>\u00a0para programar su cita sin compromiso. Usted no tendr\u00e1 costos de desembolso, y no incurrir\u00e1 en honorarios de abogados, corte o gastos legales a menos que se recupere.<br \/><div class=\"user-shortcode\" style=\"background: url(https:\/\/injuryattorneyofdallas.com\/wp-content\/uploads\/user-img-shortcode.jpg);\">\r\n  <div class=\"row\">\r\n    <div class=\"col-md-8\"> <h3>AARON A. HERBERT<\/h3>\n<p>Aaron A. Herbert es un abogado litigante reconocido por su defensa firme y agresiva en nombre de clientes que han sufrido lesiones graves en accidentes importantes. Con m\u00e1s de una d\u00e9cada de experiencia, ha construido una reputaci\u00f3n por obtener veredictos y acuerdos significativos, muchos de ellos bajo acuerdos de confidencialidad. Su pr\u00e1ctica se basa en la pasi\u00f3n, la preparaci\u00f3n y la perseverancia, con el objetivo de maximizar el valor del caso y reducir el estr\u00e9s del proceso legal para sus clientes. Revisa su perfil en <a href=\"https:\/\/lawyers.justia.com\/lawyer\/aaron-alan-herbert-237375\">Justia<\/a> y <a href=\"https:\/\/www.yelp.com\/biz\/law-firm-of-aaron-a-herbert-pc-dallas-5\">Yelp<\/a>.<\/p>\n <\/div>\r\n  <\/div>\r\n<\/div>\r\n<br \/><br \/><\/p>\r\n","protected":false},"excerpt":{"rendered":"<p>Tener una porci\u00f3n de su cuerpo permanentemente paralizado es devastador. Limita su independencia, sus oportunidades de empleo y su capacidad para participar en las actividades que una vez am\u00f3. Tambi\u00e9n puede acortar su esperanza de vida. La par\u00e1lisis permanente suele ser el resultado de una lesi\u00f3n traum\u00e1tica, a menudo un\u00a0accidente de coche, accidente de motocicleta,&#8230;<\/p>\n","protected":false},"author":2,"featured_media":0,"parent":0,"menu_order":0,"comment_status":"closed","ping_status":"closed","template":"","meta":{"_acf_changed":false,"footnotes":""},"class_list":["post-8099","page","type-page","status-publish","hentry"],"acf":[],"yoast_head":"<!-- This site is optimized with the Yoast SEO Premium plugin v26.9 (Yoast SEO v26.9) - https:\/\/yoast.com\/product\/yoast-seo-premium-wordpress\/ -->\n<title>Abogado de Lesiones por Par\u00e1lisis de Dallas<\/title>\n<meta name=\"description\" content=\"La par\u00e1lisis resultado de accidentes automovil\u00edsticos o de motocicleta. Obtenga su consulta gratuita al 214.200.4878.\" \/>\n<meta name=\"robots\" content=\"index, follow, max-snippet:-1, max-image-preview:large, max-video-preview:-1\" \/>\n<link rel=\"canonical\" href=\"https:\/\/injuryattorneyofdallas.com\/es\/abogado-de-lesiones-por-paralisis-en-dallas\/\" \/>\n<meta property=\"og:locale\" content=\"es_ES\" \/>\n<meta property=\"og:type\" content=\"article\" \/>\n<meta property=\"og:title\" content=\"Abogado de lesiones por par\u00e1lisis en Dallas\" \/>\n<meta property=\"og:description\" content=\"La par\u00e1lisis resultado de accidentes automovil\u00edsticos o de motocicleta. Obtenga su consulta gratuita al 214.200.4878.\" \/>\n<meta property=\"og:url\" content=\"https:\/\/injuryattorneyofdallas.com\/es\/abogado-de-lesiones-por-paralisis-en-dallas\/\" \/>\n<meta property=\"og:site_name\" content=\"Aaron Herbert - Abogado de Lesiones de Texas\" \/>\n<meta property=\"article:publisher\" content=\"https:\/\/www.facebook.com\/injuryattorneyoftexas\/\" \/>\n<meta property=\"article:modified_time\" content=\"2025-12-26T20:58:25+00:00\" \/>\n<meta name=\"twitter:card\" content=\"summary_large_image\" \/>\n<meta name=\"twitter:site\" content=\"@dallaspilawyer\" \/>\n<meta name=\"twitter:label1\" content=\"Tiempo de lectura\" \/>\n\t<meta name=\"twitter:data1\" content=\"4 minutos\" \/>\n<script type=\"application\/ld+json\" class=\"yoast-schema-graph\">{\"@context\":\"https:\/\/schema.org\",\"@graph\":[{\"@type\":\"WebPage\",\"@id\":\"https:\/\/injuryattorneyofdallas.com\/es\/abogado-de-lesiones-por-paralisis-en-dallas\/\",\"url\":\"https:\/\/injuryattorneyofdallas.com\/es\/abogado-de-lesiones-por-paralisis-en-dallas\/\",\"name\":\"Abogado de Lesiones por Par\u00e1lisis de Dallas\",\"isPartOf\":{\"@id\":\"https:\/\/injuryattorneyofdallas.com\/es\/#website\"},\"datePublished\":\"2024-09-02T08:44:42+00:00\",\"dateModified\":\"2025-12-26T20:58:25+00:00\",\"description\":\"La par\u00e1lisis resultado de accidentes automovil\u00edsticos o de motocicleta. Obtenga su consulta gratuita al 214.200.4878.\",\"breadcrumb\":{\"@id\":\"https:\/\/injuryattorneyofdallas.com\/es\/abogado-de-lesiones-por-paralisis-en-dallas\/#breadcrumb\"},\"inLanguage\":\"es\",\"potentialAction\":[{\"@type\":\"ReadAction\",\"target\":[\"https:\/\/injuryattorneyofdallas.com\/es\/abogado-de-lesiones-por-paralisis-en-dallas\/\"]}]},{\"@type\":\"BreadcrumbList\",\"@id\":\"https:\/\/injuryattorneyofdallas.com\/es\/abogado-de-lesiones-por-paralisis-en-dallas\/#breadcrumb\",\"itemListElement\":[{\"@type\":\"ListItem\",\"position\":1,\"name\":\"Dallas Personal Injury Lawyers\",\"item\":\"https:\/\/injuryattorneyofdallas.com\/es\/\"},{\"@type\":\"ListItem\",\"position\":2,\"name\":\"Abogado de lesiones por par\u00e1lisis en Dallas\"}]},{\"@type\":\"WebSite\",\"@id\":\"https:\/\/injuryattorneyofdallas.com\/es\/#website\",\"url\":\"https:\/\/injuryattorneyofdallas.com\/es\/\",\"name\":\"The Law Firm Of Aaron A Herbert, P.C.\",\"description\":\"Dallas Personal Injury Lawyer\",\"alternateName\":\"The Law Firm Of Aaron Herbert\",\"potentialAction\":[{\"@type\":\"SearchAction\",\"target\":{\"@type\":\"EntryPoint\",\"urlTemplate\":\"https:\/\/injuryattorneyofdallas.com\/es\/?s={search_term_string}\"},\"query-input\":{\"@type\":\"PropertyValueSpecification\",\"valueRequired\":true,\"valueName\":\"search_term_string\"}}],\"inLanguage\":\"es\"}]}<\/script>\n<!-- \/ Yoast SEO Premium plugin. -->","yoast_head_json":{"title":"Abogado de Lesiones por Par\u00e1lisis de Dallas","description":"La par\u00e1lisis resultado de accidentes automovil\u00edsticos o de motocicleta. Obtenga su consulta gratuita al 214.200.4878.","robots":{"index":"index","follow":"follow","max-snippet":"max-snippet:-1","max-image-preview":"max-image-preview:large","max-video-preview":"max-video-preview:-1"},"canonical":"https:\/\/injuryattorneyofdallas.com\/es\/abogado-de-lesiones-por-paralisis-en-dallas\/","og_locale":"es_ES","og_type":"article","og_title":"Abogado de lesiones por par\u00e1lisis en Dallas","og_description":"La par\u00e1lisis resultado de accidentes automovil\u00edsticos o de motocicleta. Obtenga su consulta gratuita al 214.200.4878.","og_url":"https:\/\/injuryattorneyofdallas.com\/es\/abogado-de-lesiones-por-paralisis-en-dallas\/","og_site_name":"Aaron Herbert - Abogado de Lesiones de Texas","article_publisher":"https:\/\/www.facebook.com\/injuryattorneyoftexas\/","article_modified_time":"2025-12-26T20:58:25+00:00","twitter_card":"summary_large_image","twitter_site":"@dallaspilawyer","twitter_misc":{"Tiempo de lectura":"4 minutos"},"schema":{"@context":"https:\/\/schema.org","@graph":[{"@type":"WebPage","@id":"https:\/\/injuryattorneyofdallas.com\/es\/abogado-de-lesiones-por-paralisis-en-dallas\/","url":"https:\/\/injuryattorneyofdallas.com\/es\/abogado-de-lesiones-por-paralisis-en-dallas\/","name":"Abogado de Lesiones por Par\u00e1lisis de Dallas","isPartOf":{"@id":"https:\/\/injuryattorneyofdallas.com\/es\/#website"},"datePublished":"2024-09-02T08:44:42+00:00","dateModified":"2025-12-26T20:58:25+00:00","description":"La par\u00e1lisis resultado de accidentes automovil\u00edsticos o de motocicleta. Obtenga su consulta gratuita al 214.200.4878.","breadcrumb":{"@id":"https:\/\/injuryattorneyofdallas.com\/es\/abogado-de-lesiones-por-paralisis-en-dallas\/#breadcrumb"},"inLanguage":"es","potentialAction":[{"@type":"ReadAction","target":["https:\/\/injuryattorneyofdallas.com\/es\/abogado-de-lesiones-por-paralisis-en-dallas\/"]}]},{"@type":"BreadcrumbList","@id":"https:\/\/injuryattorneyofdallas.com\/es\/abogado-de-lesiones-por-paralisis-en-dallas\/#breadcrumb","itemListElement":[{"@type":"ListItem","position":1,"name":"Dallas Personal Injury Lawyers","item":"https:\/\/injuryattorneyofdallas.com\/es\/"},{"@type":"ListItem","position":2,"name":"Abogado de lesiones por par\u00e1lisis en Dallas"}]},{"@type":"WebSite","@id":"https:\/\/injuryattorneyofdallas.com\/es\/#website","url":"https:\/\/injuryattorneyofdallas.com\/es\/","name":"The Law Firm Of Aaron A Herbert, P.C.","description":"Dallas Personal Injury Lawyer","alternateName":"The Law Firm Of Aaron Herbert","potentialAction":[{"@type":"SearchAction","target":{"@type":"EntryPoint","urlTemplate":"https:\/\/injuryattorneyofdallas.com\/es\/?s={search_term_string}"},"query-input":{"@type":"PropertyValueSpecification","valueRequired":true,"valueName":"search_term_string"}}],"inLanguage":"es"}]}},"_links":{"self":[{"href":"https:\/\/injuryattorneyofdallas.com\/es\/wp-json\/wp\/v2\/pages\/8099","targetHints":{"allow":["GET"]}}],"collection":[{"href":"https:\/\/injuryattorneyofdallas.com\/es\/wp-json\/wp\/v2\/pages"}],"about":[{"href":"https:\/\/injuryattorneyofdallas.com\/es\/wp-json\/wp\/v2\/types\/page"}],"author":[{"embeddable":true,"href":"https:\/\/injuryattorneyofdallas.com\/es\/wp-json\/wp\/v2\/users\/2"}],"replies":[{"embeddable":true,"href":"https:\/\/injuryattorneyofdallas.com\/es\/wp-json\/wp\/v2\/comments?post=8099"}],"version-history":[{"count":0,"href":"https:\/\/injuryattorneyofdallas.com\/es\/wp-json\/wp\/v2\/pages\/8099\/revisions"}],"wp:attachment":[{"href":"https:\/\/injuryattorneyofdallas.com\/es\/wp-json\/wp\/v2\/media?parent=8099"}],"curies":[{"name":"wp","href":"https:\/\/api.w.org\/{rel}","templated":true}]}}