{"id":8092,"date":"2024-09-02T02:28:24","date_gmt":"2024-09-02T08:28:24","guid":{"rendered":"https:\/\/aaronaherbert.wpenginepowered.com\/dallas-neck-and-back-injury-attorney\/"},"modified":"2025-12-26T14:51:19","modified_gmt":"2025-12-26T20:51:19","slug":"abogado-de-lesiones-del-cuello-y-espalda-en-dallas","status":"publish","type":"page","link":"https:\/\/injuryattorneyofdallas.com\/es\/abogado-de-lesiones-del-cuello-y-espalda-en-dallas\/","title":{"rendered":"Abogado de Lesiones Del Cuello Y Espalda en Dallas"},"content":{"rendered":"\r\n<p><strong>Accidentes automovil\u00edsticos<\/strong>, pueden causar estragos en su cuello y espalda, causando lesiones que van desde cepas relativamente leves hasta\u00a0<strong>el latigazo<\/strong>, fracturas, discos herniados y lesiones catastr\u00f3ficas de\u00a0<strong>la m\u00e9dula espinal<\/strong>. Las lesiones del cuello y la espalda son especialmente comunes en accidentes automovil\u00edsticos de la parte trasera y <a href=\"https:\/\/injuryattorneyofdallas.com\/es\/abogado-de-caidas-y-resbalones-en-dallas\/\">ca\u00eddas<\/a>. Cuando usted ha sufrido una lesi\u00f3n en el cuello o la espalda en un accidente que fue causado por otra persona, usted tiene el derecho de hacer una reclamaci\u00f3n de compensaci\u00f3n monetaria contra la persona responsable de su lesi\u00f3n. La gravedad de la lesi\u00f3n y la duraci\u00f3n del tiempo que tarda en sanar, si se cura, influir\u00e1 en la cantidad de dinero que puede recibir de la parte responsable.<\/p><div id=\"ez-toc-container\" class=\"ez-toc-v2_0_80 counter-hierarchy ez-toc-counter ez-toc-grey ez-toc-container-direction\">\n<div class=\"ez-toc-title-container\">\n<p class=\"ez-toc-title\" style=\"cursor:inherit\">Table of Contents<\/p>\n<span class=\"ez-toc-title-toggle\"><a href=\"#\" class=\"ez-toc-pull-right ez-toc-btn ez-toc-btn-xs ez-toc-btn-default ez-toc-toggle\" aria-label=\"Alternar tabla de contenidos\"><span class=\"ez-toc-js-icon-con\"><span class=\"\"><span class=\"eztoc-hide\" style=\"display:none;\">Toggle<\/span><span class=\"ez-toc-icon-toggle-span\"><svg style=\"fill: #999;color:#999\" xmlns=\"http:\/\/www.w3.org\/2000\/svg\" class=\"list-377408\" width=\"20px\" height=\"20px\" viewBox=\"0 0 24 24\" fill=\"none\"><path d=\"M6 6H4v2h2V6zm14 0H8v2h12V6zM4 11h2v2H4v-2zm16 0H8v2h12v-2zM4 16h2v2H4v-2zm16 0H8v2h12v-2z\" fill=\"currentColor\"><\/path><\/svg><svg style=\"fill: #999;color:#999\" class=\"arrow-unsorted-368013\" xmlns=\"http:\/\/www.w3.org\/2000\/svg\" width=\"10px\" height=\"10px\" viewBox=\"0 0 24 24\" version=\"1.2\" baseProfile=\"tiny\"><path d=\"M18.2 9.3l-6.2-6.3-6.2 6.3c-.2.2-.3.4-.3.7s.1.5.3.7c.2.2.4.3.7.3h11c.3 0 .5-.1.7-.3.2-.2.3-.5.3-.7s-.1-.5-.3-.7zM5.8 14.7l6.2 6.3 6.2-6.3c.2-.2.3-.5.3-.7s-.1-.5-.3-.7c-.2-.2-.4-.3-.7-.3h-11c-.3 0-.5.1-.7.3-.2.2-.3.5-.3.7s.1.5.3.7z\"\/><\/svg><\/span><\/span><\/span><\/a><\/span><\/div>\n<nav><ul class='ez-toc-list ez-toc-list-level-1 ' ><li class='ez-toc-page-1 ez-toc-heading-level-2'><a class=\"ez-toc-link ez-toc-heading-1\" href=\"https:\/\/injuryattorneyofdallas.com\/es\/abogado-de-lesiones-del-cuello-y-espalda-en-dallas\/#Cuando_Usted_Necesita_A_Un_Abogado\" >Cuando Usted Necesita A Un Abogado<\/a><\/li><li class='ez-toc-page-1 ez-toc-heading-level-2'><a class=\"ez-toc-link ez-toc-heading-2\" href=\"https:\/\/injuryattorneyofdallas.com\/es\/abogado-de-lesiones-del-cuello-y-espalda-en-dallas\/#Obten_una_Consulta_Legal_Gratis\" >Obt\u00e9n una Consulta Legal Gratis<\/a><\/li><li class='ez-toc-page-1 ez-toc-heading-level-2'><a class=\"ez-toc-link ez-toc-heading-3\" href=\"https:\/\/injuryattorneyofdallas.com\/es\/abogado-de-lesiones-del-cuello-y-espalda-en-dallas\/#Tipos_de_Lesiones_Del_Cuello_Y_de_La_Espalda\" >Tipos de Lesiones Del Cuello Y de La Espalda<\/a><\/li><li class='ez-toc-page-1 ez-toc-heading-level-2'><a class=\"ez-toc-link ez-toc-heading-4\" href=\"https:\/\/injuryattorneyofdallas.com\/es\/abogado-de-lesiones-del-cuello-y-espalda-en-dallas\/#Esguince_Y_Tension_Del_Cuello_Y_Espalda\" >Esguince Y Tensi\u00f3n Del Cuello Y Espalda<\/a><\/li><li class='ez-toc-page-1 ez-toc-heading-level-2'><a class=\"ez-toc-link ez-toc-heading-5\" href=\"https:\/\/injuryattorneyofdallas.com\/es\/abogado-de-lesiones-del-cuello-y-espalda-en-dallas\/#Dano_Del_Disco\" >Da\u00f1o Del Disco<\/a><\/li><li class='ez-toc-page-1 ez-toc-heading-level-2'><a class=\"ez-toc-link ez-toc-heading-6\" href=\"https:\/\/injuryattorneyofdallas.com\/es\/abogado-de-lesiones-del-cuello-y-espalda-en-dallas\/#Fracturas\" >Fracturas<\/a><\/li><li class='ez-toc-page-1 ez-toc-heading-level-2'><a class=\"ez-toc-link ez-toc-heading-7\" href=\"https:\/\/injuryattorneyofdallas.com\/es\/abogado-de-lesiones-del-cuello-y-espalda-en-dallas\/#Dejanos_Pelear_Por_Ti\" >D\u00e9janos Pelear Por Ti<\/a><\/li><li class='ez-toc-page-1 ez-toc-heading-level-2'><a class=\"ez-toc-link ez-toc-heading-8\" href=\"https:\/\/injuryattorneyofdallas.com\/es\/abogado-de-lesiones-del-cuello-y-espalda-en-dallas\/#Lesiones_de_La_Medula_Espinal\" >Lesiones de La M\u00e9dula Espinal<\/a><\/li><li class='ez-toc-page-1 ez-toc-heading-level-2'><a class=\"ez-toc-link ez-toc-heading-9\" href=\"https:\/\/injuryattorneyofdallas.com\/es\/abogado-de-lesiones-del-cuello-y-espalda-en-dallas\/#Consulta_Legal_Gratuita\" >Consulta Legal Gratuita<\/a><\/li><\/ul><\/nav><\/div>\n\r\n\r\n\r\n\r\n<h2 class=\"wp-block-heading\"><span class=\"ez-toc-section\" id=\"Cuando_Usted_Necesita_A_Un_Abogado\"><\/span>Cuando Usted Necesita A Un Abogado<span class=\"ez-toc-section-end\"><\/span><\/h2>\r\n\r\n\r\n\r\n<p>A menos que su caso es muy peque\u00f1o con un m\u00ednimo de tratamiento, no ser\u00e1 en su mejor inter\u00e9s para tratar de negociar un acuerdo directamente con la compa\u00f1\u00eda de seguros. Debe contratar a un\u00a0<strong>abogado especializado en lesiones personales <\/strong>para que lo represente si espera recibir una cantidad justa de compensaci\u00f3n. Los casos de lesiones de cuello y espalda pueden ser dif\u00edciles, especialmente en dos tipos de lesiones:<\/p>\r\n\r\n\r\n\r\n<ul class=\"wp-block-list\">\r\n<li>Lesiones en los tejidos blandos que no pueden ser demostrado por rayos X; y<\/li>\r\n\r\n\r\n\r\n<li>Lesiones catastr\u00f3ficas, donde la compensaci\u00f3n justa es tan alta que el pago de la reclamaci\u00f3n representa una gran abolladura en los beneficios de la compa\u00f1\u00eda de seguros. Los aseguradores suelen estar dispuestos a cavar en sus talones y luchar contra el pago de alto valor catastr\u00f3fico, porque los\u00a0<strong><a href=\"https:\/\/injuryattorneyofdallas.com\/es\/abogado-de-danos-en-dallas\/\">da\u00f1os<\/a>\u00a0<\/strong>de la v\u00edctima son extensos y permanentes.<br \/><div class=\"contact-shortcode\">\r\n  <div class=\"row\">\r\n    <div class=\"col-md-4  align-self-center\"> <h2><span class=\"ez-toc-section\" id=\"Obten_una_Consulta_Legal_Gratis\"><\/span>Obt\u00e9n una Consulta Legal Gratis<span class=\"ez-toc-section-end\"><\/span><\/h2>\n <\/div>\r\n    <div class=\"col-md-8  align-self-center\">\r\n      <div class=\"coman-btn-block\"> <a href=\"https:\/\/injuryattorneyofdallas.com\/es\/contacto\/\" class=\"coman-btn-one\">Cont\u00e1ctenos<\/a> <a href=\"tel:18179044975\" class=\"coman-btn-second\"> <img decoding=\"async\" src=\"https:\/\/injuryattorneyoftexas.com\/wp-content\/uploads\/phone-icon-2.png\" alt=\"#\" width=\"\" height=\"\" class=\"img-fluid\"\/> Ll\u00e1manos<\/a> <\/div>\r\n    <\/div>\r\n  <\/div>\r\n<\/div>\r\n<br \/><br \/><\/li>\r\n<\/ul>\r\n\r\n\r\n\r\n<h2 class=\"wp-block-heading\"><span class=\"ez-toc-section\" id=\"Tipos_de_Lesiones_Del_Cuello_Y_de_La_Espalda\"><\/span>Tipos de Lesiones Del Cuello Y de La Espalda<span class=\"ez-toc-section-end\"><\/span><\/h2>\r\n\r\n\r\n\r\n<p>El dolor en las articulaciones de las facetas provoca un dolor en el cuello, por lo general irradiando a trav\u00e9s del <a href=\"https:\/\/injuryattorneyofdallas.com\/es\/abogado-de-lesiones-del-cuello-y-espalda-en-dallas\/\">cuello<\/a> y los hombros, y es peor cuando usted da vuelta a la cabeza o mira hacia arriba. El da\u00f1o articular de la facetar\u00eda no se muestra en una radiograf\u00eda o resonancia magn\u00e9tica y s\u00f3lo se puede diagnosticar mediante la administraci\u00f3n de un bloqueo de la rama medial (MBB),\u00a0<em>un fuerte anest\u00e9sico local inyectado directamente en los nervios de la rama medial<\/em>\u00a0que conduce a las articulaciones facetar\u00edas.<\/p>\r\n\r\n\r\n\r\n<h2 class=\"wp-block-heading\"><span class=\"ez-toc-section\" id=\"Esguince_Y_Tension_Del_Cuello_Y_Espalda\"><\/span>Esguince Y Tensi\u00f3n Del Cuello Y Espalda<span class=\"ez-toc-section-end\"><\/span><\/h2>\r\n\r\n\r\n\r\n<p>Esguince y tensi\u00f3n de los tendones, ligamentos o m\u00fasculos en el cuello y la espalda tambi\u00e9n puede ser doloroso. Las lesiones por esguince y tensi\u00f3n, mientras que la causa del sufrimiento sustancial, son dif\u00edciles de probar, porque no aparecen en los rayos X. Sus expedientes m\u00e9dicos reflejar\u00e1n las dificultades que usted ha experimentado y son la fuente principal de la documentaci\u00f3n de estas lesiones de los tejidos blandos.<\/p>\r\n\r\n\r\n\r\n<p>Aunque la quiropr\u00e1ctica, el masaje y otros tratamientos alternativos son a veces \u00fatiles, las compa\u00f1\u00edas de seguros y los jurados suelen dar m\u00e1s consideraci\u00f3n al tratamiento de los m\u00e9dicos.<\/p>\r\n\r\n\r\n\r\n<p>Un abogado experto en lesiones personales sabr\u00e1 c\u00f3mo hacer un caso por estas lesiones muy reales pero subjetivas documentando la duraci\u00f3n del tratamiento, su tiempo fuera del trabajo y sus verdaderas limitaciones en sus actividades.<\/p>\r\n\r\n\r\n\r\n<p>Algunos abogados no aceptar\u00e1n casos de lesi\u00f3n de tejido blando porque pueden requerir m\u00e1s trabajo. En Dallas, el abogado de lesiones personales Aaron Herbert tiene una historia de recuperar cantidades significativas en compensaci\u00f3n para clientes con <a href=\"https:\/\/injuryattorneyofdallas.com\/es\/abogado-de-lesiones-de-tejido-blando-y-latigazo-en-dallas\/\">lesiones de tejidos blandos<\/a>.<br \/><div class=\"user-shortcode-second\" style=\"background: url(https:\/\/injuryattorneyofdallas.com\/wp-content\/uploads\/user-img-shortcode-second.jpg);\">\r\n  <div class=\"row justify-content-end\">\r\n    <div class=\"col-md-8\"> <p>Cuando has resultado lesionado debido a la negligencia de otra persona, mereces m\u00e1s que solo representaci\u00f3n legal: mereces un defensor que luche incansablemente por tus derechos. En The Law Firm of Aaron A. Herbert, entendemos el dolor, el estr\u00e9s y la incertidumbre que acompa\u00f1an a una lesi\u00f3n, y nos comprometemos a obtener la compensaci\u00f3n que necesitas para seguir adelante. Con un historial comprobado de \u00e9xito y un enfoque personalizado, nosotros nos encargamos de la batalla legal para que t\u00fa puedas concentrarte en tu recuperaci\u00f3n. No cobramos honorarios a menos que ganemos\u2014porque tu justicia es nuestra prioridad.<\/p>\n      <h3>AARON A. HERBERT<\/h3>\r\n    <\/div>\r\n  <\/div>\r\n<\/div>\r\n\u00a0<br \/><br \/><\/p>\r\n\r\n\r\n\r\n<h2 class=\"wp-block-heading\"><span class=\"ez-toc-section\" id=\"Dano_Del_Disco\"><\/span>Da\u00f1o Del Disco<span class=\"ez-toc-section-end\"><\/span><\/h2>\r\n\r\n\r\n\r\n<p>Lesiones en un disco intervertebral tambi\u00e9n pueden causar dolor cr\u00f3nico severo o dolor de espalda. El disco es un pedazo de material gelatinoso que forma un coj\u00edn entre las v\u00e9rtebras que componen la columna vertebral. En una lesi\u00f3n de latigazo, el movimiento r\u00e1pido hacia adelante y hacia atr\u00e1s de la columna vertebral puede causar un doloroso desgarro en la pared exterior del disco; o el disco puede h\u00e9rniatele o abultar hacia fuera y afectar a un nervio. Esto provoca dolor de tiro intenso que se irradia por el brazo (en el caso de una lesi\u00f3n en el cuello) o por la pierna (si la lesi\u00f3n es m\u00e1s baja en la espalda), a menudo acompa\u00f1ada de entumecimiento, hormigueo y debilidad en las extremidades. Una hernia de disco puede requerir cirug\u00eda para fusionar las v\u00e9rtebras.<\/p>\r\n\r\n\r\n\r\n<h2 class=\"wp-block-heading\"><span class=\"ez-toc-section\" id=\"Fracturas\"><\/span>Fracturas<span class=\"ez-toc-section-end\"><\/span><\/h2>\r\n\r\n\r\n\r\n<p>Los accidentes automovil\u00edsticos, las ca\u00eddas y los accidentes en el lugar de trabajo pueden causar fracturas de las v\u00e9rtebras en el cuello o la espalda. Estos no s\u00f3lo pueden ser dolorosos, pero puede amenazar la m\u00e9dula espinal que corre a trav\u00e9s de la columna vertebral, que est\u00e1 formada por las v\u00e9rtebras. A menudo se requiere cirug\u00eda.<\/p>\r\n\r\n\r\n\r\n<p>Las fracturas por compresi\u00f3n tienen mayor probabilidad de ocurrir en adultos mayores. Estas son peque\u00f1as grietas en los huesos que forman la columna vertebral, lo que puede causar que las v\u00e9rtebras se colapsen y deformen con el tiempo, da\u00f1ando la estructura y la alineaci\u00f3n de la columna vertebral. Las fracturas por compresi\u00f3n a menudo se pasan por alto. Pueden causar dolor y problemas respiratorios.<br \/><div class=\"contact-shortcode-second\">\r\n    <h2><span class=\"ez-toc-section\" id=\"Dejanos_Pelear_Por_Ti\"><\/span>D\u00e9janos Pelear Por Ti<span class=\"ez-toc-section-end\"><\/span><\/h2>\n<h3>\u00bfNecesitas Ayuda? Cont\u00e1ctanos 24\/7<\/h3>\n    <div class=\"coman-btn-block\">\r\n        <a href=\"https:\/\/injuryattorneyofdallas.com\/es\/contacto\/\" class=\"coman-btn-one\">\r\n            Cont\u00e1ctanos        <\/a>\r\n        <a href=\"tel:18179044975\" class=\"coman-btn-second\">\r\n            <img decoding=\"async\" src=\"https:\/\/injuryattorneyoftexas.com\/wp-content\/uploads\/phone-icon-2.png\" alt=\"#\" width=\"\" height=\"\" class=\"img-fluid\" \/>\r\n            Ll\u00e1manos        <\/a>\r\n    <\/div>\r\n    <h4>Abogado de Lesiones Personales Certificado en Dallas<\/h4>\n<\/div><br \/><br \/><\/p>\r\n\r\n\r\n\r\n<h2 class=\"wp-block-heading\"><span class=\"ez-toc-section\" id=\"Lesiones_de_La_Medula_Espinal\"><\/span>Lesiones de La M\u00e9dula Espinal<span class=\"ez-toc-section-end\"><\/span><\/h2>\r\n\r\n\r\n\r\n<p>Una lesi\u00f3n de la m\u00e9dula espinal es la m\u00e1s grave y un cambio de vida de todas las lesiones del cuello y la espalda. La m\u00e9dula espinal es el haz de nervios que conecta el cerebro con el resto del cuerpo a trav\u00e9s de un t\u00fanel formado por las v\u00e9rtebras duras de la columna vertebral. Si la m\u00e9dula espinal est\u00e1 da\u00f1ada, a menudo resultar\u00e1 una par\u00e1lisis del cuerpo por debajo del punto de lesi\u00f3n.<\/p>\r\n\r\n\r\n\r\n<p>Una lesi\u00f3n de la m\u00e9dula espinal en el cuello (columna cervical) puede causar tetraplej\u00eda, tambi\u00e9n llamada cuadripl\u00e9gico, que es la par\u00e1lisis de los cuatro miembros y generalmente del diafragma, lo que requiere el uso de un ventilador para ayudar con la respiraci\u00f3n.<\/p>\r\n\r\n\r\n\r\n<p>Una lesi\u00f3n de la m\u00e9dula espinal en la regi\u00f3n tor\u00e1cica o lumbar (de media o la parte baja de la espalda) tiende de causar paraplej\u00eda, que es la par\u00e1lisis de la parte inferior del cuerpo.<\/p>\r\n\r\n\r\n\r\n<p>En cualquier caso, la v\u00edctima est\u00e1 permanentemente paralizada y confinada a una silla de ruedas de por vida.<\/p>\r\n\r\n\r\n\r\n<h2 class=\"wp-block-heading\"><span class=\"ez-toc-section\" id=\"Consulta_Legal_Gratuita\"><\/span>Consulta Legal Gratuita<span class=\"ez-toc-section-end\"><\/span><\/h2>\r\n\r\n\r\n\r\n<p>Para obtener informaci\u00f3n sobre sus opciones legales despu\u00e9s de una lesi\u00f3n en el cuello o la espalda, comun\u00edquese con las <a href=\"https:\/\/injuryattorneyofdallas.com\/es\/contacto\/\">oficinas de Aaron Herbert<\/a> en Dallas, Especialista en Pruebas de Lesiones Personales Certificadas por la Junta. Con 14 a\u00f1os de experiencia, las calificaciones m\u00e1s altas y la calificaci\u00f3n m\u00e1s alta posible de AVVO y la membrec\u00eda en el prestigioso foro del Mill\u00f3n de D\u00f3lares (Million Dollar Advocates Forum, seg\u00fan t\u00e9rmino usado en ingles), Aaron ha demostrado una y otra vez que tiene la dedicaci\u00f3n de hacer lo necesario para obtener justicia para sus clientes heridos. La consulta es gratuita y no incurrir\u00e1 en honorarios de abogados, tribunales o gastos legales a menos que se recupere.<br \/><div class=\"user-shortcode\" style=\"background: url(https:\/\/injuryattorneyofdallas.com\/wp-content\/uploads\/user-img-shortcode.jpg);\">\r\n  <div class=\"row\">\r\n    <div class=\"col-md-8\"> <h3>AARON A. HERBERT<\/h3>\n<p>Aaron A. Herbert es un abogado litigante reconocido por su defensa firme y agresiva en nombre de clientes que han sufrido lesiones graves en accidentes importantes. Con m\u00e1s de una d\u00e9cada de experiencia, ha construido una reputaci\u00f3n por obtener veredictos y acuerdos significativos, muchos de ellos bajo acuerdos de confidencialidad. Su pr\u00e1ctica se basa en la pasi\u00f3n, la preparaci\u00f3n y la perseverancia, con el objetivo de maximizar el valor del caso y reducir el estr\u00e9s del proceso legal para sus clientes. Revisa su perfil en <a href=\"https:\/\/lawyers.justia.com\/lawyer\/aaron-alan-herbert-237375\">Justia<\/a> y <a href=\"https:\/\/www.yelp.com\/biz\/law-firm-of-aaron-a-herbert-pc-dallas-5\">Yelp<\/a>.<\/p>\n <\/div>\r\n  <\/div>\r\n<\/div>\r\n<br \/><br \/><\/p>\r\n","protected":false},"excerpt":{"rendered":"<p>Accidentes automovil\u00edsticos, pueden causar estragos en su cuello y espalda, causando lesiones que van desde cepas relativamente leves hasta\u00a0el latigazo, fracturas, discos herniados y lesiones catastr\u00f3ficas de\u00a0la m\u00e9dula espinal. Las lesiones del cuello y la espalda son especialmente comunes en accidentes automovil\u00edsticos de la parte trasera y ca\u00eddas. Cuando usted ha sufrido una lesi\u00f3n en&#8230;<\/p>\n","protected":false},"author":2,"featured_media":0,"parent":0,"menu_order":0,"comment_status":"closed","ping_status":"closed","template":"","meta":{"_acf_changed":false,"footnotes":""},"class_list":["post-8092","page","type-page","status-publish","hentry"],"acf":[],"yoast_head":"<!-- This site is optimized with the Yoast SEO Premium plugin v26.9 (Yoast SEO v26.9) - https:\/\/yoast.com\/product\/yoast-seo-premium-wordpress\/ -->\n<title>Abogado de lesiones de cuello y espalda en Dallas<\/title>\n<meta name=\"description\" content=\"Las lesiones de cuello y espalda son comunes en los accidentes automovil\u00edsticos. Para una consulta gratuita, llame al 214.200.4878.\" \/>\n<meta name=\"robots\" content=\"index, follow, max-snippet:-1, max-image-preview:large, max-video-preview:-1\" \/>\n<link rel=\"canonical\" href=\"https:\/\/injuryattorneyofdallas.com\/es\/abogado-de-lesiones-del-cuello-y-espalda-en-dallas\/\" \/>\n<meta property=\"og:locale\" content=\"es_ES\" \/>\n<meta property=\"og:type\" content=\"article\" \/>\n<meta property=\"og:title\" content=\"Abogado de Lesiones Del Cuello Y Espalda en Dallas\" \/>\n<meta property=\"og:description\" content=\"Las lesiones de cuello y espalda son comunes en los accidentes automovil\u00edsticos. Para una consulta gratuita, llame al 214.200.4878.\" \/>\n<meta property=\"og:url\" content=\"https:\/\/injuryattorneyofdallas.com\/es\/abogado-de-lesiones-del-cuello-y-espalda-en-dallas\/\" \/>\n<meta property=\"og:site_name\" content=\"Aaron Herbert - Abogado de Lesiones de Texas\" \/>\n<meta property=\"article:publisher\" content=\"https:\/\/www.facebook.com\/injuryattorneyoftexas\/\" \/>\n<meta property=\"article:modified_time\" content=\"2025-12-26T20:51:19+00:00\" \/>\n<meta name=\"twitter:card\" content=\"summary_large_image\" \/>\n<meta name=\"twitter:site\" content=\"@dallaspilawyer\" \/>\n<meta name=\"twitter:label1\" content=\"Tiempo de lectura\" \/>\n\t<meta name=\"twitter:data1\" content=\"5 minutos\" \/>\n<script type=\"application\/ld+json\" class=\"yoast-schema-graph\">{\"@context\":\"https:\/\/schema.org\",\"@graph\":[{\"@type\":\"WebPage\",\"@id\":\"https:\/\/injuryattorneyofdallas.com\/es\/abogado-de-lesiones-del-cuello-y-espalda-en-dallas\/\",\"url\":\"https:\/\/injuryattorneyofdallas.com\/es\/abogado-de-lesiones-del-cuello-y-espalda-en-dallas\/\",\"name\":\"Abogado de lesiones de cuello y espalda en Dallas\",\"isPartOf\":{\"@id\":\"https:\/\/injuryattorneyofdallas.com\/es\/#website\"},\"datePublished\":\"2024-09-02T08:28:24+00:00\",\"dateModified\":\"2025-12-26T20:51:19+00:00\",\"description\":\"Las lesiones de cuello y espalda son comunes en los accidentes automovil\u00edsticos. Para una consulta gratuita, llame al 214.200.4878.\",\"breadcrumb\":{\"@id\":\"https:\/\/injuryattorneyofdallas.com\/es\/abogado-de-lesiones-del-cuello-y-espalda-en-dallas\/#breadcrumb\"},\"inLanguage\":\"es\",\"potentialAction\":[{\"@type\":\"ReadAction\",\"target\":[\"https:\/\/injuryattorneyofdallas.com\/es\/abogado-de-lesiones-del-cuello-y-espalda-en-dallas\/\"]}]},{\"@type\":\"BreadcrumbList\",\"@id\":\"https:\/\/injuryattorneyofdallas.com\/es\/abogado-de-lesiones-del-cuello-y-espalda-en-dallas\/#breadcrumb\",\"itemListElement\":[{\"@type\":\"ListItem\",\"position\":1,\"name\":\"Dallas Personal Injury Lawyers\",\"item\":\"https:\/\/injuryattorneyofdallas.com\/es\/\"},{\"@type\":\"ListItem\",\"position\":2,\"name\":\"Abogado de Lesiones Del Cuello Y Espalda en Dallas\"}]},{\"@type\":\"WebSite\",\"@id\":\"https:\/\/injuryattorneyofdallas.com\/es\/#website\",\"url\":\"https:\/\/injuryattorneyofdallas.com\/es\/\",\"name\":\"The Law Firm Of Aaron A Herbert, P.C.\",\"description\":\"Dallas Personal Injury Lawyer\",\"alternateName\":\"The Law Firm Of Aaron Herbert\",\"potentialAction\":[{\"@type\":\"SearchAction\",\"target\":{\"@type\":\"EntryPoint\",\"urlTemplate\":\"https:\/\/injuryattorneyofdallas.com\/es\/?s={search_term_string}\"},\"query-input\":{\"@type\":\"PropertyValueSpecification\",\"valueRequired\":true,\"valueName\":\"search_term_string\"}}],\"inLanguage\":\"es\"}]}<\/script>\n<!-- \/ Yoast SEO Premium plugin. -->","yoast_head_json":{"title":"Abogado de lesiones de cuello y espalda en Dallas","description":"Las lesiones de cuello y espalda son comunes en los accidentes automovil\u00edsticos. Para una consulta gratuita, llame al 214.200.4878.","robots":{"index":"index","follow":"follow","max-snippet":"max-snippet:-1","max-image-preview":"max-image-preview:large","max-video-preview":"max-video-preview:-1"},"canonical":"https:\/\/injuryattorneyofdallas.com\/es\/abogado-de-lesiones-del-cuello-y-espalda-en-dallas\/","og_locale":"es_ES","og_type":"article","og_title":"Abogado de Lesiones Del Cuello Y Espalda en Dallas","og_description":"Las lesiones de cuello y espalda son comunes en los accidentes automovil\u00edsticos. Para una consulta gratuita, llame al 214.200.4878.","og_url":"https:\/\/injuryattorneyofdallas.com\/es\/abogado-de-lesiones-del-cuello-y-espalda-en-dallas\/","og_site_name":"Aaron Herbert - Abogado de Lesiones de Texas","article_publisher":"https:\/\/www.facebook.com\/injuryattorneyoftexas\/","article_modified_time":"2025-12-26T20:51:19+00:00","twitter_card":"summary_large_image","twitter_site":"@dallaspilawyer","twitter_misc":{"Tiempo de lectura":"5 minutos"},"schema":{"@context":"https:\/\/schema.org","@graph":[{"@type":"WebPage","@id":"https:\/\/injuryattorneyofdallas.com\/es\/abogado-de-lesiones-del-cuello-y-espalda-en-dallas\/","url":"https:\/\/injuryattorneyofdallas.com\/es\/abogado-de-lesiones-del-cuello-y-espalda-en-dallas\/","name":"Abogado de lesiones de cuello y espalda en Dallas","isPartOf":{"@id":"https:\/\/injuryattorneyofdallas.com\/es\/#website"},"datePublished":"2024-09-02T08:28:24+00:00","dateModified":"2025-12-26T20:51:19+00:00","description":"Las lesiones de cuello y espalda son comunes en los accidentes automovil\u00edsticos. Para una consulta gratuita, llame al 214.200.4878.","breadcrumb":{"@id":"https:\/\/injuryattorneyofdallas.com\/es\/abogado-de-lesiones-del-cuello-y-espalda-en-dallas\/#breadcrumb"},"inLanguage":"es","potentialAction":[{"@type":"ReadAction","target":["https:\/\/injuryattorneyofdallas.com\/es\/abogado-de-lesiones-del-cuello-y-espalda-en-dallas\/"]}]},{"@type":"BreadcrumbList","@id":"https:\/\/injuryattorneyofdallas.com\/es\/abogado-de-lesiones-del-cuello-y-espalda-en-dallas\/#breadcrumb","itemListElement":[{"@type":"ListItem","position":1,"name":"Dallas Personal Injury Lawyers","item":"https:\/\/injuryattorneyofdallas.com\/es\/"},{"@type":"ListItem","position":2,"name":"Abogado de Lesiones Del Cuello Y Espalda en Dallas"}]},{"@type":"WebSite","@id":"https:\/\/injuryattorneyofdallas.com\/es\/#website","url":"https:\/\/injuryattorneyofdallas.com\/es\/","name":"The Law Firm Of Aaron A Herbert, P.C.","description":"Dallas Personal Injury Lawyer","alternateName":"The Law Firm Of Aaron Herbert","potentialAction":[{"@type":"SearchAction","target":{"@type":"EntryPoint","urlTemplate":"https:\/\/injuryattorneyofdallas.com\/es\/?s={search_term_string}"},"query-input":{"@type":"PropertyValueSpecification","valueRequired":true,"valueName":"search_term_string"}}],"inLanguage":"es"}]}},"_links":{"self":[{"href":"https:\/\/injuryattorneyofdallas.com\/es\/wp-json\/wp\/v2\/pages\/8092","targetHints":{"allow":["GET"]}}],"collection":[{"href":"https:\/\/injuryattorneyofdallas.com\/es\/wp-json\/wp\/v2\/pages"}],"about":[{"href":"https:\/\/injuryattorneyofdallas.com\/es\/wp-json\/wp\/v2\/types\/page"}],"author":[{"embeddable":true,"href":"https:\/\/injuryattorneyofdallas.com\/es\/wp-json\/wp\/v2\/users\/2"}],"replies":[{"embeddable":true,"href":"https:\/\/injuryattorneyofdallas.com\/es\/wp-json\/wp\/v2\/comments?post=8092"}],"version-history":[{"count":0,"href":"https:\/\/injuryattorneyofdallas.com\/es\/wp-json\/wp\/v2\/pages\/8092\/revisions"}],"wp:attachment":[{"href":"https:\/\/injuryattorneyofdallas.com\/es\/wp-json\/wp\/v2\/media?parent=8092"}],"curies":[{"name":"wp","href":"https:\/\/api.w.org\/{rel}","templated":true}]}}