{"id":8087,"date":"2024-09-02T02:18:54","date_gmt":"2024-09-02T08:18:54","guid":{"rendered":"https:\/\/aaronaherbert.wpenginepowered.com\/soft-tissue-and-whiplash-injury-attorney-in-dallas\/"},"modified":"2025-12-29T12:10:44","modified_gmt":"2025-12-29T18:10:44","slug":"abogado-de-lesiones-de-tejido-blando-y-latigazo-en-dallas","status":"publish","type":"page","link":"https:\/\/injuryattorneyofdallas.com\/es\/abogado-de-lesiones-de-tejido-blando-y-latigazo-en-dallas\/","title":{"rendered":"Abogado de Lesiones de Tejido Blando Y Latigazo en Dallas"},"content":{"rendered":"\r\n<p>Cuando has estado en un accidente, puedes herirte por todas partes, pero las radiograf\u00edas no muestran\u00a0<a href=\"https:\/\/injuryattorneyofdallas.com\/es\/abogado-en-dallas-de-huesos-quebrados\/\">huesos rotos<\/a>. \u00a0A\u00fan puede tener una lesi\u00f3n dolorosa en los tejidos blandos, una lesi\u00f3n en un m\u00fasculo, un ligamento o un tend\u00f3n. Las lesiones de los tejidos blandos son muy comunes en\u00a0<a href=\"https:\/\/injuryattorneyofdallas.com\/es\/abogado-de-accidentes-automovilisticos-fatales-en-dallas\/\">accidentes automovil\u00edsticos<\/a>, ca\u00eddas y accidentes en el\u00a0<a href=\"https:\/\/injuryattorneyofdallas.com\/es\/abogado-de-lesiones-y-accidente-de-trabajo-en-dallas\/\">lugar de trabajo<\/a>. Pueden causar una cantidad sustancial de sufrimiento y meses de discapacidad. Los esguinces y la cepa son las lesiones de tejidos blandos m\u00e1s comunes relacionadas con accidentes, y pueden afectar diferentes partes del cuerpo. Los esguinces y la cepa de la\u00a0<a href=\"https:\/\/injuryattorneyofdallas.com\/es\/abogado-de-lesiones-de-la-medula-espinal-en-dallas\/\">zona espinal<\/a>\u00a0son especialmente comunes en lesiones por latigazo cervical causadas por accidentes automovil\u00edsticos, especialmente en colisiones traseras.<\/p><div id=\"ez-toc-container\" class=\"ez-toc-v2_0_80 counter-hierarchy ez-toc-counter ez-toc-grey ez-toc-container-direction\">\n<div class=\"ez-toc-title-container\">\n<p class=\"ez-toc-title\" style=\"cursor:inherit\">Table of Contents<\/p>\n<span class=\"ez-toc-title-toggle\"><a href=\"#\" class=\"ez-toc-pull-right ez-toc-btn ez-toc-btn-xs ez-toc-btn-default ez-toc-toggle\" aria-label=\"Alternar tabla de contenidos\"><span class=\"ez-toc-js-icon-con\"><span class=\"\"><span class=\"eztoc-hide\" style=\"display:none;\">Toggle<\/span><span class=\"ez-toc-icon-toggle-span\"><svg style=\"fill: #999;color:#999\" xmlns=\"http:\/\/www.w3.org\/2000\/svg\" class=\"list-377408\" width=\"20px\" height=\"20px\" viewBox=\"0 0 24 24\" fill=\"none\"><path d=\"M6 6H4v2h2V6zm14 0H8v2h12V6zM4 11h2v2H4v-2zm16 0H8v2h12v-2zM4 16h2v2H4v-2zm16 0H8v2h12v-2z\" fill=\"currentColor\"><\/path><\/svg><svg style=\"fill: #999;color:#999\" class=\"arrow-unsorted-368013\" xmlns=\"http:\/\/www.w3.org\/2000\/svg\" width=\"10px\" height=\"10px\" viewBox=\"0 0 24 24\" version=\"1.2\" baseProfile=\"tiny\"><path d=\"M18.2 9.3l-6.2-6.3-6.2 6.3c-.2.2-.3.4-.3.7s.1.5.3.7c.2.2.4.3.7.3h11c.3 0 .5-.1.7-.3.2-.2.3-.5.3-.7s-.1-.5-.3-.7zM5.8 14.7l6.2 6.3 6.2-6.3c.2-.2.3-.5.3-.7s-.1-.5-.3-.7c-.2-.2-.4-.3-.7-.3h-11c-.3 0-.5.1-.7.3-.2.2-.3.5-.3.7s.1.5.3.7z\"\/><\/svg><\/span><\/span><\/span><\/a><\/span><\/div>\n<nav><ul class='ez-toc-list ez-toc-list-level-1 ' ><li class='ez-toc-page-1 ez-toc-heading-level-2'><a class=\"ez-toc-link ez-toc-heading-1\" href=\"https:\/\/injuryattorneyofdallas.com\/es\/abogado-de-lesiones-de-tejido-blando-y-latigazo-en-dallas\/#Esguince\" >Esguince<\/a><\/li><li class='ez-toc-page-1 ez-toc-heading-level-2'><a class=\"ez-toc-link ez-toc-heading-2\" href=\"https:\/\/injuryattorneyofdallas.com\/es\/abogado-de-lesiones-de-tejido-blando-y-latigazo-en-dallas\/#Obten_una_Consulta_Legal_Gratis\" >Obt\u00e9n una Consulta Legal Gratis<\/a><\/li><li class='ez-toc-page-1 ez-toc-heading-level-2'><a class=\"ez-toc-link ez-toc-heading-3\" href=\"https:\/\/injuryattorneyofdallas.com\/es\/abogado-de-lesiones-de-tejido-blando-y-latigazo-en-dallas\/#Cepas\" >Cepas<\/a><\/li><li class='ez-toc-page-1 ez-toc-heading-level-2'><a class=\"ez-toc-link ez-toc-heading-4\" href=\"https:\/\/injuryattorneyofdallas.com\/es\/abogado-de-lesiones-de-tejido-blando-y-latigazo-en-dallas\/#Lesiones_Del_Latigazo\" >Lesiones Del Latigazo<\/a><\/li><li class='ez-toc-page-1 ez-toc-heading-level-2'><a class=\"ez-toc-link ez-toc-heading-5\" href=\"https:\/\/injuryattorneyofdallas.com\/es\/abogado-de-lesiones-de-tejido-blando-y-latigazo-en-dallas\/#Conmocion_Cerebral_Y_Latigazo\" >Conmoci\u00f3n Cerebral Y Latigazo<\/a><\/li><li class='ez-toc-page-1 ez-toc-heading-level-2'><a class=\"ez-toc-link ez-toc-heading-6\" href=\"https:\/\/injuryattorneyofdallas.com\/es\/abogado-de-lesiones-de-tejido-blando-y-latigazo-en-dallas\/#Hernania_de_Un_Disco_Que_Resulta_de_Una_Lesion_de_Latigazo\" >Hernania de Un Disco Que Resulta de Una Lesi\u00f3n de Latigazo<\/a><\/li><li class='ez-toc-page-1 ez-toc-heading-level-2'><a class=\"ez-toc-link ez-toc-heading-7\" href=\"https:\/\/injuryattorneyofdallas.com\/es\/abogado-de-lesiones-de-tejido-blando-y-latigazo-en-dallas\/#Asistencia_Legal_Para_Lesiones_de_Tejido_Blando\" >Asistencia Legal Para Lesiones de Tejido Blando<\/a><\/li><li class='ez-toc-page-1 ez-toc-heading-level-2'><a class=\"ez-toc-link ez-toc-heading-8\" href=\"https:\/\/injuryattorneyofdallas.com\/es\/abogado-de-lesiones-de-tejido-blando-y-latigazo-en-dallas\/#Dejanos_Pelear_Por_Ti\" >D\u00e9janos Pelear Por Ti<\/a><\/li><li class='ez-toc-page-1 ez-toc-heading-level-2'><a class=\"ez-toc-link ez-toc-heading-9\" href=\"https:\/\/injuryattorneyofdallas.com\/es\/abogado-de-lesiones-de-tejido-blando-y-latigazo-en-dallas\/#Cosas_Importantes_Que_Saber_Sobre_Las_Lesiones_Del_Tejido_Blando\" >Cosas Importantes Que Saber Sobre Las Lesiones Del Tejido Blando<\/a><\/li><li class='ez-toc-page-1 ez-toc-heading-level-2'><a class=\"ez-toc-link ez-toc-heading-10\" href=\"https:\/\/injuryattorneyofdallas.com\/es\/abogado-de-lesiones-de-tejido-blando-y-latigazo-en-dallas\/#Representacion_Legal_en_Dallas_Para_Lesiones_de_Tejidos_Blandos_Y_Latigazo\" >Representaci\u00f3n Legal en Dallas Para Lesiones de Tejidos Blandos Y Latigazo<\/a><\/li><\/ul><\/nav><\/div>\n\r\n\r\n\r\n\r\n<h2 class=\"wp-block-heading\"><span class=\"ez-toc-section\" id=\"Esguince\"><\/span>Esguince<span class=\"ez-toc-section-end\"><\/span><\/h2>\r\n\r\n\r\n\r\n<p>Un esguince es un ligamento roto o estirado. Un ligamento es un tipo de tejido conectivo que une hueso a hueso en la articulaci\u00f3n que une los extremos de los huesos. El ligamento mantiene las estructuras en su lugar y proporciona estabilidad de las articulaciones. Cuando una articulaci\u00f3n es forzada m\u00e1s all\u00e1 de su rango normal de movimiento, los ligamentos circundantes pueden resultar heridos. Una lesi\u00f3n grave del ligamento de la lesi\u00f3n del cuello, espalda, hombro, rodilla, mu\u00f1eca o tobillo puede mantenerlo inmovilizado y puede requerir una reparaci\u00f3n quir\u00fargica. Con un esguince grave, puede sentir dolor, hinchaz\u00f3n y decoloraci\u00f3n en el \u00e1rea lesionada, lo que empeora cuando intenta mover la articulaci\u00f3n. Usted puede haber o\u00eddo un estallido o un chasquido de sonido o incluso sinti\u00f3 la articulaci\u00f3n de deslizamiento.<br \/><div class=\"contact-shortcode\">\r\n  <div class=\"row\">\r\n    <div class=\"col-md-4  align-self-center\"> <h2><span class=\"ez-toc-section\" id=\"Obten_una_Consulta_Legal_Gratis\"><\/span>Obt\u00e9n una Consulta Legal Gratis<span class=\"ez-toc-section-end\"><\/span><\/h2>\n <\/div>\r\n    <div class=\"col-md-8  align-self-center\">\r\n      <div class=\"coman-btn-block\"> <a href=\"https:\/\/injuryattorneyofdallas.com\/es\/contacto\/\" class=\"coman-btn-one\">Cont\u00e1ctenos<\/a> <a href=\"tel:18179044975\" class=\"coman-btn-second\"> <img decoding=\"async\" src=\"https:\/\/injuryattorneyoftexas.com\/wp-content\/uploads\/phone-icon-2.png\" alt=\"#\" width=\"\" height=\"\" class=\"img-fluid\"\/> Ll\u00e1manos<\/a> <\/div>\r\n    <\/div>\r\n  <\/div>\r\n<\/div>\r\n<br \/><br \/><\/p>\r\n\r\n\r\n\r\n<h2 class=\"wp-block-heading\"><span class=\"ez-toc-section\" id=\"Cepas\"><\/span>Cepas<span class=\"ez-toc-section-end\"><\/span><\/h2>\r\n\r\n\r\n\r\n<p>Una cepa es una lesi\u00f3n de un m\u00fasculo, tend\u00f3n o fascia. Los tendones son cuerdas fibrosas de tejido, compuestas de col\u00e1geno, que unen los m\u00fasculos al hueso. Las fascias conectan el m\u00fasculo con el m\u00fasculo. Las cepas pueden causar dolor, hinchaz\u00f3n, rigidez y dolor y p\u00e9rdida de funci\u00f3n.<\/p>\r\n\r\n\r\n\r\n<h2 class=\"wp-block-heading\"><span class=\"ez-toc-section\" id=\"Lesiones_Del_Latigazo\"><\/span>Lesiones Del Latigazo<span class=\"ez-toc-section-end\"><\/span><\/h2>\r\n\r\n\r\n\r\n<p>El latigazo cervical provoca un esguince o tensi\u00f3n en el cuello, cuando se produce un fuerte movimiento hacia adelante y hacia atr\u00e1s del cuello, a menudo en una colisi\u00f3n de autom\u00f3vil en la parte trasera. Adem\u00e1s de un esguince de cuello o una tensi\u00f3n, una v\u00edctima de latigazo puede tambi\u00e9n sufrir una conmoci\u00f3n cerebral, que es un tipo de lesi\u00f3n cerebral traum\u00e1tica (TBI). Los signos y s\u00edntomas t\u00edpicos de una lesi\u00f3n cervical incluyen dolor de cuello, rigidez y dolor de cabeza. Usted puede recuperarse de una lesi\u00f3n de latigazo despu\u00e9s de varios meses de medicamentos para el dolor, terapia f\u00edsica, otros ciertos tratamientos destinados a aliviar el dolor y relajar los tejidos da\u00f1ados. Pero tambi\u00e9n puede tener una lesi\u00f3n permanente que resultar\u00e1 en dolor de cuello cr\u00f3nico, disfunci\u00f3n de la articulaci\u00f3n del cuello y herniaci\u00f3n de un disco, y otras complicaciones.<\/p>\r\n\r\n\r\n\r\n<h2 class=\"wp-block-heading\"><span class=\"ez-toc-section\" id=\"Conmocion_Cerebral_Y_Latigazo\"><\/span>Conmoci\u00f3n Cerebral Y Latigazo<span class=\"ez-toc-section-end\"><\/span><\/h2>\r\n\r\n\r\n\r\n<p>En los casos de choque de alto impacto, la velocidad del movimiento de latigazo puede hacer que el <a href=\"https:\/\/injuryattorneyofdallas.com\/es\/abogado-de-lesion-cerebral-en-dallas\/\">cerebro<\/a> se mueva hacia adelante y hacia atr\u00e1s dentro del cr\u00e1neo, causando cierto grado de da\u00f1o cerebral. Los s\u00edntomas de una conmoci\u00f3n cerebral sufrida durante una lesi\u00f3n de latigazo cervical pueden incluir:<\/p>\r\n\r\n\r\n\r\n<ul class=\"wp-block-list\">\r\n<li>Confusi\u00f3n<\/li>\r\n\r\n\r\n\r\n<li>Visi\u00f3n doble o visi\u00f3n borrosa<\/li>\r\n\r\n\r\n\r\n<li>N\u00e1usea<\/li>\r\n\r\n\r\n\r\n<li>Mareos<\/li>\r\n\r\n\r\n\r\n<li>Sensibilidad rara al ruido o a la luz brillante<\/li>\r\n\r\n\r\n\r\n<li>Dolor de cabeza<\/li>\r\n\r\n\r\n\r\n<li>Problemas de concentraci\u00f3n y memoria<br \/><div class=\"user-shortcode-second\" style=\"background: url(https:\/\/injuryattorneyofdallas.com\/wp-content\/uploads\/user-img-shortcode-second.jpg);\">\r\n  <div class=\"row justify-content-end\">\r\n    <div class=\"col-md-8\"> <p>Cuando has resultado lesionado debido a la negligencia de otra persona, mereces m\u00e1s que solo representaci\u00f3n legal: mereces un defensor que luche incansablemente por tus derechos. En The Law Firm of Aaron A. Herbert, entendemos el dolor, el estr\u00e9s y la incertidumbre que acompa\u00f1an a una lesi\u00f3n, y nos comprometemos a obtener la compensaci\u00f3n que necesitas para seguir adelante. Con un historial comprobado de \u00e9xito y un enfoque personalizado, nosotros nos encargamos de la batalla legal para que t\u00fa puedas concentrarte en tu recuperaci\u00f3n. No cobramos honorarios a menos que ganemos\u2014porque tu justicia es nuestra prioridad.<\/p>\n      <h3>AARON A. HERBERT<\/h3>\r\n    <\/div>\r\n  <\/div>\r\n<\/div>\r\n\u00a0<br \/><br \/><\/li>\r\n<\/ul>\r\n\r\n\r\n\r\n<h2 class=\"wp-block-heading\"><span class=\"ez-toc-section\" id=\"Hernania_de_Un_Disco_Que_Resulta_de_Una_Lesion_de_Latigazo\"><\/span>Hernania de Un Disco Que Resulta de Una Lesi\u00f3n de Latigazo<span class=\"ez-toc-section-end\"><\/span><\/h2>\r\n\r\n\r\n\r\n<p>Otro resultado serio y doloroso de una lesi\u00f3n de latigazo cervical puede ser una lesi\u00f3n a los discos espinales. Un disco es un trozo de tejido gelatinoso que forma un coj\u00edn entre las v\u00e9rtebras de la columna vertebral. El movimiento r\u00e1pido hacia delante y hacia atr\u00e1s en un accidente de latigazo puede hacer que el disco se rompa o extrudir, causando irritaci\u00f3n a una ra\u00edz nerviosa espinal. Los s\u00edntomas de una hernia de disco en el cuello incluyen dolor que irradia hacia abajo del brazo y s\u00edntomas neurol\u00f3gicos, como hormigueo o entumecimiento en la mano y el brazo o debilidad muscular.<\/p>\r\n\r\n\r\n\r\n<h2 class=\"wp-block-heading\"><span class=\"ez-toc-section\" id=\"Asistencia_Legal_Para_Lesiones_de_Tejido_Blando\"><\/span>Asistencia Legal Para Lesiones de Tejido Blando<span class=\"ez-toc-section-end\"><\/span><\/h2>\r\n\r\n\r\n\r\n<p>Muchos abogados no aceptar\u00e1n casos de lesi\u00f3n de tejido blando porque son m\u00e1s dif\u00edciles de probar. Se vuelven a\u00fan m\u00e1s complicados cuando implican una exacerbaci\u00f3n de una lesi\u00f3n previa que no ha causado problemas recientemente. Pero un buen abogado de lesiones personales tiene los recursos para preparar y presentar un argumento persuasivo para una compensaci\u00f3n razonable. Las lesiones de los tejidos blandos son reales, son dolorosas y son incapacitantes. Sus expedientes m\u00e9dicos y el tiempo perdido del trabajo ayudar\u00e1n a demostrar sus heridas.<br \/><div class=\"contact-shortcode-second\">\r\n    <h2><span class=\"ez-toc-section\" id=\"Dejanos_Pelear_Por_Ti\"><\/span>D\u00e9janos Pelear Por Ti<span class=\"ez-toc-section-end\"><\/span><\/h2>\n<h3>\u00bfNecesitas Ayuda? Cont\u00e1ctanos 24\/7<\/h3>\n    <div class=\"coman-btn-block\">\r\n        <a href=\"https:\/\/injuryattorneyofdallas.com\/es\/contacto\/\" class=\"coman-btn-one\">\r\n            Cont\u00e1ctanos        <\/a>\r\n        <a href=\"tel:18179044975\" class=\"coman-btn-second\">\r\n            <img decoding=\"async\" src=\"https:\/\/injuryattorneyoftexas.com\/wp-content\/uploads\/phone-icon-2.png\" alt=\"#\" width=\"\" height=\"\" class=\"img-fluid\" \/>\r\n            Ll\u00e1manos        <\/a>\r\n    <\/div>\r\n    <h4>Abogado de Lesiones Personales Certificado en Dallas<\/h4>\n<\/div><br \/><br \/><\/p>\r\n\r\n\r\n\r\n<h2 class=\"wp-block-heading\"><span class=\"ez-toc-section\" id=\"Cosas_Importantes_Que_Saber_Sobre_Las_Lesiones_Del_Tejido_Blando\"><\/span>Cosas Importantes Que Saber Sobre Las Lesiones Del Tejido Blando<span class=\"ez-toc-section-end\"><\/span><\/h2>\r\n\r\n\r\n\r\n<ul class=\"wp-block-list\">\r\n<li>Las lesiones de los tejidos blandos pueden no aparecer inmediatamente despu\u00e9s de un accidente. En la escena, no asegures a nadie que no has sido herido. Puede no darse cuenta de ello durante varios d\u00edas.<\/li>\r\n\r\n\r\n\r\n<li>Siempre debe recibir atenci\u00f3n m\u00e9dica inmediata despu\u00e9s de cualquier accidente. Sus registros m\u00e9dicos ser\u00e1n la documentaci\u00f3n m\u00e1s importante del dolor y el sufrimiento que est\u00e1 experimentando. Sin el tratamiento m\u00e9dico en curso, usted no tendr\u00e1 mucho de un caso. No se pierdas las citas.<\/li>\r\n\r\n\r\n\r\n<li>Sea honesto acerca de sus limitaciones. Siga los consejos del m\u00e9dico meticulosamente. Suponga que estar\u00e1 bajo vigilancia de la compa\u00f1\u00eda de seguros del demandado.<br \/><br \/><\/li>\r\n<\/ul>\r\n\r\n\r\n\r\n<h2 class=\"wp-block-heading\"><span class=\"ez-toc-section\" id=\"Representacion_Legal_en_Dallas_Para_Lesiones_de_Tejidos_Blandos_Y_Latigazo\"><\/span>Representaci\u00f3n Legal en Dallas Para Lesiones de Tejidos Blandos Y Latigazo<span class=\"ez-toc-section-end\"><\/span><\/h2>\r\n\r\n\r\n\r\n<p><a href=\"https:\/\/injuryattorneyofdallas.com\/es\/contacto\/\">Llame a las oficinas de abogados de\u00a0<strong>Aaron Herbert<\/strong>,<\/a> abogado especializado en\u00a0<strong>Lesiones Personales<\/strong>\u00a0de la Junta, para obtener una representaci\u00f3n con experiencia para su lesi\u00f3n en los tejidos blandos. Con un enfoque exclusivo en la ley de lesiones personales, una fuerte historia de recuperaciones de alto valor, m\u00e1s de catorce a\u00f1os en la pr\u00e1ctica, la mayor calificaci\u00f3n AVVO posible, y una reputaci\u00f3n formidable en la sala de justicia, Aaron y su personal le dar\u00e1 a su caso la preparaci\u00f3n cuidadosa que significa \u00e9xito. La consulta inicial es gratuita y no incurrir\u00e1 en honorarios de abogados, corte o gastos legales a menos que se recupere.<br \/><div class=\"user-shortcode\" style=\"background: url(https:\/\/injuryattorneyofdallas.com\/wp-content\/uploads\/user-img-shortcode.jpg);\">\r\n  <div class=\"row\">\r\n    <div class=\"col-md-8\"> <h3>AARON A. HERBERT<\/h3>\n<p>Aaron A. Herbert es un abogado litigante reconocido por su defensa firme y agresiva en nombre de clientes que han sufrido lesiones graves en accidentes importantes. Con m\u00e1s de una d\u00e9cada de experiencia, ha construido una reputaci\u00f3n por obtener veredictos y acuerdos significativos, muchos de ellos bajo acuerdos de confidencialidad. Su pr\u00e1ctica se basa en la pasi\u00f3n, la preparaci\u00f3n y la perseverancia, con el objetivo de maximizar el valor del caso y reducir el estr\u00e9s del proceso legal para sus clientes. Revisa su perfil en <a href=\"https:\/\/lawyers.justia.com\/lawyer\/aaron-alan-herbert-237375\">Justia<\/a> y <a href=\"https:\/\/www.yelp.com\/biz\/law-firm-of-aaron-a-herbert-pc-dallas-5\">Yelp<\/a>.<\/p>\n <\/div>\r\n  <\/div>\r\n<\/div>\r\n<br \/><br \/><\/p>\r\n","protected":false},"excerpt":{"rendered":"<p>Cuando has estado en un accidente, puedes herirte por todas partes, pero las radiograf\u00edas no muestran\u00a0huesos rotos. \u00a0A\u00fan puede tener una lesi\u00f3n dolorosa en los tejidos blandos, una lesi\u00f3n en un m\u00fasculo, un ligamento o un tend\u00f3n. Las lesiones de los tejidos blandos son muy comunes en\u00a0accidentes automovil\u00edsticos, ca\u00eddas y accidentes en el\u00a0lugar de trabajo&#8230;.<\/p>\n","protected":false},"author":2,"featured_media":0,"parent":0,"menu_order":0,"comment_status":"closed","ping_status":"closed","template":"","meta":{"_acf_changed":false,"footnotes":""},"class_list":["post-8087","page","type-page","status-publish","hentry"],"acf":[],"yoast_head":"<!-- This site is optimized with the Yoast SEO Premium plugin v26.9 (Yoast SEO v26.9) - https:\/\/yoast.com\/product\/yoast-seo-premium-wordpress\/ -->\n<title>Abogado de lesiones de Tejidos blando Y Latigazo de Dallas<\/title>\n<meta name=\"description\" content=\"Los choques automovil\u00edsticos pueden causar da\u00f1os en los tejidos blandos o lesiones cervicales. Llame al 214-200-4878 para una consulta gratis\" \/>\n<meta name=\"robots\" content=\"index, follow, max-snippet:-1, max-image-preview:large, max-video-preview:-1\" \/>\n<link rel=\"canonical\" href=\"https:\/\/injuryattorneyofdallas.com\/es\/abogado-de-lesiones-de-tejido-blando-y-latigazo-en-dallas\/\" \/>\n<meta property=\"og:locale\" content=\"es_ES\" \/>\n<meta property=\"og:type\" content=\"article\" \/>\n<meta property=\"og:title\" content=\"Abogado de Lesiones de Tejido Blando Y Latigazo en Dallas\" \/>\n<meta property=\"og:description\" content=\"Los choques automovil\u00edsticos pueden causar da\u00f1os en los tejidos blandos o lesiones cervicales. Llame al 214-200-4878 para una consulta gratis\" \/>\n<meta property=\"og:url\" content=\"https:\/\/injuryattorneyofdallas.com\/es\/abogado-de-lesiones-de-tejido-blando-y-latigazo-en-dallas\/\" \/>\n<meta property=\"og:site_name\" content=\"Aaron Herbert - Abogado de Lesiones de Texas\" \/>\n<meta property=\"article:publisher\" content=\"https:\/\/www.facebook.com\/injuryattorneyoftexas\/\" \/>\n<meta property=\"article:modified_time\" content=\"2025-12-29T18:10:44+00:00\" \/>\n<meta name=\"twitter:card\" content=\"summary_large_image\" \/>\n<meta name=\"twitter:site\" content=\"@dallaspilawyer\" \/>\n<meta name=\"twitter:label1\" content=\"Tiempo de lectura\" \/>\n\t<meta name=\"twitter:data1\" content=\"5 minutos\" \/>\n<script type=\"application\/ld+json\" class=\"yoast-schema-graph\">{\"@context\":\"https:\/\/schema.org\",\"@graph\":[{\"@type\":\"WebPage\",\"@id\":\"https:\/\/injuryattorneyofdallas.com\/es\/abogado-de-lesiones-de-tejido-blando-y-latigazo-en-dallas\/\",\"url\":\"https:\/\/injuryattorneyofdallas.com\/es\/abogado-de-lesiones-de-tejido-blando-y-latigazo-en-dallas\/\",\"name\":\"Abogado de lesiones de Tejidos blando Y Latigazo de Dallas\",\"isPartOf\":{\"@id\":\"https:\/\/injuryattorneyofdallas.com\/es\/#website\"},\"datePublished\":\"2024-09-02T08:18:54+00:00\",\"dateModified\":\"2025-12-29T18:10:44+00:00\",\"description\":\"Los choques automovil\u00edsticos pueden causar da\u00f1os en los tejidos blandos o lesiones cervicales. Llame al 214-200-4878 para una consulta gratis\",\"breadcrumb\":{\"@id\":\"https:\/\/injuryattorneyofdallas.com\/es\/abogado-de-lesiones-de-tejido-blando-y-latigazo-en-dallas\/#breadcrumb\"},\"inLanguage\":\"es\",\"potentialAction\":[{\"@type\":\"ReadAction\",\"target\":[\"https:\/\/injuryattorneyofdallas.com\/es\/abogado-de-lesiones-de-tejido-blando-y-latigazo-en-dallas\/\"]}]},{\"@type\":\"BreadcrumbList\",\"@id\":\"https:\/\/injuryattorneyofdallas.com\/es\/abogado-de-lesiones-de-tejido-blando-y-latigazo-en-dallas\/#breadcrumb\",\"itemListElement\":[{\"@type\":\"ListItem\",\"position\":1,\"name\":\"Dallas Personal Injury Lawyers\",\"item\":\"https:\/\/injuryattorneyofdallas.com\/es\/\"},{\"@type\":\"ListItem\",\"position\":2,\"name\":\"Abogado de Lesiones de Tejido Blando Y Latigazo en Dallas\"}]},{\"@type\":\"WebSite\",\"@id\":\"https:\/\/injuryattorneyofdallas.com\/es\/#website\",\"url\":\"https:\/\/injuryattorneyofdallas.com\/es\/\",\"name\":\"The Law Firm Of Aaron A Herbert, P.C.\",\"description\":\"Dallas Personal Injury Lawyer\",\"alternateName\":\"The Law Firm Of Aaron Herbert\",\"potentialAction\":[{\"@type\":\"SearchAction\",\"target\":{\"@type\":\"EntryPoint\",\"urlTemplate\":\"https:\/\/injuryattorneyofdallas.com\/es\/?s={search_term_string}\"},\"query-input\":{\"@type\":\"PropertyValueSpecification\",\"valueRequired\":true,\"valueName\":\"search_term_string\"}}],\"inLanguage\":\"es\"}]}<\/script>\n<!-- \/ Yoast SEO Premium plugin. -->","yoast_head_json":{"title":"Abogado de lesiones de Tejidos blando Y Latigazo de Dallas","description":"Los choques automovil\u00edsticos pueden causar da\u00f1os en los tejidos blandos o lesiones cervicales. Llame al 214-200-4878 para una consulta gratis","robots":{"index":"index","follow":"follow","max-snippet":"max-snippet:-1","max-image-preview":"max-image-preview:large","max-video-preview":"max-video-preview:-1"},"canonical":"https:\/\/injuryattorneyofdallas.com\/es\/abogado-de-lesiones-de-tejido-blando-y-latigazo-en-dallas\/","og_locale":"es_ES","og_type":"article","og_title":"Abogado de Lesiones de Tejido Blando Y Latigazo en Dallas","og_description":"Los choques automovil\u00edsticos pueden causar da\u00f1os en los tejidos blandos o lesiones cervicales. Llame al 214-200-4878 para una consulta gratis","og_url":"https:\/\/injuryattorneyofdallas.com\/es\/abogado-de-lesiones-de-tejido-blando-y-latigazo-en-dallas\/","og_site_name":"Aaron Herbert - Abogado de Lesiones de Texas","article_publisher":"https:\/\/www.facebook.com\/injuryattorneyoftexas\/","article_modified_time":"2025-12-29T18:10:44+00:00","twitter_card":"summary_large_image","twitter_site":"@dallaspilawyer","twitter_misc":{"Tiempo de lectura":"5 minutos"},"schema":{"@context":"https:\/\/schema.org","@graph":[{"@type":"WebPage","@id":"https:\/\/injuryattorneyofdallas.com\/es\/abogado-de-lesiones-de-tejido-blando-y-latigazo-en-dallas\/","url":"https:\/\/injuryattorneyofdallas.com\/es\/abogado-de-lesiones-de-tejido-blando-y-latigazo-en-dallas\/","name":"Abogado de lesiones de Tejidos blando Y Latigazo de Dallas","isPartOf":{"@id":"https:\/\/injuryattorneyofdallas.com\/es\/#website"},"datePublished":"2024-09-02T08:18:54+00:00","dateModified":"2025-12-29T18:10:44+00:00","description":"Los choques automovil\u00edsticos pueden causar da\u00f1os en los tejidos blandos o lesiones cervicales. Llame al 214-200-4878 para una consulta gratis","breadcrumb":{"@id":"https:\/\/injuryattorneyofdallas.com\/es\/abogado-de-lesiones-de-tejido-blando-y-latigazo-en-dallas\/#breadcrumb"},"inLanguage":"es","potentialAction":[{"@type":"ReadAction","target":["https:\/\/injuryattorneyofdallas.com\/es\/abogado-de-lesiones-de-tejido-blando-y-latigazo-en-dallas\/"]}]},{"@type":"BreadcrumbList","@id":"https:\/\/injuryattorneyofdallas.com\/es\/abogado-de-lesiones-de-tejido-blando-y-latigazo-en-dallas\/#breadcrumb","itemListElement":[{"@type":"ListItem","position":1,"name":"Dallas Personal Injury Lawyers","item":"https:\/\/injuryattorneyofdallas.com\/es\/"},{"@type":"ListItem","position":2,"name":"Abogado de Lesiones de Tejido Blando Y Latigazo en Dallas"}]},{"@type":"WebSite","@id":"https:\/\/injuryattorneyofdallas.com\/es\/#website","url":"https:\/\/injuryattorneyofdallas.com\/es\/","name":"The Law Firm Of Aaron A Herbert, P.C.","description":"Dallas Personal Injury Lawyer","alternateName":"The Law Firm Of Aaron Herbert","potentialAction":[{"@type":"SearchAction","target":{"@type":"EntryPoint","urlTemplate":"https:\/\/injuryattorneyofdallas.com\/es\/?s={search_term_string}"},"query-input":{"@type":"PropertyValueSpecification","valueRequired":true,"valueName":"search_term_string"}}],"inLanguage":"es"}]}},"_links":{"self":[{"href":"https:\/\/injuryattorneyofdallas.com\/es\/wp-json\/wp\/v2\/pages\/8087","targetHints":{"allow":["GET"]}}],"collection":[{"href":"https:\/\/injuryattorneyofdallas.com\/es\/wp-json\/wp\/v2\/pages"}],"about":[{"href":"https:\/\/injuryattorneyofdallas.com\/es\/wp-json\/wp\/v2\/types\/page"}],"author":[{"embeddable":true,"href":"https:\/\/injuryattorneyofdallas.com\/es\/wp-json\/wp\/v2\/users\/2"}],"replies":[{"embeddable":true,"href":"https:\/\/injuryattorneyofdallas.com\/es\/wp-json\/wp\/v2\/comments?post=8087"}],"version-history":[{"count":0,"href":"https:\/\/injuryattorneyofdallas.com\/es\/wp-json\/wp\/v2\/pages\/8087\/revisions"}],"wp:attachment":[{"href":"https:\/\/injuryattorneyofdallas.com\/es\/wp-json\/wp\/v2\/media?parent=8087"}],"curies":[{"name":"wp","href":"https:\/\/api.w.org\/{rel}","templated":true}]}}