{"id":8084,"date":"2019-04-05T13:37:00","date_gmt":"2019-04-05T19:37:00","guid":{"rendered":"https:\/\/aaronaherbert.wpenginepowered.com\/dallas-industrial-burns-attorney\/"},"modified":"2025-12-26T15:51:53","modified_gmt":"2025-12-26T21:51:53","slug":"abogado-de-lesiones-de-quemaduras-en-dallas","status":"publish","type":"page","link":"https:\/\/injuryattorneyofdallas.com\/es\/abogado-de-lesiones-de-quemaduras-en-dallas\/","title":{"rendered":"Abogado de Lesiones de Quemaduras en Dallas"},"content":{"rendered":"\r\n<p>Desafortunadamente, las quemaduras lo suficientemente graves como para requerir tratamiento son bastante comunes. Las lesiones por quemaduras graves pueden ser devastadoras y\u00a0<strong>poner en peligro la vida<\/strong>. Producen dolor intenso y cicatrizaci\u00f3n, y a menudo implican largos per\u00edodos de tratamiento y rehabilitaci\u00f3n, incluyendo cirug\u00edas m\u00faltiples. Tanto el recuerdo del evento como los efectos psicol\u00f3gicos de la cicatrizaci\u00f3n y la deformidad pueden producir problemas psicol\u00f3gicos que duran el resto de la vida de la v\u00edctima.<\/p><div id=\"ez-toc-container\" class=\"ez-toc-v2_0_80 counter-hierarchy ez-toc-counter ez-toc-grey ez-toc-container-direction\">\n<div class=\"ez-toc-title-container\">\n<p class=\"ez-toc-title\" style=\"cursor:inherit\">Table of Contents<\/p>\n<span class=\"ez-toc-title-toggle\"><a href=\"#\" class=\"ez-toc-pull-right ez-toc-btn ez-toc-btn-xs ez-toc-btn-default ez-toc-toggle\" aria-label=\"Alternar tabla de contenidos\"><span class=\"ez-toc-js-icon-con\"><span class=\"\"><span class=\"eztoc-hide\" style=\"display:none;\">Toggle<\/span><span class=\"ez-toc-icon-toggle-span\"><svg style=\"fill: #999;color:#999\" xmlns=\"http:\/\/www.w3.org\/2000\/svg\" class=\"list-377408\" width=\"20px\" height=\"20px\" viewBox=\"0 0 24 24\" fill=\"none\"><path d=\"M6 6H4v2h2V6zm14 0H8v2h12V6zM4 11h2v2H4v-2zm16 0H8v2h12v-2zM4 16h2v2H4v-2zm16 0H8v2h12v-2z\" fill=\"currentColor\"><\/path><\/svg><svg style=\"fill: #999;color:#999\" class=\"arrow-unsorted-368013\" xmlns=\"http:\/\/www.w3.org\/2000\/svg\" width=\"10px\" height=\"10px\" viewBox=\"0 0 24 24\" version=\"1.2\" baseProfile=\"tiny\"><path d=\"M18.2 9.3l-6.2-6.3-6.2 6.3c-.2.2-.3.4-.3.7s.1.5.3.7c.2.2.4.3.7.3h11c.3 0 .5-.1.7-.3.2-.2.3-.5.3-.7s-.1-.5-.3-.7zM5.8 14.7l6.2 6.3 6.2-6.3c.2-.2.3-.5.3-.7s-.1-.5-.3-.7c-.2-.2-.4-.3-.7-.3h-11c-.3 0-.5.1-.7.3-.2.2-.3.5-.3.7s.1.5.3.7z\"\/><\/svg><\/span><\/span><\/span><\/a><\/span><\/div>\n<nav><ul class='ez-toc-list ez-toc-list-level-1 ' ><li class='ez-toc-page-1 ez-toc-heading-level-2'><a class=\"ez-toc-link ez-toc-heading-1\" href=\"https:\/\/injuryattorneyofdallas.com\/es\/abogado-de-lesiones-de-quemaduras-en-dallas\/#Obten_una_Consulta_Legal_Gratis\" >Obt\u00e9n una Consulta Legal Gratis<\/a><\/li><li class='ez-toc-page-1 ez-toc-heading-level-2'><a class=\"ez-toc-link ez-toc-heading-2\" href=\"https:\/\/injuryattorneyofdallas.com\/es\/abogado-de-lesiones-de-quemaduras-en-dallas\/#Causes_de_Quemaduras\" >Causes de Quemaduras<\/a><\/li><li class='ez-toc-page-1 ez-toc-heading-level-2'><a class=\"ez-toc-link ez-toc-heading-3\" href=\"https:\/\/injuryattorneyofdallas.com\/es\/abogado-de-lesiones-de-quemaduras-en-dallas\/#Lesiones_de_Quemaduras_Y_Las_Personas_Mayores\" >Lesiones de Quemaduras Y Las Personas Mayores<\/a><\/li><li class='ez-toc-page-1 ez-toc-heading-level-2'><a class=\"ez-toc-link ez-toc-heading-4\" href=\"https:\/\/injuryattorneyofdallas.com\/es\/abogado-de-lesiones-de-quemaduras-en-dallas\/#Recuperacion_Y_Complicaciones\" >Recuperaci\u00f3n Y Complicaciones<\/a><\/li><li class='ez-toc-page-1 ez-toc-heading-level-2'><a class=\"ez-toc-link ez-toc-heading-5\" href=\"https:\/\/injuryattorneyofdallas.com\/es\/abogado-de-lesiones-de-quemaduras-en-dallas\/#Consulta_Gratis_Para_Lesiones_Por_Quemaduras\" >Consulta Gratis Para Lesiones Por Quemaduras<\/a><\/li><li class='ez-toc-page-1 ez-toc-heading-level-2'><a class=\"ez-toc-link ez-toc-heading-6\" href=\"https:\/\/injuryattorneyofdallas.com\/es\/abogado-de-lesiones-de-quemaduras-en-dallas\/#Dejanos_Pelear_Por_Ti\" >D\u00e9janos Pelear Por Ti<\/a><\/li><\/ul><\/nav><\/div>\n\r\n\r\n\r\n\r\n<p>La presi\u00f3n y la ansiedad de tratar con la propia lesi\u00f3n a menudo se agravan por la necesidad de obtener una indemnizaci\u00f3n de la persona que caus\u00f3 la lesi\u00f3n. Esa compensaci\u00f3n es generalmente necesaria para pagar por la atenci\u00f3n de la v\u00edctima y apoyar a la familia durante la larga ausencia de la v\u00edctima del\u00a0<a href=\"https:\/\/injuryattorneyofdallas.com\/es\/abogado-de-lesiones-y-accidente-de-trabajo-en-dallas\/\">trabajo<\/a>. Obtener los servicios de un experto abogado en Texas de lesiones por quemadura es el primer paso para hacer la carga de la familia manejable.<br \/><div class=\"contact-shortcode\">\r\n  <div class=\"row\">\r\n    <div class=\"col-md-4  align-self-center\"> <h2><span class=\"ez-toc-section\" id=\"Obten_una_Consulta_Legal_Gratis\"><\/span>Obt\u00e9n una Consulta Legal Gratis<span class=\"ez-toc-section-end\"><\/span><\/h2>\n <\/div>\r\n    <div class=\"col-md-8  align-self-center\">\r\n      <div class=\"coman-btn-block\"> <a href=\"https:\/\/injuryattorneyofdallas.com\/es\/contacto\/\" class=\"coman-btn-one\">Cont\u00e1ctenos<\/a> <a href=\"tel:18179044975\" class=\"coman-btn-second\"> <img decoding=\"async\" src=\"https:\/\/injuryattorneyoftexas.com\/wp-content\/uploads\/phone-icon-2.png\" alt=\"#\" width=\"\" height=\"\" class=\"img-fluid\"\/> Ll\u00e1manos<\/a> <\/div>\r\n    <\/div>\r\n  <\/div>\r\n<\/div>\r\n<br \/><br \/><\/p>\r\n\r\n\r\n\r\n<h2 class=\"wp-block-heading\"><span class=\"ez-toc-section\" id=\"Causes_de_Quemaduras\"><\/span>Causes de Quemaduras<span class=\"ez-toc-section-end\"><\/span><\/h2>\r\n\r\n\r\n\r\n<p>Pel\u00edculas y otros entretenimientos populares enfatizan dram\u00e1tico, chisporroteando llamas abiertas en historias sobre quemaduras, pero estas lesiones ocurren de muchas otras maneras, tambi\u00e9n.\u00a0<strong>El Repositorio de Quemadura Nacional\u00a0<\/strong>informa que, para 2012, las siguientes fueron las causas m\u00e1s comunes de quemaduras:<\/p>\r\n\r\n\r\n\r\n<ul class=\"wp-block-list\">\r\n<li>Lesiones por llamas (44 por ciento)<\/li>\r\n\r\n\r\n\r\n<li>Lesiones por escaldado (33 por ciento)<\/li>\r\n\r\n\r\n\r\n<li>Contacto con un objeto caliente (9 por ciento)<\/li>\r\n\r\n\r\n\r\n<li>Electricidad (4 por ciento)<\/li>\r\n\r\n\r\n\r\n<li>Qu\u00edmicos (3 por ciento)<\/li>\r\n<\/ul>\r\n\r\n\r\n\r\n<p>Estas lesiones pueden ocurrir en cualquier lugar; muchos suceden justo en el hogar de la v\u00edctima<strong>. La Asociaci\u00f3n Americana de la Quemadura<\/strong>\u00a0informa que las quemaduras por las cuales la gente fue admitida a los centros de la quemadura de 2002-2012 ocurrieron en:<\/p>\r\n\r\n\r\n\r\n<ul class=\"wp-block-list\">\r\n<li>El hogar para el 72 por ciento de las v\u00edctimas<\/li>\r\n\r\n\r\n\r\n<li>En el trabajo para el 9 por ciento<\/li>\r\n\r\n\r\n\r\n<li>En la calle o autopista para el 5 por ciento<\/li>\r\n\r\n\r\n\r\n<li>Durante un evento recreativo o deportivo por un 5 por ciento<\/li>\r\n\r\n\r\n\r\n<li>Todos los dem\u00e1s lugares de lesi\u00f3n representaron s\u00f3lo el 9 por ciento<\/li>\r\n<\/ul>\r\n\r\n\r\n\r\n<h2 class=\"wp-block-heading\"><span class=\"ez-toc-section\" id=\"Lesiones_de_Quemaduras_Y_Las_Personas_Mayores\"><\/span>Lesiones de Quemaduras Y Las Personas Mayores<span class=\"ez-toc-section-end\"><\/span><\/h2>\r\n\r\n\r\n\r\n<p>Nuestros ciudadanos de la tercera edad son especialmente vulnerables a quemaduras, especialmente de incendios. Los problemas cognitivos (incluyendo los efectos de los medicamentos recetados) hacen m\u00e1s probable que los ancianos causen un incendio. Las capacidades sensoriales disminuidas (olor, o\u00eddo, visi\u00f3n) dificultan que muchos ancianos noten un incendio en sus primeras etapas, y la disminuci\u00f3n de la movilidad les hace m\u00e1s dif\u00edcil escapar del fuego.<\/p>\r\n\r\n\r\n\r\n<p>Adem\u00e1s, las personas mayores con problemas de equilibrio y \/ o visi\u00f3n son propensas a ca\u00eddas, lo que las expone a posibles quemaduras por escaldado y contacto con superficies calientes.<br \/><div class=\"user-shortcode-second\" style=\"background: url(https:\/\/injuryattorneyofdallas.com\/wp-content\/uploads\/user-img-shortcode-second.jpg);\">\r\n  <div class=\"row justify-content-end\">\r\n    <div class=\"col-md-8\"> <p>Cuando has resultado lesionado debido a la negligencia de otra persona, mereces m\u00e1s que solo representaci\u00f3n legal: mereces un defensor que luche incansablemente por tus derechos. En The Law Firm of Aaron A. Herbert, entendemos el dolor, el estr\u00e9s y la incertidumbre que acompa\u00f1an a una lesi\u00f3n, y nos comprometemos a obtener la compensaci\u00f3n que necesitas para seguir adelante. Con un historial comprobado de \u00e9xito y un enfoque personalizado, nosotros nos encargamos de la batalla legal para que t\u00fa puedas concentrarte en tu recuperaci\u00f3n. No cobramos honorarios a menos que ganemos\u2014porque tu justicia es nuestra prioridad.<\/p>\n      <h3>AARON A. HERBERT<\/h3>\r\n    <\/div>\r\n  <\/div>\r\n<\/div>\r\n\u00a0<br \/><br \/><\/p>\r\n\r\n\r\n\r\n<h2 class=\"wp-block-heading\"><span class=\"ez-toc-section\" id=\"Recuperacion_Y_Complicaciones\"><\/span>Recuperaci\u00f3n Y Complicaciones<span class=\"ez-toc-section-end\"><\/span><\/h2>\r\n\r\n\r\n\r\n<p>Mientras que la mayor\u00eda de las v\u00edctimas de quemaduras en el 96 por ciento sobreviven a sus lesiones, tienden a permanecer en la unidad de quemaduras por alg\u00fan tiempo. La regla de oro es un d\u00eda para cada 1 por ciento del cuerpo de la v\u00edctima que se ha quemado. Esto se vuelve muy caro, muy r\u00e1pidamente: los costos unitarios de quemaduras var\u00edan de $35,000 a m\u00e1s de $1, 000,000.<\/p>\r\n\r\n\r\n\r\n<p>Las complicaciones m\u00e1s probables de ocurrir en este tiempo son infecciones, neumon\u00eda, una infecci\u00f3n seria de la piel conocida como celulitis, e infecciones en el tracto urinario.<\/p>\r\n\r\n\r\n\r\n<p>A m\u00e1s largo plazo, las v\u00edctimas son propensas a sufrir dolor y sufrimiento psicol\u00f3gico, lo que puede calificar como PTSD. La funci\u00f3n f\u00edsica puede ser limitada por cicatrices que impiden que las articulaciones se muevan normalmente.<\/p>\r\n\r\n\r\n\r\n<p>Se reconoce que los efectos psicol\u00f3gicos de la cicatrizaci\u00f3n son m\u00e1s graves para las mujeres en nuestra sociedad.<\/p>\r\n\r\n\r\n\r\n<h2 class=\"wp-block-heading\"><span class=\"ez-toc-section\" id=\"Consulta_Gratis_Para_Lesiones_Por_Quemaduras\"><\/span>Consulta Gratis Para Lesiones Por Quemaduras<span class=\"ez-toc-section-end\"><\/span><\/h2>\r\n\r\n\r\n\r\n<p>Establecer el alcance de sus lesiones y las p\u00e9rdidas asociadas es solo una pieza de todo lo que hay que hacer. En primer lugar, usted tiene que establecer qui\u00e9n es legalmente responsable de esos da\u00f1os, lo que significa probar exactamente lo que sucedi\u00f3 y por qu\u00e9 sucedi\u00f3. El primer paso en ese proceso es encontrar y preservar la evidencia relacionada con el evento que te hiri\u00f3. Entonces, esa evidencia necesita ser reconstruida en una demanda convincente que inicie el proceso de negociaci\u00f3n con la compa\u00f1\u00eda de seguros y abogado de la persona responsable.<br \/><div class=\"contact-shortcode-second\">\r\n    <h2><span class=\"ez-toc-section\" id=\"Dejanos_Pelear_Por_Ti\"><\/span>D\u00e9janos Pelear Por Ti<span class=\"ez-toc-section-end\"><\/span><\/h2>\n<h3>\u00bfNecesitas Ayuda? Cont\u00e1ctanos 24\/7<\/h3>\n    <div class=\"coman-btn-block\">\r\n        <a href=\"https:\/\/injuryattorneyofdallas.com\/es\/contacto\/\" class=\"coman-btn-one\">\r\n            Cont\u00e1ctanos        <\/a>\r\n        <a href=\"tel:18179044975\" class=\"coman-btn-second\">\r\n            <img decoding=\"async\" src=\"https:\/\/injuryattorneyoftexas.com\/wp-content\/uploads\/phone-icon-2.png\" alt=\"#\" width=\"\" height=\"\" class=\"img-fluid\" \/>\r\n            Ll\u00e1manos        <\/a>\r\n    <\/div>\r\n    <h4>Abogado de Lesiones Personales Certificado en Dallas<\/h4>\n<\/div><br \/><br \/><\/p>\r\n\r\n\r\n\r\n<p>Con oficinas en Dallas, Texas<strong>, Aaron Herbert<\/strong>\u00a0es un abogado altamente calificado y Certificado por la Junta. Especialista de Pruebas de Lesiones Personales, con experiencia tanto en establecer la responsabilidad y demostrando da\u00f1os. \u00c9l tiene una larga historia de \u00e9xito en el manejo de casos de lesiones graves, llegar a un acuerdo justo cuando sea posible, y llevar el caso a trav\u00e9s del proceso de prueba cuando sea necesario. De hecho, es miembro del Mill\u00f3n de D\u00f3lares (Million Dollar Advocates Forum, seg\u00fan t\u00e9rmino usado en ingles). Su firma acepta casos en todo el estado de Texas.<\/p>\r\n\r\n\r\n\r\n<p>Si usted o un miembro de la familia est\u00e1n sufriendo las consecuencias de una lesi\u00f3n por quemaduras, llame hoy mismo. Si el plazo legal para la presentaci\u00f3n expira, perder\u00e1 su derecho a recuperar la compensaci\u00f3n. La primera consulta es gratuita y porque aceptamos casos de contingencia, no tendr\u00e1 gastos de bolsillo durante el tiempo que estamos preparando y negociando su caso. Usted no incurrir\u00e1 en honorarios de abogados, corte o gastos legales a menos que se recupere.<br \/><div class=\"user-shortcode\" style=\"background: url(https:\/\/injuryattorneyofdallas.com\/wp-content\/uploads\/user-img-shortcode.jpg);\">\r\n  <div class=\"row\">\r\n    <div class=\"col-md-8\"> <h3>AARON A. HERBERT<\/h3>\n<p>Aaron A. Herbert es un abogado litigante reconocido por su defensa firme y agresiva en nombre de clientes que han sufrido lesiones graves en accidentes importantes. Con m\u00e1s de una d\u00e9cada de experiencia, ha construido una reputaci\u00f3n por obtener veredictos y acuerdos significativos, muchos de ellos bajo acuerdos de confidencialidad. Su pr\u00e1ctica se basa en la pasi\u00f3n, la preparaci\u00f3n y la perseverancia, con el objetivo de maximizar el valor del caso y reducir el estr\u00e9s del proceso legal para sus clientes. Revisa su perfil en <a href=\"https:\/\/lawyers.justia.com\/lawyer\/aaron-alan-herbert-237375\">Justia<\/a> y <a href=\"https:\/\/www.yelp.com\/biz\/law-firm-of-aaron-a-herbert-pc-dallas-5\">Yelp<\/a>.<\/p>\n <\/div>\r\n  <\/div>\r\n<\/div>\r\n<br \/><br \/><\/p>\r\n","protected":false},"excerpt":{"rendered":"<p>Desafortunadamente, las quemaduras lo suficientemente graves como para requerir tratamiento son bastante comunes. Las lesiones por quemaduras graves pueden ser devastadoras y\u00a0poner en peligro la vida. Producen dolor intenso y cicatrizaci\u00f3n, y a menudo implican largos per\u00edodos de tratamiento y rehabilitaci\u00f3n, incluyendo cirug\u00edas m\u00faltiples. Tanto el recuerdo del evento como los efectos psicol\u00f3gicos de la&#8230;<\/p>\n","protected":false},"author":2,"featured_media":0,"parent":0,"menu_order":0,"comment_status":"closed","ping_status":"closed","template":"","meta":{"_acf_changed":false,"footnotes":""},"class_list":["post-8084","page","type-page","status-publish","hentry"],"acf":[],"yoast_head":"<!-- This site is optimized with the Yoast SEO Premium plugin v26.9 (Yoast SEO v26.9) - https:\/\/yoast.com\/product\/yoast-seo-premium-wordpress\/ -->\n<title>Abogado de Lesiones de Quemaduras en Dallas<\/title>\n<meta name=\"description\" content=\"Las lesiones por quemaduras pueden poner en peligro la vida y dejar cicatrices f\u00edsicas. Hable con un abogado al 214.200.4878.\" \/>\n<meta name=\"robots\" content=\"index, follow, max-snippet:-1, max-image-preview:large, max-video-preview:-1\" \/>\n<link rel=\"canonical\" href=\"https:\/\/injuryattorneyofdallas.com\/es\/abogado-de-lesiones-de-quemaduras-en-dallas\/\" \/>\n<meta property=\"og:locale\" content=\"es_ES\" \/>\n<meta property=\"og:type\" content=\"article\" \/>\n<meta property=\"og:title\" content=\"Abogado de Lesiones de Quemaduras en Dallas\" \/>\n<meta property=\"og:description\" content=\"Las lesiones por quemaduras pueden poner en peligro la vida y dejar cicatrices f\u00edsicas. Hable con un abogado al 214.200.4878.\" \/>\n<meta property=\"og:url\" content=\"https:\/\/injuryattorneyofdallas.com\/es\/abogado-de-lesiones-de-quemaduras-en-dallas\/\" \/>\n<meta property=\"og:site_name\" content=\"Aaron Herbert - Abogado de Lesiones de Texas\" \/>\n<meta property=\"article:publisher\" content=\"https:\/\/www.facebook.com\/injuryattorneyoftexas\/\" \/>\n<meta property=\"article:modified_time\" content=\"2025-12-26T21:51:53+00:00\" \/>\n<meta name=\"twitter:card\" content=\"summary_large_image\" \/>\n<meta name=\"twitter:site\" content=\"@dallaspilawyer\" \/>\n<meta name=\"twitter:label1\" content=\"Tiempo de lectura\" \/>\n\t<meta name=\"twitter:data1\" content=\"4 minutos\" \/>\n<script type=\"application\/ld+json\" class=\"yoast-schema-graph\">{\"@context\":\"https:\/\/schema.org\",\"@graph\":[{\"@type\":\"WebPage\",\"@id\":\"https:\/\/injuryattorneyofdallas.com\/es\/abogado-de-lesiones-de-quemaduras-en-dallas\/\",\"url\":\"https:\/\/injuryattorneyofdallas.com\/es\/abogado-de-lesiones-de-quemaduras-en-dallas\/\",\"name\":\"Abogado de Lesiones de Quemaduras en Dallas\",\"isPartOf\":{\"@id\":\"https:\/\/injuryattorneyofdallas.com\/es\/#website\"},\"datePublished\":\"2019-04-05T19:37:00+00:00\",\"dateModified\":\"2025-12-26T21:51:53+00:00\",\"description\":\"Las lesiones por quemaduras pueden poner en peligro la vida y dejar cicatrices f\u00edsicas. Hable con un abogado al 214.200.4878.\",\"breadcrumb\":{\"@id\":\"https:\/\/injuryattorneyofdallas.com\/es\/abogado-de-lesiones-de-quemaduras-en-dallas\/#breadcrumb\"},\"inLanguage\":\"es\",\"potentialAction\":[{\"@type\":\"ReadAction\",\"target\":[\"https:\/\/injuryattorneyofdallas.com\/es\/abogado-de-lesiones-de-quemaduras-en-dallas\/\"]}]},{\"@type\":\"BreadcrumbList\",\"@id\":\"https:\/\/injuryattorneyofdallas.com\/es\/abogado-de-lesiones-de-quemaduras-en-dallas\/#breadcrumb\",\"itemListElement\":[{\"@type\":\"ListItem\",\"position\":1,\"name\":\"Dallas Personal Injury Lawyers\",\"item\":\"https:\/\/injuryattorneyofdallas.com\/es\/\"},{\"@type\":\"ListItem\",\"position\":2,\"name\":\"Abogado de Lesiones de Quemaduras en Dallas\"}]},{\"@type\":\"WebSite\",\"@id\":\"https:\/\/injuryattorneyofdallas.com\/es\/#website\",\"url\":\"https:\/\/injuryattorneyofdallas.com\/es\/\",\"name\":\"The Law Firm Of Aaron A Herbert, P.C.\",\"description\":\"Dallas Personal Injury Lawyer\",\"alternateName\":\"The Law Firm Of Aaron Herbert\",\"potentialAction\":[{\"@type\":\"SearchAction\",\"target\":{\"@type\":\"EntryPoint\",\"urlTemplate\":\"https:\/\/injuryattorneyofdallas.com\/es\/?s={search_term_string}\"},\"query-input\":{\"@type\":\"PropertyValueSpecification\",\"valueRequired\":true,\"valueName\":\"search_term_string\"}}],\"inLanguage\":\"es\"}]}<\/script>\n<!-- \/ Yoast SEO Premium plugin. -->","yoast_head_json":{"title":"Abogado de Lesiones de Quemaduras en Dallas","description":"Las lesiones por quemaduras pueden poner en peligro la vida y dejar cicatrices f\u00edsicas. Hable con un abogado al 214.200.4878.","robots":{"index":"index","follow":"follow","max-snippet":"max-snippet:-1","max-image-preview":"max-image-preview:large","max-video-preview":"max-video-preview:-1"},"canonical":"https:\/\/injuryattorneyofdallas.com\/es\/abogado-de-lesiones-de-quemaduras-en-dallas\/","og_locale":"es_ES","og_type":"article","og_title":"Abogado de Lesiones de Quemaduras en Dallas","og_description":"Las lesiones por quemaduras pueden poner en peligro la vida y dejar cicatrices f\u00edsicas. Hable con un abogado al 214.200.4878.","og_url":"https:\/\/injuryattorneyofdallas.com\/es\/abogado-de-lesiones-de-quemaduras-en-dallas\/","og_site_name":"Aaron Herbert - Abogado de Lesiones de Texas","article_publisher":"https:\/\/www.facebook.com\/injuryattorneyoftexas\/","article_modified_time":"2025-12-26T21:51:53+00:00","twitter_card":"summary_large_image","twitter_site":"@dallaspilawyer","twitter_misc":{"Tiempo de lectura":"4 minutos"},"schema":{"@context":"https:\/\/schema.org","@graph":[{"@type":"WebPage","@id":"https:\/\/injuryattorneyofdallas.com\/es\/abogado-de-lesiones-de-quemaduras-en-dallas\/","url":"https:\/\/injuryattorneyofdallas.com\/es\/abogado-de-lesiones-de-quemaduras-en-dallas\/","name":"Abogado de Lesiones de Quemaduras en Dallas","isPartOf":{"@id":"https:\/\/injuryattorneyofdallas.com\/es\/#website"},"datePublished":"2019-04-05T19:37:00+00:00","dateModified":"2025-12-26T21:51:53+00:00","description":"Las lesiones por quemaduras pueden poner en peligro la vida y dejar cicatrices f\u00edsicas. Hable con un abogado al 214.200.4878.","breadcrumb":{"@id":"https:\/\/injuryattorneyofdallas.com\/es\/abogado-de-lesiones-de-quemaduras-en-dallas\/#breadcrumb"},"inLanguage":"es","potentialAction":[{"@type":"ReadAction","target":["https:\/\/injuryattorneyofdallas.com\/es\/abogado-de-lesiones-de-quemaduras-en-dallas\/"]}]},{"@type":"BreadcrumbList","@id":"https:\/\/injuryattorneyofdallas.com\/es\/abogado-de-lesiones-de-quemaduras-en-dallas\/#breadcrumb","itemListElement":[{"@type":"ListItem","position":1,"name":"Dallas Personal Injury Lawyers","item":"https:\/\/injuryattorneyofdallas.com\/es\/"},{"@type":"ListItem","position":2,"name":"Abogado de Lesiones de Quemaduras en Dallas"}]},{"@type":"WebSite","@id":"https:\/\/injuryattorneyofdallas.com\/es\/#website","url":"https:\/\/injuryattorneyofdallas.com\/es\/","name":"The Law Firm Of Aaron A Herbert, P.C.","description":"Dallas Personal Injury Lawyer","alternateName":"The Law Firm Of Aaron Herbert","potentialAction":[{"@type":"SearchAction","target":{"@type":"EntryPoint","urlTemplate":"https:\/\/injuryattorneyofdallas.com\/es\/?s={search_term_string}"},"query-input":{"@type":"PropertyValueSpecification","valueRequired":true,"valueName":"search_term_string"}}],"inLanguage":"es"}]}},"_links":{"self":[{"href":"https:\/\/injuryattorneyofdallas.com\/es\/wp-json\/wp\/v2\/pages\/8084","targetHints":{"allow":["GET"]}}],"collection":[{"href":"https:\/\/injuryattorneyofdallas.com\/es\/wp-json\/wp\/v2\/pages"}],"about":[{"href":"https:\/\/injuryattorneyofdallas.com\/es\/wp-json\/wp\/v2\/types\/page"}],"author":[{"embeddable":true,"href":"https:\/\/injuryattorneyofdallas.com\/es\/wp-json\/wp\/v2\/users\/2"}],"replies":[{"embeddable":true,"href":"https:\/\/injuryattorneyofdallas.com\/es\/wp-json\/wp\/v2\/comments?post=8084"}],"version-history":[{"count":0,"href":"https:\/\/injuryattorneyofdallas.com\/es\/wp-json\/wp\/v2\/pages\/8084\/revisions"}],"wp:attachment":[{"href":"https:\/\/injuryattorneyofdallas.com\/es\/wp-json\/wp\/v2\/media?parent=8084"}],"curies":[{"name":"wp","href":"https:\/\/api.w.org\/{rel}","templated":true}]}}