{"id":8082,"date":"2024-09-02T02:01:04","date_gmt":"2024-09-02T08:01:04","guid":{"rendered":"https:\/\/aaronaherbert.wpenginepowered.com\/dallas-spinal-cord-injury-attorney\/"},"modified":"2025-12-26T15:38:59","modified_gmt":"2025-12-26T21:38:59","slug":"abogado-de-lesiones-de-la-medula-espinal-en-dallas","status":"publish","type":"page","link":"https:\/\/injuryattorneyofdallas.com\/es\/abogado-de-lesiones-de-la-medula-espinal-en-dallas\/","title":{"rendered":"Abogados de la M\u00e9dula Espinal en Dallas"},"content":{"rendered":"\r\n<p>Las lesiones de la m\u00e9dula espinal ocurren con m\u00e1s frecuencia de lo que la mayor\u00eda de la gente se da cuenta. Incluso las estimaciones m\u00e1s bajas de sobrevivientes de SCI en los Estados Unidos est\u00e1n en el barrio de 250.000. Si usted es v\u00edctima de una lesi\u00f3n de la m\u00e9dula espinal, contacte a nuestros abogados de m\u00e9dula espinal hoy mismo para revisar su caso.<\/p><div id=\"ez-toc-container\" class=\"ez-toc-v2_0_80 counter-hierarchy ez-toc-counter ez-toc-grey ez-toc-container-direction\">\n<div class=\"ez-toc-title-container\">\n<p class=\"ez-toc-title\" style=\"cursor:inherit\">Table of Contents<\/p>\n<span class=\"ez-toc-title-toggle\"><a href=\"#\" class=\"ez-toc-pull-right ez-toc-btn ez-toc-btn-xs ez-toc-btn-default ez-toc-toggle\" aria-label=\"Alternar tabla de contenidos\"><span class=\"ez-toc-js-icon-con\"><span class=\"\"><span class=\"eztoc-hide\" style=\"display:none;\">Toggle<\/span><span class=\"ez-toc-icon-toggle-span\"><svg style=\"fill: #999;color:#999\" xmlns=\"http:\/\/www.w3.org\/2000\/svg\" class=\"list-377408\" width=\"20px\" height=\"20px\" viewBox=\"0 0 24 24\" fill=\"none\"><path d=\"M6 6H4v2h2V6zm14 0H8v2h12V6zM4 11h2v2H4v-2zm16 0H8v2h12v-2zM4 16h2v2H4v-2zm16 0H8v2h12v-2z\" fill=\"currentColor\"><\/path><\/svg><svg style=\"fill: #999;color:#999\" class=\"arrow-unsorted-368013\" xmlns=\"http:\/\/www.w3.org\/2000\/svg\" width=\"10px\" height=\"10px\" viewBox=\"0 0 24 24\" version=\"1.2\" baseProfile=\"tiny\"><path d=\"M18.2 9.3l-6.2-6.3-6.2 6.3c-.2.2-.3.4-.3.7s.1.5.3.7c.2.2.4.3.7.3h11c.3 0 .5-.1.7-.3.2-.2.3-.5.3-.7s-.1-.5-.3-.7zM5.8 14.7l6.2 6.3 6.2-6.3c.2-.2.3-.5.3-.7s-.1-.5-.3-.7c-.2-.2-.4-.3-.7-.3h-11c-.3 0-.5.1-.7.3-.2.2-.3.5-.3.7s.1.5.3.7z\"\/><\/svg><\/span><\/span><\/span><\/a><\/span><\/div>\n<nav><ul class='ez-toc-list ez-toc-list-level-1 ' ><li class='ez-toc-page-1 ez-toc-heading-level-2'><a class=\"ez-toc-link ez-toc-heading-1\" href=\"https:\/\/injuryattorneyofdallas.com\/es\/abogado-de-lesiones-de-la-medula-espinal-en-dallas\/#Obten_una_Consulta_Legal_Gratis\" >Obt\u00e9n una Consulta Legal Gratis<\/a><\/li><li class='ez-toc-page-1 ez-toc-heading-level-2'><a class=\"ez-toc-link ez-toc-heading-2\" href=\"https:\/\/injuryattorneyofdallas.com\/es\/abogado-de-lesiones-de-la-medula-espinal-en-dallas\/#Causas_de_SCI\" >Causas de SCI<\/a><\/li><li class='ez-toc-page-1 ez-toc-heading-level-2'><a class=\"ez-toc-link ez-toc-heading-3\" href=\"https:\/\/injuryattorneyofdallas.com\/es\/abogado-de-lesiones-de-la-medula-espinal-en-dallas\/#Idioma_de_SCI\" >Idioma de SCI<\/a><\/li><li class='ez-toc-page-1 ez-toc-heading-level-2'><a class=\"ez-toc-link ez-toc-heading-4\" href=\"https:\/\/injuryattorneyofdallas.com\/es\/abogado-de-lesiones-de-la-medula-espinal-en-dallas\/#Consecuencias_Directas_Del_SCI\" >Consecuencias Directas Del SCI<\/a><\/li><li class='ez-toc-page-1 ez-toc-heading-level-2'><a class=\"ez-toc-link ez-toc-heading-5\" href=\"https:\/\/injuryattorneyofdallas.com\/es\/abogado-de-lesiones-de-la-medula-espinal-en-dallas\/#SCI_Cervical\" >SCI Cervical<\/a><\/li><li class='ez-toc-page-1 ez-toc-heading-level-2'><a class=\"ez-toc-link ez-toc-heading-6\" href=\"https:\/\/injuryattorneyofdallas.com\/es\/abogado-de-lesiones-de-la-medula-espinal-en-dallas\/#Dejanos_Pelear_Por_Ti\" >D\u00e9janos Pelear Por Ti<\/a><\/li><li class='ez-toc-page-1 ez-toc-heading-level-2'><a class=\"ez-toc-link ez-toc-heading-7\" href=\"https:\/\/injuryattorneyofdallas.com\/es\/abogado-de-lesiones-de-la-medula-espinal-en-dallas\/#Consecuencias_de_Largo_Plazo\" >Consecuencias de Largo Plazo<\/a><\/li><li class='ez-toc-page-1 ez-toc-heading-level-2'><a class=\"ez-toc-link ez-toc-heading-8\" href=\"https:\/\/injuryattorneyofdallas.com\/es\/abogado-de-lesiones-de-la-medula-espinal-en-dallas\/#Consiga_Ayuda_Legal_con_un_Abogado_de_Medula_Espinal_en_Dallas\" >Consiga Ayuda Legal con un Abogado de M\u00e9dula Espinal en Dallas<\/a><\/li><\/ul><\/nav><\/div>\n\r\n\r\n\r\n\r\n<p>Las lesiones de la m\u00e9dula espinal ocurren r\u00e1pidamente, pero las consecuencias pueden durar toda la vida. En la mayor\u00eda de los casos, la lesi\u00f3n comienza cuando una fuerza significativa en la columna vertebral hace que los huesos de la columna vertebral (las v\u00e9rtebras) se fracturen o se dislocan. Las fibras del cord\u00f3n se lesionan o se rasgan por los huesos u otras estructuras, como los discos o ligamentos de la columna vertebral, presionando sobre ellos.<br \/><div class=\"contact-shortcode\">\r\n  <div class=\"row\">\r\n    <div class=\"col-md-4  align-self-center\"> <h2><span class=\"ez-toc-section\" id=\"Obten_una_Consulta_Legal_Gratis\"><\/span>Obt\u00e9n una Consulta Legal Gratis<span class=\"ez-toc-section-end\"><\/span><\/h2>\n <\/div>\r\n    <div class=\"col-md-8  align-self-center\">\r\n      <div class=\"coman-btn-block\"> <a href=\"https:\/\/injuryattorneyofdallas.com\/es\/contacto\/\" class=\"coman-btn-one\">Cont\u00e1ctenos<\/a> <a href=\"tel:18179044975\" class=\"coman-btn-second\"> <img decoding=\"async\" src=\"https:\/\/injuryattorneyoftexas.com\/wp-content\/uploads\/phone-icon-2.png\" alt=\"#\" width=\"\" height=\"\" class=\"img-fluid\"\/> Ll\u00e1manos<\/a> <\/div>\r\n    <\/div>\r\n  <\/div>\r\n<\/div>\r\n<br \/><br \/><\/p>\r\n\r\n\r\n\r\n<p>La m\u00e9dula espinal es el medio por el cual el cerebro se comunica con el resto del cuerpo. Cuando se da\u00f1an las fibras del cable, algunas comunicaciones no pueden pasar del \u00e1rea da\u00f1ada y se pierden las funciones del cuerpo que dependen de las se\u00f1ales bloqueadas. Es importante entender que, mientras hablamos de SCI como una sola lesi\u00f3n, las consecuencias de la lesi\u00f3n var\u00edan enormemente, dependiendo de cu\u00e1ntas fibras se vean afectadas y cu\u00e1n gravemente se lesionan. Las lesiones graves en la m\u00e9dula espinal resultan en una dr\u00e1stica p\u00e9rdida de funci\u00f3n que altera completamente la vida de la v\u00edctima.<\/p>\r\n\r\n\r\n<div class=\"wp-block-image\">\r\n<figure class=\"aligncenter size-full is-resized\"><img loading=\"lazy\" decoding=\"async\" width=\"772\" height=\"450\" class=\"wp-image-8080\" style=\"width: 774px; height: auto;\" src=\"https:\/\/injuryattorneyofdallas.com\/wp-content\/uploads\/AB-july_spinalinjury.jpg\" alt=\"Abogado de lesiones de la medula espinal en dallas\" srcset=\"https:\/\/injuryattorneyofdallas.com\/wp-content\/uploads\/AB-july_spinalinjury.jpg 772w, https:\/\/injuryattorneyofdallas.com\/wp-content\/uploads\/AB-july_spinalinjury-300x175.jpg 300w, https:\/\/injuryattorneyofdallas.com\/wp-content\/uploads\/AB-july_spinalinjury-768x448.jpg 768w\" sizes=\"auto, (max-width: 772px) 100vw, 772px\" \/><\/figure>\r\n<\/div>\r\n\r\n\r\n<h2 class=\"wp-block-heading\"><span class=\"ez-toc-section\" id=\"Causas_de_SCI\"><\/span>Causas de SCI<span class=\"ez-toc-section-end\"><\/span><\/h2>\r\n\r\n\r\n\r\n<p>La mayor\u00eda de los SCIs desde 2010 han sido causados \u200b\u200bpor:<\/p>\r\n\r\n\r\n\r\n<ul class=\"wp-block-list\">\r\n<li><a href=\"https:\/\/injuryattorneyofdallas.com\/es\/abogados-de-accidentes-automovilisticos-en-dallas\/\">Choques vehiculares<\/a>\u00a0(36.5%)<\/li>\r\n\r\n\r\n\r\n<li><a href=\"https:\/\/injuryattorneyofdallas.com\/es\/abogado-de-caidas-y-resbalones-en-dallas\/\">Ca\u00eddas<\/a>\u00a0(28.5%)<\/li>\r\n\r\n\r\n\r\n<li>Asaltos y violencia (14.3%)<\/li>\r\n\r\n\r\n\r\n<li>Actividad deportiva (9.2%)<\/li>\r\n<\/ul>\r\n\r\n\r\n\r\n<h2 class=\"wp-block-heading\"><span class=\"ez-toc-section\" id=\"Idioma_de_SCI\"><\/span>Idioma de SCI<span class=\"ez-toc-section-end\"><\/span><\/h2>\r\n\r\n\r\n\r\n<p>Al discutir los SCI, usted necesita estar familiarizado con tres conceptos:<\/p>\r\n\r\n\r\n\r\n<ul class=\"wp-block-list\">\r\n<li><strong>Lesi\u00f3n completa contra lesi\u00f3n incompleta:<\/strong> Esto describe si todas las fibras del cord\u00f3n han sido da\u00f1adas (completas) o si algunas fibras permanecen funcionales<\/li>\r\n\r\n\r\n\r\n<li><strong>Tetraplej\u00eda (antes\u00a0cuadripl\u00e9gico) versus paraplej\u00eda:<\/strong> El primero implica la p\u00e9rdida de la capacidad de utilizar tanto miembros superiores e inferiores, mientras que el \u00faltimo implica la p\u00e9rdida de la funci\u00f3n del miembro inferior s\u00f3lo<\/li>\r\n\r\n\r\n\r\n<li><strong>Nivel de lesi\u00f3n:<\/strong> El punto de la columna vertebral donde se localiza la lesi\u00f3n, descrito por regi\u00f3n (cervical, tor\u00e1cica, etc.) y la v\u00e9rtebra espec\u00edfica dentro de esa regi\u00f3n (C4, por ejemplo).<br \/><div class=\"user-shortcode-second\" style=\"background: url(https:\/\/injuryattorneyofdallas.com\/wp-content\/uploads\/user-img-shortcode-second.jpg);\">\r\n  <div class=\"row justify-content-end\">\r\n    <div class=\"col-md-8\"> <p>Cuando has resultado lesionado debido a la negligencia de otra persona, mereces m\u00e1s que solo representaci\u00f3n legal: mereces un defensor que luche incansablemente por tus derechos. En The Law Firm of Aaron A. Herbert, entendemos el dolor, el estr\u00e9s y la incertidumbre que acompa\u00f1an a una lesi\u00f3n, y nos comprometemos a obtener la compensaci\u00f3n que necesitas para seguir adelante. Con un historial comprobado de \u00e9xito y un enfoque personalizado, nosotros nos encargamos de la batalla legal para que t\u00fa puedas concentrarte en tu recuperaci\u00f3n. No cobramos honorarios a menos que ganemos\u2014porque tu justicia es nuestra prioridad.<\/p>\n      <h3>AARON A. HERBERT<\/h3>\r\n    <\/div>\r\n  <\/div>\r\n<\/div>\r\n\u00a0<br \/><br \/><\/li>\r\n<\/ul>\r\n\r\n\r\n\r\n<h2 class=\"wp-block-heading\"><span class=\"ez-toc-section\" id=\"Consecuencias_Directas_Del_SCI\"><\/span>Consecuencias Directas Del SCI<span class=\"ez-toc-section-end\"><\/span><\/h2>\r\n\r\n\r\n\r\n<p>Dependiendo de la ubicaci\u00f3n y la gravedad de la lesi\u00f3n de la m\u00e9dula, los SCI pueden causar:<\/p>\r\n\r\n\r\n\r\n<ul class=\"wp-block-list\">\r\n<li>Par\u00e1lisis temporal o\u00a0permanente\u00a0por debajo de la localidad de la lesi\u00f3n<\/li>\r\n\r\n\r\n\r\n<li>P\u00e9rdida total o parcial de la sensibilidad debajo de la localidad de la lesi\u00f3n<\/li>\r\n\r\n\r\n\r\n<li>P\u00e9rdida de la funci\u00f3n del sistema nervioso aut\u00f3nomo, incluida la funci\u00f3n card\u00edaca y la respiraci\u00f3n<\/li>\r\n<\/ul>\r\n\r\n\r\n\r\n<h2 class=\"wp-block-heading\"><span class=\"ez-toc-section\" id=\"SCI_Cervical\"><\/span>SCI Cervical<span class=\"ez-toc-section-end\"><\/span><\/h2>\r\n\r\n\r\n\r\n<p>Un SCI s\u00f3lo da\u00f1a las funciones en o por debajo de la ubicaci\u00f3n de la lesi\u00f3n, lo que significa que cuanto m\u00e1s cerca el sitio de la lesi\u00f3n es del\u00a0cerebro, m\u00e1s \u00e1reas y funciones del cuerpo se ven afectadas. Eso es desafortunado dado que la porci\u00f3n de la m\u00e9dula espinal m\u00e1s susceptible a una lesi\u00f3n es la porci\u00f3n en el cuello \u2014 la regi\u00f3n cervical. La extensi\u00f3n del da\u00f1o de una SCI cervical generalmente sigue este patr\u00f3n:<\/p>\r\n\r\n\r\n\r\n<ul class=\"wp-block-list\">\r\n<li>Las lesiones a nivel de C-6 y C-7 permiten a las v\u00edctimas recuperar cierto grado de independencia despu\u00e9s de una considerable rehabilitaci\u00f3n<\/li>\r\n\r\n\r\n\r\n<li>Las lesiones por debajo de C-7 dejan a la v\u00edctima capaz de realizar suficientes funciones b\u00e1sicas para permanecer independiente<\/li>\r\n\r\n\r\n\r\n<li>Las lesiones por encima del C-6 dejan a la v\u00edctima incapacitada para realizar funciones b\u00e1sicas (al menos con la terapia y la tecnolog\u00eda disponibles actualmente)<br \/><div class=\"contact-shortcode-second\">\r\n    <h2><span class=\"ez-toc-section\" id=\"Dejanos_Pelear_Por_Ti\"><\/span>D\u00e9janos Pelear Por Ti<span class=\"ez-toc-section-end\"><\/span><\/h2>\n<h3>\u00bfNecesitas Ayuda? Cont\u00e1ctanos 24\/7<\/h3>\n    <div class=\"coman-btn-block\">\r\n        <a href=\"https:\/\/injuryattorneyofdallas.com\/es\/contacto\/\" class=\"coman-btn-one\">\r\n            Cont\u00e1ctanos        <\/a>\r\n        <a href=\"tel:18179044975\" class=\"coman-btn-second\">\r\n            <img decoding=\"async\" src=\"https:\/\/injuryattorneyoftexas.com\/wp-content\/uploads\/phone-icon-2.png\" alt=\"#\" width=\"\" height=\"\" class=\"img-fluid\" \/>\r\n            Ll\u00e1manos        <\/a>\r\n    <\/div>\r\n    <h4>Abogado de Lesiones Personales Certificado en Dallas<\/h4>\n<\/div><br \/><br \/><\/li>\r\n<\/ul>\r\n\r\n\r\n\r\n<h2 class=\"wp-block-heading\"><span class=\"ez-toc-section\" id=\"Consecuencias_de_Largo_Plazo\"><\/span>Consecuencias de Largo Plazo<span class=\"ez-toc-section-end\"><\/span><\/h2>\r\n\r\n\r\n\r\n<p>Las consecuencias t\u00edpicas a largo plazo de la SCI incluyen:<\/p>\r\n\r\n\r\n\r\n<ul class=\"wp-block-list\">\r\n<li>Tiempo de vida m\u00e1s corto<\/li>\r\n\r\n\r\n\r\n<li>Dificultad para encontrar y mantener un trabajo; el grado de dificultad depende de una mezcla de la gravedad de la lesi\u00f3n y la personalidad de la v\u00edctima<\/li>\r\n\r\n\r\n\r\n<li>P\u00e9rdida de funciones cr\u00edticas (movilidad, intestino y vejiga, etc.)<\/li>\r\n\r\n\r\n\r\n<li>Cambios de humor, conductuales y emocionales que pueden ser graves<\/li>\r\n\r\n\r\n\r\n<li>Dolor cr\u00f3nico o intermitente (a veces en partes del cuerpo que ha perdido el sentimiento)<\/li>\r\n<\/ul>\r\n\r\n\r\n\r\n<h2 class=\"wp-block-heading\"><span class=\"ez-toc-section\" id=\"Consiga_Ayuda_Legal_con_un_Abogado_de_Medula_Espinal_en_Dallas\"><\/span>Consiga Ayuda Legal con un Abogado de M\u00e9dula Espinal en Dallas<span class=\"ez-toc-section-end\"><\/span><\/h2>\r\n\r\n\r\n\r\n<p>Las lesiones de la m\u00e9dula espinal son devastadoras y muy costosas. Recuperar una compensaci\u00f3n adecuada de la persona responsable de la lesi\u00f3n es crucial para el futuro de la familia y muy complicado. La prueba de muchos tipos de da\u00f1os requiere el testimonio de expertos en todo, desde la tecnolog\u00eda de asistencia hasta los puntos m\u00e1s finos de los programas vocacionales y los requisitos del trabajo.<\/p>\r\n\r\n\r\n\r\n<p>El abogado de M\u00e9dula espinal en Dallas, Aaron Herbert, tiene la experiencia de ver su caso de SCI hasta el final; un arreglo cuando sea posible, y un veredicto cuando sea necesario ir a juicio. Es un Especialista en Pruebas de Lesiones Personales Certificadas por la Junta Directiva y miembro del foro del Mill\u00f3n de D\u00f3lares (Million Dollar Advocates Forum, seg\u00fan t\u00e9rmino usado en ingl\u00e9s). <a href=\"https:\/\/injuryattorneyofdallas.com\/es\/contacto\/\">Cont\u00e1ctanos para revisar su caso<\/a>. Manejamos casos en todo el estado de Texas. Si no puedes venir a nosotros, iremos a ti.<br \/><div class=\"user-shortcode\" style=\"background: url(https:\/\/injuryattorneyofdallas.com\/wp-content\/uploads\/user-img-shortcode.jpg);\">\r\n  <div class=\"row\">\r\n    <div class=\"col-md-8\"> <h3>AARON A. HERBERT<\/h3>\n<p>Aaron A. Herbert es un abogado litigante reconocido por su defensa firme y agresiva en nombre de clientes que han sufrido lesiones graves en accidentes importantes. Con m\u00e1s de una d\u00e9cada de experiencia, ha construido una reputaci\u00f3n por obtener veredictos y acuerdos significativos, muchos de ellos bajo acuerdos de confidencialidad. Su pr\u00e1ctica se basa en la pasi\u00f3n, la preparaci\u00f3n y la perseverancia, con el objetivo de maximizar el valor del caso y reducir el estr\u00e9s del proceso legal para sus clientes. Revisa su perfil en <a href=\"https:\/\/lawyers.justia.com\/lawyer\/aaron-alan-herbert-237375\">Justia<\/a> y <a href=\"https:\/\/www.yelp.com\/biz\/law-firm-of-aaron-a-herbert-pc-dallas-5\">Yelp<\/a>.<\/p>\n <\/div>\r\n  <\/div>\r\n<\/div>\r\n<br \/><br \/><\/p>\r\n","protected":false},"excerpt":{"rendered":"<p>Las lesiones de la m\u00e9dula espinal ocurren con m\u00e1s frecuencia de lo que la mayor\u00eda de la gente se da cuenta. Incluso las estimaciones m\u00e1s bajas de sobrevivientes de SCI en los Estados Unidos est\u00e1n en el barrio de 250.000. Si usted es v\u00edctima de una lesi\u00f3n de la m\u00e9dula espinal, contacte a nuestros abogados&#8230;<\/p>\n","protected":false},"author":2,"featured_media":0,"parent":0,"menu_order":0,"comment_status":"closed","ping_status":"closed","template":"","meta":{"_acf_changed":false,"footnotes":""},"class_list":["post-8082","page","type-page","status-publish","hentry"],"acf":[],"yoast_head":"<!-- This site is optimized with the Yoast SEO Premium plugin v26.9 (Yoast SEO v26.9) - https:\/\/yoast.com\/product\/yoast-seo-premium-wordpress\/ -->\n<title>Abogados de la M\u00e9dula Espinal en Dallas<\/title>\n<meta name=\"description\" content=\"Las lesiones de la m\u00e9dula espinal a menudo son causadas por choques automovil\u00edsticos o ca\u00eddas. Llame hoy a los abogados de m\u00e9dula espinal.\" \/>\n<meta name=\"robots\" content=\"index, follow, max-snippet:-1, max-image-preview:large, max-video-preview:-1\" \/>\n<link rel=\"canonical\" href=\"https:\/\/injuryattorneyofdallas.com\/es\/abogado-de-lesiones-de-la-medula-espinal-en-dallas\/\" \/>\n<meta property=\"og:locale\" content=\"es_ES\" \/>\n<meta property=\"og:type\" content=\"article\" \/>\n<meta property=\"og:title\" content=\"Abogados de la M\u00e9dula Espinal en Dallas\" \/>\n<meta property=\"og:description\" content=\"Las lesiones de la m\u00e9dula espinal a menudo son causadas por choques automovil\u00edsticos o ca\u00eddas. Llame hoy a los abogados de m\u00e9dula espinal.\" \/>\n<meta property=\"og:url\" content=\"https:\/\/injuryattorneyofdallas.com\/es\/abogado-de-lesiones-de-la-medula-espinal-en-dallas\/\" \/>\n<meta property=\"og:site_name\" content=\"Aaron Herbert - Abogado de Lesiones de Texas\" \/>\n<meta property=\"article:publisher\" content=\"https:\/\/www.facebook.com\/injuryattorneyoftexas\/\" \/>\n<meta property=\"article:modified_time\" content=\"2025-12-26T21:38:59+00:00\" \/>\n<meta property=\"og:image\" content=\"https:\/\/injuryattorneyofdallas.com\/wp-content\/uploads\/AB-july_spinalinjury.jpg\" \/>\n<meta name=\"twitter:card\" content=\"summary_large_image\" \/>\n<meta name=\"twitter:site\" content=\"@dallaspilawyer\" \/>\n<meta name=\"twitter:label1\" content=\"Tiempo de lectura\" \/>\n\t<meta name=\"twitter:data1\" content=\"4 minutos\" \/>\n<script type=\"application\/ld+json\" class=\"yoast-schema-graph\">{\"@context\":\"https:\/\/schema.org\",\"@graph\":[{\"@type\":\"WebPage\",\"@id\":\"https:\/\/injuryattorneyofdallas.com\/es\/abogado-de-lesiones-de-la-medula-espinal-en-dallas\/\",\"url\":\"https:\/\/injuryattorneyofdallas.com\/es\/abogado-de-lesiones-de-la-medula-espinal-en-dallas\/\",\"name\":\"Abogados de la M\u00e9dula Espinal en Dallas\",\"isPartOf\":{\"@id\":\"https:\/\/injuryattorneyofdallas.com\/es\/#website\"},\"primaryImageOfPage\":{\"@id\":\"https:\/\/injuryattorneyofdallas.com\/es\/abogado-de-lesiones-de-la-medula-espinal-en-dallas\/#primaryimage\"},\"image\":{\"@id\":\"https:\/\/injuryattorneyofdallas.com\/es\/abogado-de-lesiones-de-la-medula-espinal-en-dallas\/#primaryimage\"},\"thumbnailUrl\":\"https:\/\/injuryattorneyofdallas.com\/wp-content\/uploads\/AB-july_spinalinjury.jpg\",\"datePublished\":\"2024-09-02T08:01:04+00:00\",\"dateModified\":\"2025-12-26T21:38:59+00:00\",\"description\":\"Las lesiones de la m\u00e9dula espinal a menudo son causadas por choques automovil\u00edsticos o ca\u00eddas. Llame hoy a los abogados de m\u00e9dula espinal.\",\"breadcrumb\":{\"@id\":\"https:\/\/injuryattorneyofdallas.com\/es\/abogado-de-lesiones-de-la-medula-espinal-en-dallas\/#breadcrumb\"},\"inLanguage\":\"es\",\"potentialAction\":[{\"@type\":\"ReadAction\",\"target\":[\"https:\/\/injuryattorneyofdallas.com\/es\/abogado-de-lesiones-de-la-medula-espinal-en-dallas\/\"]}]},{\"@type\":\"ImageObject\",\"inLanguage\":\"es\",\"@id\":\"https:\/\/injuryattorneyofdallas.com\/es\/abogado-de-lesiones-de-la-medula-espinal-en-dallas\/#primaryimage\",\"url\":\"https:\/\/injuryattorneyofdallas.com\/wp-content\/uploads\/AB-july_spinalinjury.jpg\",\"contentUrl\":\"https:\/\/injuryattorneyofdallas.com\/wp-content\/uploads\/AB-july_spinalinjury.jpg\"},{\"@type\":\"BreadcrumbList\",\"@id\":\"https:\/\/injuryattorneyofdallas.com\/es\/abogado-de-lesiones-de-la-medula-espinal-en-dallas\/#breadcrumb\",\"itemListElement\":[{\"@type\":\"ListItem\",\"position\":1,\"name\":\"Dallas Personal Injury Lawyers\",\"item\":\"https:\/\/injuryattorneyofdallas.com\/es\/\"},{\"@type\":\"ListItem\",\"position\":2,\"name\":\"Abogados de la M\u00e9dula Espinal en Dallas\"}]},{\"@type\":\"WebSite\",\"@id\":\"https:\/\/injuryattorneyofdallas.com\/es\/#website\",\"url\":\"https:\/\/injuryattorneyofdallas.com\/es\/\",\"name\":\"The Law Firm Of Aaron A Herbert, P.C.\",\"description\":\"Dallas Personal Injury Lawyer\",\"alternateName\":\"The Law Firm Of Aaron Herbert\",\"potentialAction\":[{\"@type\":\"SearchAction\",\"target\":{\"@type\":\"EntryPoint\",\"urlTemplate\":\"https:\/\/injuryattorneyofdallas.com\/es\/?s={search_term_string}\"},\"query-input\":{\"@type\":\"PropertyValueSpecification\",\"valueRequired\":true,\"valueName\":\"search_term_string\"}}],\"inLanguage\":\"es\"}]}<\/script>\n<!-- \/ Yoast SEO Premium plugin. -->","yoast_head_json":{"title":"Abogados de la M\u00e9dula Espinal en Dallas","description":"Las lesiones de la m\u00e9dula espinal a menudo son causadas por choques automovil\u00edsticos o ca\u00eddas. Llame hoy a los abogados de m\u00e9dula espinal.","robots":{"index":"index","follow":"follow","max-snippet":"max-snippet:-1","max-image-preview":"max-image-preview:large","max-video-preview":"max-video-preview:-1"},"canonical":"https:\/\/injuryattorneyofdallas.com\/es\/abogado-de-lesiones-de-la-medula-espinal-en-dallas\/","og_locale":"es_ES","og_type":"article","og_title":"Abogados de la M\u00e9dula Espinal en Dallas","og_description":"Las lesiones de la m\u00e9dula espinal a menudo son causadas por choques automovil\u00edsticos o ca\u00eddas. Llame hoy a los abogados de m\u00e9dula espinal.","og_url":"https:\/\/injuryattorneyofdallas.com\/es\/abogado-de-lesiones-de-la-medula-espinal-en-dallas\/","og_site_name":"Aaron Herbert - Abogado de Lesiones de Texas","article_publisher":"https:\/\/www.facebook.com\/injuryattorneyoftexas\/","article_modified_time":"2025-12-26T21:38:59+00:00","og_image":[{"url":"https:\/\/injuryattorneyofdallas.com\/wp-content\/uploads\/AB-july_spinalinjury.jpg","type":"","width":"","height":""}],"twitter_card":"summary_large_image","twitter_site":"@dallaspilawyer","twitter_misc":{"Tiempo de lectura":"4 minutos"},"schema":{"@context":"https:\/\/schema.org","@graph":[{"@type":"WebPage","@id":"https:\/\/injuryattorneyofdallas.com\/es\/abogado-de-lesiones-de-la-medula-espinal-en-dallas\/","url":"https:\/\/injuryattorneyofdallas.com\/es\/abogado-de-lesiones-de-la-medula-espinal-en-dallas\/","name":"Abogados de la M\u00e9dula Espinal en Dallas","isPartOf":{"@id":"https:\/\/injuryattorneyofdallas.com\/es\/#website"},"primaryImageOfPage":{"@id":"https:\/\/injuryattorneyofdallas.com\/es\/abogado-de-lesiones-de-la-medula-espinal-en-dallas\/#primaryimage"},"image":{"@id":"https:\/\/injuryattorneyofdallas.com\/es\/abogado-de-lesiones-de-la-medula-espinal-en-dallas\/#primaryimage"},"thumbnailUrl":"https:\/\/injuryattorneyofdallas.com\/wp-content\/uploads\/AB-july_spinalinjury.jpg","datePublished":"2024-09-02T08:01:04+00:00","dateModified":"2025-12-26T21:38:59+00:00","description":"Las lesiones de la m\u00e9dula espinal a menudo son causadas por choques automovil\u00edsticos o ca\u00eddas. Llame hoy a los abogados de m\u00e9dula espinal.","breadcrumb":{"@id":"https:\/\/injuryattorneyofdallas.com\/es\/abogado-de-lesiones-de-la-medula-espinal-en-dallas\/#breadcrumb"},"inLanguage":"es","potentialAction":[{"@type":"ReadAction","target":["https:\/\/injuryattorneyofdallas.com\/es\/abogado-de-lesiones-de-la-medula-espinal-en-dallas\/"]}]},{"@type":"ImageObject","inLanguage":"es","@id":"https:\/\/injuryattorneyofdallas.com\/es\/abogado-de-lesiones-de-la-medula-espinal-en-dallas\/#primaryimage","url":"https:\/\/injuryattorneyofdallas.com\/wp-content\/uploads\/AB-july_spinalinjury.jpg","contentUrl":"https:\/\/injuryattorneyofdallas.com\/wp-content\/uploads\/AB-july_spinalinjury.jpg"},{"@type":"BreadcrumbList","@id":"https:\/\/injuryattorneyofdallas.com\/es\/abogado-de-lesiones-de-la-medula-espinal-en-dallas\/#breadcrumb","itemListElement":[{"@type":"ListItem","position":1,"name":"Dallas Personal Injury Lawyers","item":"https:\/\/injuryattorneyofdallas.com\/es\/"},{"@type":"ListItem","position":2,"name":"Abogados de la M\u00e9dula Espinal en Dallas"}]},{"@type":"WebSite","@id":"https:\/\/injuryattorneyofdallas.com\/es\/#website","url":"https:\/\/injuryattorneyofdallas.com\/es\/","name":"The Law Firm Of Aaron A Herbert, P.C.","description":"Dallas Personal Injury Lawyer","alternateName":"The Law Firm Of Aaron Herbert","potentialAction":[{"@type":"SearchAction","target":{"@type":"EntryPoint","urlTemplate":"https:\/\/injuryattorneyofdallas.com\/es\/?s={search_term_string}"},"query-input":{"@type":"PropertyValueSpecification","valueRequired":true,"valueName":"search_term_string"}}],"inLanguage":"es"}]}},"_links":{"self":[{"href":"https:\/\/injuryattorneyofdallas.com\/es\/wp-json\/wp\/v2\/pages\/8082","targetHints":{"allow":["GET"]}}],"collection":[{"href":"https:\/\/injuryattorneyofdallas.com\/es\/wp-json\/wp\/v2\/pages"}],"about":[{"href":"https:\/\/injuryattorneyofdallas.com\/es\/wp-json\/wp\/v2\/types\/page"}],"author":[{"embeddable":true,"href":"https:\/\/injuryattorneyofdallas.com\/es\/wp-json\/wp\/v2\/users\/2"}],"replies":[{"embeddable":true,"href":"https:\/\/injuryattorneyofdallas.com\/es\/wp-json\/wp\/v2\/comments?post=8082"}],"version-history":[{"count":0,"href":"https:\/\/injuryattorneyofdallas.com\/es\/wp-json\/wp\/v2\/pages\/8082\/revisions"}],"wp:attachment":[{"href":"https:\/\/injuryattorneyofdallas.com\/es\/wp-json\/wp\/v2\/media?parent=8082"}],"curies":[{"name":"wp","href":"https:\/\/api.w.org\/{rel}","templated":true}]}}