{"id":8073,"date":"2019-04-05T13:36:00","date_gmt":"2019-04-05T19:36:00","guid":{"rendered":"https:\/\/aaronaherbert.wpenginepowered.com\/dallas-workplace-brain-injury-attorney\/"},"modified":"2025-12-26T15:29:37","modified_gmt":"2025-12-26T21:29:37","slug":"abogado-de-lesion-cerebral-en-dallas","status":"publish","type":"page","link":"https:\/\/injuryattorneyofdallas.com\/es\/abogado-de-lesion-cerebral-en-dallas\/","title":{"rendered":"Abogado de Lesiones Cerebrales en Dallas"},"content":{"rendered":"\r\n<h2 class=\"wp-block-heading\"><span class=\"ez-toc-section\" id=\"Lesiones_Cerebrales_Traumaticas\"><\/span>Lesiones Cerebrales Traum\u00e1ticas<span class=\"ez-toc-section-end\"><\/span><\/h2>\r\n\r\n\r\n\r\n<p>Las lesiones al cerebro son extremadamente comunes, a pesar de que descansa dentro de los huesos del cr\u00e1neo. Fuerzas de alto impacto son suficientes para romper el cr\u00e1neo. Fuerzas de impacto inferiores hacen que el cerebro se mueva dentro del cr\u00e1neo, causando lesi\u00f3n cuando el tejido cerebral golpea contra la superficie dura de los huesos. Como resultado, varios millones de personas que viven actualmente en los Estados Unidos han experimentado TBI bastante grave que sufren de alguna discapacidad.<\/p><div id=\"ez-toc-container\" class=\"ez-toc-v2_0_80 counter-hierarchy ez-toc-counter ez-toc-grey ez-toc-container-direction\">\n<div class=\"ez-toc-title-container\">\n<p class=\"ez-toc-title\" style=\"cursor:inherit\">Table of Contents<\/p>\n<span class=\"ez-toc-title-toggle\"><a href=\"#\" class=\"ez-toc-pull-right ez-toc-btn ez-toc-btn-xs ez-toc-btn-default ez-toc-toggle\" aria-label=\"Alternar tabla de contenidos\"><span class=\"ez-toc-js-icon-con\"><span class=\"\"><span class=\"eztoc-hide\" style=\"display:none;\">Toggle<\/span><span class=\"ez-toc-icon-toggle-span\"><svg style=\"fill: #999;color:#999\" xmlns=\"http:\/\/www.w3.org\/2000\/svg\" class=\"list-377408\" width=\"20px\" height=\"20px\" viewBox=\"0 0 24 24\" fill=\"none\"><path d=\"M6 6H4v2h2V6zm14 0H8v2h12V6zM4 11h2v2H4v-2zm16 0H8v2h12v-2zM4 16h2v2H4v-2zm16 0H8v2h12v-2z\" fill=\"currentColor\"><\/path><\/svg><svg style=\"fill: #999;color:#999\" class=\"arrow-unsorted-368013\" xmlns=\"http:\/\/www.w3.org\/2000\/svg\" width=\"10px\" height=\"10px\" viewBox=\"0 0 24 24\" version=\"1.2\" baseProfile=\"tiny\"><path d=\"M18.2 9.3l-6.2-6.3-6.2 6.3c-.2.2-.3.4-.3.7s.1.5.3.7c.2.2.4.3.7.3h11c.3 0 .5-.1.7-.3.2-.2.3-.5.3-.7s-.1-.5-.3-.7zM5.8 14.7l6.2 6.3 6.2-6.3c.2-.2.3-.5.3-.7s-.1-.5-.3-.7c-.2-.2-.4-.3-.7-.3h-11c-.3 0-.5.1-.7.3-.2.2-.3.5-.3.7s.1.5.3.7z\"\/><\/svg><\/span><\/span><\/span><\/a><\/span><\/div>\n<nav><ul class='ez-toc-list ez-toc-list-level-1 ' ><li class='ez-toc-page-1 ez-toc-heading-level-2'><a class=\"ez-toc-link ez-toc-heading-1\" href=\"https:\/\/injuryattorneyofdallas.com\/es\/abogado-de-lesion-cerebral-en-dallas\/#Lesiones_Cerebrales_Traumaticas\" >Lesiones Cerebrales Traum\u00e1ticas<\/a><\/li><li class='ez-toc-page-1 ez-toc-heading-level-2'><a class=\"ez-toc-link ez-toc-heading-2\" href=\"https:\/\/injuryattorneyofdallas.com\/es\/abogado-de-lesion-cerebral-en-dallas\/#Obten_una_Consulta_Legal_Gratis\" >Obt\u00e9n una Consulta Legal Gratis<\/a><\/li><li class='ez-toc-page-1 ez-toc-heading-level-2'><a class=\"ez-toc-link ez-toc-heading-3\" href=\"https:\/\/injuryattorneyofdallas.com\/es\/abogado-de-lesion-cerebral-en-dallas\/#El_Grado_del_Problema_del_TBI\" >El Grado del Problema del TBI<\/a><\/li><li class='ez-toc-page-1 ez-toc-heading-level-2'><a class=\"ez-toc-link ez-toc-heading-4\" href=\"https:\/\/injuryattorneyofdallas.com\/es\/abogado-de-lesion-cerebral-en-dallas\/#Consecuencias_de_TBI\" >Consecuencias de TBI<\/a><\/li><li class='ez-toc-page-1 ez-toc-heading-level-2'><a class=\"ez-toc-link ez-toc-heading-5\" href=\"https:\/\/injuryattorneyofdallas.com\/es\/abogado-de-lesion-cerebral-en-dallas\/#Dejanos_Pelear_Por_Ti\" >D\u00e9janos Pelear Por Ti<\/a><\/li><li class='ez-toc-page-1 ez-toc-heading-level-2'><a class=\"ez-toc-link ez-toc-heading-6\" href=\"https:\/\/injuryattorneyofdallas.com\/es\/abogado-de-lesion-cerebral-en-dallas\/#Obtenga_Ayuda_de_un_Abogado_de_Lesiones_Cerebrales_en_Dallas\" >Obtenga Ayuda de un Abogado de Lesiones Cerebrales en Dallas<\/a><\/li><\/ul><\/nav><\/div>\n\r\n\r\n\r\n\r\n<p>Dado el papel central del cerebro en el pensamiento, el juicio, el equilibrio, el lenguaje y pr\u00e1cticamente cualquier otra funci\u00f3n humana, las v\u00edctimas de TBI severas necesitan ayuda extensa para recuperar las funciones que pueden y ocuparse de aquellas funciones que est\u00e1n permanentemente da\u00f1adas. En muchos casos de TBI grave, la v\u00edctima tambi\u00e9n necesita asesoramiento psicol\u00f3gico. Dependiendo de las funciones que est\u00e1n deterioradas, las v\u00edctimas tambi\u00e9n pueden necesitar una variedad de \u00abaparatos asistenciales\u00bb muy costosos y \/ o alteraciones en el hogar.<\/p>\r\n\r\n\r\n\r\n<p>En la gran mayor\u00eda de los casos de TBI, la capacidad de las v\u00edctimas y sus familias para pagar todo el cuidado y rehabilitaci\u00f3n necesarios depende de la recuperaci\u00f3n de los da\u00f1os de la persona legalmente responsable de causar la lesi\u00f3n. Con todo esto dependiente de la reclamaci\u00f3n de da\u00f1os, es dif\u00edcil exagerar la importancia de un abogado de lesiones cerebrales en Dallas con experiencia que conoce la ley de lesiones personales del estado por dentro y por fuera, y entiende todos los gastos futuros y las p\u00e9rdidas que una v\u00edctima de TBI puede encontrar.<\/p>\r\n\r\n\r\n<div class=\"contact-shortcode\">\r\n  <div class=\"row\">\r\n    <div class=\"col-md-4  align-self-center\"> <h2><span class=\"ez-toc-section\" id=\"Obten_una_Consulta_Legal_Gratis\"><\/span>Obt\u00e9n una Consulta Legal Gratis<span class=\"ez-toc-section-end\"><\/span><\/h2>\n <\/div>\r\n    <div class=\"col-md-8  align-self-center\">\r\n      <div class=\"coman-btn-block\"> <a href=\"https:\/\/injuryattorneyofdallas.com\/es\/contacto\/\" class=\"coman-btn-one\">Cont\u00e1ctenos<\/a> <a href=\"tel:18179044975\" class=\"coman-btn-second\"> <img decoding=\"async\" src=\"https:\/\/injuryattorneyoftexas.com\/wp-content\/uploads\/phone-icon-2.png\" alt=\"#\" width=\"\" height=\"\" class=\"img-fluid\"\/> Ll\u00e1manos<\/a> <\/div>\r\n    <\/div>\r\n  <\/div>\r\n<\/div>\r\n\n\r\n\r\n\r\n<h2 class=\"wp-block-heading\"><span class=\"ez-toc-section\" id=\"El_Grado_del_Problema_del_TBI\"><\/span>El Grado del Problema del TBI<span class=\"ez-toc-section-end\"><\/span><\/h2>\r\n\r\n\r\n\r\n<p>Seg\u00fan la Alianza para Lesiones Cerebrales en Texas, cada a\u00f1o en los Estados Unidos:<\/p>\r\n\r\n\r\n\r\n<ul class=\"wp-block-list\">\r\n<li>M\u00e1s de 50,000 personas mueren por lesiones cerebrales<\/li>\r\n\r\n\r\n\r\n<li>300,000 personas sufren lesiones cerebrales que requieren hospitalizaci\u00f3n<\/li>\r\n\r\n\r\n\r\n<li>De estos, unos 80,000 sufren discapacidades cognitivas o de comportamiento que duran el resto de sus vidas<\/li>\r\n<\/ul>\r\n\r\n\r\n\r\n<p>S\u00f3lo en Texas, la Alianza informa que:<\/p>\r\n\r\n\r\n\r\n<ul class=\"wp-block-list\">\r\n<li>Hay 144,000 lesiones cerebrales traum\u00e1ticas cada a\u00f1o<\/li>\r\n\r\n\r\n\r\n<li>M\u00e1s de 380,000 personas viven actualmente con una discapacidad relacionada con el TBI<\/li>\r\n\r\n\r\n\r\n<li>Cada a\u00f1o, otras 5,000 personas m\u00e1s se a\u00f1aden a las filas de los discapacitados permanentemente debido a un TBI<\/li>\r\n<\/ul>\r\n\r\n\r\n\r\n<p>La mayor\u00eda de los TBI son el resultado de accidentes con\u00a0veh\u00edculos automovil\u00edsticos\u00a0(53 por ciento),\u00a0ca\u00eddas\u00a0(24 por ciento) y agresiones intencionales (12 por ciento).<\/p>\r\n\r\n\r\n\r\n<div class=\"user-shortcode-second\" style=\"background: url(https:\/\/injuryattorneyofdallas.com\/wp-content\/uploads\/user-img-shortcode-second.jpg);\">\r\n  <div class=\"row justify-content-end\">\r\n    <div class=\"col-md-8\"> <p>Cuando has resultado lesionado debido a la negligencia de otra persona, mereces m\u00e1s que solo representaci\u00f3n legal: mereces un defensor que luche incansablemente por tus derechos. En The Law Firm of Aaron A. Herbert, entendemos el dolor, el estr\u00e9s y la incertidumbre que acompa\u00f1an a una lesi\u00f3n, y nos comprometemos a obtener la compensaci\u00f3n que necesitas para seguir adelante. Con un historial comprobado de \u00e9xito y un enfoque personalizado, nosotros nos encargamos de la batalla legal para que t\u00fa puedas concentrarte en tu recuperaci\u00f3n. No cobramos honorarios a menos que ganemos\u2014porque tu justicia es nuestra prioridad.<\/p>\n      <h3>AARON A. HERBERT<\/h3>\r\n    <\/div>\r\n  <\/div>\r\n<\/div>\r\n\r\n\r\n\r\n\r\n<h2 class=\"wp-block-heading\"><span class=\"ez-toc-section\" id=\"Consecuencias_de_TBI\"><\/span>Consecuencias de TBI<span class=\"ez-toc-section-end\"><\/span><\/h2>\r\n\r\n\r\n\r\n<p>Es imposible enumerar todas las formas en que la TBI puede afectar las habilidades y la vida de la v\u00edctima. Lesiones clasificadas como leves a menudo tienen consecuencias emocionales y mentales de larga duraci\u00f3n, mientras que las lesiones moderadas y graves, que representan hasta el 25 por ciento de todos los TBIs, invariablemente dejan a las v\u00edctimas con algunos efectos perjudiciales a largo plazo.<\/p>\r\n\r\n\r\n\r\n<p>Los efectos f\u00edsicos var\u00edan seg\u00fan la parte del cerebro lesionada y la gravedad de la lesi\u00f3n. Estos efectos suelen incluir:<\/p>\r\n\r\n\r\n\r\n<ul class=\"wp-block-list\">\r\n<li>P\u00e9rdida de fuerza, equilibrio y coordinaci\u00f3n<\/li>\r\n\r\n\r\n\r\n<li><a href=\"https:\/\/injuryattorneyofdallas.com\/es\/abogado-de-lesiones-por-paralisis-en-dallas\/\">Par\u00e1lisis<\/a><\/li>\r\n\r\n\r\n\r\n<li>P\u00e9rdida del habla, visi\u00f3n y \/ o audici\u00f3n<\/li>\r\n\r\n\r\n\r\n<li>Dolores de cabeza<\/li>\r\n\r\n\r\n\r\n<li>Convulsiones<\/li>\r\n<\/ul>\r\n\r\n\r\n\r\n<p>La memoria y la capacidad de pensar l\u00f3gicamente, coherentemente y a una velocidad razonable tambi\u00e9n se ven afectadas en muchos casos de TBI. Obviamente esto es un serio obst\u00e1culo para la inclinaci\u00f3n, el empleo, la interacci\u00f3n social y la mayor\u00eda de las dem\u00e1s actividades humanas. Tambi\u00e9n pone enormes cargas a quienes cuidan de la v\u00edctima.<br \/><div class=\"contact-shortcode-second\">\r\n    <h2><span class=\"ez-toc-section\" id=\"Dejanos_Pelear_Por_Ti\"><\/span>D\u00e9janos Pelear Por Ti<span class=\"ez-toc-section-end\"><\/span><\/h2>\n<h3>\u00bfNecesitas Ayuda? Cont\u00e1ctanos 24\/7<\/h3>\n    <div class=\"coman-btn-block\">\r\n        <a href=\"https:\/\/injuryattorneyofdallas.com\/es\/contacto\/\" class=\"coman-btn-one\">\r\n            Cont\u00e1ctanos        <\/a>\r\n        <a href=\"tel:18179044975\" class=\"coman-btn-second\">\r\n            <img decoding=\"async\" src=\"https:\/\/injuryattorneyoftexas.com\/wp-content\/uploads\/phone-icon-2.png\" alt=\"#\" width=\"\" height=\"\" class=\"img-fluid\" \/>\r\n            Ll\u00e1manos        <\/a>\r\n    <\/div>\r\n    <h4>Abogado de Lesiones Personales Certificado en Dallas<\/h4>\n<\/div><\/p>\r\n\r\n\r\n\r\n<p>Muchas v\u00edctimas graves de TBI experimentan un verdadero cambio de personalidad; cuidadores y familiares informan que las v\u00edctimas simplemente no son quienes eran antes del accidente. Los cambios significativos en humor y control emocional son tambi\u00e9n bastante comunes.<\/p>\r\n\r\n\r\n\r\n<h2 class=\"wp-block-heading\"><span class=\"ez-toc-section\" id=\"Obtenga_Ayuda_de_un_Abogado_de_Lesiones_Cerebrales_en_Dallas\"><\/span>Obtenga Ayuda de un Abogado de Lesiones Cerebrales en Dallas<span class=\"ez-toc-section-end\"><\/span><\/h2>\r\n\r\n\r\n\r\n<p>Los casos de lesi\u00f3n cerebral traum\u00e1tica son complicados y no hay manera de exagerar la importancia del resultado para las v\u00edctimas. No hay sustituto para la experiencia con las sutilezas involucradas en la identificaci\u00f3n de la gravedad de la lesi\u00f3n y\u00a0los da\u00f1os\u00a0resultantes. Se necesita experiencia para anticipar las muchas formas en que los acusados \u200b\u200bson propensos a reaccionar a la demanda.<\/p>\r\n\r\n\r\n\r\n<p>El abogado Aaron Herbert de Dallas\u00a0tiene 14 a\u00f1os de experiencia en esta \u00e1rea, con 50 veredictos de prueba a su cr\u00e9dito. Muchos m\u00e1s casos han sido resueltos con \u00e9xito antes del tiempo y costo de un juicio. \u00c9l es un Especialista Certificado de Pruebas de Lesiones Personales, miembro del Mill\u00f3n de D\u00f3lares (Million Dollar Advocates Forum).<\/p>\r\n\r\n\r\n\r\n<p>Si necesita asesoramiento sobre un caso de TBI en Dallas-Ft. Worth, en sus alrededores, o en cualquier lugar de Texas,\u00a0<a href=\"tel:214.200.4878\">llame a las Oficinas Legales de Aaron Herbert\u00a0hoy<\/a>.<\/p>\r\n\r\n\r\n\r\n<div class=\"user-shortcode\" style=\"background: url(https:\/\/injuryattorneyofdallas.com\/wp-content\/uploads\/user-img-shortcode.jpg);\">\r\n  <div class=\"row\">\r\n    <div class=\"col-md-8\"> <h3>AARON A. HERBERT<\/h3>\n<p>Aaron A. Herbert es un abogado litigante reconocido por su defensa firme y agresiva en nombre de clientes que han sufrido lesiones graves en accidentes importantes. Con m\u00e1s de una d\u00e9cada de experiencia, ha construido una reputaci\u00f3n por obtener veredictos y acuerdos significativos, muchos de ellos bajo acuerdos de confidencialidad. Su pr\u00e1ctica se basa en la pasi\u00f3n, la preparaci\u00f3n y la perseverancia, con el objetivo de maximizar el valor del caso y reducir el estr\u00e9s del proceso legal para sus clientes. Revisa su perfil en <a href=\"https:\/\/lawyers.justia.com\/lawyer\/aaron-alan-herbert-237375\">Justia<\/a> y <a href=\"https:\/\/www.yelp.com\/biz\/law-firm-of-aaron-a-herbert-pc-dallas-5\">Yelp<\/a>.<\/p>\n <\/div>\r\n  <\/div>\r\n<\/div>\r\n\r\n","protected":false},"excerpt":{"rendered":"<p>Lesiones Cerebrales Traum\u00e1ticas Las lesiones al cerebro son extremadamente comunes, a pesar de que descansa dentro de los huesos del cr\u00e1neo. Fuerzas de alto impacto son suficientes para romper el cr\u00e1neo. Fuerzas de impacto inferiores hacen que el cerebro se mueva dentro del cr\u00e1neo, causando lesi\u00f3n cuando el tejido cerebral golpea contra la superficie dura&#8230;<\/p>\n","protected":false},"author":2,"featured_media":0,"parent":0,"menu_order":0,"comment_status":"closed","ping_status":"closed","template":"","meta":{"_acf_changed":false,"footnotes":""},"class_list":["post-8073","page","type-page","status-publish","hentry"],"acf":[],"yoast_head":"<!-- This site is optimized with the Yoast SEO Premium plugin v26.9 (Yoast SEO v26.9) - https:\/\/yoast.com\/product\/yoast-seo-premium-wordpress\/ -->\n<title>Abogado de Lesiones Cerebrales en Dallas<\/title>\n<meta name=\"description\" content=\"Las lesiones cerebrales pueden tener efectos duraderos, contacte a nuestro abogado de lesiones cerebrales en Dallas para revisar su caso.\" \/>\n<meta name=\"robots\" content=\"index, follow, max-snippet:-1, max-image-preview:large, max-video-preview:-1\" \/>\n<link rel=\"canonical\" href=\"https:\/\/injuryattorneyofdallas.com\/es\/abogado-de-lesion-cerebral-en-dallas\/\" \/>\n<meta property=\"og:locale\" content=\"es_ES\" \/>\n<meta property=\"og:type\" content=\"article\" \/>\n<meta property=\"og:title\" content=\"Abogado de Lesiones Cerebrales en Dallas\" \/>\n<meta property=\"og:description\" content=\"Las lesiones cerebrales pueden tener efectos duraderos, contacte a nuestro abogado de lesiones cerebrales en Dallas para revisar su caso.\" \/>\n<meta property=\"og:url\" content=\"https:\/\/injuryattorneyofdallas.com\/es\/abogado-de-lesion-cerebral-en-dallas\/\" \/>\n<meta property=\"og:site_name\" content=\"Aaron Herbert - Abogado de Lesiones de Texas\" \/>\n<meta property=\"article:publisher\" content=\"https:\/\/www.facebook.com\/injuryattorneyoftexas\/\" \/>\n<meta property=\"article:modified_time\" content=\"2025-12-26T21:29:37+00:00\" \/>\n<meta name=\"twitter:card\" content=\"summary_large_image\" \/>\n<meta name=\"twitter:site\" content=\"@dallaspilawyer\" \/>\n<meta name=\"twitter:label1\" content=\"Tiempo de lectura\" \/>\n\t<meta name=\"twitter:data1\" content=\"4 minutos\" \/>\n<script type=\"application\/ld+json\" class=\"yoast-schema-graph\">{\"@context\":\"https:\/\/schema.org\",\"@graph\":[{\"@type\":\"WebPage\",\"@id\":\"https:\/\/injuryattorneyofdallas.com\/es\/abogado-de-lesion-cerebral-en-dallas\/\",\"url\":\"https:\/\/injuryattorneyofdallas.com\/es\/abogado-de-lesion-cerebral-en-dallas\/\",\"name\":\"Abogado de Lesiones Cerebrales en Dallas\",\"isPartOf\":{\"@id\":\"https:\/\/injuryattorneyofdallas.com\/es\/#website\"},\"datePublished\":\"2019-04-05T19:36:00+00:00\",\"dateModified\":\"2025-12-26T21:29:37+00:00\",\"description\":\"Las lesiones cerebrales pueden tener efectos duraderos, contacte a nuestro abogado de lesiones cerebrales en Dallas para revisar su caso.\",\"breadcrumb\":{\"@id\":\"https:\/\/injuryattorneyofdallas.com\/es\/abogado-de-lesion-cerebral-en-dallas\/#breadcrumb\"},\"inLanguage\":\"es\",\"potentialAction\":[{\"@type\":\"ReadAction\",\"target\":[\"https:\/\/injuryattorneyofdallas.com\/es\/abogado-de-lesion-cerebral-en-dallas\/\"]}]},{\"@type\":\"BreadcrumbList\",\"@id\":\"https:\/\/injuryattorneyofdallas.com\/es\/abogado-de-lesion-cerebral-en-dallas\/#breadcrumb\",\"itemListElement\":[{\"@type\":\"ListItem\",\"position\":1,\"name\":\"Dallas Personal Injury Lawyers\",\"item\":\"https:\/\/injuryattorneyofdallas.com\/es\/\"},{\"@type\":\"ListItem\",\"position\":2,\"name\":\"Abogado de Lesiones Cerebrales en Dallas\"}]},{\"@type\":\"WebSite\",\"@id\":\"https:\/\/injuryattorneyofdallas.com\/es\/#website\",\"url\":\"https:\/\/injuryattorneyofdallas.com\/es\/\",\"name\":\"The Law Firm Of Aaron A Herbert, P.C.\",\"description\":\"Dallas Personal Injury Lawyer\",\"alternateName\":\"The Law Firm Of Aaron Herbert\",\"potentialAction\":[{\"@type\":\"SearchAction\",\"target\":{\"@type\":\"EntryPoint\",\"urlTemplate\":\"https:\/\/injuryattorneyofdallas.com\/es\/?s={search_term_string}\"},\"query-input\":{\"@type\":\"PropertyValueSpecification\",\"valueRequired\":true,\"valueName\":\"search_term_string\"}}],\"inLanguage\":\"es\"}]}<\/script>\n<!-- \/ Yoast SEO Premium plugin. -->","yoast_head_json":{"title":"Abogado de Lesiones Cerebrales en Dallas","description":"Las lesiones cerebrales pueden tener efectos duraderos, contacte a nuestro abogado de lesiones cerebrales en Dallas para revisar su caso.","robots":{"index":"index","follow":"follow","max-snippet":"max-snippet:-1","max-image-preview":"max-image-preview:large","max-video-preview":"max-video-preview:-1"},"canonical":"https:\/\/injuryattorneyofdallas.com\/es\/abogado-de-lesion-cerebral-en-dallas\/","og_locale":"es_ES","og_type":"article","og_title":"Abogado de Lesiones Cerebrales en Dallas","og_description":"Las lesiones cerebrales pueden tener efectos duraderos, contacte a nuestro abogado de lesiones cerebrales en Dallas para revisar su caso.","og_url":"https:\/\/injuryattorneyofdallas.com\/es\/abogado-de-lesion-cerebral-en-dallas\/","og_site_name":"Aaron Herbert - Abogado de Lesiones de Texas","article_publisher":"https:\/\/www.facebook.com\/injuryattorneyoftexas\/","article_modified_time":"2025-12-26T21:29:37+00:00","twitter_card":"summary_large_image","twitter_site":"@dallaspilawyer","twitter_misc":{"Tiempo de lectura":"4 minutos"},"schema":{"@context":"https:\/\/schema.org","@graph":[{"@type":"WebPage","@id":"https:\/\/injuryattorneyofdallas.com\/es\/abogado-de-lesion-cerebral-en-dallas\/","url":"https:\/\/injuryattorneyofdallas.com\/es\/abogado-de-lesion-cerebral-en-dallas\/","name":"Abogado de Lesiones Cerebrales en Dallas","isPartOf":{"@id":"https:\/\/injuryattorneyofdallas.com\/es\/#website"},"datePublished":"2019-04-05T19:36:00+00:00","dateModified":"2025-12-26T21:29:37+00:00","description":"Las lesiones cerebrales pueden tener efectos duraderos, contacte a nuestro abogado de lesiones cerebrales en Dallas para revisar su caso.","breadcrumb":{"@id":"https:\/\/injuryattorneyofdallas.com\/es\/abogado-de-lesion-cerebral-en-dallas\/#breadcrumb"},"inLanguage":"es","potentialAction":[{"@type":"ReadAction","target":["https:\/\/injuryattorneyofdallas.com\/es\/abogado-de-lesion-cerebral-en-dallas\/"]}]},{"@type":"BreadcrumbList","@id":"https:\/\/injuryattorneyofdallas.com\/es\/abogado-de-lesion-cerebral-en-dallas\/#breadcrumb","itemListElement":[{"@type":"ListItem","position":1,"name":"Dallas Personal Injury Lawyers","item":"https:\/\/injuryattorneyofdallas.com\/es\/"},{"@type":"ListItem","position":2,"name":"Abogado de Lesiones Cerebrales en Dallas"}]},{"@type":"WebSite","@id":"https:\/\/injuryattorneyofdallas.com\/es\/#website","url":"https:\/\/injuryattorneyofdallas.com\/es\/","name":"The Law Firm Of Aaron A Herbert, P.C.","description":"Dallas Personal Injury Lawyer","alternateName":"The Law Firm Of Aaron Herbert","potentialAction":[{"@type":"SearchAction","target":{"@type":"EntryPoint","urlTemplate":"https:\/\/injuryattorneyofdallas.com\/es\/?s={search_term_string}"},"query-input":{"@type":"PropertyValueSpecification","valueRequired":true,"valueName":"search_term_string"}}],"inLanguage":"es"}]}},"_links":{"self":[{"href":"https:\/\/injuryattorneyofdallas.com\/es\/wp-json\/wp\/v2\/pages\/8073","targetHints":{"allow":["GET"]}}],"collection":[{"href":"https:\/\/injuryattorneyofdallas.com\/es\/wp-json\/wp\/v2\/pages"}],"about":[{"href":"https:\/\/injuryattorneyofdallas.com\/es\/wp-json\/wp\/v2\/types\/page"}],"author":[{"embeddable":true,"href":"https:\/\/injuryattorneyofdallas.com\/es\/wp-json\/wp\/v2\/users\/2"}],"replies":[{"embeddable":true,"href":"https:\/\/injuryattorneyofdallas.com\/es\/wp-json\/wp\/v2\/comments?post=8073"}],"version-history":[{"count":0,"href":"https:\/\/injuryattorneyofdallas.com\/es\/wp-json\/wp\/v2\/pages\/8073\/revisions"}],"wp:attachment":[{"href":"https:\/\/injuryattorneyofdallas.com\/es\/wp-json\/wp\/v2\/media?parent=8073"}],"curies":[{"name":"wp","href":"https:\/\/api.w.org\/{rel}","templated":true}]}}