{"id":8071,"date":"2024-09-02T01:30:41","date_gmt":"2024-09-02T07:30:41","guid":{"rendered":"https:\/\/aaronaherbert.wpenginepowered.com\/dallas-damages-attorney\/"},"modified":"2025-12-29T12:05:26","modified_gmt":"2025-12-29T18:05:26","slug":"abogado-de-danos-en-dallas","status":"publish","type":"page","link":"https:\/\/injuryattorneyofdallas.com\/es\/abogado-de-danos-en-dallas\/","title":{"rendered":"Abogado de Da\u00f1os en Dallas"},"content":{"rendered":"\r\n<h2 class=\"wp-block-heading\"><span class=\"ez-toc-section\" id=\"Danos_en_Una_Lesion_Personal_de_Texas_O_Caso_de_Muerte_Injusta\"><\/span>Da\u00f1os en Una Lesi\u00f3n Personal de Texas O Caso de Muerte Injusta<span class=\"ez-toc-section-end\"><\/span><\/h2>\r\n\r\n\r\n\r\n<p>Usted probablemente ha venido a este sitio web porque ha sufrido una lesi\u00f3n corporal, o porque ha perdido a un familiar cercano que ocurri\u00f3 debido a la\u00a0<strong>negligencia de otra persona<\/strong>, error u otra mala conducta. Si es as\u00ed, es posible que haya encontrado el t\u00e9rmino \u00abda\u00f1os\u00bb y se pregunta exactamente lo que eso significa en un contexto de lesiones personales.<\/p><div id=\"ez-toc-container\" class=\"ez-toc-v2_0_80 counter-hierarchy ez-toc-counter ez-toc-grey ez-toc-container-direction\">\n<div class=\"ez-toc-title-container\">\n<p class=\"ez-toc-title\" style=\"cursor:inherit\">Table of Contents<\/p>\n<span class=\"ez-toc-title-toggle\"><a href=\"#\" class=\"ez-toc-pull-right ez-toc-btn ez-toc-btn-xs ez-toc-btn-default ez-toc-toggle\" aria-label=\"Alternar tabla de contenidos\"><span class=\"ez-toc-js-icon-con\"><span class=\"\"><span class=\"eztoc-hide\" style=\"display:none;\">Toggle<\/span><span class=\"ez-toc-icon-toggle-span\"><svg style=\"fill: #999;color:#999\" xmlns=\"http:\/\/www.w3.org\/2000\/svg\" class=\"list-377408\" width=\"20px\" height=\"20px\" viewBox=\"0 0 24 24\" fill=\"none\"><path d=\"M6 6H4v2h2V6zm14 0H8v2h12V6zM4 11h2v2H4v-2zm16 0H8v2h12v-2zM4 16h2v2H4v-2zm16 0H8v2h12v-2z\" fill=\"currentColor\"><\/path><\/svg><svg style=\"fill: #999;color:#999\" class=\"arrow-unsorted-368013\" xmlns=\"http:\/\/www.w3.org\/2000\/svg\" width=\"10px\" height=\"10px\" viewBox=\"0 0 24 24\" version=\"1.2\" baseProfile=\"tiny\"><path d=\"M18.2 9.3l-6.2-6.3-6.2 6.3c-.2.2-.3.4-.3.7s.1.5.3.7c.2.2.4.3.7.3h11c.3 0 .5-.1.7-.3.2-.2.3-.5.3-.7s-.1-.5-.3-.7zM5.8 14.7l6.2 6.3 6.2-6.3c.2-.2.3-.5.3-.7s-.1-.5-.3-.7c-.2-.2-.4-.3-.7-.3h-11c-.3 0-.5.1-.7.3-.2.2-.3.5-.3.7s.1.5.3.7z\"\/><\/svg><\/span><\/span><\/span><\/a><\/span><\/div>\n<nav><ul class='ez-toc-list ez-toc-list-level-1 ' ><li class='ez-toc-page-1 ez-toc-heading-level-2'><a class=\"ez-toc-link ez-toc-heading-1\" href=\"https:\/\/injuryattorneyofdallas.com\/es\/abogado-de-danos-en-dallas\/#Danos_en_Una_Lesion_Personal_de_Texas_O_Caso_de_Muerte_Injusta\" >Da\u00f1os en Una Lesi\u00f3n Personal de Texas O Caso de Muerte Injusta<\/a><\/li><li class='ez-toc-page-1 ez-toc-heading-level-2'><a class=\"ez-toc-link ez-toc-heading-2\" href=\"https:\/\/injuryattorneyofdallas.com\/es\/abogado-de-danos-en-dallas\/#Obten_una_Consulta_Legal_Gratis\" >Obt\u00e9n una Consulta Legal Gratis<\/a><\/li><li class='ez-toc-page-1 ez-toc-heading-level-2'><a class=\"ez-toc-link ez-toc-heading-3\" href=\"https:\/\/injuryattorneyofdallas.com\/es\/abogado-de-danos-en-dallas\/#%C2%BFDonde_Esta_La_Justicia\" >\u00bfD\u00f3nde Est\u00e1 La Justicia?<\/a><\/li><li class='ez-toc-page-1 ez-toc-heading-level-2'><a class=\"ez-toc-link ez-toc-heading-4\" href=\"https:\/\/injuryattorneyofdallas.com\/es\/abogado-de-danos-en-dallas\/#Categorias_de_Danos_en_Una_Accion_Legal_de_Lesion_Personal\" >Categor\u00edas de Da\u00f1os en Una Acci\u00f3n Legal de Lesi\u00f3n Personal<\/a><\/li><li class='ez-toc-page-1 ez-toc-heading-level-2'><a class=\"ez-toc-link ez-toc-heading-5\" href=\"https:\/\/injuryattorneyofdallas.com\/es\/abogado-de-danos-en-dallas\/#Danos_Especiales_O_Economicos\" >Da\u00f1os Especiales O Econ\u00f3micos<\/a><\/li><li class='ez-toc-page-1 ez-toc-heading-level-2'><a class=\"ez-toc-link ez-toc-heading-6\" href=\"https:\/\/injuryattorneyofdallas.com\/es\/abogado-de-danos-en-dallas\/#Danos_Generales_O_No_Economicos\" >Da\u00f1os Generales O No Econ\u00f3micos<\/a><\/li><li class='ez-toc-page-1 ez-toc-heading-level-2'><a class=\"ez-toc-link ez-toc-heading-7\" href=\"https:\/\/injuryattorneyofdallas.com\/es\/abogado-de-danos-en-dallas\/#Dejanos_Pelear_Por_Ti\" >D\u00e9janos Pelear Por Ti<\/a><\/li><li class='ez-toc-page-1 ez-toc-heading-level-2'><a class=\"ez-toc-link ez-toc-heading-8\" href=\"https:\/\/injuryattorneyofdallas.com\/es\/abogado-de-danos-en-dallas\/#Danos_Ejemplares_O_Punitivos\" >Da\u00f1os Ejemplares O Punitivos<\/a><\/li><li class='ez-toc-page-1 ez-toc-heading-level-2'><a class=\"ez-toc-link ez-toc-heading-9\" href=\"https:\/\/injuryattorneyofdallas.com\/es\/abogado-de-danos-en-dallas\/#El_Nivel_Superior_de_La_Defensa_Legal_Puede_Maximizar_Su_Recuperacion_de_Danos\" >El Nivel Superior de La Defensa Legal Puede Maximizar Su Recuperaci\u00f3n de Da\u00f1os<\/a><\/li><li class='ez-toc-page-1 ez-toc-heading-level-2'><a class=\"ez-toc-link ez-toc-heading-10\" href=\"https:\/\/injuryattorneyofdallas.com\/es\/abogado-de-danos-en-dallas\/#Recuperar_Danos_en_Su_Caso_de_Lesiones_de_Texas\" >Recuperar Da\u00f1os en Su Caso de Lesiones de Texas<\/a><\/li><\/ul><\/nav><\/div>\n\r\n\r\n\r\n\r\n<p>Cuando usted ha sido herido, ya sea en un accidente, un asalto, o\u00a0<strong>una condici\u00f3n peligrosa en el <a href=\"https:\/\/injuryattorneyofdallas.com\/es\/abogado-de-lesiones-y-accidente-de-trabajo-en-dallas\/\">lugar de trabajo<\/a><\/strong>\u00a0o en otro lugar, todo tipo de negativos entran en su vida. Puede estar temporalmente o permanentemente discapacitado y sin trabajo, sufriendo de dolor f\u00edsico y angustia mental. Usted probablemente tiene montones de facturas m\u00e9dicas en un momento en que no son capaces de trabajar, as\u00ed que a menos que tenga un mejor seguro que la mayor\u00eda de nosotros, es probable tener problemas para pagarlos. Y con el dolor, la discapacidad y el estr\u00e9s, usted puede tener tan poco placer en su vida que usted est\u00e1 empezando a preguntarse si vale la pena vivir. Y todo esto por algo que alguien m\u00e1s hizo.<br \/><div class=\"contact-shortcode\">\r\n  <div class=\"row\">\r\n    <div class=\"col-md-4  align-self-center\"> <h2><span class=\"ez-toc-section\" id=\"Obten_una_Consulta_Legal_Gratis\"><\/span>Obt\u00e9n una Consulta Legal Gratis<span class=\"ez-toc-section-end\"><\/span><\/h2>\n <\/div>\r\n    <div class=\"col-md-8  align-self-center\">\r\n      <div class=\"coman-btn-block\"> <a href=\"https:\/\/injuryattorneyofdallas.com\/es\/contacto\/\" class=\"coman-btn-one\">Cont\u00e1ctenos<\/a> <a href=\"tel:18179044975\" class=\"coman-btn-second\"> <img decoding=\"async\" src=\"https:\/\/injuryattorneyoftexas.com\/wp-content\/uploads\/phone-icon-2.png\" alt=\"#\" width=\"\" height=\"\" class=\"img-fluid\"\/> Ll\u00e1manos<\/a> <\/div>\r\n    <\/div>\r\n  <\/div>\r\n<\/div>\r\n<br \/><br \/><\/p>\r\n\r\n\r\n\r\n<h2 class=\"wp-block-heading\"><span class=\"ez-toc-section\" id=\"%C2%BFDonde_Esta_La_Justicia\"><\/span>\u00bfD\u00f3nde Est\u00e1 La Justicia?<span class=\"ez-toc-section-end\"><\/span><\/h2>\r\n\r\n\r\n\r\n<p>Ah\u00ed es donde entra en juego el concepto legal de da\u00f1os. Ha perdido tanto por el error de otra persona o por una mala conducta deliberada, y es simplemente injusto que usted y su familia tengan que sufrir por algo que no es su culpa. La ley de Texas est\u00e1 con usted all\u00ed, y el sistema legal le proporciona, como una parte lesionada, el derecho de hacer que la persona que caus\u00f3 sus p\u00e9rdidas pague por ellos. En teor\u00eda, es necesario volver a ser completo, y su vida debe ser devuelta donde estaba antes del evento que caus\u00f3 estas p\u00e9rdidas a su salud, las finanzas y la calidad de vida.<\/p>\r\n\r\n\r\n\r\n<p>Por supuesto, no hay varita m\u00e1gica que le puede devolver su salud o devolver\u00a0 la vida de un ser querido que le han quitado de usted. As\u00ed que la ley le proporciona la mejor cosa siguiente: la oportunidad de exigir una cantidad de dinero que le compensar\u00e1 por lo que ha perdido. Esto se conoce como \u00abrecuperaci\u00f3n de da\u00f1os\u201d.<\/p>\r\n\r\n\r\n\r\n<h2 class=\"wp-block-heading\"><span class=\"ez-toc-section\" id=\"Categorias_de_Danos_en_Una_Accion_Legal_de_Lesion_Personal\"><\/span>Categor\u00edas de Da\u00f1os en Una Acci\u00f3n Legal de Lesi\u00f3n Personal<span class=\"ez-toc-section-end\"><\/span><\/h2>\r\n\r\n\r\n\r\n<p>Hay tres clases de da\u00f1os que usted puede potencialmente recuperar en un asunto legal civil de lesi\u00f3n personal:<\/p>\r\n\r\n\r\n\r\n<ul class=\"wp-block-list\">\r\n<li>Da\u00f1os compensatorios especiales<\/li>\r\n\r\n\r\n\r\n<li>Da\u00f1os compensatorios generales<\/li>\r\n\r\n\r\n\r\n<li>Da\u00f1os ejemplares o punitivos<\/li>\r\n<\/ul>\r\n\r\n\r\n\r\n<p>Las dos primeras categor\u00edas, ambas \u00abcompensatorias\u00bb, son las m\u00e1s com\u00fanmente otorgadas en casos legales de lesiones personales\u00a0<strong>y muerte por negligencia<\/strong>.<br \/><div class=\"user-shortcode-second\" style=\"background: url(https:\/\/injuryattorneyofdallas.com\/wp-content\/uploads\/user-img-shortcode-second.jpg);\">\r\n  <div class=\"row justify-content-end\">\r\n    <div class=\"col-md-8\"> <p>Cuando has resultado lesionado debido a la negligencia de otra persona, mereces m\u00e1s que solo representaci\u00f3n legal: mereces un defensor que luche incansablemente por tus derechos. En The Law Firm of Aaron A. Herbert, entendemos el dolor, el estr\u00e9s y la incertidumbre que acompa\u00f1an a una lesi\u00f3n, y nos comprometemos a obtener la compensaci\u00f3n que necesitas para seguir adelante. Con un historial comprobado de \u00e9xito y un enfoque personalizado, nosotros nos encargamos de la batalla legal para que t\u00fa puedas concentrarte en tu recuperaci\u00f3n. No cobramos honorarios a menos que ganemos\u2014porque tu justicia es nuestra prioridad.<\/p>\n      <h3>AARON A. HERBERT<\/h3>\r\n    <\/div>\r\n  <\/div>\r\n<\/div>\r\n\u00a0<br \/><br \/><\/p>\r\n\r\n\r\n\r\n<h2 class=\"wp-block-heading\"><span class=\"ez-toc-section\" id=\"Danos_Especiales_O_Economicos\"><\/span>Da\u00f1os Especiales O Econ\u00f3micos<span class=\"ez-toc-section-end\"><\/span><\/h2>\r\n\r\n\r\n\r\n<p>Los da\u00f1os especiales son da\u00f1os econ\u00f3micos. Ha sido herido; sus facturas m\u00e9dicas deben ser pagadas, tanto ahora como en el futuro. Ha perdido tiempo de trabajo, necesita ser compensado por los ingresos que habr\u00eda tenido, pero por su lesi\u00f3n. No puede continuar con su carrera actual, ha perdido ganancias potenciales y beneficios futuros que usted y su familia estaban contando con. O tal vez su c\u00f3nyuge fue asesinado, y su familia perdi\u00f3 sus ingresos y servicios en el hogar y ahora debe contratar a alguien para manejar esas tareas.<\/p>\r\n\r\n\r\n\r\n<p>Esos son los grandes. Hay otros: recetas, dispositivos m\u00e9dicos, el costo de la renovaci\u00f3n de su hogar con una rampa de sillas de ruedas o ensanchamiento de puertas, el costo de un ascensor y tal vez controles de mano en su coche, el costo de un asistente de salud en el hogar para ayudar con su cuidado, muchas otros m\u00e1s. Estas son todas las p\u00e9rdidas econ\u00f3micas que puede cuantificar en d\u00f3lares mostrando facturas, recibos, registros de empleo y otra documentaci\u00f3n. Cuando se haya resuelto su caso, su cuenta bancaria y su capacidad para mantener su nivel de vida debe ser aproximadamente la misma que antes de su lesi\u00f3n o muerte injusta.<\/p>\r\n\r\n\r\n\r\n<h2 class=\"wp-block-heading\"><span class=\"ez-toc-section\" id=\"Danos_Generales_O_No_Economicos\"><\/span>Da\u00f1os Generales O No Econ\u00f3micos<span class=\"ez-toc-section-end\"><\/span><\/h2>\r\n\r\n\r\n\r\n<p>Los da\u00f1os no econ\u00f3micos o \u00abgenerales\u00bb son algo m\u00e1s complicados. Estas son las p\u00e9rdidas en su calidad de vida: dolor, sufrimiento, p\u00e9rdida de la independencia, desfiguraci\u00f3n, p\u00e9rdida de su capacidad para disfrutar de la vida, da\u00f1o a las relaciones familiares, angustia mental y otros. Estos no vienen con un precio f\u00e1cil de determinar, y var\u00edan de acuerdo a lo que su vida era como antes de su lesi\u00f3n. \u00bfTe gustaba jugar al b\u00e9isbol y tu brazo derecho fue\u00a0<strong>amputado<\/strong>? \u00bfSu \u00a0pasatiempo favorito era leer y perdi\u00f3 la vista? Estos da\u00f1os son muy reales, pero tambi\u00e9n son subjetivos.<\/p>\r\n\r\n\r\n\r\n<p>Si la justicia debe ser servida, usted necesita ser compensado por este tipo de da\u00f1os. Probablemente son m\u00e1s importantes para usted que cualquier da\u00f1o financiero.<br \/><div class=\"contact-shortcode-second\">\r\n    <h2><span class=\"ez-toc-section\" id=\"Dejanos_Pelear_Por_Ti\"><\/span>D\u00e9janos Pelear Por Ti<span class=\"ez-toc-section-end\"><\/span><\/h2>\n<h3>\u00bfNecesitas Ayuda? Cont\u00e1ctanos 24\/7<\/h3>\n    <div class=\"coman-btn-block\">\r\n        <a href=\"https:\/\/injuryattorneyofdallas.com\/es\/contacto\/\" class=\"coman-btn-one\">\r\n            Cont\u00e1ctanos        <\/a>\r\n        <a href=\"tel:18179044975\" class=\"coman-btn-second\">\r\n            <img decoding=\"async\" src=\"https:\/\/injuryattorneyoftexas.com\/wp-content\/uploads\/phone-icon-2.png\" alt=\"#\" width=\"\" height=\"\" class=\"img-fluid\" \/>\r\n            Ll\u00e1manos        <\/a>\r\n    <\/div>\r\n    <h4>Abogado de Lesiones Personales Certificado en Dallas<\/h4>\n<\/div><br \/><br \/><\/p>\r\n\r\n\r\n\r\n<h2 class=\"wp-block-heading\"><span class=\"ez-toc-section\" id=\"Danos_Ejemplares_O_Punitivos\"><\/span>Da\u00f1os Ejemplares O Punitivos<span class=\"ez-toc-section-end\"><\/span><\/h2>\r\n\r\n\r\n\r\n<p>Por \u00faltimo, en muy pocos casos, puede recibir el tercer tipo de da\u00f1os-punitivos o \u00abejemplares\u00bb da\u00f1os. Estos pueden ser otorgados por un jurado si el acto del acusado que caus\u00f3 su lesi\u00f3n mostr\u00f3 imprudencia descarada o desatenci\u00f3n flagrante por el bienestar de otro. Los da\u00f1os punitivos est\u00e1n dise\u00f1ados para castigar o hacer un ejemplo del malhechor, con la esperanza de disuadir ese tipo de comportamiento en el futuro, tanto del acusado como de otros que se dan cuenta de que las cosas pueden ser muy malas para ellos si muestran un descarado desprecio por otra gente.<\/p>\r\n\r\n\r\n\r\n<h2 class=\"wp-block-heading\"><span class=\"ez-toc-section\" id=\"El_Nivel_Superior_de_La_Defensa_Legal_Puede_Maximizar_Su_Recuperacion_de_Danos\"><\/span>El Nivel Superior de La Defensa Legal Puede Maximizar Su Recuperaci\u00f3n de Da\u00f1os<span class=\"ez-toc-section-end\"><\/span><\/h2>\r\n\r\n\r\n\r\n<p>Para obtener la mejor recuperaci\u00f3n posible de los da\u00f1os en su caso civil de lesiones personales o muerte por negligencia, s\u00f3lo debe proceder con la ayuda de un abogado de lesiones personales con experiencia. Busque un Especialista Certificado en la Prueba de Lesiones Personales certificado por la Junta de Especializaci\u00f3n Legal de Texas. De esa manera usted sabr\u00e1 que est\u00e1 siendo representado por un abogado con las calificaciones m\u00e1s altas posible-uno que ha sido cuidadosamente examinado y revisado por excelencia. Tambi\u00e9n compruebe la calificaci\u00f3n AVVO del abogado. La puntuaci\u00f3n m\u00e1s alta posible es 10 de 10. Y, por \u00faltimo, aseg\u00farese de que su abogado es experimentado y competente en la sala de justicia.<\/p>\r\n\r\n\r\n\r\n<h2 class=\"wp-block-heading\"><span class=\"ez-toc-section\" id=\"Recuperar_Danos_en_Su_Caso_de_Lesiones_de_Texas\"><\/span>Recuperar Da\u00f1os en Su Caso de Lesiones de Texas<span class=\"ez-toc-section-end\"><\/span><\/h2>\r\n\r\n\r\n\r\n<p>En Dallas, usted puede encontrar este alto nivel de representaci\u00f3n poni\u00e9ndose en contacto con el <a href=\"https:\/\/injuryattorneyofdallas.com\/es\/contacto\/\">bufete de abogados de Aaron Herbert<\/a>. Tiene 14 a\u00f1os de experiencia legal, est\u00e1 Certificado por la Junta en la Ley de\u00a0<strong>Lesiones Personales<\/strong>\u00a0y tiene la calificaci\u00f3n AVVO m\u00e1s alta posible. Llama hoy para una consulta gratuita.<br \/><div class=\"user-shortcode\" style=\"background: url(https:\/\/injuryattorneyofdallas.com\/wp-content\/uploads\/user-img-shortcode.jpg);\">\r\n  <div class=\"row\">\r\n    <div class=\"col-md-8\"> <h3>AARON A. HERBERT<\/h3>\n<p>Aaron A. Herbert es un abogado litigante reconocido por su defensa firme y agresiva en nombre de clientes que han sufrido lesiones graves en accidentes importantes. Con m\u00e1s de una d\u00e9cada de experiencia, ha construido una reputaci\u00f3n por obtener veredictos y acuerdos significativos, muchos de ellos bajo acuerdos de confidencialidad. Su pr\u00e1ctica se basa en la pasi\u00f3n, la preparaci\u00f3n y la perseverancia, con el objetivo de maximizar el valor del caso y reducir el estr\u00e9s del proceso legal para sus clientes. Revisa su perfil en <a href=\"https:\/\/lawyers.justia.com\/lawyer\/aaron-alan-herbert-237375\">Justia<\/a> y <a href=\"https:\/\/www.yelp.com\/biz\/law-firm-of-aaron-a-herbert-pc-dallas-5\">Yelp<\/a>.<\/p>\n <\/div>\r\n  <\/div>\r\n<\/div>\r\n<br \/><br \/><\/p>\r\n","protected":false},"excerpt":{"rendered":"<p>Da\u00f1os en Una Lesi\u00f3n Personal de Texas O Caso de Muerte Injusta Usted probablemente ha venido a este sitio web porque ha sufrido una lesi\u00f3n corporal, o porque ha perdido a un familiar cercano que ocurri\u00f3 debido a la\u00a0negligencia de otra persona, error u otra mala conducta. Si es as\u00ed, es posible que haya encontrado&#8230;<\/p>\n","protected":false},"author":2,"featured_media":0,"parent":0,"menu_order":0,"comment_status":"closed","ping_status":"closed","template":"","meta":{"_acf_changed":false,"footnotes":""},"class_list":["post-8071","page","type-page","status-publish","hentry"],"acf":[],"yoast_head":"<!-- This site is optimized with the Yoast SEO Premium plugin v26.9 (Yoast SEO v26.9) - https:\/\/yoast.com\/product\/yoast-seo-premium-wordpress\/ -->\n<title>Abogado de Da\u00f1os en Dallas<\/title>\n<meta name=\"description\" content=\"\u00bfSufri\u00f3 lesiones en un accidente? H\u00e1blenos sobre su caso hoy mismo llamando al 214.200.4878. Para una consulta gratuita\" \/>\n<meta name=\"robots\" content=\"index, follow, max-snippet:-1, max-image-preview:large, max-video-preview:-1\" \/>\n<link rel=\"canonical\" href=\"https:\/\/injuryattorneyofdallas.com\/es\/abogado-de-danos-en-dallas\/\" \/>\n<meta property=\"og:locale\" content=\"es_ES\" \/>\n<meta property=\"og:type\" content=\"article\" \/>\n<meta property=\"og:title\" content=\"Abogado de Da\u00f1os en Dallas\" \/>\n<meta property=\"og:description\" content=\"\u00bfSufri\u00f3 lesiones en un accidente? H\u00e1blenos sobre su caso hoy mismo llamando al 214.200.4878. Para una consulta gratuita\" \/>\n<meta property=\"og:url\" content=\"https:\/\/injuryattorneyofdallas.com\/es\/abogado-de-danos-en-dallas\/\" \/>\n<meta property=\"og:site_name\" content=\"Aaron Herbert - Abogado de Lesiones de Texas\" \/>\n<meta property=\"article:publisher\" content=\"https:\/\/www.facebook.com\/injuryattorneyoftexas\/\" \/>\n<meta property=\"article:modified_time\" content=\"2025-12-29T18:05:26+00:00\" \/>\n<meta name=\"twitter:card\" content=\"summary_large_image\" \/>\n<meta name=\"twitter:site\" content=\"@dallaspilawyer\" \/>\n<meta name=\"twitter:label1\" content=\"Tiempo de lectura\" \/>\n\t<meta name=\"twitter:data1\" content=\"5 minutos\" \/>\n<script type=\"application\/ld+json\" class=\"yoast-schema-graph\">{\"@context\":\"https:\/\/schema.org\",\"@graph\":[{\"@type\":\"WebPage\",\"@id\":\"https:\/\/injuryattorneyofdallas.com\/es\/abogado-de-danos-en-dallas\/\",\"url\":\"https:\/\/injuryattorneyofdallas.com\/es\/abogado-de-danos-en-dallas\/\",\"name\":\"Abogado de Da\u00f1os en Dallas\",\"isPartOf\":{\"@id\":\"https:\/\/injuryattorneyofdallas.com\/es\/#website\"},\"datePublished\":\"2024-09-02T07:30:41+00:00\",\"dateModified\":\"2025-12-29T18:05:26+00:00\",\"description\":\"\u00bfSufri\u00f3 lesiones en un accidente? H\u00e1blenos sobre su caso hoy mismo llamando al 214.200.4878. Para una consulta gratuita\",\"breadcrumb\":{\"@id\":\"https:\/\/injuryattorneyofdallas.com\/es\/abogado-de-danos-en-dallas\/#breadcrumb\"},\"inLanguage\":\"es\",\"potentialAction\":[{\"@type\":\"ReadAction\",\"target\":[\"https:\/\/injuryattorneyofdallas.com\/es\/abogado-de-danos-en-dallas\/\"]}]},{\"@type\":\"BreadcrumbList\",\"@id\":\"https:\/\/injuryattorneyofdallas.com\/es\/abogado-de-danos-en-dallas\/#breadcrumb\",\"itemListElement\":[{\"@type\":\"ListItem\",\"position\":1,\"name\":\"Dallas Personal Injury Lawyers\",\"item\":\"https:\/\/injuryattorneyofdallas.com\/es\/\"},{\"@type\":\"ListItem\",\"position\":2,\"name\":\"Abogado de Da\u00f1os en Dallas\"}]},{\"@type\":\"WebSite\",\"@id\":\"https:\/\/injuryattorneyofdallas.com\/es\/#website\",\"url\":\"https:\/\/injuryattorneyofdallas.com\/es\/\",\"name\":\"The Law Firm Of Aaron A Herbert, P.C.\",\"description\":\"Dallas Personal Injury Lawyer\",\"alternateName\":\"The Law Firm Of Aaron Herbert\",\"potentialAction\":[{\"@type\":\"SearchAction\",\"target\":{\"@type\":\"EntryPoint\",\"urlTemplate\":\"https:\/\/injuryattorneyofdallas.com\/es\/?s={search_term_string}\"},\"query-input\":{\"@type\":\"PropertyValueSpecification\",\"valueRequired\":true,\"valueName\":\"search_term_string\"}}],\"inLanguage\":\"es\"}]}<\/script>\n<!-- \/ Yoast SEO Premium plugin. -->","yoast_head_json":{"title":"Abogado de Da\u00f1os en Dallas","description":"\u00bfSufri\u00f3 lesiones en un accidente? H\u00e1blenos sobre su caso hoy mismo llamando al 214.200.4878. Para una consulta gratuita","robots":{"index":"index","follow":"follow","max-snippet":"max-snippet:-1","max-image-preview":"max-image-preview:large","max-video-preview":"max-video-preview:-1"},"canonical":"https:\/\/injuryattorneyofdallas.com\/es\/abogado-de-danos-en-dallas\/","og_locale":"es_ES","og_type":"article","og_title":"Abogado de Da\u00f1os en Dallas","og_description":"\u00bfSufri\u00f3 lesiones en un accidente? H\u00e1blenos sobre su caso hoy mismo llamando al 214.200.4878. Para una consulta gratuita","og_url":"https:\/\/injuryattorneyofdallas.com\/es\/abogado-de-danos-en-dallas\/","og_site_name":"Aaron Herbert - Abogado de Lesiones de Texas","article_publisher":"https:\/\/www.facebook.com\/injuryattorneyoftexas\/","article_modified_time":"2025-12-29T18:05:26+00:00","twitter_card":"summary_large_image","twitter_site":"@dallaspilawyer","twitter_misc":{"Tiempo de lectura":"5 minutos"},"schema":{"@context":"https:\/\/schema.org","@graph":[{"@type":"WebPage","@id":"https:\/\/injuryattorneyofdallas.com\/es\/abogado-de-danos-en-dallas\/","url":"https:\/\/injuryattorneyofdallas.com\/es\/abogado-de-danos-en-dallas\/","name":"Abogado de Da\u00f1os en Dallas","isPartOf":{"@id":"https:\/\/injuryattorneyofdallas.com\/es\/#website"},"datePublished":"2024-09-02T07:30:41+00:00","dateModified":"2025-12-29T18:05:26+00:00","description":"\u00bfSufri\u00f3 lesiones en un accidente? H\u00e1blenos sobre su caso hoy mismo llamando al 214.200.4878. Para una consulta gratuita","breadcrumb":{"@id":"https:\/\/injuryattorneyofdallas.com\/es\/abogado-de-danos-en-dallas\/#breadcrumb"},"inLanguage":"es","potentialAction":[{"@type":"ReadAction","target":["https:\/\/injuryattorneyofdallas.com\/es\/abogado-de-danos-en-dallas\/"]}]},{"@type":"BreadcrumbList","@id":"https:\/\/injuryattorneyofdallas.com\/es\/abogado-de-danos-en-dallas\/#breadcrumb","itemListElement":[{"@type":"ListItem","position":1,"name":"Dallas Personal Injury Lawyers","item":"https:\/\/injuryattorneyofdallas.com\/es\/"},{"@type":"ListItem","position":2,"name":"Abogado de Da\u00f1os en Dallas"}]},{"@type":"WebSite","@id":"https:\/\/injuryattorneyofdallas.com\/es\/#website","url":"https:\/\/injuryattorneyofdallas.com\/es\/","name":"The Law Firm Of Aaron A Herbert, P.C.","description":"Dallas Personal Injury Lawyer","alternateName":"The Law Firm Of Aaron Herbert","potentialAction":[{"@type":"SearchAction","target":{"@type":"EntryPoint","urlTemplate":"https:\/\/injuryattorneyofdallas.com\/es\/?s={search_term_string}"},"query-input":{"@type":"PropertyValueSpecification","valueRequired":true,"valueName":"search_term_string"}}],"inLanguage":"es"}]}},"_links":{"self":[{"href":"https:\/\/injuryattorneyofdallas.com\/es\/wp-json\/wp\/v2\/pages\/8071","targetHints":{"allow":["GET"]}}],"collection":[{"href":"https:\/\/injuryattorneyofdallas.com\/es\/wp-json\/wp\/v2\/pages"}],"about":[{"href":"https:\/\/injuryattorneyofdallas.com\/es\/wp-json\/wp\/v2\/types\/page"}],"author":[{"embeddable":true,"href":"https:\/\/injuryattorneyofdallas.com\/es\/wp-json\/wp\/v2\/users\/2"}],"replies":[{"embeddable":true,"href":"https:\/\/injuryattorneyofdallas.com\/es\/wp-json\/wp\/v2\/comments?post=8071"}],"version-history":[{"count":0,"href":"https:\/\/injuryattorneyofdallas.com\/es\/wp-json\/wp\/v2\/pages\/8071\/revisions"}],"wp:attachment":[{"href":"https:\/\/injuryattorneyofdallas.com\/es\/wp-json\/wp\/v2\/media?parent=8071"}],"curies":[{"name":"wp","href":"https:\/\/api.w.org\/{rel}","templated":true}]}}