{"id":8068,"date":"2024-09-02T01:22:27","date_gmt":"2024-09-02T07:22:27","guid":{"rendered":"https:\/\/aaronaherbert.wpenginepowered.com\/head-on-collision-lawyer-in-dallas\/"},"modified":"2025-12-26T15:42:29","modified_gmt":"2025-12-26T21:42:29","slug":"abogado-de-colision-frontal-de-dallas","status":"publish","type":"page","link":"https:\/\/injuryattorneyofdallas.com\/es\/abogado-de-colision-frontal-de-dallas\/","title":{"rendered":"Abogado de Colision Frontal de Dallas"},"content":{"rendered":"\r\n<p>581 personas murieron en colisiones frontales en las carreteras de Texas en 2014. Colisiones frontales ocurren cuando dos veh\u00edculos chocan nariz con nariz. Estos tipos de accidentes pueden ocurrir cuando un autom\u00f3vil est\u00e1 parado, pero suceden m\u00e1s a menudo cuando ambos coches conducen. La velocidad es un factor importante en la magnitud de los da\u00f1os y lesiones sufridos durante una colisi\u00f3n frontal, y muchas colisiones frontales de alta velocidad terminan en al menos una fatalidad.<\/p><div id=\"ez-toc-container\" class=\"ez-toc-v2_0_80 counter-hierarchy ez-toc-counter ez-toc-grey ez-toc-container-direction\">\n<div class=\"ez-toc-title-container\">\n<p class=\"ez-toc-title\" style=\"cursor:inherit\">Table of Contents<\/p>\n<span class=\"ez-toc-title-toggle\"><a href=\"#\" class=\"ez-toc-pull-right ez-toc-btn ez-toc-btn-xs ez-toc-btn-default ez-toc-toggle\" aria-label=\"Alternar tabla de contenidos\"><span class=\"ez-toc-js-icon-con\"><span class=\"\"><span class=\"eztoc-hide\" style=\"display:none;\">Toggle<\/span><span class=\"ez-toc-icon-toggle-span\"><svg style=\"fill: #999;color:#999\" xmlns=\"http:\/\/www.w3.org\/2000\/svg\" class=\"list-377408\" width=\"20px\" height=\"20px\" viewBox=\"0 0 24 24\" fill=\"none\"><path d=\"M6 6H4v2h2V6zm14 0H8v2h12V6zM4 11h2v2H4v-2zm16 0H8v2h12v-2zM4 16h2v2H4v-2zm16 0H8v2h12v-2z\" fill=\"currentColor\"><\/path><\/svg><svg style=\"fill: #999;color:#999\" class=\"arrow-unsorted-368013\" xmlns=\"http:\/\/www.w3.org\/2000\/svg\" width=\"10px\" height=\"10px\" viewBox=\"0 0 24 24\" version=\"1.2\" baseProfile=\"tiny\"><path d=\"M18.2 9.3l-6.2-6.3-6.2 6.3c-.2.2-.3.4-.3.7s.1.5.3.7c.2.2.4.3.7.3h11c.3 0 .5-.1.7-.3.2-.2.3-.5.3-.7s-.1-.5-.3-.7zM5.8 14.7l6.2 6.3 6.2-6.3c.2-.2.3-.5.3-.7s-.1-.5-.3-.7c-.2-.2-.4-.3-.7-.3h-11c-.3 0-.5.1-.7.3-.2.2-.3.5-.3.7s.1.5.3.7z\"\/><\/svg><\/span><\/span><\/span><\/a><\/span><\/div>\n<nav><ul class='ez-toc-list ez-toc-list-level-1 ' ><li class='ez-toc-page-1 ez-toc-heading-level-2'><a class=\"ez-toc-link ez-toc-heading-1\" href=\"https:\/\/injuryattorneyofdallas.com\/es\/abogado-de-colision-frontal-de-dallas\/#Obten_una_Consulta_Legal_Gratis\" >Obt\u00e9n una Consulta Legal Gratis<\/a><\/li><li class='ez-toc-page-1 ez-toc-heading-level-2'><a class=\"ez-toc-link ez-toc-heading-2\" href=\"https:\/\/injuryattorneyofdallas.com\/es\/abogado-de-colision-frontal-de-dallas\/#Enfrentando_LA_SECUELAS_de_colisiones_frontales\" >Enfrentando LA SECUELAS de colisiones frontales<\/a><\/li><li class='ez-toc-page-1 ez-toc-heading-level-2'><a class=\"ez-toc-link ez-toc-heading-3\" href=\"https:\/\/injuryattorneyofdallas.com\/es\/abogado-de-colision-frontal-de-dallas\/#DETERMINACION_DE_LA_RESPONSABILIDAD_EN_UNA_COLISION_FRONTAL\" >DETERMINACI\u00d3N DE LA RESPONSABILIDAD EN UNA COLISI\u00d3N FRONTAL<\/a><\/li><li class='ez-toc-page-1 ez-toc-heading-level-2'><a class=\"ez-toc-link ez-toc-heading-4\" href=\"https:\/\/injuryattorneyofdallas.com\/es\/abogado-de-colision-frontal-de-dallas\/#Dejanos_Pelear_Por_Ti\" >D\u00e9janos Pelear Por Ti<\/a><\/li><li class='ez-toc-page-1 ez-toc-heading-level-2'><a class=\"ez-toc-link ez-toc-heading-5\" href=\"https:\/\/injuryattorneyofdallas.com\/es\/abogado-de-colision-frontal-de-dallas\/#QUE_HACER_DESPUES_DE_UN_ACCIDENTE\" >QU\u00c9 HACER DESPU\u00c9S DE UN ACCIDENTE<\/a><\/li><\/ul><\/nav><\/div>\n\r\n\r\n\r\n\r\n<p>Las colisiones frontales pueden ocurrir por una variedad de razones. Las personas que no est\u00e1n familiarizadas con las calles unidireccionales pueden rechazarlas sin saberlo. Manejar descuidadamente en estacionamientos o hacer un giro a la izquierda en el momento equivocado tambi\u00e9n puede causar un accidente. Muchos de estos accidentes ocurren cuando un veh\u00edculo cruza la l\u00ednea en tr\u00e1fico opuesto. Muy a menudo, una distracci\u00f3n u otro conducta de<a href=\"https:\/\/injuryattorneyofdallas.com\/es\/abogado-de-accidentes-de-conduccion-destraida-en-dallas\/\"> conducci\u00f3n descuidada<\/a> es la culpa del accidente, y las v\u00edctimas se dejan luchando con facturas m\u00e9dicas, costos de da\u00f1os a la propiedad y tratamientos en curso.<br \/><div class=\"contact-shortcode\">\r\n  <div class=\"row\">\r\n    <div class=\"col-md-4  align-self-center\"> <h2><span class=\"ez-toc-section\" id=\"Obten_una_Consulta_Legal_Gratis\"><\/span>Obt\u00e9n una Consulta Legal Gratis<span class=\"ez-toc-section-end\"><\/span><\/h2>\n <\/div>\r\n    <div class=\"col-md-8  align-self-center\">\r\n      <div class=\"coman-btn-block\"> <a href=\"https:\/\/injuryattorneyofdallas.com\/es\/contacto\/\" class=\"coman-btn-one\">Cont\u00e1ctenos<\/a> <a href=\"tel:18179044975\" class=\"coman-btn-second\"> <img decoding=\"async\" src=\"https:\/\/injuryattorneyoftexas.com\/wp-content\/uploads\/phone-icon-2.png\" alt=\"#\" width=\"\" height=\"\" class=\"img-fluid\"\/> Ll\u00e1manos<\/a> <\/div>\r\n    <\/div>\r\n  <\/div>\r\n<\/div>\r\n<br \/><br \/><\/p>\r\n\r\n\r\n\r\n<h2 class=\"wp-block-heading\"><span class=\"ez-toc-section\" id=\"Enfrentando_LA_SECUELAS_de_colisiones_frontales\"><\/span>Enfrentando LA SECUELAS de colisiones frontales<span class=\"ez-toc-section-end\"><\/span><\/h2>\r\n\r\n\r\n\r\n<p>Los supervivientes de colisi\u00f3n frontal enfrentan un mayor riesgo de lesiones catastr\u00f3ficas. Lesiones de la m\u00e9dula espinal, quemaduras y lesiones cerebrales traum\u00e1ticas pueden cambiar la vida de una persona para siempre. La gravedad de las lesiones puede variar ampliamente en estos casos, pero muchos pueden dejar a las v\u00edctimas con costos exorbitantes, p\u00e9rdida de ingresos,\u00a0<a href=\"https:\/\/injuryattorneyofdallas.com\/es\/abogado-de-lesiones-de-la-medula-espinal-en-dallas\/\">lesi\u00f3n de la m\u00e9dula espinal<\/a>\u00a0y \/ o sufrimiento emocional.<\/p>\r\n\r\n\r\n\r\n<p>Cuando un comportamiento negligente es responsable de una colisi\u00f3n frontal, las v\u00edctimas de accidentes pueden perseguir la justicia en una\u00a0demanda por lesiones personales. Si usted o un ser querido ha resultado herido en una colisi\u00f3n frontal, un abogado de lesiones personales puede ayudarle a responsabilizar al responsable y obtener la compensaci\u00f3n que usted merece para cubrir sus gastos relacionados. El nivel de experiencia de su abogado puede hacer una diferencia en si usted paga de su bolsillo o obtener un acuerdo que puede ayudarle a volver a su vida.<\/p>\r\n\r\n\r\n\r\n<p>Su primera prioridad despu\u00e9s de un accidente automovil\u00edstico debe ser de estar mejorando y seguir adelante. Los abogados del Bufete de Abogados de Aaron A. Herbert en Dallas tienen la experiencia de tratar directamente con sus ajustadores de seguros, encontrar atenci\u00f3n m\u00e9dica de calidad y seguir investigaciones de terceros para determinar la verdad en su caso. Herbert tiene una historia de la negociaci\u00f3n de miles de casos a una conclusi\u00f3n exitosa y tiene una reputaci\u00f3n en esta l\u00ednea de trabajo para su representaci\u00f3n del cliente.<br \/><div class=\"user-shortcode-second\" style=\"background: url(https:\/\/injuryattorneyofdallas.com\/wp-content\/uploads\/user-img-shortcode-second.jpg);\">\r\n  <div class=\"row justify-content-end\">\r\n    <div class=\"col-md-8\"> <p>Cuando has resultado lesionado debido a la negligencia de otra persona, mereces m\u00e1s que solo representaci\u00f3n legal: mereces un defensor que luche incansablemente por tus derechos. En The Law Firm of Aaron A. Herbert, entendemos el dolor, el estr\u00e9s y la incertidumbre que acompa\u00f1an a una lesi\u00f3n, y nos comprometemos a obtener la compensaci\u00f3n que necesitas para seguir adelante. Con un historial comprobado de \u00e9xito y un enfoque personalizado, nosotros nos encargamos de la batalla legal para que t\u00fa puedas concentrarte en tu recuperaci\u00f3n. No cobramos honorarios a menos que ganemos\u2014porque tu justicia es nuestra prioridad.<\/p>\n      <h3>AARON A. HERBERT<\/h3>\r\n    <\/div>\r\n  <\/div>\r\n<\/div>\r\n\u00a0<br \/><br \/><\/p>\r\n\r\n\r\n\r\n<h2 class=\"wp-block-heading\"><span class=\"ez-toc-section\" id=\"DETERMINACION_DE_LA_RESPONSABILIDAD_EN_UNA_COLISION_FRONTAL\"><\/span>DETERMINACI\u00d3N DE LA RESPONSABILIDAD EN UNA COLISI\u00d3N FRONTAL<span class=\"ez-toc-section-end\"><\/span><\/h2>\r\n\r\n\r\n\r\n<p>Los casos de colisi\u00f3n frontal pueden o no ser sencillos. Factores como el clima, la hora del d\u00eda, y las condiciones de la carretera todos juegan un papel en la determinaci\u00f3n de falla en una colisi\u00f3n frontal. Cuando nuestros abogados asumen su caso, usamos un equipo de expertos para investigar y preservar la evidencia para que podamos desarrollar un caso para la cantidad m\u00e1xima de compensaci\u00f3n disponible. Herbert es uno de un distinguido 2% de los abogados en el estado que est\u00e1n certificados por la junta en la ley de lesiones personales. Su experiencia y su compromiso de luchar por los derechos de sus clientes separan a nuestra firma de abogados de otras compa\u00f1\u00edas de Dallas.<br \/><div class=\"contact-shortcode-second\">\r\n    <h2><span class=\"ez-toc-section\" id=\"Dejanos_Pelear_Por_Ti\"><\/span>D\u00e9janos Pelear Por Ti<span class=\"ez-toc-section-end\"><\/span><\/h2>\n<h3>\u00bfNecesitas Ayuda? Cont\u00e1ctanos 24\/7<\/h3>\n    <div class=\"coman-btn-block\">\r\n        <a href=\"https:\/\/injuryattorneyofdallas.com\/es\/contacto\/\" class=\"coman-btn-one\">\r\n            Cont\u00e1ctanos        <\/a>\r\n        <a href=\"tel:18179044975\" class=\"coman-btn-second\">\r\n            <img decoding=\"async\" src=\"https:\/\/injuryattorneyoftexas.com\/wp-content\/uploads\/phone-icon-2.png\" alt=\"#\" width=\"\" height=\"\" class=\"img-fluid\" \/>\r\n            Ll\u00e1manos        <\/a>\r\n    <\/div>\r\n    <h4>Abogado de Lesiones Personales Certificado en Dallas<\/h4>\n<\/div><br \/><br \/><\/p>\r\n\r\n\r\n\r\n<h2 class=\"wp-block-heading\"><span class=\"ez-toc-section\" id=\"QUE_HACER_DESPUES_DE_UN_ACCIDENTE\"><\/span>QU\u00c9 HACER DESPU\u00c9S DE UN ACCIDENTE<span class=\"ez-toc-section-end\"><\/span><\/h2>\r\n\r\n\r\n\r\n<p>Despu\u00e9s de un accidente, puede ser bombardeado con llamadas de ajustadores de seguros y otros profesionales. El proceso puede ser abrumador. Le instamos a que contacte a un abogado para una consulta gratuita antes de dar cualquier detalle a un representante de seguros. Guarde todas sus facturas m\u00e9dicas y documente tanta evidencia como pueda. Adem\u00e1s de luchar por su caso contra la parte err\u00f3nea, tambi\u00e9n podemos hacer que tratar con los ajustadores de reclamos y representantes sea m\u00e1s f\u00e1cil. Aseg\u00farese de que est\u00e1 recibiendo la compensaci\u00f3n que usted merece despu\u00e9s de ser herido en una colisi\u00f3n frontal.<\/p>\r\n\r\n\r\n\r\n<p>Como un bufete de abogados de lesiones personales, nuestro equipo opera sobre una base de contingencia. A menos que obtengamos una compensaci\u00f3n en su nombre, no tendr\u00e1 que pagar nada. Obtenga m\u00e1s informaci\u00f3n sobre su posible caso en Dallas y alrededores, poni\u00e9ndose en contacto con nosotros hoy para programar una consulta gratuita.<br \/><div class=\"user-shortcode\" style=\"background: url(https:\/\/injuryattorneyofdallas.com\/wp-content\/uploads\/user-img-shortcode.jpg);\">\r\n  <div class=\"row\">\r\n    <div class=\"col-md-8\"> <h3>AARON A. HERBERT<\/h3>\n<p>Aaron A. Herbert es un abogado litigante reconocido por su defensa firme y agresiva en nombre de clientes que han sufrido lesiones graves en accidentes importantes. Con m\u00e1s de una d\u00e9cada de experiencia, ha construido una reputaci\u00f3n por obtener veredictos y acuerdos significativos, muchos de ellos bajo acuerdos de confidencialidad. Su pr\u00e1ctica se basa en la pasi\u00f3n, la preparaci\u00f3n y la perseverancia, con el objetivo de maximizar el valor del caso y reducir el estr\u00e9s del proceso legal para sus clientes. Revisa su perfil en <a href=\"https:\/\/lawyers.justia.com\/lawyer\/aaron-alan-herbert-237375\">Justia<\/a> y <a href=\"https:\/\/www.yelp.com\/biz\/law-firm-of-aaron-a-herbert-pc-dallas-5\">Yelp<\/a>.<\/p>\n <\/div>\r\n  <\/div>\r\n<\/div>\r\n<br \/><br \/><\/p>\r\n","protected":false},"excerpt":{"rendered":"<p>581 personas murieron en colisiones frontales en las carreteras de Texas en 2014. Colisiones frontales ocurren cuando dos veh\u00edculos chocan nariz con nariz. Estos tipos de accidentes pueden ocurrir cuando un autom\u00f3vil est\u00e1 parado, pero suceden m\u00e1s a menudo cuando ambos coches conducen. La velocidad es un factor importante en la magnitud de los da\u00f1os&#8230;<\/p>\n","protected":false},"author":2,"featured_media":0,"parent":0,"menu_order":0,"comment_status":"closed","ping_status":"closed","template":"","meta":{"_acf_changed":false,"footnotes":""},"class_list":["post-8068","page","type-page","status-publish","hentry"],"acf":[],"yoast_head":"<!-- This site is optimized with the Yoast SEO Premium plugin v26.9 (Yoast SEO v26.9) - https:\/\/yoast.com\/product\/yoast-seo-premium-wordpress\/ -->\n<title>Abogado de Colision Frontal de Dallas<\/title>\n<meta name=\"description\" content=\"Los accidentes frontales son devastadores y suelen ocurrir debido a la negligencia de otro conductor o alguna falla. Ll\u00e1menos al 214.200.4878.\" \/>\n<meta name=\"robots\" content=\"index, follow, max-snippet:-1, max-image-preview:large, max-video-preview:-1\" \/>\n<link rel=\"canonical\" href=\"https:\/\/injuryattorneyofdallas.com\/es\/abogado-de-colision-frontal-de-dallas\/\" \/>\n<meta property=\"og:locale\" content=\"es_ES\" \/>\n<meta property=\"og:type\" content=\"article\" \/>\n<meta property=\"og:title\" content=\"Abogado de Colision Frontal de Dallas\" \/>\n<meta property=\"og:description\" content=\"Los accidentes frontales son devastadores y suelen ocurrir debido a la negligencia de otro conductor o alguna falla. Ll\u00e1menos al 214.200.4878.\" \/>\n<meta property=\"og:url\" content=\"https:\/\/injuryattorneyofdallas.com\/es\/abogado-de-colision-frontal-de-dallas\/\" \/>\n<meta property=\"og:site_name\" content=\"Aaron Herbert - Abogado de Lesiones de Texas\" \/>\n<meta property=\"article:publisher\" content=\"https:\/\/www.facebook.com\/injuryattorneyoftexas\/\" \/>\n<meta property=\"article:modified_time\" content=\"2025-12-26T21:42:29+00:00\" \/>\n<meta name=\"twitter:card\" content=\"summary_large_image\" \/>\n<meta name=\"twitter:site\" content=\"@dallaspilawyer\" \/>\n<meta name=\"twitter:label1\" content=\"Tiempo de lectura\" \/>\n\t<meta name=\"twitter:data1\" content=\"4 minutos\" \/>\n<script type=\"application\/ld+json\" class=\"yoast-schema-graph\">{\"@context\":\"https:\/\/schema.org\",\"@graph\":[{\"@type\":\"WebPage\",\"@id\":\"https:\/\/injuryattorneyofdallas.com\/es\/abogado-de-colision-frontal-de-dallas\/\",\"url\":\"https:\/\/injuryattorneyofdallas.com\/es\/abogado-de-colision-frontal-de-dallas\/\",\"name\":\"Abogado de Colision Frontal de Dallas\",\"isPartOf\":{\"@id\":\"https:\/\/injuryattorneyofdallas.com\/es\/#website\"},\"datePublished\":\"2024-09-02T07:22:27+00:00\",\"dateModified\":\"2025-12-26T21:42:29+00:00\",\"description\":\"Los accidentes frontales son devastadores y suelen ocurrir debido a la negligencia de otro conductor o alguna falla. Ll\u00e1menos al 214.200.4878.\",\"breadcrumb\":{\"@id\":\"https:\/\/injuryattorneyofdallas.com\/es\/abogado-de-colision-frontal-de-dallas\/#breadcrumb\"},\"inLanguage\":\"es\",\"potentialAction\":[{\"@type\":\"ReadAction\",\"target\":[\"https:\/\/injuryattorneyofdallas.com\/es\/abogado-de-colision-frontal-de-dallas\/\"]}]},{\"@type\":\"BreadcrumbList\",\"@id\":\"https:\/\/injuryattorneyofdallas.com\/es\/abogado-de-colision-frontal-de-dallas\/#breadcrumb\",\"itemListElement\":[{\"@type\":\"ListItem\",\"position\":1,\"name\":\"Dallas Personal Injury Lawyers\",\"item\":\"https:\/\/injuryattorneyofdallas.com\/es\/\"},{\"@type\":\"ListItem\",\"position\":2,\"name\":\"Abogado de Colision Frontal de Dallas\"}]},{\"@type\":\"WebSite\",\"@id\":\"https:\/\/injuryattorneyofdallas.com\/es\/#website\",\"url\":\"https:\/\/injuryattorneyofdallas.com\/es\/\",\"name\":\"The Law Firm Of Aaron A Herbert, P.C.\",\"description\":\"Dallas Personal Injury Lawyer\",\"alternateName\":\"The Law Firm Of Aaron Herbert\",\"potentialAction\":[{\"@type\":\"SearchAction\",\"target\":{\"@type\":\"EntryPoint\",\"urlTemplate\":\"https:\/\/injuryattorneyofdallas.com\/es\/?s={search_term_string}\"},\"query-input\":{\"@type\":\"PropertyValueSpecification\",\"valueRequired\":true,\"valueName\":\"search_term_string\"}}],\"inLanguage\":\"es\"}]}<\/script>\n<!-- \/ Yoast SEO Premium plugin. -->","yoast_head_json":{"title":"Abogado de Colision Frontal de Dallas","description":"Los accidentes frontales son devastadores y suelen ocurrir debido a la negligencia de otro conductor o alguna falla. Ll\u00e1menos al 214.200.4878.","robots":{"index":"index","follow":"follow","max-snippet":"max-snippet:-1","max-image-preview":"max-image-preview:large","max-video-preview":"max-video-preview:-1"},"canonical":"https:\/\/injuryattorneyofdallas.com\/es\/abogado-de-colision-frontal-de-dallas\/","og_locale":"es_ES","og_type":"article","og_title":"Abogado de Colision Frontal de Dallas","og_description":"Los accidentes frontales son devastadores y suelen ocurrir debido a la negligencia de otro conductor o alguna falla. Ll\u00e1menos al 214.200.4878.","og_url":"https:\/\/injuryattorneyofdallas.com\/es\/abogado-de-colision-frontal-de-dallas\/","og_site_name":"Aaron Herbert - Abogado de Lesiones de Texas","article_publisher":"https:\/\/www.facebook.com\/injuryattorneyoftexas\/","article_modified_time":"2025-12-26T21:42:29+00:00","twitter_card":"summary_large_image","twitter_site":"@dallaspilawyer","twitter_misc":{"Tiempo de lectura":"4 minutos"},"schema":{"@context":"https:\/\/schema.org","@graph":[{"@type":"WebPage","@id":"https:\/\/injuryattorneyofdallas.com\/es\/abogado-de-colision-frontal-de-dallas\/","url":"https:\/\/injuryattorneyofdallas.com\/es\/abogado-de-colision-frontal-de-dallas\/","name":"Abogado de Colision Frontal de Dallas","isPartOf":{"@id":"https:\/\/injuryattorneyofdallas.com\/es\/#website"},"datePublished":"2024-09-02T07:22:27+00:00","dateModified":"2025-12-26T21:42:29+00:00","description":"Los accidentes frontales son devastadores y suelen ocurrir debido a la negligencia de otro conductor o alguna falla. Ll\u00e1menos al 214.200.4878.","breadcrumb":{"@id":"https:\/\/injuryattorneyofdallas.com\/es\/abogado-de-colision-frontal-de-dallas\/#breadcrumb"},"inLanguage":"es","potentialAction":[{"@type":"ReadAction","target":["https:\/\/injuryattorneyofdallas.com\/es\/abogado-de-colision-frontal-de-dallas\/"]}]},{"@type":"BreadcrumbList","@id":"https:\/\/injuryattorneyofdallas.com\/es\/abogado-de-colision-frontal-de-dallas\/#breadcrumb","itemListElement":[{"@type":"ListItem","position":1,"name":"Dallas Personal Injury Lawyers","item":"https:\/\/injuryattorneyofdallas.com\/es\/"},{"@type":"ListItem","position":2,"name":"Abogado de Colision Frontal de Dallas"}]},{"@type":"WebSite","@id":"https:\/\/injuryattorneyofdallas.com\/es\/#website","url":"https:\/\/injuryattorneyofdallas.com\/es\/","name":"The Law Firm Of Aaron A Herbert, P.C.","description":"Dallas Personal Injury Lawyer","alternateName":"The Law Firm Of Aaron Herbert","potentialAction":[{"@type":"SearchAction","target":{"@type":"EntryPoint","urlTemplate":"https:\/\/injuryattorneyofdallas.com\/es\/?s={search_term_string}"},"query-input":{"@type":"PropertyValueSpecification","valueRequired":true,"valueName":"search_term_string"}}],"inLanguage":"es"}]}},"_links":{"self":[{"href":"https:\/\/injuryattorneyofdallas.com\/es\/wp-json\/wp\/v2\/pages\/8068","targetHints":{"allow":["GET"]}}],"collection":[{"href":"https:\/\/injuryattorneyofdallas.com\/es\/wp-json\/wp\/v2\/pages"}],"about":[{"href":"https:\/\/injuryattorneyofdallas.com\/es\/wp-json\/wp\/v2\/types\/page"}],"author":[{"embeddable":true,"href":"https:\/\/injuryattorneyofdallas.com\/es\/wp-json\/wp\/v2\/users\/2"}],"replies":[{"embeddable":true,"href":"https:\/\/injuryattorneyofdallas.com\/es\/wp-json\/wp\/v2\/comments?post=8068"}],"version-history":[{"count":0,"href":"https:\/\/injuryattorneyofdallas.com\/es\/wp-json\/wp\/v2\/pages\/8068\/revisions"}],"wp:attachment":[{"href":"https:\/\/injuryattorneyofdallas.com\/es\/wp-json\/wp\/v2\/media?parent=8068"}],"curies":[{"name":"wp","href":"https:\/\/api.w.org\/{rel}","templated":true}]}}