{"id":8063,"date":"2024-09-02T01:00:16","date_gmt":"2024-09-02T07:00:16","guid":{"rendered":"https:\/\/aaronaherbert.wpenginepowered.com\/dallas-slip-and-fall-injury-attorney\/"},"modified":"2025-12-29T12:03:51","modified_gmt":"2025-12-29T18:03:51","slug":"abogado-de-caidas-y-resbalones-en-dallas","status":"publish","type":"page","link":"https:\/\/injuryattorneyofdallas.com\/es\/abogado-de-caidas-y-resbalones-en-dallas\/","title":{"rendered":"Abogado de Ca\u00eddas Y Resbalones en Dallas"},"content":{"rendered":"\r\n<p>Los accidentes de resbal\u00f3n y ca\u00edda pueden ocurrir por una serie de razones, y suceden m\u00e1s a menudo de lo que piensan. En el primer pensamiento, usted puede ser que piense que las lesiones del resbal\u00f3n y de la ca\u00edda no son tan serias. Lamentablemente, en la mayor\u00eda de los casos, son, y tienden a resultar en trabajo perdido y montones de facturas m\u00e9dicas. Incluso una peque\u00f1a torcedura puede iniciar al tiempo fuera del trabajo y cientos de d\u00f3lares en gastos m\u00e9dicos.\u00a0 Adem\u00e1s, los accidentes de deslizamiento y ca\u00edda se vuelven m\u00e1s comunes a medida que envejecemos, y las lesiones llegan a ser m\u00e1s graves.<\/p><div id=\"ez-toc-container\" class=\"ez-toc-v2_0_80 counter-hierarchy ez-toc-counter ez-toc-grey ez-toc-container-direction\">\n<div class=\"ez-toc-title-container\">\n<p class=\"ez-toc-title\" style=\"cursor:inherit\">Table of Contents<\/p>\n<span class=\"ez-toc-title-toggle\"><a href=\"#\" class=\"ez-toc-pull-right ez-toc-btn ez-toc-btn-xs ez-toc-btn-default ez-toc-toggle\" aria-label=\"Alternar tabla de contenidos\"><span class=\"ez-toc-js-icon-con\"><span class=\"\"><span class=\"eztoc-hide\" style=\"display:none;\">Toggle<\/span><span class=\"ez-toc-icon-toggle-span\"><svg style=\"fill: #999;color:#999\" xmlns=\"http:\/\/www.w3.org\/2000\/svg\" class=\"list-377408\" width=\"20px\" height=\"20px\" viewBox=\"0 0 24 24\" fill=\"none\"><path d=\"M6 6H4v2h2V6zm14 0H8v2h12V6zM4 11h2v2H4v-2zm16 0H8v2h12v-2zM4 16h2v2H4v-2zm16 0H8v2h12v-2z\" fill=\"currentColor\"><\/path><\/svg><svg style=\"fill: #999;color:#999\" class=\"arrow-unsorted-368013\" xmlns=\"http:\/\/www.w3.org\/2000\/svg\" width=\"10px\" height=\"10px\" viewBox=\"0 0 24 24\" version=\"1.2\" baseProfile=\"tiny\"><path d=\"M18.2 9.3l-6.2-6.3-6.2 6.3c-.2.2-.3.4-.3.7s.1.5.3.7c.2.2.4.3.7.3h11c.3 0 .5-.1.7-.3.2-.2.3-.5.3-.7s-.1-.5-.3-.7zM5.8 14.7l6.2 6.3 6.2-6.3c.2-.2.3-.5.3-.7s-.1-.5-.3-.7c-.2-.2-.4-.3-.7-.3h-11c-.3 0-.5.1-.7.3-.2.2-.3.5-.3.7s.1.5.3.7z\"\/><\/svg><\/span><\/span><\/span><\/a><\/span><\/div>\n<nav><ul class='ez-toc-list ez-toc-list-level-1 ' ><li class='ez-toc-page-1 ez-toc-heading-level-2'><a class=\"ez-toc-link ez-toc-heading-1\" href=\"https:\/\/injuryattorneyofdallas.com\/es\/abogado-de-caidas-y-resbalones-en-dallas\/#Ocurridos_Anuales_de_Las_Lesiones_en_el_Deslizamiento_Y_la_Caida\" >Ocurridos Anuales de Las Lesiones en el Deslizamiento Y la Ca\u00edda<\/a><\/li><li class='ez-toc-page-1 ez-toc-heading-level-2'><a class=\"ez-toc-link ez-toc-heading-2\" href=\"https:\/\/injuryattorneyofdallas.com\/es\/abogado-de-caidas-y-resbalones-en-dallas\/#Obten_una_Consulta_Legal_Gratis\" >Obt\u00e9n una Consulta Legal Gratis<\/a><\/li><li class='ez-toc-page-1 ez-toc-heading-level-2'><a class=\"ez-toc-link ez-toc-heading-3\" href=\"https:\/\/injuryattorneyofdallas.com\/es\/abogado-de-caidas-y-resbalones-en-dallas\/#Huesos_Quebrados_en_Accidentes_de_Deslizamiento_Y_Caidas\" >Huesos Quebrados en Accidentes de Deslizamiento Y Ca\u00eddas<\/a><\/li><li class='ez-toc-page-1 ez-toc-heading-level-2'><a class=\"ez-toc-link ez-toc-heading-4\" href=\"https:\/\/injuryattorneyofdallas.com\/es\/abogado-de-caidas-y-resbalones-en-dallas\/#Lesiones_de_La_Medula_Espinal_Despues_de_Una_Caida\" >Lesiones de La M\u00e9dula Espinal Despu\u00e9s de Una Ca\u00edda<\/a><\/li><li class='ez-toc-page-1 ez-toc-heading-level-2'><a class=\"ez-toc-link ez-toc-heading-5\" href=\"https:\/\/injuryattorneyofdallas.com\/es\/abogado-de-caidas-y-resbalones-en-dallas\/#Lesiones_Cerebrales_Traumaticas_de_un_Deslizamiento_Y_Caida\" >Lesiones Cerebrales Traum\u00e1ticas de un Deslizamiento Y Ca\u00edda<\/a><\/li><li class='ez-toc-page-1 ez-toc-heading-level-2'><a class=\"ez-toc-link ez-toc-heading-6\" href=\"https:\/\/injuryattorneyofdallas.com\/es\/abogado-de-caidas-y-resbalones-en-dallas\/#%C2%BFEra_Su_Accidente_Por_Negligencia\" >\u00bfEra Su Accidente Por Negligencia?<\/a><\/li><li class='ez-toc-page-1 ez-toc-heading-level-2'><a class=\"ez-toc-link ez-toc-heading-7\" href=\"https:\/\/injuryattorneyofdallas.com\/es\/abogado-de-caidas-y-resbalones-en-dallas\/#Dejanos_Pelear_Por_Ti\" >D\u00e9janos Pelear Por Ti<\/a><\/li><li class='ez-toc-page-1 ez-toc-heading-level-2'><a class=\"ez-toc-link ez-toc-heading-8\" href=\"https:\/\/injuryattorneyofdallas.com\/es\/abogado-de-caidas-y-resbalones-en-dallas\/#Trabaje_Con_un_Abogado_de_Resbalon_Y_Caida_Compasionado_de_Texas\" >Trabaje Con un Abogado de Resbal\u00f3n Y Ca\u00edda Compasionado de Texas<\/a><\/li><\/ul><\/nav><\/div>\n\r\n\r\n\r\n\r\n<h2 class=\"wp-block-heading\"><span class=\"ez-toc-section\" id=\"Ocurridos_Anuales_de_Las_Lesiones_en_el_Deslizamiento_Y_la_Caida\"><\/span>Ocurridos Anuales de Las Lesiones en el Deslizamiento Y la Ca\u00edda<span class=\"ez-toc-section-end\"><\/span><\/h2>\r\n\r\n\r\n\r\n<p>M\u00e1s de\u00a0<strong>8 millones de Estadounidenses<\/strong>\u00a0visitan la sala de emergencia cada a\u00f1o debido a ca\u00eddas. El deslizamiento y ca\u00eddas en particular representan m\u00e1s de 1 mill\u00f3n de estas visitas. Ya sea en casa, en el <a href=\"https:\/\/injuryattorneyofdallas.com\/es\/abogado-de-lesiones-y-accidente-de-trabajo-en-dallas\/\">trabajo<\/a>, o en p\u00fablico haciendo sus diligencias diarias, deslizamiento y ca\u00eddas pueden ocurrir y ocurren en casi cualquier lugar. Independientemente de d\u00f3nde y c\u00f3mo ocurre, algunas de las lesiones m\u00e1s graves suelen incluir huesos rotos, lesiones de la m\u00e9dula espinal y lesiones cerebrales traum\u00e1ticas.<br \/><div class=\"contact-shortcode\">\r\n  <div class=\"row\">\r\n    <div class=\"col-md-4  align-self-center\"> <h2><span class=\"ez-toc-section\" id=\"Obten_una_Consulta_Legal_Gratis\"><\/span>Obt\u00e9n una Consulta Legal Gratis<span class=\"ez-toc-section-end\"><\/span><\/h2>\n <\/div>\r\n    <div class=\"col-md-8  align-self-center\">\r\n      <div class=\"coman-btn-block\"> <a href=\"https:\/\/injuryattorneyofdallas.com\/es\/contacto\/\" class=\"coman-btn-one\">Cont\u00e1ctenos<\/a> <a href=\"tel:18179044975\" class=\"coman-btn-second\"> <img decoding=\"async\" src=\"https:\/\/injuryattorneyoftexas.com\/wp-content\/uploads\/phone-icon-2.png\" alt=\"#\" width=\"\" height=\"\" class=\"img-fluid\"\/> Ll\u00e1manos<\/a> <\/div>\r\n    <\/div>\r\n  <\/div>\r\n<\/div>\r\n<br \/><br \/><\/p>\r\n\r\n\r\n\r\n<h2 class=\"wp-block-heading\"><span class=\"ez-toc-section\" id=\"Huesos_Quebrados_en_Accidentes_de_Deslizamiento_Y_Caidas\"><\/span>Huesos Quebrados en Accidentes de Deslizamiento Y Ca\u00eddas<span class=\"ez-toc-section-end\"><\/span><\/h2>\r\n\r\n\r\n\r\n<p>Los huesos rotos son una lesi\u00f3n extremadamente com\u00fan derivada de un accidente de resbal\u00f3n y ca\u00edda. Los huesos fracturados ocurren en aproximadamente el\u00a0<strong>5% de todas las v\u00edctimas de la ca\u00edda<\/strong>. Las fracturas de cadera son la lesi\u00f3n m\u00e1s peligrosa y con frecuencia conducen a la muerte en los ancianos. Aproximadamente la mitad de los adultos mayores de 65 a\u00f1os ya no son capaces de vivir independientemente despu\u00e9s de sufrir una fractura de la cadera de un resbal\u00f3n y la ca\u00edda. Lamentablemente, las ca\u00eddas son la\u00a0<strong>segunda causa de muerte en personas de 65-84 a\u00f1os<\/strong>, y la causa principal en los mayores de 84 a\u00f1os.<\/p>\r\n\r\n\r\n\r\n<h2 class=\"wp-block-heading\"><span class=\"ez-toc-section\" id=\"Lesiones_de_La_Medula_Espinal_Despues_de_Una_Caida\"><\/span>Lesiones de La M\u00e9dula Espinal Despu\u00e9s de Una Ca\u00edda<span class=\"ez-toc-section-end\"><\/span><\/h2>\r\n\r\n\r\n\r\n<p>Los huesos rotos no son la \u00fanica consecuencia de los accidentes de deslizamiento y ca\u00edda. Los individuos tambi\u00e9n reportan lesiones de la m\u00e9dula espinal de manera regular. De hecho, las ca\u00eddas son la segunda causa m\u00e1s com\u00fan de lesiones\u00a0<strong>espinales y <a href=\"https:\/\/injuryattorneyofdallas.com\/es\/abogado-de-lesion-cerebral-en-dallas\/\">cerebrales<\/a><\/strong>, en segundo lugar s\u00f3lo a las fracturas. Las lesiones de la m\u00e9dula espinal pueden llevar a cualquier n\u00famero de problemas de salud secundarios, incluyendo:<\/p>\r\n\r\n\r\n\r\n<ul class=\"wp-block-list\">\r\n<li>Dificultad para caminar<\/li>\r\n\r\n\r\n\r\n<li>Una p\u00e9rdida de funci\u00f3n en extremidades o miembros<\/li>\r\n\r\n\r\n\r\n<li><a href=\"https:\/\/injuryattorneyofdallas.com\/es\/abogado-de-lesiones-por-paralisis-en-dallas\/\">Par\u00e1lisis total o parcial<\/a><\/li>\r\n\r\n\r\n\r\n<li>P\u00e9rdida del control de la vejiga o del intestino<\/li>\r\n\r\n\r\n\r\n<li>Dolor continuo debido a da\u00f1o nervioso<\/li>\r\n\r\n\r\n\r\n<li>Dificultad para respirar o tragar<\/li>\r\n\r\n\r\n\r\n<li>Debilidad y falta de coordinaci\u00f3n<\/li>\r\n<\/ul>\r\n\r\n\r\n\r\n<p>Obviamente, una lesi\u00f3n de la columna vertebral por un accidente de resbal\u00f3n y ca\u00edda puede afectar dr\u00e1sticamente su calidad de vida y la capacidad de trabajar, a menudo permanentemente.<br \/><div class=\"user-shortcode-second\" style=\"background: url(https:\/\/injuryattorneyofdallas.com\/wp-content\/uploads\/user-img-shortcode-second.jpg);\">\r\n  <div class=\"row justify-content-end\">\r\n    <div class=\"col-md-8\"> <p>Cuando has resultado lesionado debido a la negligencia de otra persona, mereces m\u00e1s que solo representaci\u00f3n legal: mereces un defensor que luche incansablemente por tus derechos. En The Law Firm of Aaron A. Herbert, entendemos el dolor, el estr\u00e9s y la incertidumbre que acompa\u00f1an a una lesi\u00f3n, y nos comprometemos a obtener la compensaci\u00f3n que necesitas para seguir adelante. Con un historial comprobado de \u00e9xito y un enfoque personalizado, nosotros nos encargamos de la batalla legal para que t\u00fa puedas concentrarte en tu recuperaci\u00f3n. No cobramos honorarios a menos que ganemos\u2014porque tu justicia es nuestra prioridad.<\/p>\n      <h3>AARON A. HERBERT<\/h3>\r\n    <\/div>\r\n  <\/div>\r\n<\/div>\r\n\u00a0<br \/><br \/><\/p>\r\n\r\n\r\n\r\n<h2 class=\"wp-block-heading\"><span class=\"ez-toc-section\" id=\"Lesiones_Cerebrales_Traumaticas_de_un_Deslizamiento_Y_Caida\"><\/span>Lesiones Cerebrales Traum\u00e1ticas de un Deslizamiento Y Ca\u00edda<span class=\"ez-toc-section-end\"><\/span><\/h2>\r\n\r\n\r\n\r\n<p>Las lesiones cerebrales, como las lesiones de la m\u00e9dula espinal, son otra lesi\u00f3n tr\u00e1gicamente com\u00fan despu\u00e9s de un accidente de resbal\u00f3n y ca\u00edda, particularmente en los ancianos. De hecho, los informes\u00a0<strong>muestran que un 35%<\/strong>\u00a0de las lesiones cerebrales son el resultado de ca\u00eddas. La lesi\u00f3n cerebral traum\u00e1tica (TBI) es cuando un objeto de repente golpea o perfora el cerebro. El da\u00f1o puede variar de leve a severo. En los mejores escenarios, un TBI puede causar p\u00e9rdida temporal de la conciencia, durante unos minutos u horas.<\/p>\r\n\r\n\r\n\r\n<p>En los casos m\u00e1s severos, los TBIs pueden incluir cambios en el comportamiento y los patrones de pensamiento, n\u00e1useas y v\u00f3mitos, dificultad para hablar, convulsiones, dolores de cabeza constantes, coma y otros problemas de salud. Desafortunadamente,\u00a0<strong>aproximadamente la mitad<\/strong>\u00a0de todas las personas que sufren un TBI grave deben someterse a cirug\u00eda. En muchos casos, las v\u00edctimas pueden perder completamente su capacidad de comunicarse y funcionar por s\u00ed mismas.<\/p>\r\n\r\n\r\n\r\n<h2 class=\"wp-block-heading\"><span class=\"ez-toc-section\" id=\"%C2%BFEra_Su_Accidente_Por_Negligencia\"><\/span>\u00bfEra Su Accidente Por Negligencia?<span class=\"ez-toc-section-end\"><\/span><\/h2>\r\n\r\n\r\n\r\n<p>Muchas veces, los accidentes de resbal\u00f3n y ca\u00edda se deben a la\u00a0<strong>seguridad negligente<\/strong>\u00a0de otra parte, en cuyo caso usted puede recibir una compensaci\u00f3n por facturas m\u00e9dicas y otros gastos.<br \/><div class=\"contact-shortcode-second\">\r\n    <h2><span class=\"ez-toc-section\" id=\"Dejanos_Pelear_Por_Ti\"><\/span>D\u00e9janos Pelear Por Ti<span class=\"ez-toc-section-end\"><\/span><\/h2>\n<h3>\u00bfNecesitas Ayuda? Cont\u00e1ctanos 24\/7<\/h3>\n    <div class=\"coman-btn-block\">\r\n        <a href=\"https:\/\/injuryattorneyofdallas.com\/es\/contacto\/\" class=\"coman-btn-one\">\r\n            Cont\u00e1ctanos        <\/a>\r\n        <a href=\"tel:18179044975\" class=\"coman-btn-second\">\r\n            <img decoding=\"async\" src=\"https:\/\/injuryattorneyoftexas.com\/wp-content\/uploads\/phone-icon-2.png\" alt=\"#\" width=\"\" height=\"\" class=\"img-fluid\" \/>\r\n            Ll\u00e1manos        <\/a>\r\n    <\/div>\r\n    <h4>Abogado de Lesiones Personales Certificado en Dallas<\/h4>\n<\/div><br \/><br \/><\/p>\r\n\r\n\r\n\r\n<h2 class=\"wp-block-heading\"><span class=\"ez-toc-section\" id=\"Trabaje_Con_un_Abogado_de_Resbalon_Y_Caida_Compasionado_de_Texas\"><\/span>Trabaje Con un Abogado de Resbal\u00f3n Y Ca\u00edda Compasionado de Texas<span class=\"ez-toc-section-end\"><\/span><\/h2>\r\n\r\n\r\n\r\n<p><strong>El abogado Aaron A. Herbert<\/strong>\u00a0es certificado en la ley de juicio de lesiones personales, tiene una amplia experiencia en la resoluci\u00f3n de casos de resbal\u00f3n y ca\u00edda, y se dedica a conseguir a sus clientes los mejores resultados posibles. Los abogados y el personal del Bufete de Abogados de Aaron A. Herbert luchar\u00e1n diligentemente en su nombre para obtener el dinero que necesita para sus cuentas m\u00e9dicas, salarios perdidos y otros gastos. Ofrecemos una consulta gratuita y no hay honorarios ni gastos a menos que se recupere<strong>.<\/strong>\u00a0<a href=\"https:\/\/injuryattorneyofdallas.com\/es\/contacto\/\"><strong>Cont\u00e1ctenos hoy<\/strong><\/a>\u00a0para discutir sus opciones.<br \/><div class=\"user-shortcode\" style=\"background: url(https:\/\/injuryattorneyofdallas.com\/wp-content\/uploads\/user-img-shortcode.jpg);\">\r\n  <div class=\"row\">\r\n    <div class=\"col-md-8\"> <h3>AARON A. HERBERT<\/h3>\n<p>Aaron A. Herbert es un abogado litigante reconocido por su defensa firme y agresiva en nombre de clientes que han sufrido lesiones graves en accidentes importantes. Con m\u00e1s de una d\u00e9cada de experiencia, ha construido una reputaci\u00f3n por obtener veredictos y acuerdos significativos, muchos de ellos bajo acuerdos de confidencialidad. Su pr\u00e1ctica se basa en la pasi\u00f3n, la preparaci\u00f3n y la perseverancia, con el objetivo de maximizar el valor del caso y reducir el estr\u00e9s del proceso legal para sus clientes. Revisa su perfil en <a href=\"https:\/\/lawyers.justia.com\/lawyer\/aaron-alan-herbert-237375\">Justia<\/a> y <a href=\"https:\/\/www.yelp.com\/biz\/law-firm-of-aaron-a-herbert-pc-dallas-5\">Yelp<\/a>.<\/p>\n <\/div>\r\n  <\/div>\r\n<\/div>\r\n<br \/><br \/><\/p>\r\n","protected":false},"excerpt":{"rendered":"<p>Los accidentes de resbal\u00f3n y ca\u00edda pueden ocurrir por una serie de razones, y suceden m\u00e1s a menudo de lo que piensan. En el primer pensamiento, usted puede ser que piense que las lesiones del resbal\u00f3n y de la ca\u00edda no son tan serias. Lamentablemente, en la mayor\u00eda de los casos, son, y tienden a&#8230;<\/p>\n","protected":false},"author":2,"featured_media":0,"parent":0,"menu_order":0,"comment_status":"closed","ping_status":"closed","template":"","meta":{"_acf_changed":false,"footnotes":""},"class_list":["post-8063","page","type-page","status-publish","hentry"],"acf":[],"yoast_head":"<!-- This site is optimized with the Yoast SEO Premium plugin v26.9 (Yoast SEO v26.9) - https:\/\/yoast.com\/product\/yoast-seo-premium-wordpress\/ -->\n<title>Abogado de Ca\u00eddas Y Resbalones en Dallas<\/title>\n<meta name=\"description\" content=\"Los resbalones y las ca\u00eddas pueden ocurrir en casi cualquier lugar y pueden provocar lesiones severas. Perm\u00edtanos ayudarle hoy al 214.200.4878\" \/>\n<meta name=\"robots\" content=\"index, follow, max-snippet:-1, max-image-preview:large, max-video-preview:-1\" \/>\n<link rel=\"canonical\" href=\"https:\/\/injuryattorneyofdallas.com\/es\/abogado-de-caidas-y-resbalones-en-dallas\/\" \/>\n<meta property=\"og:locale\" content=\"es_ES\" \/>\n<meta property=\"og:type\" content=\"article\" \/>\n<meta property=\"og:title\" content=\"Abogado de Ca\u00eddas Y Resbalones en Dallas\" \/>\n<meta property=\"og:description\" content=\"Los resbalones y las ca\u00eddas pueden ocurrir en casi cualquier lugar y pueden provocar lesiones severas. Perm\u00edtanos ayudarle hoy al 214.200.4878\" \/>\n<meta property=\"og:url\" content=\"https:\/\/injuryattorneyofdallas.com\/es\/abogado-de-caidas-y-resbalones-en-dallas\/\" \/>\n<meta property=\"og:site_name\" content=\"Aaron Herbert - Abogado de Lesiones de Texas\" \/>\n<meta property=\"article:publisher\" content=\"https:\/\/www.facebook.com\/injuryattorneyoftexas\/\" \/>\n<meta property=\"article:modified_time\" content=\"2025-12-29T18:03:51+00:00\" \/>\n<meta name=\"twitter:card\" content=\"summary_large_image\" \/>\n<meta name=\"twitter:site\" content=\"@dallaspilawyer\" \/>\n<meta name=\"twitter:label1\" content=\"Tiempo de lectura\" \/>\n\t<meta name=\"twitter:data1\" content=\"4 minutos\" \/>\n<script type=\"application\/ld+json\" class=\"yoast-schema-graph\">{\"@context\":\"https:\/\/schema.org\",\"@graph\":[{\"@type\":\"WebPage\",\"@id\":\"https:\/\/injuryattorneyofdallas.com\/es\/abogado-de-caidas-y-resbalones-en-dallas\/\",\"url\":\"https:\/\/injuryattorneyofdallas.com\/es\/abogado-de-caidas-y-resbalones-en-dallas\/\",\"name\":\"Abogado de Ca\u00eddas Y Resbalones en Dallas\",\"isPartOf\":{\"@id\":\"https:\/\/injuryattorneyofdallas.com\/es\/#website\"},\"datePublished\":\"2024-09-02T07:00:16+00:00\",\"dateModified\":\"2025-12-29T18:03:51+00:00\",\"description\":\"Los resbalones y las ca\u00eddas pueden ocurrir en casi cualquier lugar y pueden provocar lesiones severas. Perm\u00edtanos ayudarle hoy al 214.200.4878\",\"breadcrumb\":{\"@id\":\"https:\/\/injuryattorneyofdallas.com\/es\/abogado-de-caidas-y-resbalones-en-dallas\/#breadcrumb\"},\"inLanguage\":\"es\",\"potentialAction\":[{\"@type\":\"ReadAction\",\"target\":[\"https:\/\/injuryattorneyofdallas.com\/es\/abogado-de-caidas-y-resbalones-en-dallas\/\"]}]},{\"@type\":\"BreadcrumbList\",\"@id\":\"https:\/\/injuryattorneyofdallas.com\/es\/abogado-de-caidas-y-resbalones-en-dallas\/#breadcrumb\",\"itemListElement\":[{\"@type\":\"ListItem\",\"position\":1,\"name\":\"Dallas Personal Injury Lawyers\",\"item\":\"https:\/\/injuryattorneyofdallas.com\/es\/\"},{\"@type\":\"ListItem\",\"position\":2,\"name\":\"Abogado de Ca\u00eddas Y Resbalones en Dallas\"}]},{\"@type\":\"WebSite\",\"@id\":\"https:\/\/injuryattorneyofdallas.com\/es\/#website\",\"url\":\"https:\/\/injuryattorneyofdallas.com\/es\/\",\"name\":\"The Law Firm Of Aaron A Herbert, P.C.\",\"description\":\"Dallas Personal Injury Lawyer\",\"alternateName\":\"The Law Firm Of Aaron Herbert\",\"potentialAction\":[{\"@type\":\"SearchAction\",\"target\":{\"@type\":\"EntryPoint\",\"urlTemplate\":\"https:\/\/injuryattorneyofdallas.com\/es\/?s={search_term_string}\"},\"query-input\":{\"@type\":\"PropertyValueSpecification\",\"valueRequired\":true,\"valueName\":\"search_term_string\"}}],\"inLanguage\":\"es\"}]}<\/script>\n<!-- \/ Yoast SEO Premium plugin. -->","yoast_head_json":{"title":"Abogado de Ca\u00eddas Y Resbalones en Dallas","description":"Los resbalones y las ca\u00eddas pueden ocurrir en casi cualquier lugar y pueden provocar lesiones severas. Perm\u00edtanos ayudarle hoy al 214.200.4878","robots":{"index":"index","follow":"follow","max-snippet":"max-snippet:-1","max-image-preview":"max-image-preview:large","max-video-preview":"max-video-preview:-1"},"canonical":"https:\/\/injuryattorneyofdallas.com\/es\/abogado-de-caidas-y-resbalones-en-dallas\/","og_locale":"es_ES","og_type":"article","og_title":"Abogado de Ca\u00eddas Y Resbalones en Dallas","og_description":"Los resbalones y las ca\u00eddas pueden ocurrir en casi cualquier lugar y pueden provocar lesiones severas. Perm\u00edtanos ayudarle hoy al 214.200.4878","og_url":"https:\/\/injuryattorneyofdallas.com\/es\/abogado-de-caidas-y-resbalones-en-dallas\/","og_site_name":"Aaron Herbert - Abogado de Lesiones de Texas","article_publisher":"https:\/\/www.facebook.com\/injuryattorneyoftexas\/","article_modified_time":"2025-12-29T18:03:51+00:00","twitter_card":"summary_large_image","twitter_site":"@dallaspilawyer","twitter_misc":{"Tiempo de lectura":"4 minutos"},"schema":{"@context":"https:\/\/schema.org","@graph":[{"@type":"WebPage","@id":"https:\/\/injuryattorneyofdallas.com\/es\/abogado-de-caidas-y-resbalones-en-dallas\/","url":"https:\/\/injuryattorneyofdallas.com\/es\/abogado-de-caidas-y-resbalones-en-dallas\/","name":"Abogado de Ca\u00eddas Y Resbalones en Dallas","isPartOf":{"@id":"https:\/\/injuryattorneyofdallas.com\/es\/#website"},"datePublished":"2024-09-02T07:00:16+00:00","dateModified":"2025-12-29T18:03:51+00:00","description":"Los resbalones y las ca\u00eddas pueden ocurrir en casi cualquier lugar y pueden provocar lesiones severas. Perm\u00edtanos ayudarle hoy al 214.200.4878","breadcrumb":{"@id":"https:\/\/injuryattorneyofdallas.com\/es\/abogado-de-caidas-y-resbalones-en-dallas\/#breadcrumb"},"inLanguage":"es","potentialAction":[{"@type":"ReadAction","target":["https:\/\/injuryattorneyofdallas.com\/es\/abogado-de-caidas-y-resbalones-en-dallas\/"]}]},{"@type":"BreadcrumbList","@id":"https:\/\/injuryattorneyofdallas.com\/es\/abogado-de-caidas-y-resbalones-en-dallas\/#breadcrumb","itemListElement":[{"@type":"ListItem","position":1,"name":"Dallas Personal Injury Lawyers","item":"https:\/\/injuryattorneyofdallas.com\/es\/"},{"@type":"ListItem","position":2,"name":"Abogado de Ca\u00eddas Y Resbalones en Dallas"}]},{"@type":"WebSite","@id":"https:\/\/injuryattorneyofdallas.com\/es\/#website","url":"https:\/\/injuryattorneyofdallas.com\/es\/","name":"The Law Firm Of Aaron A Herbert, P.C.","description":"Dallas Personal Injury Lawyer","alternateName":"The Law Firm Of Aaron Herbert","potentialAction":[{"@type":"SearchAction","target":{"@type":"EntryPoint","urlTemplate":"https:\/\/injuryattorneyofdallas.com\/es\/?s={search_term_string}"},"query-input":{"@type":"PropertyValueSpecification","valueRequired":true,"valueName":"search_term_string"}}],"inLanguage":"es"}]}},"_links":{"self":[{"href":"https:\/\/injuryattorneyofdallas.com\/es\/wp-json\/wp\/v2\/pages\/8063","targetHints":{"allow":["GET"]}}],"collection":[{"href":"https:\/\/injuryattorneyofdallas.com\/es\/wp-json\/wp\/v2\/pages"}],"about":[{"href":"https:\/\/injuryattorneyofdallas.com\/es\/wp-json\/wp\/v2\/types\/page"}],"author":[{"embeddable":true,"href":"https:\/\/injuryattorneyofdallas.com\/es\/wp-json\/wp\/v2\/users\/2"}],"replies":[{"embeddable":true,"href":"https:\/\/injuryattorneyofdallas.com\/es\/wp-json\/wp\/v2\/comments?post=8063"}],"version-history":[{"count":0,"href":"https:\/\/injuryattorneyofdallas.com\/es\/wp-json\/wp\/v2\/pages\/8063\/revisions"}],"wp:attachment":[{"href":"https:\/\/injuryattorneyofdallas.com\/es\/wp-json\/wp\/v2\/media?parent=8063"}],"curies":[{"name":"wp","href":"https:\/\/api.w.org\/{rel}","templated":true}]}}