{"id":8057,"date":"2024-09-02T00:43:15","date_gmt":"2024-09-02T06:43:15","guid":{"rendered":"https:\/\/aaronaherbert.wpenginepowered.com\/dallas-vehicle-rollover-lawyer\/"},"modified":"2025-12-29T12:01:36","modified_gmt":"2025-12-29T18:01:36","slug":"abogado-de-accidentes-por-vuelco-de-vehiculos-en-dallas","status":"publish","type":"page","link":"https:\/\/injuryattorneyofdallas.com\/es\/abogado-de-accidentes-por-vuelco-de-vehiculos-en-dallas\/","title":{"rendered":"Abogado de Accidentes por Vuelco de Vehiculos en Dallas"},"content":{"rendered":"\r\n<p>Los veh\u00edculos que tienen altos centros de gravedad como algunas camionetas pickup, SUVs y camionetas son m\u00e1s susceptibles a accidentes de vuelco. A menudo, hay un factor que contribuye adicional en accidentes de vuelco de veh\u00edculo, como una pieza defectuosa o dise\u00f1o defectuoso. Los <a href=\"https:\/\/injuryattorneyofdallas.com\/es\/abogado-de-accidentes-de-conductores-no-asegurados-en-dallas\/\">conductores que maniobran en el tr\u00e1fico<\/a> puede ser que no tengan idea de que hay un problema con el veh\u00edculo hasta despu\u00e9s del accidente. Los accidentes de vuelco pueden ocurrir en cuesti\u00f3n de segundos y tienen una tasa de mortalidad extremadamente alta.<\/p><div id=\"ez-toc-container\" class=\"ez-toc-v2_0_80 counter-hierarchy ez-toc-counter ez-toc-grey ez-toc-container-direction\">\n<div class=\"ez-toc-title-container\">\n<p class=\"ez-toc-title\" style=\"cursor:inherit\">Table of Contents<\/p>\n<span class=\"ez-toc-title-toggle\"><a href=\"#\" class=\"ez-toc-pull-right ez-toc-btn ez-toc-btn-xs ez-toc-btn-default ez-toc-toggle\" aria-label=\"Alternar tabla de contenidos\"><span class=\"ez-toc-js-icon-con\"><span class=\"\"><span class=\"eztoc-hide\" style=\"display:none;\">Toggle<\/span><span class=\"ez-toc-icon-toggle-span\"><svg style=\"fill: #999;color:#999\" xmlns=\"http:\/\/www.w3.org\/2000\/svg\" class=\"list-377408\" width=\"20px\" height=\"20px\" viewBox=\"0 0 24 24\" fill=\"none\"><path d=\"M6 6H4v2h2V6zm14 0H8v2h12V6zM4 11h2v2H4v-2zm16 0H8v2h12v-2zM4 16h2v2H4v-2zm16 0H8v2h12v-2z\" fill=\"currentColor\"><\/path><\/svg><svg style=\"fill: #999;color:#999\" class=\"arrow-unsorted-368013\" xmlns=\"http:\/\/www.w3.org\/2000\/svg\" width=\"10px\" height=\"10px\" viewBox=\"0 0 24 24\" version=\"1.2\" baseProfile=\"tiny\"><path d=\"M18.2 9.3l-6.2-6.3-6.2 6.3c-.2.2-.3.4-.3.7s.1.5.3.7c.2.2.4.3.7.3h11c.3 0 .5-.1.7-.3.2-.2.3-.5.3-.7s-.1-.5-.3-.7zM5.8 14.7l6.2 6.3 6.2-6.3c.2-.2.3-.5.3-.7s-.1-.5-.3-.7c-.2-.2-.4-.3-.7-.3h-11c-.3 0-.5.1-.7.3-.2.2-.3.5-.3.7s.1.5.3.7z\"\/><\/svg><\/span><\/span><\/span><\/a><\/span><\/div>\n<nav><ul class='ez-toc-list ez-toc-list-level-1 ' ><li class='ez-toc-page-1 ez-toc-heading-level-2'><a class=\"ez-toc-link ez-toc-heading-1\" href=\"https:\/\/injuryattorneyofdallas.com\/es\/abogado-de-accidentes-por-vuelco-de-vehiculos-en-dallas\/#Obten_una_Consulta_Legal_Gratis\" >Obt\u00e9n una Consulta Legal Gratis<\/a><\/li><li class='ez-toc-page-1 ez-toc-heading-level-2'><a class=\"ez-toc-link ez-toc-heading-2\" href=\"https:\/\/injuryattorneyofdallas.com\/es\/abogado-de-accidentes-por-vuelco-de-vehiculos-en-dallas\/#ENCONTRAR_LA_JUSTICIA_DESPUES_DE_UN_ACCIDENTE_DE_VUELCO\" >ENCONTRAR LA JUSTICIA DESPU\u00c9S DE UN ACCIDENTE DE VUELCO<\/a><\/li><li class='ez-toc-page-1 ez-toc-heading-level-2'><a class=\"ez-toc-link ez-toc-heading-3\" href=\"https:\/\/injuryattorneyofdallas.com\/es\/abogado-de-accidentes-por-vuelco-de-vehiculos-en-dallas\/#EVITAR_UN_ACCIDENTE_DE_VUELCO\" >EVITAR UN ACCIDENTE DE VUELCO<\/a><\/li><\/ul><\/nav><\/div>\n\r\n\r\n\r\n\r\n<p>Aunque ha habido muchos avances en el dise\u00f1o de veh\u00edculos para evitar la probabilidad de un accidente, accidentes de vuelco a\u00fan representan una gran parte de los accidentes totales por a\u00f1o. Los vuelcos pueden ser devastadores tanto en accidentes de autos individuales como de veh\u00edculos m\u00faltiples. A menudo se oye hablar de las personas expulsadas de un veh\u00edculo despu\u00e9s de un accidente de vuelco y las historias desgarradoras de los que\u00a0mueren en el impacto.<\/p>\r\n\r\n\r\n\r\n<p>Cuando el clima o comportamientos de conducci\u00f3n peligrosos no son los culpables, los accidentes pueden ser t\u00edpicamente remontarse a un acto de negligencia por parte de otro conductor o un autom\u00f3vil, piezas o fabricante de servicio. Determinar qui\u00e9n es responsable del accidente y emprender acciones legales contra ellos puede hacer una diferencia significativa en la vida de las v\u00edctimas de accidentes de vuelco.<br \/><div class=\"contact-shortcode\">\r\n  <div class=\"row\">\r\n    <div class=\"col-md-4  align-self-center\"> <h2><span class=\"ez-toc-section\" id=\"Obten_una_Consulta_Legal_Gratis\"><\/span>Obt\u00e9n una Consulta Legal Gratis<span class=\"ez-toc-section-end\"><\/span><\/h2>\n <\/div>\r\n    <div class=\"col-md-8  align-self-center\">\r\n      <div class=\"coman-btn-block\"> <a href=\"https:\/\/injuryattorneyofdallas.com\/es\/contacto\/\" class=\"coman-btn-one\">Cont\u00e1ctenos<\/a> <a href=\"tel:18179044975\" class=\"coman-btn-second\"> <img decoding=\"async\" src=\"https:\/\/injuryattorneyoftexas.com\/wp-content\/uploads\/phone-icon-2.png\" alt=\"#\" width=\"\" height=\"\" class=\"img-fluid\"\/> Ll\u00e1manos<\/a> <\/div>\r\n    <\/div>\r\n  <\/div>\r\n<\/div>\r\n<br \/><br \/><\/p>\r\n\r\n\r\n\r\n<h2 class=\"wp-block-heading\"><span class=\"ez-toc-section\" id=\"ENCONTRAR_LA_JUSTICIA_DESPUES_DE_UN_ACCIDENTE_DE_VUELCO\"><\/span>ENCONTRAR LA JUSTICIA DESPU\u00c9S DE UN ACCIDENTE DE VUELCO<span class=\"ez-toc-section-end\"><\/span><\/h2>\r\n\r\n\r\n\r\n<p>Las v\u00edctimas de accidentes de vuelco pueden sufrir problemas de salud graves f\u00edsicamente, mental y debilitantes. Los per\u00edodos iniciales de recuperaci\u00f3n a menudo son seguidos por a\u00f1os de manejo del dolor cr\u00f3nico, servicios de rehabilitaci\u00f3n y dificultades financieras. Sin ayuda adicional, las familias pueden luchar con p\u00e9rdida de la vida o p\u00e9rdida de la calidad de vida.<\/p>\r\n\r\n\r\n\r\n<p>Un abogado experto en lesiones personales puede hacer m\u00e1s f\u00e1cil vivir con las secuelas de un accidente para la v\u00edctima y la familia de la v\u00edctima. En el\u00a0<a href=\"https:\/\/injuryattorneyofdallas.com\/es\/contacto\/\">Bufete de Abogados de Aaron A. Herbert<\/a>, nos especializamos en casos de accidentes de lesiones personales en Dallas y en todo Texas. Cuando se comunique con nuestro bufete de abogados despu\u00e9s de un caso de vuelco, tomaremos el tiempo para conocerle a usted y a su situaci\u00f3n para que podamos ayudarle de la manera que sea posible.<\/p>\r\n\r\n\r\n\r\n<p>Usted y sus seres queridos deben centrarse en la recuperaci\u00f3n y la curaci\u00f3n. Es por eso que ofrecemos servicios legales completos, incluyendo ayudarle a encontrar atenci\u00f3n m\u00e9dica calificada, negociar con proveedores de seguros, y tratar las preocupaciones legales, el arreglo y las consideraciones de juicio.<br \/>Aaron Herbert, nuestro abogado fundador que es certificado por el consejo en ley de juicio por lesiones personales, tiene m\u00e1s de una d\u00e9cada de experiencia en derecho de lesiones personales. Tiene un historial de miles de casos resueltos con \u00e9xito. Herbert es conocido como un defensor agresivo de sus clientes en esta l\u00ednea de trabajo, y \u00e9l cree en hacer siempre bien por sus clientes.<br \/><div class=\"user-shortcode-second\" style=\"background: url(https:\/\/injuryattorneyofdallas.com\/wp-content\/uploads\/user-img-shortcode-second.jpg);\">\r\n  <div class=\"row justify-content-end\">\r\n    <div class=\"col-md-8\"> <p>Cuando has resultado lesionado debido a la negligencia de otra persona, mereces m\u00e1s que solo representaci\u00f3n legal: mereces un defensor que luche incansablemente por tus derechos. En The Law Firm of Aaron A. Herbert, entendemos el dolor, el estr\u00e9s y la incertidumbre que acompa\u00f1an a una lesi\u00f3n, y nos comprometemos a obtener la compensaci\u00f3n que necesitas para seguir adelante. Con un historial comprobado de \u00e9xito y un enfoque personalizado, nosotros nos encargamos de la batalla legal para que t\u00fa puedas concentrarte en tu recuperaci\u00f3n. No cobramos honorarios a menos que ganemos\u2014porque tu justicia es nuestra prioridad.<\/p>\n      <h3>AARON A. HERBERT<\/h3>\r\n    <\/div>\r\n  <\/div>\r\n<\/div>\r\n\u00a0<br \/><br \/><\/p>\r\n\r\n\r\n\r\n<h2 class=\"wp-block-heading\"><span class=\"ez-toc-section\" id=\"EVITAR_UN_ACCIDENTE_DE_VUELCO\"><\/span>EVITAR UN ACCIDENTE DE VUELCO<span class=\"ez-toc-section-end\"><\/span><\/h2>\r\n\r\n\r\n\r\n<p>Algunos accidentes de vuelco pueden estar fuera de sus manos, pero los conductores de veh\u00edculos que son m\u00e1s susceptibles a vuelcos pueden disminuir su probabilidad practicando la precauci\u00f3n.<\/p>\r\n\r\n\r\n\r\n<ul class=\"wp-block-list\">\r\n<li>Conozca su veh\u00edculo &#8211; Entienda c\u00f3mo su auto maneja las curvas, el giro y las maniobras en el tr\u00e1fico. Hacer algunas investigaciones sobre la calificaci\u00f3n de seguridad de los veh\u00edculos nuevos, y elegir marcas y modelos con mejores calificaciones.<\/li>\r\n\r\n\r\n\r\n<li>Use su cintur\u00f3n de seguridad &#8211; Anime a todos en el veh\u00edculo a usar el cintur\u00f3n de seguridad. En caso de un accidente de vuelco, un cintur\u00f3n de seguridad puede ser su \u00fanica protecci\u00f3n contra lesiones graves, eyecci\u00f3n o muerte.<\/li>\r\n\r\n\r\n\r\n<li>Practique el buen juicio &#8211; Los veh\u00edculos inestables no deben viajar con una carga de carga en el techo. Conduzca con m\u00e1s cuidado en el mal tiempo, y evitar conducir mientras distra\u00eddo, bajo la influencia, o con sue\u00f1o.<\/li>\r\n<\/ul>\r\n\r\n\r\n\r\n<p>Deje que el equipo del Bufete de Abogados de Aaron A. Herbert le ayude a resolver su accidente de vuelco en Dallas y sus alrededores. Tenemos las habilidades especializadas necesarias para mantener a las partes negligentes responsables y obtener una compensaci\u00f3n justa para ayudarle a volver a su vida. P\u00f3ngase en contacto con nosotros hoy para una evaluaci\u00f3n gratuita del caso de lesiones personales, responsabilidad del producto y accidentes con vuelco por muerte il\u00edcita.<br \/><div class=\"user-shortcode\" style=\"background: url(https:\/\/injuryattorneyofdallas.com\/wp-content\/uploads\/user-img-shortcode.jpg);\">\r\n  <div class=\"row\">\r\n    <div class=\"col-md-8\"> <h3>AARON A. HERBERT<\/h3>\n<p>Aaron A. Herbert es un abogado litigante reconocido por su defensa firme y agresiva en nombre de clientes que han sufrido lesiones graves en accidentes importantes. Con m\u00e1s de una d\u00e9cada de experiencia, ha construido una reputaci\u00f3n por obtener veredictos y acuerdos significativos, muchos de ellos bajo acuerdos de confidencialidad. Su pr\u00e1ctica se basa en la pasi\u00f3n, la preparaci\u00f3n y la perseverancia, con el objetivo de maximizar el valor del caso y reducir el estr\u00e9s del proceso legal para sus clientes. Revisa su perfil en <a href=\"https:\/\/lawyers.justia.com\/lawyer\/aaron-alan-herbert-237375\">Justia<\/a> y <a href=\"https:\/\/www.yelp.com\/biz\/law-firm-of-aaron-a-herbert-pc-dallas-5\">Yelp<\/a>.<\/p>\n <\/div>\r\n  <\/div>\r\n<\/div>\r\n<br \/><br \/><\/p>\r\n","protected":false},"excerpt":{"rendered":"<p>Los veh\u00edculos que tienen altos centros de gravedad como algunas camionetas pickup, SUVs y camionetas son m\u00e1s susceptibles a accidentes de vuelco. A menudo, hay un factor que contribuye adicional en accidentes de vuelco de veh\u00edculo, como una pieza defectuosa o dise\u00f1o defectuoso. Los conductores que maniobran en el tr\u00e1fico puede ser que no tengan&#8230;<\/p>\n","protected":false},"author":2,"featured_media":0,"parent":0,"menu_order":0,"comment_status":"closed","ping_status":"closed","template":"","meta":{"_acf_changed":false,"footnotes":""},"class_list":["post-8057","page","type-page","status-publish","hentry"],"acf":[],"yoast_head":"<!-- This site is optimized with the Yoast SEO Premium plugin v26.9 (Yoast SEO v26.9) - https:\/\/yoast.com\/product\/yoast-seo-premium-wordpress\/ -->\n<title>Abogado de Accidentes por Vuelco de Vehiculos en Dallas<\/title>\n<meta name=\"description\" content=\"\u00bfHa sufrido una lesi\u00f3n en un accidente por vuelco de veh\u00edculo? \u00a1Llame hoy mismo a nuestros abogados para una evaluaci\u00f3n gratuita de su caso!\" \/>\n<meta name=\"robots\" content=\"index, follow, max-snippet:-1, max-image-preview:large, max-video-preview:-1\" \/>\n<link rel=\"canonical\" href=\"https:\/\/injuryattorneyofdallas.com\/es\/abogado-de-accidentes-por-vuelco-de-vehiculos-en-dallas\/\" \/>\n<meta property=\"og:locale\" content=\"es_ES\" \/>\n<meta property=\"og:type\" content=\"article\" \/>\n<meta property=\"og:title\" content=\"Abogado de Accidentes por Vuelco de Vehiculos en Dallas\" \/>\n<meta property=\"og:description\" content=\"\u00bfHa sufrido una lesi\u00f3n en un accidente por vuelco de veh\u00edculo? \u00a1Llame hoy mismo a nuestros abogados para una evaluaci\u00f3n gratuita de su caso!\" \/>\n<meta property=\"og:url\" content=\"https:\/\/injuryattorneyofdallas.com\/es\/abogado-de-accidentes-por-vuelco-de-vehiculos-en-dallas\/\" \/>\n<meta property=\"og:site_name\" content=\"Aaron Herbert - Abogado de Lesiones de Texas\" \/>\n<meta property=\"article:publisher\" content=\"https:\/\/www.facebook.com\/injuryattorneyoftexas\/\" \/>\n<meta property=\"article:modified_time\" content=\"2025-12-29T18:01:36+00:00\" \/>\n<meta name=\"twitter:card\" content=\"summary_large_image\" \/>\n<meta name=\"twitter:site\" content=\"@dallaspilawyer\" \/>\n<meta name=\"twitter:label1\" content=\"Tiempo de lectura\" \/>\n\t<meta name=\"twitter:data1\" content=\"4 minutos\" \/>\n<script type=\"application\/ld+json\" class=\"yoast-schema-graph\">{\"@context\":\"https:\/\/schema.org\",\"@graph\":[{\"@type\":\"WebPage\",\"@id\":\"https:\/\/injuryattorneyofdallas.com\/es\/abogado-de-accidentes-por-vuelco-de-vehiculos-en-dallas\/\",\"url\":\"https:\/\/injuryattorneyofdallas.com\/es\/abogado-de-accidentes-por-vuelco-de-vehiculos-en-dallas\/\",\"name\":\"Abogado de Accidentes por Vuelco de Vehiculos en Dallas\",\"isPartOf\":{\"@id\":\"https:\/\/injuryattorneyofdallas.com\/es\/#website\"},\"datePublished\":\"2024-09-02T06:43:15+00:00\",\"dateModified\":\"2025-12-29T18:01:36+00:00\",\"description\":\"\u00bfHa sufrido una lesi\u00f3n en un accidente por vuelco de veh\u00edculo? \u00a1Llame hoy mismo a nuestros abogados para una evaluaci\u00f3n gratuita de su caso!\",\"breadcrumb\":{\"@id\":\"https:\/\/injuryattorneyofdallas.com\/es\/abogado-de-accidentes-por-vuelco-de-vehiculos-en-dallas\/#breadcrumb\"},\"inLanguage\":\"es\",\"potentialAction\":[{\"@type\":\"ReadAction\",\"target\":[\"https:\/\/injuryattorneyofdallas.com\/es\/abogado-de-accidentes-por-vuelco-de-vehiculos-en-dallas\/\"]}]},{\"@type\":\"BreadcrumbList\",\"@id\":\"https:\/\/injuryattorneyofdallas.com\/es\/abogado-de-accidentes-por-vuelco-de-vehiculos-en-dallas\/#breadcrumb\",\"itemListElement\":[{\"@type\":\"ListItem\",\"position\":1,\"name\":\"Dallas Personal Injury Lawyers\",\"item\":\"https:\/\/injuryattorneyofdallas.com\/es\/\"},{\"@type\":\"ListItem\",\"position\":2,\"name\":\"Abogado de Accidentes por Vuelco de Vehiculos en Dallas\"}]},{\"@type\":\"WebSite\",\"@id\":\"https:\/\/injuryattorneyofdallas.com\/es\/#website\",\"url\":\"https:\/\/injuryattorneyofdallas.com\/es\/\",\"name\":\"The Law Firm Of Aaron A Herbert, P.C.\",\"description\":\"Dallas Personal Injury Lawyer\",\"alternateName\":\"The Law Firm Of Aaron Herbert\",\"potentialAction\":[{\"@type\":\"SearchAction\",\"target\":{\"@type\":\"EntryPoint\",\"urlTemplate\":\"https:\/\/injuryattorneyofdallas.com\/es\/?s={search_term_string}\"},\"query-input\":{\"@type\":\"PropertyValueSpecification\",\"valueRequired\":true,\"valueName\":\"search_term_string\"}}],\"inLanguage\":\"es\"}]}<\/script>\n<!-- \/ Yoast SEO Premium plugin. -->","yoast_head_json":{"title":"Abogado de Accidentes por Vuelco de Vehiculos en Dallas","description":"\u00bfHa sufrido una lesi\u00f3n en un accidente por vuelco de veh\u00edculo? \u00a1Llame hoy mismo a nuestros abogados para una evaluaci\u00f3n gratuita de su caso!","robots":{"index":"index","follow":"follow","max-snippet":"max-snippet:-1","max-image-preview":"max-image-preview:large","max-video-preview":"max-video-preview:-1"},"canonical":"https:\/\/injuryattorneyofdallas.com\/es\/abogado-de-accidentes-por-vuelco-de-vehiculos-en-dallas\/","og_locale":"es_ES","og_type":"article","og_title":"Abogado de Accidentes por Vuelco de Vehiculos en Dallas","og_description":"\u00bfHa sufrido una lesi\u00f3n en un accidente por vuelco de veh\u00edculo? \u00a1Llame hoy mismo a nuestros abogados para una evaluaci\u00f3n gratuita de su caso!","og_url":"https:\/\/injuryattorneyofdallas.com\/es\/abogado-de-accidentes-por-vuelco-de-vehiculos-en-dallas\/","og_site_name":"Aaron Herbert - Abogado de Lesiones de Texas","article_publisher":"https:\/\/www.facebook.com\/injuryattorneyoftexas\/","article_modified_time":"2025-12-29T18:01:36+00:00","twitter_card":"summary_large_image","twitter_site":"@dallaspilawyer","twitter_misc":{"Tiempo de lectura":"4 minutos"},"schema":{"@context":"https:\/\/schema.org","@graph":[{"@type":"WebPage","@id":"https:\/\/injuryattorneyofdallas.com\/es\/abogado-de-accidentes-por-vuelco-de-vehiculos-en-dallas\/","url":"https:\/\/injuryattorneyofdallas.com\/es\/abogado-de-accidentes-por-vuelco-de-vehiculos-en-dallas\/","name":"Abogado de Accidentes por Vuelco de Vehiculos en Dallas","isPartOf":{"@id":"https:\/\/injuryattorneyofdallas.com\/es\/#website"},"datePublished":"2024-09-02T06:43:15+00:00","dateModified":"2025-12-29T18:01:36+00:00","description":"\u00bfHa sufrido una lesi\u00f3n en un accidente por vuelco de veh\u00edculo? \u00a1Llame hoy mismo a nuestros abogados para una evaluaci\u00f3n gratuita de su caso!","breadcrumb":{"@id":"https:\/\/injuryattorneyofdallas.com\/es\/abogado-de-accidentes-por-vuelco-de-vehiculos-en-dallas\/#breadcrumb"},"inLanguage":"es","potentialAction":[{"@type":"ReadAction","target":["https:\/\/injuryattorneyofdallas.com\/es\/abogado-de-accidentes-por-vuelco-de-vehiculos-en-dallas\/"]}]},{"@type":"BreadcrumbList","@id":"https:\/\/injuryattorneyofdallas.com\/es\/abogado-de-accidentes-por-vuelco-de-vehiculos-en-dallas\/#breadcrumb","itemListElement":[{"@type":"ListItem","position":1,"name":"Dallas Personal Injury Lawyers","item":"https:\/\/injuryattorneyofdallas.com\/es\/"},{"@type":"ListItem","position":2,"name":"Abogado de Accidentes por Vuelco de Vehiculos en Dallas"}]},{"@type":"WebSite","@id":"https:\/\/injuryattorneyofdallas.com\/es\/#website","url":"https:\/\/injuryattorneyofdallas.com\/es\/","name":"The Law Firm Of Aaron A Herbert, P.C.","description":"Dallas Personal Injury Lawyer","alternateName":"The Law Firm Of Aaron Herbert","potentialAction":[{"@type":"SearchAction","target":{"@type":"EntryPoint","urlTemplate":"https:\/\/injuryattorneyofdallas.com\/es\/?s={search_term_string}"},"query-input":{"@type":"PropertyValueSpecification","valueRequired":true,"valueName":"search_term_string"}}],"inLanguage":"es"}]}},"_links":{"self":[{"href":"https:\/\/injuryattorneyofdallas.com\/es\/wp-json\/wp\/v2\/pages\/8057","targetHints":{"allow":["GET"]}}],"collection":[{"href":"https:\/\/injuryattorneyofdallas.com\/es\/wp-json\/wp\/v2\/pages"}],"about":[{"href":"https:\/\/injuryattorneyofdallas.com\/es\/wp-json\/wp\/v2\/types\/page"}],"author":[{"embeddable":true,"href":"https:\/\/injuryattorneyofdallas.com\/es\/wp-json\/wp\/v2\/users\/2"}],"replies":[{"embeddable":true,"href":"https:\/\/injuryattorneyofdallas.com\/es\/wp-json\/wp\/v2\/comments?post=8057"}],"version-history":[{"count":0,"href":"https:\/\/injuryattorneyofdallas.com\/es\/wp-json\/wp\/v2\/pages\/8057\/revisions"}],"wp:attachment":[{"href":"https:\/\/injuryattorneyofdallas.com\/es\/wp-json\/wp\/v2\/media?parent=8057"}],"curies":[{"name":"wp","href":"https:\/\/api.w.org\/{rel}","templated":true}]}}