{"id":8054,"date":"2024-09-02T00:29:28","date_gmt":"2024-09-02T06:29:28","guid":{"rendered":"https:\/\/aaronaherbert.wpenginepowered.com\/dallas-dui-accident-attorney\/"},"modified":"2025-12-26T15:49:08","modified_gmt":"2025-12-26T21:49:08","slug":"abogado-de-accidentes-por-conducir-bajo-la-influencia-del-alcohol-en-dallas","status":"publish","type":"page","link":"https:\/\/injuryattorneyofdallas.com\/es\/abogado-de-accidentes-por-conducir-bajo-la-influencia-del-alcohol-en-dallas\/","title":{"rendered":"Abogado de Accidentes por Conducir Bajo la Influencia del Alcohol en Dallas"},"content":{"rendered":"\r\n<h2 class=\"wp-block-heading\"><span class=\"ez-toc-section\" id=\"DUI_por_sus_siglas_en_ingles\"><\/span>(DUI, por sus siglas en ingl\u00e9s)<span class=\"ez-toc-section-end\"><\/span><\/h2>\r\n\r\n\r\n\r\n<p>La mayor\u00eda de las personas no tienen intenci\u00f3n de ocasionar un accidente cuando beben y conducen, pero la intenci\u00f3n no significa mucho en las consecuencias de un accidente. Los accidentes ocasionados por conducir bajo la influencia de alcohol (DUI, por sus siglas en ingl\u00e9s) causan lesiones y muertes en Texas cada 20 minutos. Ponerse al volante despu\u00e9s de beber una sola bebida puede significar la diferencia entre una divertida tarde y enfrentar cargos criminales y\/o civiles.<\/p><div id=\"ez-toc-container\" class=\"ez-toc-v2_0_80 counter-hierarchy ez-toc-counter ez-toc-grey ez-toc-container-direction\">\n<div class=\"ez-toc-title-container\">\n<p class=\"ez-toc-title\" style=\"cursor:inherit\">Table of Contents<\/p>\n<span class=\"ez-toc-title-toggle\"><a href=\"#\" class=\"ez-toc-pull-right ez-toc-btn ez-toc-btn-xs ez-toc-btn-default ez-toc-toggle\" aria-label=\"Alternar tabla de contenidos\"><span class=\"ez-toc-js-icon-con\"><span class=\"\"><span class=\"eztoc-hide\" style=\"display:none;\">Toggle<\/span><span class=\"ez-toc-icon-toggle-span\"><svg style=\"fill: #999;color:#999\" xmlns=\"http:\/\/www.w3.org\/2000\/svg\" class=\"list-377408\" width=\"20px\" height=\"20px\" viewBox=\"0 0 24 24\" fill=\"none\"><path d=\"M6 6H4v2h2V6zm14 0H8v2h12V6zM4 11h2v2H4v-2zm16 0H8v2h12v-2zM4 16h2v2H4v-2zm16 0H8v2h12v-2z\" fill=\"currentColor\"><\/path><\/svg><svg style=\"fill: #999;color:#999\" class=\"arrow-unsorted-368013\" xmlns=\"http:\/\/www.w3.org\/2000\/svg\" width=\"10px\" height=\"10px\" viewBox=\"0 0 24 24\" version=\"1.2\" baseProfile=\"tiny\"><path d=\"M18.2 9.3l-6.2-6.3-6.2 6.3c-.2.2-.3.4-.3.7s.1.5.3.7c.2.2.4.3.7.3h11c.3 0 .5-.1.7-.3.2-.2.3-.5.3-.7s-.1-.5-.3-.7zM5.8 14.7l6.2 6.3 6.2-6.3c.2-.2.3-.5.3-.7s-.1-.5-.3-.7c-.2-.2-.4-.3-.7-.3h-11c-.3 0-.5.1-.7.3-.2.2-.3.5-.3.7s.1.5.3.7z\"\/><\/svg><\/span><\/span><\/span><\/a><\/span><\/div>\n<nav><ul class='ez-toc-list ez-toc-list-level-1 ' ><li class='ez-toc-page-1 ez-toc-heading-level-2'><a class=\"ez-toc-link ez-toc-heading-1\" href=\"https:\/\/injuryattorneyofdallas.com\/es\/abogado-de-accidentes-por-conducir-bajo-la-influencia-del-alcohol-en-dallas\/#DUI_por_sus_siglas_en_ingles\" >(DUI, por sus siglas en ingl\u00e9s)<\/a><\/li><li class='ez-toc-page-1 ez-toc-heading-level-2'><a class=\"ez-toc-link ez-toc-heading-2\" href=\"https:\/\/injuryattorneyofdallas.com\/es\/abogado-de-accidentes-por-conducir-bajo-la-influencia-del-alcohol-en-dallas\/#Obten_una_Consulta_Legal_Gratis\" >Obt\u00e9n una Consulta Legal Gratis<\/a><\/li><li class='ez-toc-page-1 ez-toc-heading-level-2'><a class=\"ez-toc-link ez-toc-heading-3\" href=\"https:\/\/injuryattorneyofdallas.com\/es\/abogado-de-accidentes-por-conducir-bajo-la-influencia-del-alcohol-en-dallas\/#COMO_UN_ABOGADO_DE_LESIONES_PERSONALES_PUEDE_HACER_SU_EXPERIENCIA_MAS_FACIL\" >C\u00d3MO UN ABOGADO DE LESIONES PERSONALES PUEDE HACER SU EXPERIENCIA M\u00c1S F\u00c1CIL<\/a><\/li><li class='ez-toc-page-1 ez-toc-heading-level-2'><a class=\"ez-toc-link ez-toc-heading-4\" href=\"https:\/\/injuryattorneyofdallas.com\/es\/abogado-de-accidentes-por-conducir-bajo-la-influencia-del-alcohol-en-dallas\/#PASOS_A_TOMAR_DESPUES_DE_UN_ACCIDENTE_EN_ESTADO_DE_EBRIEDAD\" >PASOS A TOMAR DESPU\u00c9S DE UN ACCIDENTE EN ESTADO DE EBRIEDAD<\/a><\/li><\/ul><\/nav><\/div>\n\r\n\r\n\r\n\r\n<p>Para los heridos o afectados por la muerte ocasionada en un accidente por conducir bajo la influencia de alcohol (DUI, por sus siglas en ingl\u00e9s), el recuerdo puede ser inquietante. Saber que los responsables ser\u00e1n procesados por conductas delictivas puede ser \u00fatil, pero no pagar\u00e1 por gastos m\u00e9dicos incurridos, el tiempo fuera del trabajo y la p\u00e9rdida del disfrute de la vida. Una demanda civil contra un conductor borracho puede hacer una diferencia significativa en la vida de las v\u00edctimas de accidentes.<br \/><div class=\"contact-shortcode\">\r\n  <div class=\"row\">\r\n    <div class=\"col-md-4  align-self-center\"> <h2><span class=\"ez-toc-section\" id=\"Obten_una_Consulta_Legal_Gratis\"><\/span>Obt\u00e9n una Consulta Legal Gratis<span class=\"ez-toc-section-end\"><\/span><\/h2>\n <\/div>\r\n    <div class=\"col-md-8  align-self-center\">\r\n      <div class=\"coman-btn-block\"> <a href=\"https:\/\/injuryattorneyofdallas.com\/es\/contacto\/\" class=\"coman-btn-one\">Cont\u00e1ctenos<\/a> <a href=\"tel:18179044975\" class=\"coman-btn-second\"> <img decoding=\"async\" src=\"https:\/\/injuryattorneyoftexas.com\/wp-content\/uploads\/phone-icon-2.png\" alt=\"#\" width=\"\" height=\"\" class=\"img-fluid\"\/> Ll\u00e1manos<\/a> <\/div>\r\n    <\/div>\r\n  <\/div>\r\n<\/div>\r\n<\/p>\r\n\r\n\r\n\r\n<h2 class=\"wp-block-heading\"><span class=\"ez-toc-section\" id=\"COMO_UN_ABOGADO_DE_LESIONES_PERSONALES_PUEDE_HACER_SU_EXPERIENCIA_MAS_FACIL\"><\/span>C\u00d3MO UN ABOGADO DE LESIONES PERSONALES PUEDE HACER SU EXPERIENCIA M\u00c1S F\u00c1CIL<span class=\"ez-toc-section-end\"><\/span><\/h2>\r\n\r\n\r\n\r\n<p>Un abogado de lesiones personales con un historial de \u00e9xito en lesiones relacionadas con accidentes por conducci\u00f3n bajo la influencia de alcohol (DUI, por sus siglas en ingl\u00e9s) y\u00a0<a href=\"https:\/\/injuryattorneyofdallas.com\/es\/abogado-de-reclamaciones-por-muerte-negligente-en-dallas\/\">casos de muerte por negligencia<\/a>\u00a0puede hacer el proceso de recuperaci\u00f3n despu\u00e9s de un accidente mucho m\u00e1s f\u00e1cil. Despu\u00e9s de un accidente, usted y su familia pueden estar lidiando con tratamientos m\u00e9dicos, arreglos funerarios y aprendiendo a afrontar las cosas. Un asesor experto en las secuelas de un accidente puede proporcionar mucho m\u00e1s que an\u00e1lisis de casos y la b\u00fasqueda de indemnizaci\u00f3n.<\/p>\r\n\r\n\r\n\r\n<p>Si necesita ayuda para encontrar atenci\u00f3n m\u00e9dica, negociar con representantes de seguros, o simplemente necesita alguien para ofrecer buenos consejos, la\u00a0<a href=\"\/\">firma de abogados de Aaron A. Herbert<\/a>\u00a0puede ayudar. Nuestros abogados se especializan en lesiones por accidentes y juicios por muerte negligente en el \u00e1rea de Dallas y en todo Texas. Entendemos la importancia de que nuestros clientes tengan una persona confiable con quien contar y sentirse amparados en la defensa de sus intereses. Sin ayuda legal experimentada, algunas v\u00edctimas de accidentes podr\u00edan nunca recuperar la compensaci\u00f3n que merecen como consecuencia de un accidente por conducci\u00f3n bajo la influencia de alcohol (DUI, por sus siglas en ingl\u00e9s).<br \/><div class=\"user-shortcode-second\" style=\"background: url(https:\/\/injuryattorneyofdallas.com\/wp-content\/uploads\/user-img-shortcode-second.jpg);\">\r\n  <div class=\"row justify-content-end\">\r\n    <div class=\"col-md-8\"> <p>Cuando has resultado lesionado debido a la negligencia de otra persona, mereces m\u00e1s que solo representaci\u00f3n legal: mereces un defensor que luche incansablemente por tus derechos. En The Law Firm of Aaron A. Herbert, entendemos el dolor, el estr\u00e9s y la incertidumbre que acompa\u00f1an a una lesi\u00f3n, y nos comprometemos a obtener la compensaci\u00f3n que necesitas para seguir adelante. Con un historial comprobado de \u00e9xito y un enfoque personalizado, nosotros nos encargamos de la batalla legal para que t\u00fa puedas concentrarte en tu recuperaci\u00f3n. No cobramos honorarios a menos que ganemos\u2014porque tu justicia es nuestra prioridad.<\/p>\n      <h3>AARON A. HERBERT<\/h3>\r\n    <\/div>\r\n  <\/div>\r\n<\/div>\r\n\u00a0<br \/><br \/><\/p>\r\n\r\n\r\n\r\n<h2 class=\"wp-block-heading\"><span class=\"ez-toc-section\" id=\"PASOS_A_TOMAR_DESPUES_DE_UN_ACCIDENTE_EN_ESTADO_DE_EBRIEDAD\"><\/span>PASOS A TOMAR DESPU\u00c9S DE UN ACCIDENTE EN ESTADO DE EBRIEDAD<span class=\"ez-toc-section-end\"><\/span><\/h2>\r\n\r\n\r\n\r\n<p>Despu\u00e9s de un accidente, es posible que no est\u00e9 seguro de los pr\u00f3ximos pasos. Despu\u00e9s de buscar atenci\u00f3n m\u00e9dica apropiada, hable con un abogado lo antes posible. Un abogado puede ayudarle a crear un plan de acci\u00f3n, pero si no tiene la oportunidad de hablar con un asesor legal de confianza r\u00e1pidamente, aqu\u00ed hay algunos pasos que puede tomar:<\/p>\r\n\r\n\r\n\r\n<ul class=\"wp-block-list\">\r\n<li>Obtenga informaci\u00f3n en la escena del accidente &#8211; Si usted es capaz, llame a la polic\u00eda, hable con los testigos, y registre tanta informaci\u00f3n como pueda sobre el accidente. Tome fotos de la escena del accidente y sus lesiones, e intercambie informaci\u00f3n con los otros conductores involucrados.<\/li>\r\n\r\n\r\n\r\n<li>P\u00f3ngase en contacto con su proveedor de seguros &#8211; Es importante que su proveedor de seguros sea informado de cualquier accidente tan pronto como sea posible. Proporcione al agente los hechos, y d\u00edgales si usted est\u00e1 lesionado. Evite decirles algo que no haya sido confirmado por su m\u00e9dico tratante. No acepte ninguna oferta de indemnizaci\u00f3n inmediatamente despu\u00e9s de un accidente, a menos que haya discutido su caso con un abogado.<\/li>\r\n\r\n\r\n\r\n<li>Lleve un registro de su informaci\u00f3n m\u00e9dica &#8211; Guarde copias de todos los formularios m\u00e9dicos e informaci\u00f3n incluyendo diagn\u00f3sticos, prescripciones, tratamientos m\u00e9dicos y facturas de combustible de sus viajes desde y hacia sus tratamientos.<\/li>\r\n\r\n\r\n\r\n<li>Hable con un abogado &#8211; Las lesiones despu\u00e9s de un accidente pueden ser inmediatamente identificables o pueden tomar tiempo para desarrollarse en los d\u00edas y semanas posteriores a un accidente. Consulte con un abogado si nota que se desarrollan lesiones despu\u00e9s de un accidente.<\/li>\r\n<\/ul>\r\n\r\n\r\n\r\n<p>El abogado Aaron Herbert es uno del 2% de los abogados practicantes en el estado de Texas certificado en el litigio de lesiones personales. Este reconocimiento de prestigio, y una reputaci\u00f3n como en\u00e9rgico abogado litigante, ha hecho del equipo en la firma de abogados de Aaron A. Herbert, como un equipo codiciado en materia de lesiones personales en casos de conducci\u00f3n en estado ebriedad. Entendemos lo que significa pasar por un accidente de conducci\u00f3n bajo influencia del alcohol y estamos dispuestos a ayudarle a que los responsables rindan cuenta de sus actos.\u00a0<a href=\"https:\/\/injuryattorneyofdallas.com\/es\/contacto\/\">P\u00f3ngase en contacto con nosotros<\/a>\u00a0para una consulta gratuita.<br \/><div class=\"user-shortcode\" style=\"background: url(https:\/\/injuryattorneyofdallas.com\/wp-content\/uploads\/user-img-shortcode.jpg);\">\r\n  <div class=\"row\">\r\n    <div class=\"col-md-8\"> <h3>AARON A. HERBERT<\/h3>\n<p>Aaron A. Herbert es un abogado litigante reconocido por su defensa firme y agresiva en nombre de clientes que han sufrido lesiones graves en accidentes importantes. Con m\u00e1s de una d\u00e9cada de experiencia, ha construido una reputaci\u00f3n por obtener veredictos y acuerdos significativos, muchos de ellos bajo acuerdos de confidencialidad. Su pr\u00e1ctica se basa en la pasi\u00f3n, la preparaci\u00f3n y la perseverancia, con el objetivo de maximizar el valor del caso y reducir el estr\u00e9s del proceso legal para sus clientes. Revisa su perfil en <a href=\"https:\/\/lawyers.justia.com\/lawyer\/aaron-alan-herbert-237375\">Justia<\/a> y <a href=\"https:\/\/www.yelp.com\/biz\/law-firm-of-aaron-a-herbert-pc-dallas-5\">Yelp<\/a>.<\/p>\n <\/div>\r\n  <\/div>\r\n<\/div>\r\n<br \/><br \/><\/p>\r\n","protected":false},"excerpt":{"rendered":"<p>(DUI, por sus siglas en ingl\u00e9s) La mayor\u00eda de las personas no tienen intenci\u00f3n de ocasionar un accidente cuando beben y conducen, pero la intenci\u00f3n no significa mucho en las consecuencias de un accidente. Los accidentes ocasionados por conducir bajo la influencia de alcohol (DUI, por sus siglas en ingl\u00e9s) causan lesiones y muertes en&#8230;<\/p>\n","protected":false},"author":2,"featured_media":0,"parent":0,"menu_order":0,"comment_status":"closed","ping_status":"closed","template":"","meta":{"_acf_changed":false,"footnotes":""},"class_list":["post-8054","page","type-page","status-publish","hentry"],"acf":[],"yoast_head":"<!-- This site is optimized with the Yoast SEO Premium plugin v26.9 (Yoast SEO v26.9) - https:\/\/yoast.com\/product\/yoast-seo-premium-wordpress\/ -->\n<title>Abogado de Accidentes por Conducir Bajo la Influencia del Alcohol en Dallas<\/title>\n<meta name=\"description\" content=\"Conducir bajo los efectos del alcohol en Dallas es un delito. Cont\u00e1ctanos hoy mismo para poder ayudarlo al 214-200-4878\" \/>\n<meta name=\"robots\" content=\"index, follow, max-snippet:-1, max-image-preview:large, max-video-preview:-1\" \/>\n<link rel=\"canonical\" href=\"https:\/\/injuryattorneyofdallas.com\/es\/abogado-de-accidentes-por-conducir-bajo-la-influencia-del-alcohol-en-dallas\/\" \/>\n<meta property=\"og:locale\" content=\"es_ES\" \/>\n<meta property=\"og:type\" content=\"article\" \/>\n<meta property=\"og:title\" content=\"Abogado de Accidentes por Conducir Bajo la Influencia del Alcohol en Dallas\" \/>\n<meta property=\"og:description\" content=\"Conducir bajo los efectos del alcohol en Dallas es un delito. Cont\u00e1ctanos hoy mismo para poder ayudarlo al 214-200-4878\" \/>\n<meta property=\"og:url\" content=\"https:\/\/injuryattorneyofdallas.com\/es\/abogado-de-accidentes-por-conducir-bajo-la-influencia-del-alcohol-en-dallas\/\" \/>\n<meta property=\"og:site_name\" content=\"Aaron Herbert - Abogado de Lesiones de Texas\" \/>\n<meta property=\"article:publisher\" content=\"https:\/\/www.facebook.com\/injuryattorneyoftexas\/\" \/>\n<meta property=\"article:modified_time\" content=\"2025-12-26T21:49:08+00:00\" \/>\n<meta name=\"twitter:card\" content=\"summary_large_image\" \/>\n<meta name=\"twitter:site\" content=\"@dallaspilawyer\" \/>\n<meta name=\"twitter:label1\" content=\"Tiempo de lectura\" \/>\n\t<meta name=\"twitter:data1\" content=\"4 minutos\" \/>\n<script type=\"application\/ld+json\" class=\"yoast-schema-graph\">{\"@context\":\"https:\/\/schema.org\",\"@graph\":[{\"@type\":\"WebPage\",\"@id\":\"https:\/\/injuryattorneyofdallas.com\/es\/abogado-de-accidentes-por-conducir-bajo-la-influencia-del-alcohol-en-dallas\/\",\"url\":\"https:\/\/injuryattorneyofdallas.com\/es\/abogado-de-accidentes-por-conducir-bajo-la-influencia-del-alcohol-en-dallas\/\",\"name\":\"Abogado de Accidentes por Conducir Bajo la Influencia del Alcohol en Dallas\",\"isPartOf\":{\"@id\":\"https:\/\/injuryattorneyofdallas.com\/es\/#website\"},\"datePublished\":\"2024-09-02T06:29:28+00:00\",\"dateModified\":\"2025-12-26T21:49:08+00:00\",\"description\":\"Conducir bajo los efectos del alcohol en Dallas es un delito. Cont\u00e1ctanos hoy mismo para poder ayudarlo al 214-200-4878\",\"breadcrumb\":{\"@id\":\"https:\/\/injuryattorneyofdallas.com\/es\/abogado-de-accidentes-por-conducir-bajo-la-influencia-del-alcohol-en-dallas\/#breadcrumb\"},\"inLanguage\":\"es\",\"potentialAction\":[{\"@type\":\"ReadAction\",\"target\":[\"https:\/\/injuryattorneyofdallas.com\/es\/abogado-de-accidentes-por-conducir-bajo-la-influencia-del-alcohol-en-dallas\/\"]}]},{\"@type\":\"BreadcrumbList\",\"@id\":\"https:\/\/injuryattorneyofdallas.com\/es\/abogado-de-accidentes-por-conducir-bajo-la-influencia-del-alcohol-en-dallas\/#breadcrumb\",\"itemListElement\":[{\"@type\":\"ListItem\",\"position\":1,\"name\":\"Dallas Personal Injury Lawyers\",\"item\":\"https:\/\/injuryattorneyofdallas.com\/es\/\"},{\"@type\":\"ListItem\",\"position\":2,\"name\":\"Abogado de Accidentes por Conducir Bajo la Influencia del Alcohol en Dallas\"}]},{\"@type\":\"WebSite\",\"@id\":\"https:\/\/injuryattorneyofdallas.com\/es\/#website\",\"url\":\"https:\/\/injuryattorneyofdallas.com\/es\/\",\"name\":\"The Law Firm Of Aaron A Herbert, P.C.\",\"description\":\"Dallas Personal Injury Lawyer\",\"alternateName\":\"The Law Firm Of Aaron Herbert\",\"potentialAction\":[{\"@type\":\"SearchAction\",\"target\":{\"@type\":\"EntryPoint\",\"urlTemplate\":\"https:\/\/injuryattorneyofdallas.com\/es\/?s={search_term_string}\"},\"query-input\":{\"@type\":\"PropertyValueSpecification\",\"valueRequired\":true,\"valueName\":\"search_term_string\"}}],\"inLanguage\":\"es\"}]}<\/script>\n<!-- \/ Yoast SEO Premium plugin. -->","yoast_head_json":{"title":"Abogado de Accidentes por Conducir Bajo la Influencia del Alcohol en Dallas","description":"Conducir bajo los efectos del alcohol en Dallas es un delito. Cont\u00e1ctanos hoy mismo para poder ayudarlo al 214-200-4878","robots":{"index":"index","follow":"follow","max-snippet":"max-snippet:-1","max-image-preview":"max-image-preview:large","max-video-preview":"max-video-preview:-1"},"canonical":"https:\/\/injuryattorneyofdallas.com\/es\/abogado-de-accidentes-por-conducir-bajo-la-influencia-del-alcohol-en-dallas\/","og_locale":"es_ES","og_type":"article","og_title":"Abogado de Accidentes por Conducir Bajo la Influencia del Alcohol en Dallas","og_description":"Conducir bajo los efectos del alcohol en Dallas es un delito. Cont\u00e1ctanos hoy mismo para poder ayudarlo al 214-200-4878","og_url":"https:\/\/injuryattorneyofdallas.com\/es\/abogado-de-accidentes-por-conducir-bajo-la-influencia-del-alcohol-en-dallas\/","og_site_name":"Aaron Herbert - Abogado de Lesiones de Texas","article_publisher":"https:\/\/www.facebook.com\/injuryattorneyoftexas\/","article_modified_time":"2025-12-26T21:49:08+00:00","twitter_card":"summary_large_image","twitter_site":"@dallaspilawyer","twitter_misc":{"Tiempo de lectura":"4 minutos"},"schema":{"@context":"https:\/\/schema.org","@graph":[{"@type":"WebPage","@id":"https:\/\/injuryattorneyofdallas.com\/es\/abogado-de-accidentes-por-conducir-bajo-la-influencia-del-alcohol-en-dallas\/","url":"https:\/\/injuryattorneyofdallas.com\/es\/abogado-de-accidentes-por-conducir-bajo-la-influencia-del-alcohol-en-dallas\/","name":"Abogado de Accidentes por Conducir Bajo la Influencia del Alcohol en Dallas","isPartOf":{"@id":"https:\/\/injuryattorneyofdallas.com\/es\/#website"},"datePublished":"2024-09-02T06:29:28+00:00","dateModified":"2025-12-26T21:49:08+00:00","description":"Conducir bajo los efectos del alcohol en Dallas es un delito. Cont\u00e1ctanos hoy mismo para poder ayudarlo al 214-200-4878","breadcrumb":{"@id":"https:\/\/injuryattorneyofdallas.com\/es\/abogado-de-accidentes-por-conducir-bajo-la-influencia-del-alcohol-en-dallas\/#breadcrumb"},"inLanguage":"es","potentialAction":[{"@type":"ReadAction","target":["https:\/\/injuryattorneyofdallas.com\/es\/abogado-de-accidentes-por-conducir-bajo-la-influencia-del-alcohol-en-dallas\/"]}]},{"@type":"BreadcrumbList","@id":"https:\/\/injuryattorneyofdallas.com\/es\/abogado-de-accidentes-por-conducir-bajo-la-influencia-del-alcohol-en-dallas\/#breadcrumb","itemListElement":[{"@type":"ListItem","position":1,"name":"Dallas Personal Injury Lawyers","item":"https:\/\/injuryattorneyofdallas.com\/es\/"},{"@type":"ListItem","position":2,"name":"Abogado de Accidentes por Conducir Bajo la Influencia del Alcohol en Dallas"}]},{"@type":"WebSite","@id":"https:\/\/injuryattorneyofdallas.com\/es\/#website","url":"https:\/\/injuryattorneyofdallas.com\/es\/","name":"The Law Firm Of Aaron A Herbert, P.C.","description":"Dallas Personal Injury Lawyer","alternateName":"The Law Firm Of Aaron Herbert","potentialAction":[{"@type":"SearchAction","target":{"@type":"EntryPoint","urlTemplate":"https:\/\/injuryattorneyofdallas.com\/es\/?s={search_term_string}"},"query-input":{"@type":"PropertyValueSpecification","valueRequired":true,"valueName":"search_term_string"}}],"inLanguage":"es"}]}},"_links":{"self":[{"href":"https:\/\/injuryattorneyofdallas.com\/es\/wp-json\/wp\/v2\/pages\/8054","targetHints":{"allow":["GET"]}}],"collection":[{"href":"https:\/\/injuryattorneyofdallas.com\/es\/wp-json\/wp\/v2\/pages"}],"about":[{"href":"https:\/\/injuryattorneyofdallas.com\/es\/wp-json\/wp\/v2\/types\/page"}],"author":[{"embeddable":true,"href":"https:\/\/injuryattorneyofdallas.com\/es\/wp-json\/wp\/v2\/users\/2"}],"replies":[{"embeddable":true,"href":"https:\/\/injuryattorneyofdallas.com\/es\/wp-json\/wp\/v2\/comments?post=8054"}],"version-history":[{"count":0,"href":"https:\/\/injuryattorneyofdallas.com\/es\/wp-json\/wp\/v2\/pages\/8054\/revisions"}],"wp:attachment":[{"href":"https:\/\/injuryattorneyofdallas.com\/es\/wp-json\/wp\/v2\/media?parent=8054"}],"curies":[{"name":"wp","href":"https:\/\/api.w.org\/{rel}","templated":true}]}}