{"id":8048,"date":"2024-09-02T00:07:23","date_gmt":"2024-09-02T06:07:23","guid":{"rendered":"https:\/\/aaronaherbert.wpenginepowered.com\/uninsured-vehicle-accident-lawyer-in-dallas\/"},"modified":"2025-12-29T11:53:22","modified_gmt":"2025-12-29T17:53:22","slug":"abogado-de-accidentes-de-conductores-no-asegurados-en-dallas","status":"publish","type":"page","link":"https:\/\/injuryattorneyofdallas.com\/es\/abogado-de-accidentes-de-conductores-no-asegurados-en-dallas\/","title":{"rendered":"Abogado de Accidentes de Conductores no Asegurados en Dallas"},"content":{"rendered":"\r\n<p>Usted no puede darse cuenta, pero usted viaja alrededor de automovilistas sin seguro todos los d\u00edas. La mayor\u00eda de las veces, no es un problema. Los coches van sobre su negocio sin ning\u00fan problema. En el momento en que un\u00a0accidente ocurre con un conductor sin seguro, sin embargo, las dificultades comienzan. En 2013, el n\u00famero de automovilistas no asegurados en Texas fue superior a 2.5 millones. En Dallas durante ese a\u00f1o, el 16% de los conductores no ten\u00edan seguro.<\/p>\r\n\r\n\r\n\r\n<p>La realidad de los automovilistas no asegurados y con seguro insuficiente es que pueden no ser capaces de pagar los da\u00f1os despu\u00e9s de una demanda. Muchos no tienen seguro porque no pueden pagarlo. Los Demandantes en estos casos nunca pueden ver un centavo de la compensaci\u00f3n que merecen despu\u00e9s de un accidente.<br \/><div class=\"contact-shortcode\">\r\n  <div class=\"row\">\r\n    <div class=\"col-md-4  align-self-center\"> <h2>Obt\u00e9n una Consulta Legal Gratis<\/h2>\n <\/div>\r\n    <div class=\"col-md-8  align-self-center\">\r\n      <div class=\"coman-btn-block\"> <a href=\"https:\/\/injuryattorneyofdallas.com\/es\/contacto\/\" class=\"coman-btn-one\">Cont\u00e1ctenos<\/a> <a href=\"tel:18179044975\" class=\"coman-btn-second\"> <img decoding=\"async\" src=\"https:\/\/injuryattorneyoftexas.com\/wp-content\/uploads\/phone-icon-2.png\" alt=\"#\" width=\"\" height=\"\" class=\"img-fluid\"\/> Ll\u00e1manos<\/a> <\/div>\r\n    <\/div>\r\n  <\/div>\r\n<\/div>\r\n<br \/><br \/><\/p>\r\n\r\n\r\n\r\n<p>El estado de seguro del conductor no cambia el efecto de un accidente en la v\u00edctima. Dependiendo de la gravedad del accidente y los factores que contribuyen, usted puede sufrir de huesos rotos, contusiones,\u00a0<a href=\"https:\/\/injuryattorneyofdallas.com\/es\/abogado-de-lesiones-de-quemaduras-en-dallas\/\">quemaduras<\/a>\u00a0en el camino,\u00a0<a href=\"https:\/\/injuryattorneyofdallas.com\/es\/abogado-de-lesion-cerebral-en-dallas\/\">traumatismo craneal<\/a>\u00a0o\u00a0<a href=\"https:\/\/injuryattorneyofdallas.com\/es\/abogado-de-lesiones-de-la-medula-espinal-en-dallas\/\">da\u00f1os en la m\u00e9dula espinal<\/a>. La lista de lesiones posibles y probables es interminable. Muchos podr\u00edan dejarle frente a semanas o meses lejos del trabajo y frente a una gran pila de papeleo y facturas m\u00e9dicas.<\/p>\r\n\r\n\r\n\r\n<p>Ponerse en contacto con un abogado con experiencia es vital en casos de accidentes de veh\u00edculos no asegurados. Usted puede tener opciones legales que usted no ha considerado para ayudarle a obtener la compensaci\u00f3n que necesita para manejar sus lesiones de accidente ahora y en el futuro.<\/p>\r\n\r\n\r\n\r\n<div id=\"ez-toc-container\" class=\"ez-toc-v2_0_80 counter-hierarchy ez-toc-counter ez-toc-grey ez-toc-container-direction\">\n<div class=\"ez-toc-title-container\">\n<p class=\"ez-toc-title\" style=\"cursor:inherit\">Table of Contents<\/p>\n<span class=\"ez-toc-title-toggle\"><a href=\"#\" class=\"ez-toc-pull-right ez-toc-btn ez-toc-btn-xs ez-toc-btn-default ez-toc-toggle\" aria-label=\"Alternar tabla de contenidos\"><span class=\"ez-toc-js-icon-con\"><span class=\"\"><span class=\"eztoc-hide\" style=\"display:none;\">Toggle<\/span><span class=\"ez-toc-icon-toggle-span\"><svg style=\"fill: #999;color:#999\" xmlns=\"http:\/\/www.w3.org\/2000\/svg\" class=\"list-377408\" width=\"20px\" height=\"20px\" viewBox=\"0 0 24 24\" fill=\"none\"><path d=\"M6 6H4v2h2V6zm14 0H8v2h12V6zM4 11h2v2H4v-2zm16 0H8v2h12v-2zM4 16h2v2H4v-2zm16 0H8v2h12v-2z\" fill=\"currentColor\"><\/path><\/svg><svg style=\"fill: #999;color:#999\" class=\"arrow-unsorted-368013\" xmlns=\"http:\/\/www.w3.org\/2000\/svg\" width=\"10px\" height=\"10px\" viewBox=\"0 0 24 24\" version=\"1.2\" baseProfile=\"tiny\"><path d=\"M18.2 9.3l-6.2-6.3-6.2 6.3c-.2.2-.3.4-.3.7s.1.5.3.7c.2.2.4.3.7.3h11c.3 0 .5-.1.7-.3.2-.2.3-.5.3-.7s-.1-.5-.3-.7zM5.8 14.7l6.2 6.3 6.2-6.3c.2-.2.3-.5.3-.7s-.1-.5-.3-.7c-.2-.2-.4-.3-.7-.3h-11c-.3 0-.5.1-.7.3-.2.2-.3.5-.3.7s.1.5.3.7z\"\/><\/svg><\/span><\/span><\/span><\/a><\/span><\/div>\n<nav><ul class='ez-toc-list ez-toc-list-level-1 ' ><li class='ez-toc-page-1 ez-toc-heading-level-2'><a class=\"ez-toc-link ez-toc-heading-1\" href=\"https:\/\/injuryattorneyofdallas.com\/es\/abogado-de-accidentes-de-conductores-no-asegurados-en-dallas\/#COMO_PUEDE_AYUDAR_UN_ABOGADO_DE_LESIONES_PERSONALES\" >C\u00d3MO PUEDE AYUDAR UN ABOGADO DE LESIONES PERSONALES<\/a><\/li><li class='ez-toc-page-1 ez-toc-heading-level-2'><a class=\"ez-toc-link ez-toc-heading-2\" href=\"https:\/\/injuryattorneyofdallas.com\/es\/abogado-de-accidentes-de-conductores-no-asegurados-en-dallas\/#SOSTENIENDO_AL_RESPONSABLE_MOTORISTA_SIN_SEGURO\" >SOSTENIENDO AL RESPONSABLE MOTORISTA SIN SEGURO<\/a><\/li><\/ul><\/nav><\/div>\n<h2 class=\"wp-block-heading\"><span class=\"ez-toc-section\" id=\"COMO_PUEDE_AYUDAR_UN_ABOGADO_DE_LESIONES_PERSONALES\"><\/span>C\u00d3MO PUEDE AYUDAR UN ABOGADO DE LESIONES PERSONALES<span class=\"ez-toc-section-end\"><\/span><\/h2>\r\n\r\n\r\n\r\n<p>Con una consulta inicial gratuita, los abogados de la firma de abogados de Aaron A. Herbert pueden darle los hechos que necesita para tomar una decisi\u00f3n informada sobre su caso. Incluso si usted no puede llevar con \u00e9xito a un conductor sin seguro a la corte, podemos ayudarle a encontrar atenci\u00f3n m\u00e9dica de calidad y ayudarle con consideraciones de reparaci\u00f3n de veh\u00edculos y transporte temporal.<\/p>\r\n\r\n\r\n\r\n<p>Muchos de nuestros clientes que no pueden llevar a un conductor sin seguro a los tribunales tienen cobertura de automovilista sin seguro o con seguro insuficiente. Si bien esta extensi\u00f3n de una p\u00f3liza de seguro automotriz puede ser vital para ayudar a una v\u00edctima a recuperarse despu\u00e9s de un accidente, negociar con \u00e9xito una reclamaci\u00f3n puede ser dif\u00edcil. Su propio agente de seguros puede tratar de disminuir la cantidad de la reclamaci\u00f3n o negar injustamente su reclamaci\u00f3n, en lo que se considera un acto de mala fe. Los ajustadores de seguros pueden ser complicados, por lo que tener un experto legal de su parte puede hacer una diferencia en cu\u00e1nto y con qu\u00e9 rapidez obtener una compensaci\u00f3n justa.<\/p>\r\n\r\n\r\n\r\n<p>El abogado Aaron Herbert tiene m\u00e1s de 10 a\u00f1os de experiencia dedicada en la l\u00ednea de la ley de lesiones personales. \u00c9l es uno de s\u00f3lo el 2% de los abogados Texanos que practican y que es certificado por el consejo en ley de lesiones personales. Con ese nivel de experiencia, ha ayudado a miles de v\u00edctimas de accidentes a obtener una compensaci\u00f3n justa en los asentamientos dentro y fuera de la sala del tribunal.<\/p>\r\n\r\n\r\n\r\n<h2 class=\"wp-block-heading\"><span class=\"ez-toc-section\" id=\"SOSTENIENDO_AL_RESPONSABLE_MOTORISTA_SIN_SEGURO\"><\/span>SOSTENIENDO AL RESPONSABLE MOTORISTA SIN SEGURO<span class=\"ez-toc-section-end\"><\/span><\/h2>\r\n\r\n\r\n\r\n<p>Si un automovilista no asegurado tiene activos alcanzables, puede archivar con \u00e9xito una reclamaci\u00f3n contra \u00e9l o ella. Como parte de nuestros servicios legales, podemos investigar y verificar si un conductor responsable es capaz de pagar un acuerdo despu\u00e9s de una demanda. Aunque no podemos tomar ciertas piezas de propiedades o bienes de personas que est\u00e1n sufriendo dificultades financieras, podemos reclamar otros activos en su nombre. En algunos casos, un fabricante de productos o el empleador de un conductor tambi\u00e9n pueden ser considerados responsables de un accidente. Estas personas probablemente tienen los recursos para pagar los da\u00f1os en su nombre.<\/p>\r\n\r\n\r\n\r\n<p>Nunca debe sentirse como si estuviera al final de la carretera despu\u00e9s de estar involucrado en un accidente que no fue culpa suya. Nuestra gu\u00eda experimentada puede ayudarle a encontrar un curso de acci\u00f3n que tenga sentido para su situaci\u00f3n. Trabajamos en casos de accidentes de veh\u00edculos sobre una base regular y siempre operamos sobre una base de honorarios de contingencia. Si no obtenemos compensaci\u00f3n en su nombre, no nos pagan. Cont\u00e1ctenos hoy para una evaluaci\u00f3n gratuita del caso.<br \/><div class=\"user-shortcode\" style=\"background: url(https:\/\/injuryattorneyofdallas.com\/wp-content\/uploads\/user-img-shortcode.jpg);\">\r\n  <div class=\"row\">\r\n    <div class=\"col-md-8\"> <h3>AARON A. HERBERT<\/h3>\n<p>Aaron A. Herbert es un abogado litigante reconocido por su defensa firme y agresiva en nombre de clientes que han sufrido lesiones graves en accidentes importantes. Con m\u00e1s de una d\u00e9cada de experiencia, ha construido una reputaci\u00f3n por obtener veredictos y acuerdos significativos, muchos de ellos bajo acuerdos de confidencialidad. Su pr\u00e1ctica se basa en la pasi\u00f3n, la preparaci\u00f3n y la perseverancia, con el objetivo de maximizar el valor del caso y reducir el estr\u00e9s del proceso legal para sus clientes. Revisa su perfil en <a href=\"https:\/\/lawyers.justia.com\/lawyer\/aaron-alan-herbert-237375\">Justia<\/a> y <a href=\"https:\/\/www.yelp.com\/biz\/law-firm-of-aaron-a-herbert-pc-dallas-5\">Yelp<\/a>.<\/p>\n <\/div>\r\n  <\/div>\r\n<\/div>\r\n<br \/><br \/><\/p>\r\n","protected":false},"excerpt":{"rendered":"<p>Usted no puede darse cuenta, pero usted viaja alrededor de automovilistas sin seguro todos los d\u00edas. La mayor\u00eda de las veces, no es un problema. Los coches van sobre su negocio sin ning\u00fan problema. En el momento en que un\u00a0accidente ocurre con un conductor sin seguro, sin embargo, las dificultades comienzan. En 2013, el n\u00famero&#8230;<\/p>\n","protected":false},"author":2,"featured_media":0,"parent":0,"menu_order":0,"comment_status":"closed","ping_status":"closed","template":"","meta":{"_acf_changed":false,"footnotes":""},"class_list":["post-8048","page","type-page","status-publish","hentry"],"acf":[],"yoast_head":"<!-- This site is optimized with the Yoast SEO Premium plugin v26.9 (Yoast SEO v26.9) - https:\/\/yoast.com\/product\/yoast-seo-premium-wordpress\/ -->\n<title>Abogado de Accidentes de Conductores no Asegurados en Dallas<\/title>\n<meta name=\"description\" content=\"Si se ve involucrado en un accidente automovil\u00edstico con un conductor sin seguro en Dallas. Ll\u00e1menos al 214.200.4878.\" \/>\n<meta name=\"robots\" content=\"index, follow, max-snippet:-1, max-image-preview:large, max-video-preview:-1\" \/>\n<link rel=\"canonical\" href=\"https:\/\/injuryattorneyofdallas.com\/es\/abogado-de-accidentes-de-conductores-no-asegurados-en-dallas\/\" \/>\n<meta property=\"og:locale\" content=\"es_ES\" \/>\n<meta property=\"og:type\" content=\"article\" \/>\n<meta property=\"og:title\" content=\"Abogado de Accidentes de Conductores no Asegurados en Dallas\" \/>\n<meta property=\"og:description\" content=\"Si se ve involucrado en un accidente automovil\u00edstico con un conductor sin seguro en Dallas. Ll\u00e1menos al 214.200.4878.\" \/>\n<meta property=\"og:url\" content=\"https:\/\/injuryattorneyofdallas.com\/es\/abogado-de-accidentes-de-conductores-no-asegurados-en-dallas\/\" \/>\n<meta property=\"og:site_name\" content=\"Aaron Herbert - Abogado de Lesiones de Texas\" \/>\n<meta property=\"article:publisher\" content=\"https:\/\/www.facebook.com\/injuryattorneyoftexas\/\" \/>\n<meta property=\"article:modified_time\" content=\"2025-12-29T17:53:22+00:00\" \/>\n<meta name=\"twitter:card\" content=\"summary_large_image\" \/>\n<meta name=\"twitter:site\" content=\"@dallaspilawyer\" \/>\n<meta name=\"twitter:label1\" content=\"Tiempo de lectura\" \/>\n\t<meta name=\"twitter:data1\" content=\"4 minutos\" \/>\n<script type=\"application\/ld+json\" class=\"yoast-schema-graph\">{\"@context\":\"https:\/\/schema.org\",\"@graph\":[{\"@type\":\"WebPage\",\"@id\":\"https:\/\/injuryattorneyofdallas.com\/es\/abogado-de-accidentes-de-conductores-no-asegurados-en-dallas\/\",\"url\":\"https:\/\/injuryattorneyofdallas.com\/es\/abogado-de-accidentes-de-conductores-no-asegurados-en-dallas\/\",\"name\":\"Abogado de Accidentes de Conductores no Asegurados en Dallas\",\"isPartOf\":{\"@id\":\"https:\/\/injuryattorneyofdallas.com\/es\/#website\"},\"datePublished\":\"2024-09-02T06:07:23+00:00\",\"dateModified\":\"2025-12-29T17:53:22+00:00\",\"description\":\"Si se ve involucrado en un accidente automovil\u00edstico con un conductor sin seguro en Dallas. Ll\u00e1menos al 214.200.4878.\",\"breadcrumb\":{\"@id\":\"https:\/\/injuryattorneyofdallas.com\/es\/abogado-de-accidentes-de-conductores-no-asegurados-en-dallas\/#breadcrumb\"},\"inLanguage\":\"es\",\"potentialAction\":[{\"@type\":\"ReadAction\",\"target\":[\"https:\/\/injuryattorneyofdallas.com\/es\/abogado-de-accidentes-de-conductores-no-asegurados-en-dallas\/\"]}]},{\"@type\":\"BreadcrumbList\",\"@id\":\"https:\/\/injuryattorneyofdallas.com\/es\/abogado-de-accidentes-de-conductores-no-asegurados-en-dallas\/#breadcrumb\",\"itemListElement\":[{\"@type\":\"ListItem\",\"position\":1,\"name\":\"Dallas Personal Injury Lawyers\",\"item\":\"https:\/\/injuryattorneyofdallas.com\/es\/\"},{\"@type\":\"ListItem\",\"position\":2,\"name\":\"Abogado de Accidentes de Conductores no Asegurados en Dallas\"}]},{\"@type\":\"WebSite\",\"@id\":\"https:\/\/injuryattorneyofdallas.com\/es\/#website\",\"url\":\"https:\/\/injuryattorneyofdallas.com\/es\/\",\"name\":\"The Law Firm Of Aaron A Herbert, P.C.\",\"description\":\"Dallas Personal Injury Lawyer\",\"alternateName\":\"The Law Firm Of Aaron Herbert\",\"potentialAction\":[{\"@type\":\"SearchAction\",\"target\":{\"@type\":\"EntryPoint\",\"urlTemplate\":\"https:\/\/injuryattorneyofdallas.com\/es\/?s={search_term_string}\"},\"query-input\":{\"@type\":\"PropertyValueSpecification\",\"valueRequired\":true,\"valueName\":\"search_term_string\"}}],\"inLanguage\":\"es\"}]}<\/script>\n<!-- \/ Yoast SEO Premium plugin. -->","yoast_head_json":{"title":"Abogado de Accidentes de Conductores no Asegurados en Dallas","description":"Si se ve involucrado en un accidente automovil\u00edstico con un conductor sin seguro en Dallas. Ll\u00e1menos al 214.200.4878.","robots":{"index":"index","follow":"follow","max-snippet":"max-snippet:-1","max-image-preview":"max-image-preview:large","max-video-preview":"max-video-preview:-1"},"canonical":"https:\/\/injuryattorneyofdallas.com\/es\/abogado-de-accidentes-de-conductores-no-asegurados-en-dallas\/","og_locale":"es_ES","og_type":"article","og_title":"Abogado de Accidentes de Conductores no Asegurados en Dallas","og_description":"Si se ve involucrado en un accidente automovil\u00edstico con un conductor sin seguro en Dallas. Ll\u00e1menos al 214.200.4878.","og_url":"https:\/\/injuryattorneyofdallas.com\/es\/abogado-de-accidentes-de-conductores-no-asegurados-en-dallas\/","og_site_name":"Aaron Herbert - Abogado de Lesiones de Texas","article_publisher":"https:\/\/www.facebook.com\/injuryattorneyoftexas\/","article_modified_time":"2025-12-29T17:53:22+00:00","twitter_card":"summary_large_image","twitter_site":"@dallaspilawyer","twitter_misc":{"Tiempo de lectura":"4 minutos"},"schema":{"@context":"https:\/\/schema.org","@graph":[{"@type":"WebPage","@id":"https:\/\/injuryattorneyofdallas.com\/es\/abogado-de-accidentes-de-conductores-no-asegurados-en-dallas\/","url":"https:\/\/injuryattorneyofdallas.com\/es\/abogado-de-accidentes-de-conductores-no-asegurados-en-dallas\/","name":"Abogado de Accidentes de Conductores no Asegurados en Dallas","isPartOf":{"@id":"https:\/\/injuryattorneyofdallas.com\/es\/#website"},"datePublished":"2024-09-02T06:07:23+00:00","dateModified":"2025-12-29T17:53:22+00:00","description":"Si se ve involucrado en un accidente automovil\u00edstico con un conductor sin seguro en Dallas. Ll\u00e1menos al 214.200.4878.","breadcrumb":{"@id":"https:\/\/injuryattorneyofdallas.com\/es\/abogado-de-accidentes-de-conductores-no-asegurados-en-dallas\/#breadcrumb"},"inLanguage":"es","potentialAction":[{"@type":"ReadAction","target":["https:\/\/injuryattorneyofdallas.com\/es\/abogado-de-accidentes-de-conductores-no-asegurados-en-dallas\/"]}]},{"@type":"BreadcrumbList","@id":"https:\/\/injuryattorneyofdallas.com\/es\/abogado-de-accidentes-de-conductores-no-asegurados-en-dallas\/#breadcrumb","itemListElement":[{"@type":"ListItem","position":1,"name":"Dallas Personal Injury Lawyers","item":"https:\/\/injuryattorneyofdallas.com\/es\/"},{"@type":"ListItem","position":2,"name":"Abogado de Accidentes de Conductores no Asegurados en Dallas"}]},{"@type":"WebSite","@id":"https:\/\/injuryattorneyofdallas.com\/es\/#website","url":"https:\/\/injuryattorneyofdallas.com\/es\/","name":"The Law Firm Of Aaron A Herbert, P.C.","description":"Dallas Personal Injury Lawyer","alternateName":"The Law Firm Of Aaron Herbert","potentialAction":[{"@type":"SearchAction","target":{"@type":"EntryPoint","urlTemplate":"https:\/\/injuryattorneyofdallas.com\/es\/?s={search_term_string}"},"query-input":{"@type":"PropertyValueSpecification","valueRequired":true,"valueName":"search_term_string"}}],"inLanguage":"es"}]}},"_links":{"self":[{"href":"https:\/\/injuryattorneyofdallas.com\/es\/wp-json\/wp\/v2\/pages\/8048","targetHints":{"allow":["GET"]}}],"collection":[{"href":"https:\/\/injuryattorneyofdallas.com\/es\/wp-json\/wp\/v2\/pages"}],"about":[{"href":"https:\/\/injuryattorneyofdallas.com\/es\/wp-json\/wp\/v2\/types\/page"}],"author":[{"embeddable":true,"href":"https:\/\/injuryattorneyofdallas.com\/es\/wp-json\/wp\/v2\/users\/2"}],"replies":[{"embeddable":true,"href":"https:\/\/injuryattorneyofdallas.com\/es\/wp-json\/wp\/v2\/comments?post=8048"}],"version-history":[{"count":0,"href":"https:\/\/injuryattorneyofdallas.com\/es\/wp-json\/wp\/v2\/pages\/8048\/revisions"}],"wp:attachment":[{"href":"https:\/\/injuryattorneyofdallas.com\/es\/wp-json\/wp\/v2\/media?parent=8048"}],"curies":[{"name":"wp","href":"https:\/\/api.w.org\/{rel}","templated":true}]}}