{"id":8027,"date":"2024-08-16T19:12:19","date_gmt":"2024-08-17T01:12:19","guid":{"rendered":"https:\/\/aaronaherbert.wpenginepowered.com\/dallas-distracted-driving-lawyer\/"},"modified":"2025-12-29T11:51:47","modified_gmt":"2025-12-29T17:51:47","slug":"abogado-de-accidentes-de-conduccion-destraida-en-dallas","status":"publish","type":"page","link":"https:\/\/injuryattorneyofdallas.com\/es\/abogado-de-accidentes-de-conduccion-destraida-en-dallas\/","title":{"rendered":"Abogado de accidentes de conduccion destraida en Dallas"},"content":{"rendered":"\r\n<p>Seg\u00fan el Departamento de\u00a0Transporte de Texas, la conducci\u00f3n distra\u00edda causa uno de cada cinco\u00a0<a href=\"https:\/\/injuryattorneyofdallas.com\/es\/abogados-de-accidentes-automovilisticos-en-dallas\/\">accidentes automovil\u00edsticos<\/a>\u00a0en nuestro estado. El uso del tel\u00e9fono celular es la principal raz\u00f3n para conducir distra\u00eddo, pero otras formas de conducir distra\u00eddo, seg\u00fan lo definido por el departamento, pueden incluir la lectura, el aseo, comer y beber, la programaci\u00f3n de un GPS, o el ajuste de un radio u otro dispositivo. No hay ninguna ley estatal contra la conducci\u00f3n distra\u00edda, pero el porcentaje de accidentes a Junio de 2015 es un 6% en comparaci\u00f3n con 2014.<\/p><div id=\"ez-toc-container\" class=\"ez-toc-v2_0_80 counter-hierarchy ez-toc-counter ez-toc-grey ez-toc-container-direction\">\n<div class=\"ez-toc-title-container\">\n<p class=\"ez-toc-title\" style=\"cursor:inherit\">Table of Contents<\/p>\n<span class=\"ez-toc-title-toggle\"><a href=\"#\" class=\"ez-toc-pull-right ez-toc-btn ez-toc-btn-xs ez-toc-btn-default ez-toc-toggle\" aria-label=\"Alternar tabla de contenidos\"><span class=\"ez-toc-js-icon-con\"><span class=\"\"><span class=\"eztoc-hide\" style=\"display:none;\">Toggle<\/span><span class=\"ez-toc-icon-toggle-span\"><svg style=\"fill: #999;color:#999\" xmlns=\"http:\/\/www.w3.org\/2000\/svg\" class=\"list-377408\" width=\"20px\" height=\"20px\" viewBox=\"0 0 24 24\" fill=\"none\"><path d=\"M6 6H4v2h2V6zm14 0H8v2h12V6zM4 11h2v2H4v-2zm16 0H8v2h12v-2zM4 16h2v2H4v-2zm16 0H8v2h12v-2z\" fill=\"currentColor\"><\/path><\/svg><svg style=\"fill: #999;color:#999\" class=\"arrow-unsorted-368013\" xmlns=\"http:\/\/www.w3.org\/2000\/svg\" width=\"10px\" height=\"10px\" viewBox=\"0 0 24 24\" version=\"1.2\" baseProfile=\"tiny\"><path d=\"M18.2 9.3l-6.2-6.3-6.2 6.3c-.2.2-.3.4-.3.7s.1.5.3.7c.2.2.4.3.7.3h11c.3 0 .5-.1.7-.3.2-.2.3-.5.3-.7s-.1-.5-.3-.7zM5.8 14.7l6.2 6.3 6.2-6.3c.2-.2.3-.5.3-.7s-.1-.5-.3-.7c-.2-.2-.4-.3-.7-.3h-11c-.3 0-.5.1-.7.3-.2.2-.3.5-.3.7s.1.5.3.7z\"\/><\/svg><\/span><\/span><\/span><\/a><\/span><\/div>\n<nav><ul class='ez-toc-list ez-toc-list-level-1 ' ><li class='ez-toc-page-1 ez-toc-heading-level-2'><a class=\"ez-toc-link ez-toc-heading-1\" href=\"https:\/\/injuryattorneyofdallas.com\/es\/abogado-de-accidentes-de-conduccion-destraida-en-dallas\/#Obten_una_Consulta_Legal_Gratis\" >Obt\u00e9n una Consulta Legal Gratis<\/a><\/li><li class='ez-toc-page-1 ez-toc-heading-level-2'><a class=\"ez-toc-link ez-toc-heading-2\" href=\"https:\/\/injuryattorneyofdallas.com\/es\/abogado-de-accidentes-de-conduccion-destraida-en-dallas\/#LA_CONDUCCION_DISTRAIDA_ES_LA_NEGLIGENCIA\" >LA CONDUCCI\u00d3N DISTRA\u00cdDA ES LA NEGLIGENCIA<\/a><\/li><li class='ez-toc-page-1 ez-toc-heading-level-2'><a class=\"ez-toc-link ez-toc-heading-3\" href=\"https:\/\/injuryattorneyofdallas.com\/es\/abogado-de-accidentes-de-conduccion-destraida-en-dallas\/#EXPERIENCIA_PAGA_EN_CASOS_DE_CONDUCCION_DISTRAIDA\" >EXPERIENCIA PAGA EN CASOS DE CONDUCCI\u00d3N DISTRA\u00cdDA<\/a><\/li><\/ul><\/nav><\/div>\n\r\n\r\n\r\n\r\n<p>Algunos accidentes son simplemente eso, accidentes. Tal vez las condiciones del camino era la culpa o el choque era inevitable. Las v\u00edctimas de accidentes de conducci\u00f3n distra\u00eddos tienen que vivir con el hecho de que sus lesiones podr\u00edan haberse evitado si alguien no se hab\u00eda quitado los ojos de la carretera durante unos segundos. Sabiendo que la conducci\u00f3n distra\u00edda era culpable puede ser dif\u00edcil de aceptar.<\/p>\r\n\r\n\r\n\r\n<p>Las v\u00edctimas en cualquier accidente de veh\u00edculo motorizado pueden sufrir de una serie de lesiones que alteran la vida. Desde el dolor cr\u00f3nico hasta\u00a0<a href=\"https:\/\/injuryattorneyofdallas.com\/es\/abogado-de-lesion-cerebral-en-dallas\/\">la lesi\u00f3n traum\u00e1tica del cerebro<\/a>, hay innumerables maneras en que un accidente puede cambiar la vida de alguien para siempre. Los traumatismos emocionales a menudo se convierten en parte del cuadro, y las v\u00edctimas pueden quedar pregunt\u00e1ndose c\u00f3mo van a pagar por el aumento de los costos m\u00e9dicos, el tiempo fuera del trabajo y la p\u00e9rdida de calidad de vida. La ley ofrece una manera para que las v\u00edctimas de accidentes busquen justicia en estos casos en la forma de una demanda por lesiones personales.<br \/><div class=\"contact-shortcode\">\r\n  <div class=\"row\">\r\n    <div class=\"col-md-4  align-self-center\"> <h2><span class=\"ez-toc-section\" id=\"Obten_una_Consulta_Legal_Gratis\"><\/span>Obt\u00e9n una Consulta Legal Gratis<span class=\"ez-toc-section-end\"><\/span><\/h2>\n <\/div>\r\n    <div class=\"col-md-8  align-self-center\">\r\n      <div class=\"coman-btn-block\"> <a href=\"https:\/\/injuryattorneyofdallas.com\/es\/contacto\/\" class=\"coman-btn-one\">Cont\u00e1ctenos<\/a> <a href=\"tel:18179044975\" class=\"coman-btn-second\"> <img decoding=\"async\" src=\"https:\/\/injuryattorneyoftexas.com\/wp-content\/uploads\/phone-icon-2.png\" alt=\"#\" width=\"\" height=\"\" class=\"img-fluid\"\/> Ll\u00e1manos<\/a> <\/div>\r\n    <\/div>\r\n  <\/div>\r\n<\/div>\r\n<br \/><br \/><\/p>\r\n\r\n\r\n\r\n<h2 class=\"wp-block-heading\"><span class=\"ez-toc-section\" id=\"LA_CONDUCCION_DISTRAIDA_ES_LA_NEGLIGENCIA\"><\/span>LA CONDUCCI\u00d3N DISTRA\u00cdDA ES LA NEGLIGENCIA<span class=\"ez-toc-section-end\"><\/span><\/h2>\r\n\r\n\r\n\r\n<p>Si alguien caus\u00f3 un accidente debido a comportamientos descuidados y evitables, \u00e9l o ella est\u00e1 actuando con negligencia. En la ley de lesiones personales, la negligencia que causa lesi\u00f3n es la evidencia que define en el caso de un demandante. Una encuesta de la Fundaci\u00f3n AAA para la Seguridad en el Tr\u00e1nsito indica que las personas que participan en actividades de conducci\u00f3n distra\u00eddas son m\u00e1s propensas a participar en otras actividades peligrosas como conducir cuando est\u00e1n cansados, apresur\u00e1ndose o no llevando un cintur\u00f3n de seguridad. Muchos casos de conducci\u00f3n distra\u00edda tambi\u00e9n revelan otros factores peligrosos que contribuyen a un accidente.<\/p>\r\n\r\n\r\n\r\n<p>Si un conductor distra\u00eddo s\u00f3lo hablaba por tel\u00e9fono o participaba en varias actividades inseguras a la vez, \u00e9l o ella deber\u00eda ser responsable de esos accidentes. Los conductores tienen un deber en el camino para exhibir una cantidad razonable de precauci\u00f3n y cuidado mientras conducen. No mantener los ojos en la carretera y las manos en el volante es un incumplimiento de ese deber, y no est\u00e1 exenta de justicia en el sistema judicial.<\/p>\r\n\r\n\r\n\r\n<p>Un abogado especializado en lesiones personales puede ayudarle a obtener una compensaci\u00f3n por lesiones o\u00a0muerte despu\u00e9s de un accidente de conducci\u00f3n distra\u00eddo. El Bufete de Abogados de Aaron A. Herbert se especializa en casos de lesiones personales para ayudar a la gente en el \u00e1rea de Dallas y alrededor de Texas a encontrar la justicia que merecen.<br \/><div class=\"user-shortcode-second\" style=\"background: url(https:\/\/injuryattorneyofdallas.com\/wp-content\/uploads\/user-img-shortcode-second.jpg);\">\r\n  <div class=\"row justify-content-end\">\r\n    <div class=\"col-md-8\"> <p>Cuando has resultado lesionado debido a la negligencia de otra persona, mereces m\u00e1s que solo representaci\u00f3n legal: mereces un defensor que luche incansablemente por tus derechos. En The Law Firm of Aaron A. Herbert, entendemos el dolor, el estr\u00e9s y la incertidumbre que acompa\u00f1an a una lesi\u00f3n, y nos comprometemos a obtener la compensaci\u00f3n que necesitas para seguir adelante. Con un historial comprobado de \u00e9xito y un enfoque personalizado, nosotros nos encargamos de la batalla legal para que t\u00fa puedas concentrarte en tu recuperaci\u00f3n. No cobramos honorarios a menos que ganemos\u2014porque tu justicia es nuestra prioridad.<\/p>\n      <h3>AARON A. HERBERT<\/h3>\r\n    <\/div>\r\n  <\/div>\r\n<\/div>\r\n\u00a0<\/p>\r\n\r\n\r\n\r\n<h2 class=\"wp-block-heading\"><span class=\"ez-toc-section\" id=\"EXPERIENCIA_PAGA_EN_CASOS_DE_CONDUCCION_DISTRAIDA\"><\/span>EXPERIENCIA PAGA EN CASOS DE CONDUCCI\u00d3N DISTRA\u00cdDA<span class=\"ez-toc-section-end\"><\/span><\/h2>\r\n\r\n\r\n\r\n<p>El abogado de lesiones personales Aaron Herbert es certificado por el consejo en ley de juicio por lesiones personales en Texas. Menos del 2% de todos los abogados practicantes en el estado han ganado esa distinci\u00f3n. Durante m\u00e1s de 10 a\u00f1os, el abogado Herbert ha estado ayudando a las v\u00edctimas a encontrar la compensaci\u00f3n y la justicia necesarias a ra\u00edz de un devastador accidente.<\/p>\r\n\r\n\r\n\r\n<p>Si usted o un ser querido ha sufrido en un accidente de conducci\u00f3n distra\u00eddo sin sentido, la compensaci\u00f3n puede ser la \u00fanica manera de cubrir todos sus gastos y reconstruir su vida. Deje que el\u00a0<a href=\"https:\/\/injuryattorneyofdallas.com\/es\/\">Bufete de Abogados de Aaron A. Herbert<\/a>\u00a0le gu\u00ede a trav\u00e9s de las complejas leyes de lesiones personales en Dallas y sus alrededores para que pueda concentrarse en lo que realmente importa: recuperarse. Cont\u00e1ctenos hoy para una evaluaci\u00f3n gratuita del caso.<br \/><div class=\"user-shortcode\" style=\"background: url(https:\/\/injuryattorneyofdallas.com\/wp-content\/uploads\/user-img-shortcode.jpg);\">\r\n  <div class=\"row\">\r\n    <div class=\"col-md-8\"> <h3>AARON A. HERBERT<\/h3>\n<p>Aaron A. Herbert es un abogado litigante reconocido por su defensa firme y agresiva en nombre de clientes que han sufrido lesiones graves en accidentes importantes. Con m\u00e1s de una d\u00e9cada de experiencia, ha construido una reputaci\u00f3n por obtener veredictos y acuerdos significativos, muchos de ellos bajo acuerdos de confidencialidad. Su pr\u00e1ctica se basa en la pasi\u00f3n, la preparaci\u00f3n y la perseverancia, con el objetivo de maximizar el valor del caso y reducir el estr\u00e9s del proceso legal para sus clientes. Revisa su perfil en <a href=\"https:\/\/lawyers.justia.com\/lawyer\/aaron-alan-herbert-237375\">Justia<\/a> y <a href=\"https:\/\/www.yelp.com\/biz\/law-firm-of-aaron-a-herbert-pc-dallas-5\">Yelp<\/a>.<\/p>\n <\/div>\r\n  <\/div>\r\n<\/div>\r\n<br \/><br \/><\/p>\r\n","protected":false},"excerpt":{"rendered":"<p>Seg\u00fan el Departamento de\u00a0Transporte de Texas, la conducci\u00f3n distra\u00edda causa uno de cada cinco\u00a0accidentes automovil\u00edsticos\u00a0en nuestro estado. El uso del tel\u00e9fono celular es la principal raz\u00f3n para conducir distra\u00eddo, pero otras formas de conducir distra\u00eddo, seg\u00fan lo definido por el departamento, pueden incluir la lectura, el aseo, comer y beber, la programaci\u00f3n de un GPS,&#8230;<\/p>\n","protected":false},"author":2,"featured_media":0,"parent":0,"menu_order":0,"comment_status":"closed","ping_status":"closed","template":"","meta":{"_acf_changed":false,"footnotes":""},"class_list":["post-8027","page","type-page","status-publish","hentry"],"acf":[],"yoast_head":"<!-- This site is optimized with the Yoast SEO Premium plugin v26.9 (Yoast SEO v26.9) - https:\/\/yoast.com\/product\/yoast-seo-premium-wordpress\/ -->\n<title>Abogado de accidentes de conduccion destraida en Dallas<\/title>\n<meta name=\"description\" content=\"Si usted o un ser querido ha sufrido en un accidente de conducci\u00f3n distra\u00eddo sin sentido. Cont\u00e1ctanos para una consulta gratis\" \/>\n<meta name=\"robots\" content=\"index, follow, max-snippet:-1, max-image-preview:large, max-video-preview:-1\" \/>\n<link rel=\"canonical\" href=\"https:\/\/injuryattorneyofdallas.com\/es\/abogado-de-accidentes-de-conduccion-destraida-en-dallas\/\" \/>\n<meta property=\"og:locale\" content=\"es_ES\" \/>\n<meta property=\"og:type\" content=\"article\" \/>\n<meta property=\"og:title\" content=\"Abogado de accidentes de conduccion destraida en Dallas\" \/>\n<meta property=\"og:description\" content=\"Si usted o un ser querido ha sufrido en un accidente de conducci\u00f3n distra\u00eddo sin sentido. Cont\u00e1ctanos para una consulta gratis\" \/>\n<meta property=\"og:url\" content=\"https:\/\/injuryattorneyofdallas.com\/es\/abogado-de-accidentes-de-conduccion-destraida-en-dallas\/\" \/>\n<meta property=\"og:site_name\" content=\"Aaron Herbert - Abogado de Lesiones de Texas\" \/>\n<meta property=\"article:publisher\" content=\"https:\/\/www.facebook.com\/injuryattorneyoftexas\/\" \/>\n<meta property=\"article:modified_time\" content=\"2025-12-29T17:51:47+00:00\" \/>\n<meta name=\"twitter:card\" content=\"summary_large_image\" \/>\n<meta name=\"twitter:site\" content=\"@dallaspilawyer\" \/>\n<meta name=\"twitter:label1\" content=\"Tiempo de lectura\" \/>\n\t<meta name=\"twitter:data1\" content=\"3 minutos\" \/>\n<script type=\"application\/ld+json\" class=\"yoast-schema-graph\">{\"@context\":\"https:\/\/schema.org\",\"@graph\":[{\"@type\":\"WebPage\",\"@id\":\"https:\/\/injuryattorneyofdallas.com\/es\/abogado-de-accidentes-de-conduccion-destraida-en-dallas\/\",\"url\":\"https:\/\/injuryattorneyofdallas.com\/es\/abogado-de-accidentes-de-conduccion-destraida-en-dallas\/\",\"name\":\"Abogado de accidentes de conduccion destraida en Dallas\",\"isPartOf\":{\"@id\":\"https:\/\/injuryattorneyofdallas.com\/es\/#website\"},\"datePublished\":\"2024-08-17T01:12:19+00:00\",\"dateModified\":\"2025-12-29T17:51:47+00:00\",\"description\":\"Si usted o un ser querido ha sufrido en un accidente de conducci\u00f3n distra\u00eddo sin sentido. Cont\u00e1ctanos para una consulta gratis\",\"breadcrumb\":{\"@id\":\"https:\/\/injuryattorneyofdallas.com\/es\/abogado-de-accidentes-de-conduccion-destraida-en-dallas\/#breadcrumb\"},\"inLanguage\":\"es\",\"potentialAction\":[{\"@type\":\"ReadAction\",\"target\":[\"https:\/\/injuryattorneyofdallas.com\/es\/abogado-de-accidentes-de-conduccion-destraida-en-dallas\/\"]}]},{\"@type\":\"BreadcrumbList\",\"@id\":\"https:\/\/injuryattorneyofdallas.com\/es\/abogado-de-accidentes-de-conduccion-destraida-en-dallas\/#breadcrumb\",\"itemListElement\":[{\"@type\":\"ListItem\",\"position\":1,\"name\":\"Dallas Personal Injury Lawyers\",\"item\":\"https:\/\/injuryattorneyofdallas.com\/es\/\"},{\"@type\":\"ListItem\",\"position\":2,\"name\":\"Abogado de accidentes de conduccion destraida en Dallas\"}]},{\"@type\":\"WebSite\",\"@id\":\"https:\/\/injuryattorneyofdallas.com\/es\/#website\",\"url\":\"https:\/\/injuryattorneyofdallas.com\/es\/\",\"name\":\"The Law Firm Of Aaron A Herbert, P.C.\",\"description\":\"Dallas Personal Injury Lawyer\",\"alternateName\":\"The Law Firm Of Aaron Herbert\",\"potentialAction\":[{\"@type\":\"SearchAction\",\"target\":{\"@type\":\"EntryPoint\",\"urlTemplate\":\"https:\/\/injuryattorneyofdallas.com\/es\/?s={search_term_string}\"},\"query-input\":{\"@type\":\"PropertyValueSpecification\",\"valueRequired\":true,\"valueName\":\"search_term_string\"}}],\"inLanguage\":\"es\"}]}<\/script>\n<!-- \/ Yoast SEO Premium plugin. -->","yoast_head_json":{"title":"Abogado de accidentes de conduccion destraida en Dallas","description":"Si usted o un ser querido ha sufrido en un accidente de conducci\u00f3n distra\u00eddo sin sentido. Cont\u00e1ctanos para una consulta gratis","robots":{"index":"index","follow":"follow","max-snippet":"max-snippet:-1","max-image-preview":"max-image-preview:large","max-video-preview":"max-video-preview:-1"},"canonical":"https:\/\/injuryattorneyofdallas.com\/es\/abogado-de-accidentes-de-conduccion-destraida-en-dallas\/","og_locale":"es_ES","og_type":"article","og_title":"Abogado de accidentes de conduccion destraida en Dallas","og_description":"Si usted o un ser querido ha sufrido en un accidente de conducci\u00f3n distra\u00eddo sin sentido. Cont\u00e1ctanos para una consulta gratis","og_url":"https:\/\/injuryattorneyofdallas.com\/es\/abogado-de-accidentes-de-conduccion-destraida-en-dallas\/","og_site_name":"Aaron Herbert - Abogado de Lesiones de Texas","article_publisher":"https:\/\/www.facebook.com\/injuryattorneyoftexas\/","article_modified_time":"2025-12-29T17:51:47+00:00","twitter_card":"summary_large_image","twitter_site":"@dallaspilawyer","twitter_misc":{"Tiempo de lectura":"3 minutos"},"schema":{"@context":"https:\/\/schema.org","@graph":[{"@type":"WebPage","@id":"https:\/\/injuryattorneyofdallas.com\/es\/abogado-de-accidentes-de-conduccion-destraida-en-dallas\/","url":"https:\/\/injuryattorneyofdallas.com\/es\/abogado-de-accidentes-de-conduccion-destraida-en-dallas\/","name":"Abogado de accidentes de conduccion destraida en Dallas","isPartOf":{"@id":"https:\/\/injuryattorneyofdallas.com\/es\/#website"},"datePublished":"2024-08-17T01:12:19+00:00","dateModified":"2025-12-29T17:51:47+00:00","description":"Si usted o un ser querido ha sufrido en un accidente de conducci\u00f3n distra\u00eddo sin sentido. Cont\u00e1ctanos para una consulta gratis","breadcrumb":{"@id":"https:\/\/injuryattorneyofdallas.com\/es\/abogado-de-accidentes-de-conduccion-destraida-en-dallas\/#breadcrumb"},"inLanguage":"es","potentialAction":[{"@type":"ReadAction","target":["https:\/\/injuryattorneyofdallas.com\/es\/abogado-de-accidentes-de-conduccion-destraida-en-dallas\/"]}]},{"@type":"BreadcrumbList","@id":"https:\/\/injuryattorneyofdallas.com\/es\/abogado-de-accidentes-de-conduccion-destraida-en-dallas\/#breadcrumb","itemListElement":[{"@type":"ListItem","position":1,"name":"Dallas Personal Injury Lawyers","item":"https:\/\/injuryattorneyofdallas.com\/es\/"},{"@type":"ListItem","position":2,"name":"Abogado de accidentes de conduccion destraida en Dallas"}]},{"@type":"WebSite","@id":"https:\/\/injuryattorneyofdallas.com\/es\/#website","url":"https:\/\/injuryattorneyofdallas.com\/es\/","name":"The Law Firm Of Aaron A Herbert, P.C.","description":"Dallas Personal Injury Lawyer","alternateName":"The Law Firm Of Aaron Herbert","potentialAction":[{"@type":"SearchAction","target":{"@type":"EntryPoint","urlTemplate":"https:\/\/injuryattorneyofdallas.com\/es\/?s={search_term_string}"},"query-input":{"@type":"PropertyValueSpecification","valueRequired":true,"valueName":"search_term_string"}}],"inLanguage":"es"}]}},"_links":{"self":[{"href":"https:\/\/injuryattorneyofdallas.com\/es\/wp-json\/wp\/v2\/pages\/8027","targetHints":{"allow":["GET"]}}],"collection":[{"href":"https:\/\/injuryattorneyofdallas.com\/es\/wp-json\/wp\/v2\/pages"}],"about":[{"href":"https:\/\/injuryattorneyofdallas.com\/es\/wp-json\/wp\/v2\/types\/page"}],"author":[{"embeddable":true,"href":"https:\/\/injuryattorneyofdallas.com\/es\/wp-json\/wp\/v2\/users\/2"}],"replies":[{"embeddable":true,"href":"https:\/\/injuryattorneyofdallas.com\/es\/wp-json\/wp\/v2\/comments?post=8027"}],"version-history":[{"count":0,"href":"https:\/\/injuryattorneyofdallas.com\/es\/wp-json\/wp\/v2\/pages\/8027\/revisions"}],"wp:attachment":[{"href":"https:\/\/injuryattorneyofdallas.com\/es\/wp-json\/wp\/v2\/media?parent=8027"}],"curies":[{"name":"wp","href":"https:\/\/api.w.org\/{rel}","templated":true}]}}