{"id":8025,"date":"2024-08-16T15:28:52","date_gmt":"2024-08-16T21:28:52","guid":{"rendered":"https:\/\/aaronaherbert.wpenginepowered.com\/dallas-rear-end-accident-lawyer\/"},"modified":"2025-12-26T15:55:48","modified_gmt":"2025-12-26T21:55:48","slug":"abogado-de-accidentes-de-coche-trasero-en-dallas","status":"publish","type":"page","link":"https:\/\/injuryattorneyofdallas.com\/es\/abogado-de-accidentes-de-coche-trasero-en-dallas\/","title":{"rendered":"Abogado de Accidentes de Coche Trasero en Dallas"},"content":{"rendered":"\r\n<p>Abogado de Accidentes de Coche Trasero en Dallas<br \/>Los accidentes automovil\u00edsticos en la parte trasera pueden oscilar entre muy leves y graves. Incluso un peque\u00f1o doblador del guardabarros puede causar\u00a0<strong>Latigazo\u00a0<\/strong><strong>cervical<\/strong>\u00a0y llegar a dolor cr\u00f3nico y un per\u00edodo de recuperaci\u00f3n prolongada, dejando a la v\u00edctima con facturas m\u00e9dicas, tiempo fuera de trabajo, p\u00e9rdida de ingresos futuros y otras consecuencias financieramente, emocionalmente y f\u00edsicamente dif\u00edcil.<\/p><div id=\"ez-toc-container\" class=\"ez-toc-v2_0_80 counter-hierarchy ez-toc-counter ez-toc-grey ez-toc-container-direction\">\n<div class=\"ez-toc-title-container\">\n<p class=\"ez-toc-title\" style=\"cursor:inherit\">Table of Contents<\/p>\n<span class=\"ez-toc-title-toggle\"><a href=\"#\" class=\"ez-toc-pull-right ez-toc-btn ez-toc-btn-xs ez-toc-btn-default ez-toc-toggle\" aria-label=\"Alternar tabla de contenidos\"><span class=\"ez-toc-js-icon-con\"><span class=\"\"><span class=\"eztoc-hide\" style=\"display:none;\">Toggle<\/span><span class=\"ez-toc-icon-toggle-span\"><svg style=\"fill: #999;color:#999\" xmlns=\"http:\/\/www.w3.org\/2000\/svg\" class=\"list-377408\" width=\"20px\" height=\"20px\" viewBox=\"0 0 24 24\" fill=\"none\"><path d=\"M6 6H4v2h2V6zm14 0H8v2h12V6zM4 11h2v2H4v-2zm16 0H8v2h12v-2zM4 16h2v2H4v-2zm16 0H8v2h12v-2z\" fill=\"currentColor\"><\/path><\/svg><svg style=\"fill: #999;color:#999\" class=\"arrow-unsorted-368013\" xmlns=\"http:\/\/www.w3.org\/2000\/svg\" width=\"10px\" height=\"10px\" viewBox=\"0 0 24 24\" version=\"1.2\" baseProfile=\"tiny\"><path d=\"M18.2 9.3l-6.2-6.3-6.2 6.3c-.2.2-.3.4-.3.7s.1.5.3.7c.2.2.4.3.7.3h11c.3 0 .5-.1.7-.3.2-.2.3-.5.3-.7s-.1-.5-.3-.7zM5.8 14.7l6.2 6.3 6.2-6.3c.2-.2.3-.5.3-.7s-.1-.5-.3-.7c-.2-.2-.4-.3-.7-.3h-11c-.3 0-.5.1-.7.3-.2.2-.3.5-.3.7s.1.5.3.7z\"\/><\/svg><\/span><\/span><\/span><\/a><\/span><\/div>\n<nav><ul class='ez-toc-list ez-toc-list-level-1 ' ><li class='ez-toc-page-1 ez-toc-heading-level-2'><a class=\"ez-toc-link ez-toc-heading-1\" href=\"https:\/\/injuryattorneyofdallas.com\/es\/abogado-de-accidentes-de-coche-trasero-en-dallas\/#Obten_una_Consulta_Legal_Gratis\" >Obt\u00e9n una Consulta Legal Gratis<\/a><\/li><li class='ez-toc-page-1 ez-toc-heading-level-2'><a class=\"ez-toc-link ez-toc-heading-2\" href=\"https:\/\/injuryattorneyofdallas.com\/es\/abogado-de-accidentes-de-coche-trasero-en-dallas\/#Por_Que_Necesita_Consejero_Experimentado_Despues_de_Un_Accidente_de_Terminacion_Trasera\" >Por Qu\u00e9 Necesita Consejero Experimentado Despu\u00e9s de Un Accidente de Terminaci\u00f3n Trasera<\/a><\/li><li class='ez-toc-page-1 ez-toc-heading-level-2'><a class=\"ez-toc-link ez-toc-heading-3\" href=\"https:\/\/injuryattorneyofdallas.com\/es\/abogado-de-accidentes-de-coche-trasero-en-dallas\/#Que_Hacer_Despues_de_un_Accidente_de_Terminacion_Trasera\" >Qu\u00e9 Hacer Despu\u00e9s de un Accidente de Terminaci\u00f3n Trasera<\/a><\/li><\/ul><\/nav><\/div>\n\r\n\r\n\r\n\r\n<p>En Texas, el conductor que choque por detr\u00e1s de otro veh\u00edculo podr\u00eda no ser considerado responsable por el accidente. Nuestro estado sigue una regla de falla comparativa modificada, incluso en accidentes que terminan en la parte trasera. Al final de una investigaci\u00f3n, cualquiera que tenga el 50% o m\u00e1s de culpa por causar un accidente no puede reclamar da\u00f1os y perjuicios en una demanda civil. La mayor\u00eda de las veces, la persona que choca por detr\u00e1s es responsable, pero las circunstancias atenuantes pueden cambiar el resultado de algunos casos.<\/p>\r\n\r\n\r\n\r\n<p>Si se lesion\u00f3 en un accidente en la parte trasera causado por otro conductor, puede ser elegible para solicitar una compensaci\u00f3n contra el conductor responsable. Una persona que causa un accidente debido a <a href=\"https:\/\/injuryattorneyofdallas.com\/es\/abogado-de-accidentes-de-conduccion-destraida-en-dallas\/\">comportamientos negligentes<\/a> como acelerar, seguir demasiado de cerca, o mensajes de\u00a0<strong>texto\u00a0<\/strong>est\u00e1 actuando con negligencia. Comprobar que la negligencia caus\u00f3 un accidente es a menudo el factor decisivo en un caso trasero.<br \/><div class=\"contact-shortcode\">\r\n  <div class=\"row\">\r\n    <div class=\"col-md-4  align-self-center\"> <h2><span class=\"ez-toc-section\" id=\"Obten_una_Consulta_Legal_Gratis\"><\/span>Obt\u00e9n una Consulta Legal Gratis<span class=\"ez-toc-section-end\"><\/span><\/h2>\n <\/div>\r\n    <div class=\"col-md-8  align-self-center\">\r\n      <div class=\"coman-btn-block\"> <a href=\"https:\/\/injuryattorneyofdallas.com\/es\/contacto\/\" class=\"coman-btn-one\">Cont\u00e1ctenos<\/a> <a href=\"tel:18179044975\" class=\"coman-btn-second\"> <img decoding=\"async\" src=\"https:\/\/injuryattorneyoftexas.com\/wp-content\/uploads\/phone-icon-2.png\" alt=\"#\" width=\"\" height=\"\" class=\"img-fluid\"\/> Ll\u00e1manos<\/a> <\/div>\r\n    <\/div>\r\n  <\/div>\r\n<\/div>\r\n<br \/><br \/><\/p>\r\n\r\n\r\n\r\n<h2 class=\"wp-block-heading\"><span class=\"ez-toc-section\" id=\"Por_Que_Necesita_Consejero_Experimentado_Despues_de_Un_Accidente_de_Terminacion_Trasera\"><\/span>Por Qu\u00e9 Necesita Consejero Experimentado Despu\u00e9s de Un Accidente de Terminaci\u00f3n Trasera<span class=\"ez-toc-section-end\"><\/span><\/h2>\r\n\r\n\r\n\r\n<p>Hay varias maneras de que las reclamaciones aparentemente sencillas de final trasero pueden ir mal. Si el otro conductor le dice a su representante de seguros otra historia, la compa\u00f1\u00eda puede negar su reclamo, dej\u00e1ndole con las facturas del accidente. Si un conductor afirma que un accidente fue causado por una emergencia repentina o fue inevitable, puede ser dif\u00edcil obtener una compensaci\u00f3n. Estos escenarios pueden salir bien antes de decidir presentar una reclamaci\u00f3n por lesiones personales. Los ajustadores de seguros pueden ser dif\u00edciles de negociar con las mejores circunstancias.<\/p>\r\n\r\n\r\n\r\n<p>Si usted est\u00e1 tratando con una lesi\u00f3n de accidente, lo \u00faltimo que necesita es tener su reclamaci\u00f3n denegada o recibir una oferta de soluci\u00f3n injusta. Evite hablar con representantes de seguros o aceptar una oferta de liquidaci\u00f3n hasta que haya hablado con un especialista en lesiones personales. Un abogado de lesiones personales con experiencia puede ayudarle a hablar con los ajustadores de seguros para que no se aprovechen de las secuelas de un accidente.<\/p>\r\n\r\n\r\n\r\n<p>En el <a href=\"https:\/\/injuryattorneyofdallas.com\/es\/\">Bufete de Abogados de Aaron A. Herbert<\/a>, nuestro objetivo es ayudar a los clientes de cualquier manera que podamos. Creemos en un enfoque personalizado de los casos y que hacer bien por nuestros clientes conducir\u00e1 al \u00e9xito. Aaron Herbert tiene a\u00f1os de experiencia con habilidad en la resoluci\u00f3n de reclamos de lesiones personales en accidentes de veh\u00edculos. La comprensi\u00f3n profunda de nuestro equipo de las leyes locales en Dallas y las leyes estatales nos ayuda a abordar cada caso con una nueva perspectiva y experiencia.<br \/><div class=\"user-shortcode-second\" style=\"background: url(https:\/\/injuryattorneyofdallas.com\/wp-content\/uploads\/user-img-shortcode-second.jpg);\">\r\n  <div class=\"row justify-content-end\">\r\n    <div class=\"col-md-8\"> <p>Cuando has resultado lesionado debido a la negligencia de otra persona, mereces m\u00e1s que solo representaci\u00f3n legal: mereces un defensor que luche incansablemente por tus derechos. En The Law Firm of Aaron A. Herbert, entendemos el dolor, el estr\u00e9s y la incertidumbre que acompa\u00f1an a una lesi\u00f3n, y nos comprometemos a obtener la compensaci\u00f3n que necesitas para seguir adelante. Con un historial comprobado de \u00e9xito y un enfoque personalizado, nosotros nos encargamos de la batalla legal para que t\u00fa puedas concentrarte en tu recuperaci\u00f3n. No cobramos honorarios a menos que ganemos\u2014porque tu justicia es nuestra prioridad.<\/p>\n      <h3>AARON A. HERBERT<\/h3>\r\n    <\/div>\r\n  <\/div>\r\n<\/div>\r\n\u00a0<br \/><br \/><\/p>\r\n\r\n\r\n\r\n<h2 class=\"wp-block-heading\"><span class=\"ez-toc-section\" id=\"Que_Hacer_Despues_de_un_Accidente_de_Terminacion_Trasera\"><\/span>Qu\u00e9 Hacer Despu\u00e9s de un Accidente de Terminaci\u00f3n Trasera<span class=\"ez-toc-section-end\"><\/span><\/h2>\r\n\r\n\r\n\r\n<p>Incluso si usted cree que su caso es sencillo, usted puede enfrentar dificultades. Una vez que haya intercambiado informaci\u00f3n de seguro con los otros conductores involucrados y se haya puesto en contacto con su propia compa\u00f1\u00eda de seguros, evite admitir culpa, proporcionando detalles de accidentes o hablando sobre el alcance de sus lesiones. La compa\u00f1\u00eda puede usar su declaraci\u00f3n escrita en contra de usted m\u00e1s adelante. Permanezca cort\u00e9s y recuerde al representante que la investigaci\u00f3n est\u00e1 pendiente, y usted discutir\u00e1 el accidente en el momento apropiado.<\/p>\r\n\r\n\r\n\r\n<p>Un abogado puede ayudarle a navegar el complejo mundo del seguro de autom\u00f3viles y evaluar cualquier oferta de liquidaci\u00f3n. Cada caso es ligeramente diferente, y algunos pueden ser manejados con \u00e9xito fuera del tribunal, mientras que otros necesitan ser llevados a juicio.<\/p>\r\n\r\n\r\n\r\n<p>Proteja sus derechos si se ha lesionado en un caso de accidente de veh\u00edculo que termina en la parte posterior contratando a un abogado que pueda confiar para poner sus mejores intereses en primer lugar. Los abogados del\u00a0<strong>Bufete de Aaron A. Herbert<\/strong>\u00a0est\u00e1n listos para ayudarle a obtener la compensaci\u00f3n que usted se merece para iniciar el proceso de curaci\u00f3n, para que pueda volver a su vida r\u00e1pidamente. <a href=\"https:\/\/injuryattorneyofdallas.com\/es\/contacto\/\">Comun\u00edquese con nosotros hoy<\/a> para una evaluaci\u00f3n gratuita del caso.<br \/><div class=\"user-shortcode\" style=\"background: url(https:\/\/injuryattorneyofdallas.com\/wp-content\/uploads\/user-img-shortcode.jpg);\">\r\n  <div class=\"row\">\r\n    <div class=\"col-md-8\"> <h3>AARON A. HERBERT<\/h3>\n<p>Aaron A. Herbert es un abogado litigante reconocido por su defensa firme y agresiva en nombre de clientes que han sufrido lesiones graves en accidentes importantes. Con m\u00e1s de una d\u00e9cada de experiencia, ha construido una reputaci\u00f3n por obtener veredictos y acuerdos significativos, muchos de ellos bajo acuerdos de confidencialidad. Su pr\u00e1ctica se basa en la pasi\u00f3n, la preparaci\u00f3n y la perseverancia, con el objetivo de maximizar el valor del caso y reducir el estr\u00e9s del proceso legal para sus clientes. Revisa su perfil en <a href=\"https:\/\/lawyers.justia.com\/lawyer\/aaron-alan-herbert-237375\">Justia<\/a> y <a href=\"https:\/\/www.yelp.com\/biz\/law-firm-of-aaron-a-herbert-pc-dallas-5\">Yelp<\/a>.<\/p>\n <\/div>\r\n  <\/div>\r\n<\/div>\r\n<br \/><br \/><\/p>\r\n","protected":false},"excerpt":{"rendered":"<p>Abogado de Accidentes de Coche Trasero en DallasLos accidentes automovil\u00edsticos en la parte trasera pueden oscilar entre muy leves y graves. Incluso un peque\u00f1o doblador del guardabarros puede causar\u00a0Latigazo\u00a0cervical\u00a0y llegar a dolor cr\u00f3nico y un per\u00edodo de recuperaci\u00f3n prolongada, dejando a la v\u00edctima con facturas m\u00e9dicas, tiempo fuera de trabajo, p\u00e9rdida de ingresos futuros y&#8230;<\/p>\n","protected":false},"author":2,"featured_media":0,"parent":0,"menu_order":0,"comment_status":"closed","ping_status":"closed","template":"","meta":{"_acf_changed":false,"footnotes":""},"class_list":["post-8025","page","type-page","status-publish","hentry"],"acf":[],"yoast_head":"<!-- This site is optimized with the Yoast SEO Premium plugin v26.9 (Yoast SEO v26.9) - https:\/\/yoast.com\/product\/yoast-seo-premium-wordpress\/ -->\n<title>Abogado de Accidentes de Coche Trasero en Dallas<\/title>\n<meta name=\"description\" content=\"Los accidentes de autos traseros en Dallas usan una falla comparativa. Obtenga m\u00e1s informaci\u00f3n sobre la ley de Dallas al 214.200.4878.\" \/>\n<meta name=\"robots\" content=\"index, follow, max-snippet:-1, max-image-preview:large, max-video-preview:-1\" \/>\n<link rel=\"canonical\" href=\"https:\/\/injuryattorneyofdallas.com\/es\/abogado-de-accidentes-de-coche-trasero-en-dallas\/\" \/>\n<meta property=\"og:locale\" content=\"es_ES\" \/>\n<meta property=\"og:type\" content=\"article\" \/>\n<meta property=\"og:title\" content=\"Abogado de Accidentes de Coche Trasero en Dallas\" \/>\n<meta property=\"og:description\" content=\"Los accidentes de autos traseros en Dallas usan una falla comparativa. Obtenga m\u00e1s informaci\u00f3n sobre la ley de Dallas al 214.200.4878.\" \/>\n<meta property=\"og:url\" content=\"https:\/\/injuryattorneyofdallas.com\/es\/abogado-de-accidentes-de-coche-trasero-en-dallas\/\" \/>\n<meta property=\"og:site_name\" content=\"Aaron Herbert - Abogado de Lesiones de Texas\" \/>\n<meta property=\"article:publisher\" content=\"https:\/\/www.facebook.com\/injuryattorneyoftexas\/\" \/>\n<meta property=\"article:modified_time\" content=\"2025-12-26T21:55:48+00:00\" \/>\n<meta name=\"twitter:card\" content=\"summary_large_image\" \/>\n<meta name=\"twitter:site\" content=\"@dallaspilawyer\" \/>\n<meta name=\"twitter:label1\" content=\"Tiempo de lectura\" \/>\n\t<meta name=\"twitter:data1\" content=\"4 minutos\" \/>\n<script type=\"application\/ld+json\" class=\"yoast-schema-graph\">{\"@context\":\"https:\/\/schema.org\",\"@graph\":[{\"@type\":\"WebPage\",\"@id\":\"https:\/\/injuryattorneyofdallas.com\/es\/abogado-de-accidentes-de-coche-trasero-en-dallas\/\",\"url\":\"https:\/\/injuryattorneyofdallas.com\/es\/abogado-de-accidentes-de-coche-trasero-en-dallas\/\",\"name\":\"Abogado de Accidentes de Coche Trasero en Dallas\",\"isPartOf\":{\"@id\":\"https:\/\/injuryattorneyofdallas.com\/es\/#website\"},\"datePublished\":\"2024-08-16T21:28:52+00:00\",\"dateModified\":\"2025-12-26T21:55:48+00:00\",\"description\":\"Los accidentes de autos traseros en Dallas usan una falla comparativa. Obtenga m\u00e1s informaci\u00f3n sobre la ley de Dallas al 214.200.4878.\",\"breadcrumb\":{\"@id\":\"https:\/\/injuryattorneyofdallas.com\/es\/abogado-de-accidentes-de-coche-trasero-en-dallas\/#breadcrumb\"},\"inLanguage\":\"es\",\"potentialAction\":[{\"@type\":\"ReadAction\",\"target\":[\"https:\/\/injuryattorneyofdallas.com\/es\/abogado-de-accidentes-de-coche-trasero-en-dallas\/\"]}]},{\"@type\":\"BreadcrumbList\",\"@id\":\"https:\/\/injuryattorneyofdallas.com\/es\/abogado-de-accidentes-de-coche-trasero-en-dallas\/#breadcrumb\",\"itemListElement\":[{\"@type\":\"ListItem\",\"position\":1,\"name\":\"Dallas Personal Injury Lawyers\",\"item\":\"https:\/\/injuryattorneyofdallas.com\/es\/\"},{\"@type\":\"ListItem\",\"position\":2,\"name\":\"Abogado de Accidentes de Coche Trasero en Dallas\"}]},{\"@type\":\"WebSite\",\"@id\":\"https:\/\/injuryattorneyofdallas.com\/es\/#website\",\"url\":\"https:\/\/injuryattorneyofdallas.com\/es\/\",\"name\":\"The Law Firm Of Aaron A Herbert, P.C.\",\"description\":\"Dallas Personal Injury Lawyer\",\"alternateName\":\"The Law Firm Of Aaron Herbert\",\"potentialAction\":[{\"@type\":\"SearchAction\",\"target\":{\"@type\":\"EntryPoint\",\"urlTemplate\":\"https:\/\/injuryattorneyofdallas.com\/es\/?s={search_term_string}\"},\"query-input\":{\"@type\":\"PropertyValueSpecification\",\"valueRequired\":true,\"valueName\":\"search_term_string\"}}],\"inLanguage\":\"es\"}]}<\/script>\n<!-- \/ Yoast SEO Premium plugin. -->","yoast_head_json":{"title":"Abogado de Accidentes de Coche Trasero en Dallas","description":"Los accidentes de autos traseros en Dallas usan una falla comparativa. Obtenga m\u00e1s informaci\u00f3n sobre la ley de Dallas al 214.200.4878.","robots":{"index":"index","follow":"follow","max-snippet":"max-snippet:-1","max-image-preview":"max-image-preview:large","max-video-preview":"max-video-preview:-1"},"canonical":"https:\/\/injuryattorneyofdallas.com\/es\/abogado-de-accidentes-de-coche-trasero-en-dallas\/","og_locale":"es_ES","og_type":"article","og_title":"Abogado de Accidentes de Coche Trasero en Dallas","og_description":"Los accidentes de autos traseros en Dallas usan una falla comparativa. Obtenga m\u00e1s informaci\u00f3n sobre la ley de Dallas al 214.200.4878.","og_url":"https:\/\/injuryattorneyofdallas.com\/es\/abogado-de-accidentes-de-coche-trasero-en-dallas\/","og_site_name":"Aaron Herbert - Abogado de Lesiones de Texas","article_publisher":"https:\/\/www.facebook.com\/injuryattorneyoftexas\/","article_modified_time":"2025-12-26T21:55:48+00:00","twitter_card":"summary_large_image","twitter_site":"@dallaspilawyer","twitter_misc":{"Tiempo de lectura":"4 minutos"},"schema":{"@context":"https:\/\/schema.org","@graph":[{"@type":"WebPage","@id":"https:\/\/injuryattorneyofdallas.com\/es\/abogado-de-accidentes-de-coche-trasero-en-dallas\/","url":"https:\/\/injuryattorneyofdallas.com\/es\/abogado-de-accidentes-de-coche-trasero-en-dallas\/","name":"Abogado de Accidentes de Coche Trasero en Dallas","isPartOf":{"@id":"https:\/\/injuryattorneyofdallas.com\/es\/#website"},"datePublished":"2024-08-16T21:28:52+00:00","dateModified":"2025-12-26T21:55:48+00:00","description":"Los accidentes de autos traseros en Dallas usan una falla comparativa. Obtenga m\u00e1s informaci\u00f3n sobre la ley de Dallas al 214.200.4878.","breadcrumb":{"@id":"https:\/\/injuryattorneyofdallas.com\/es\/abogado-de-accidentes-de-coche-trasero-en-dallas\/#breadcrumb"},"inLanguage":"es","potentialAction":[{"@type":"ReadAction","target":["https:\/\/injuryattorneyofdallas.com\/es\/abogado-de-accidentes-de-coche-trasero-en-dallas\/"]}]},{"@type":"BreadcrumbList","@id":"https:\/\/injuryattorneyofdallas.com\/es\/abogado-de-accidentes-de-coche-trasero-en-dallas\/#breadcrumb","itemListElement":[{"@type":"ListItem","position":1,"name":"Dallas Personal Injury Lawyers","item":"https:\/\/injuryattorneyofdallas.com\/es\/"},{"@type":"ListItem","position":2,"name":"Abogado de Accidentes de Coche Trasero en Dallas"}]},{"@type":"WebSite","@id":"https:\/\/injuryattorneyofdallas.com\/es\/#website","url":"https:\/\/injuryattorneyofdallas.com\/es\/","name":"The Law Firm Of Aaron A Herbert, P.C.","description":"Dallas Personal Injury Lawyer","alternateName":"The Law Firm Of Aaron Herbert","potentialAction":[{"@type":"SearchAction","target":{"@type":"EntryPoint","urlTemplate":"https:\/\/injuryattorneyofdallas.com\/es\/?s={search_term_string}"},"query-input":{"@type":"PropertyValueSpecification","valueRequired":true,"valueName":"search_term_string"}}],"inLanguage":"es"}]}},"_links":{"self":[{"href":"https:\/\/injuryattorneyofdallas.com\/es\/wp-json\/wp\/v2\/pages\/8025","targetHints":{"allow":["GET"]}}],"collection":[{"href":"https:\/\/injuryattorneyofdallas.com\/es\/wp-json\/wp\/v2\/pages"}],"about":[{"href":"https:\/\/injuryattorneyofdallas.com\/es\/wp-json\/wp\/v2\/types\/page"}],"author":[{"embeddable":true,"href":"https:\/\/injuryattorneyofdallas.com\/es\/wp-json\/wp\/v2\/users\/2"}],"replies":[{"embeddable":true,"href":"https:\/\/injuryattorneyofdallas.com\/es\/wp-json\/wp\/v2\/comments?post=8025"}],"version-history":[{"count":0,"href":"https:\/\/injuryattorneyofdallas.com\/es\/wp-json\/wp\/v2\/pages\/8025\/revisions"}],"wp:attachment":[{"href":"https:\/\/injuryattorneyofdallas.com\/es\/wp-json\/wp\/v2\/media?parent=8025"}],"curies":[{"name":"wp","href":"https:\/\/api.w.org\/{rel}","templated":true}]}}