{"id":8017,"date":"2015-07-24T03:22:00","date_gmt":"2015-07-24T08:22:00","guid":{"rendered":"https:\/\/aaronaherbert.wpenginepowered.com\/dallas-bicycle-accident-attorney\/"},"modified":"2025-12-26T16:03:46","modified_gmt":"2025-12-26T22:03:46","slug":"abogado-de-accidentes-de-bicicleta-en-dallas","status":"publish","type":"page","link":"https:\/\/injuryattorneyofdallas.com\/es\/abogado-de-accidentes-de-bicicleta-en-dallas\/","title":{"rendered":"Abogado de accidentes de bicicleta en Dallas"},"content":{"rendered":"\r\n<p>Dallas es una gran ciudad en bicicleta. Tenemos varios senderos para bicicletas y senderos de uso m\u00faltiple en parques y caminos alrededor de la comunidad. Montar en las carreteras, sin embargo, puede ser peligroso. Los conductores de\u00a0<a href=\"#\">veh\u00edculos de motor<\/a>\u00a0que participan en actividades peligrosas como\u00a0<a href=\"#\">conducir distra\u00eddo<\/a>\u00a0o no seguir las reglas de la carretera pueden causar un accidente en un instante.<\/p><div id=\"ez-toc-container\" class=\"ez-toc-v2_0_80 counter-hierarchy ez-toc-counter ez-toc-grey ez-toc-container-direction\">\n<div class=\"ez-toc-title-container\">\n<p class=\"ez-toc-title\" style=\"cursor:inherit\">Table of Contents<\/p>\n<span class=\"ez-toc-title-toggle\"><a href=\"#\" class=\"ez-toc-pull-right ez-toc-btn ez-toc-btn-xs ez-toc-btn-default ez-toc-toggle\" aria-label=\"Alternar tabla de contenidos\"><span class=\"ez-toc-js-icon-con\"><span class=\"\"><span class=\"eztoc-hide\" style=\"display:none;\">Toggle<\/span><span class=\"ez-toc-icon-toggle-span\"><svg style=\"fill: #999;color:#999\" xmlns=\"http:\/\/www.w3.org\/2000\/svg\" class=\"list-377408\" width=\"20px\" height=\"20px\" viewBox=\"0 0 24 24\" fill=\"none\"><path d=\"M6 6H4v2h2V6zm14 0H8v2h12V6zM4 11h2v2H4v-2zm16 0H8v2h12v-2zM4 16h2v2H4v-2zm16 0H8v2h12v-2z\" fill=\"currentColor\"><\/path><\/svg><svg style=\"fill: #999;color:#999\" class=\"arrow-unsorted-368013\" xmlns=\"http:\/\/www.w3.org\/2000\/svg\" width=\"10px\" height=\"10px\" viewBox=\"0 0 24 24\" version=\"1.2\" baseProfile=\"tiny\"><path d=\"M18.2 9.3l-6.2-6.3-6.2 6.3c-.2.2-.3.4-.3.7s.1.5.3.7c.2.2.4.3.7.3h11c.3 0 .5-.1.7-.3.2-.2.3-.5.3-.7s-.1-.5-.3-.7zM5.8 14.7l6.2 6.3 6.2-6.3c.2-.2.3-.5.3-.7s-.1-.5-.3-.7c-.2-.2-.4-.3-.7-.3h-11c-.3 0-.5.1-.7.3-.2.2-.3.5-.3.7s.1.5.3.7z\"\/><\/svg><\/span><\/span><\/span><\/a><\/span><\/div>\n<nav><ul class='ez-toc-list ez-toc-list-level-1 ' ><li class='ez-toc-page-1 ez-toc-heading-level-2'><a class=\"ez-toc-link ez-toc-heading-1\" href=\"https:\/\/injuryattorneyofdallas.com\/es\/abogado-de-accidentes-de-bicicleta-en-dallas\/#Obten_una_Consulta_Legal_Gratis\" >Obt\u00e9n una Consulta Legal Gratis<\/a><\/li><li class='ez-toc-page-1 ez-toc-heading-level-2'><a class=\"ez-toc-link ez-toc-heading-2\" href=\"https:\/\/injuryattorneyofdallas.com\/es\/abogado-de-accidentes-de-bicicleta-en-dallas\/#ENFRENTANDO_LA_SECUELAS_DE_UN_ACCIDENTE_DE_BICICLETA\" >ENFRENTANDO LA SECUELAS DE UN ACCIDENTE DE BICICLETA<\/a><\/li><li class='ez-toc-page-1 ez-toc-heading-level-2'><a class=\"ez-toc-link ez-toc-heading-3\" href=\"https:\/\/injuryattorneyofdallas.com\/es\/abogado-de-accidentes-de-bicicleta-en-dallas\/#CUANDO_LLAMAR_A_UN_ABOGADO\" >CUANDO LLAMAR A UN ABOGADO<\/a><\/li><li class='ez-toc-page-1 ez-toc-heading-level-2'><a class=\"ez-toc-link ez-toc-heading-4\" href=\"https:\/\/injuryattorneyofdallas.com\/es\/abogado-de-accidentes-de-bicicleta-en-dallas\/#CUANDO_LOS_CICLISTAS_SON_NEGLIGENTES\" >CUANDO LOS CICLISTAS SON NEGLIGENTES<\/a><\/li><\/ul><\/nav><\/div>\n\r\n\r\n\r\n\r\n<p>Los accidentes de bicicletas pueden ser extremadamente graves. Su perfil peque\u00f1o y su falta de protecci\u00f3n pueden convertir incluso accidentes menores en un evento perjudicial. Los ciclistas son susceptibles a lesiones de cabeza, musculoesquel\u00e9ticas y del\u00a0<a href=\"https:\/\/injuryattorneyofdallas.com\/es\/abogado-de-lesiones-de-la-medula-espinal-en-dallas\/\">da\u00f1o de la m\u00e9dula espinal<\/a>, todo lo cual puede llevar a largos tiempos de recuperaci\u00f3n y cambiar significativamente la vida de una persona para siempre.<br \/><div class=\"contact-shortcode\">\r\n  <div class=\"row\">\r\n    <div class=\"col-md-4  align-self-center\"> <h2><span class=\"ez-toc-section\" id=\"Obten_una_Consulta_Legal_Gratis\"><\/span>Obt\u00e9n una Consulta Legal Gratis<span class=\"ez-toc-section-end\"><\/span><\/h2>\n <\/div>\r\n    <div class=\"col-md-8  align-self-center\">\r\n      <div class=\"coman-btn-block\"> <a href=\"https:\/\/injuryattorneyofdallas.com\/es\/contacto\/\" class=\"coman-btn-one\">Cont\u00e1ctenos<\/a> <a href=\"tel:18179044975\" class=\"coman-btn-second\"> <img decoding=\"async\" src=\"https:\/\/injuryattorneyoftexas.com\/wp-content\/uploads\/phone-icon-2.png\" alt=\"#\" width=\"\" height=\"\" class=\"img-fluid\"\/> Ll\u00e1manos<\/a> <\/div>\r\n    <\/div>\r\n  <\/div>\r\n<\/div>\r\n<br \/><br \/><\/p>\r\n\r\n\r\n\r\n<h2 class=\"wp-block-heading\"><span class=\"ez-toc-section\" id=\"ENFRENTANDO_LA_SECUELAS_DE_UN_ACCIDENTE_DE_BICICLETA\"><\/span>ENFRENTANDO LA SECUELAS DE UN ACCIDENTE DE BICICLETA<span class=\"ez-toc-section-end\"><\/span><\/h2>\r\n\r\n\r\n\r\n<p>Los ciclistas lesionados pueden tener que tomar tiempo fuera del trabajo mientras arreglan el aumento de las facturas m\u00e9dicas, facturas de da\u00f1os en bicicleta y p\u00e9rdida de la calidad de vida. Para las personas con lesiones catastr\u00f3ficas y las familias de las\u00a0v\u00edctimas fallecidas, el impacto de un accidente de bicicleta puede durar toda la vida.<\/p>\r\n\r\n\r\n\r\n<p>Adem\u00e1s de tratar con las compa\u00f1\u00edas de seguros que siempre est\u00e1n buscando el mejor trato, los ciclistas tambi\u00e9n pueden enfrentarse con los conductores negligentes que se niegan a hacer frente a los hechos. Para conseguir que las partes contrarias honren una demanda justa del establecimiento, una demanda puede ser la \u00fanica l\u00ednea de acci\u00f3n. Los conductores negligentes y las compa\u00f1\u00edas de seguros puede que no entiendan la aplicaci\u00f3n de la ley en su caso de accidente, y un abogado de lesiones personales con experiencia puede ayudar con mucho m\u00e1s que el desarrollo de un caso.<\/p>\r\n\r\n\r\n\r\n<p>En el\u00a0<a href=\"https:\/\/injuryattorneyofdallas.com\/es\/contacto\/\">Bufete de Abogados de Aaron A. Herb<\/a>e<a href=\"https:\/\/injuryattorneyofdallas.com\/es\/\">rt<\/a>, nuestro equipo de abogados puede ayudarle a encontrar un tratamiento m\u00e9dico de calidad, perseguir una investigaci\u00f3n de terceros de su accidente y asegurar a expertos testigos para ayudar a aclarar los hechos del caso, y tratar con los ajustadores de seguros en su favor. Lo \u00fanico que una v\u00edctima de accidente debe preocuparse es la curaci\u00f3n y el aprendizaje de c\u00f3mo hacer frente a las lesiones a largo plazo. No deje que el papeleo complejo y la log\u00edstica despu\u00e9s de un accidente le impida tomar el tiempo para sanar. Hable con un abogado de confianza para entender sus derechos en un caso y el mejor curso de acci\u00f3n para obtener compensaci\u00f3n.<br \/><div class=\"user-shortcode-second\" style=\"background: url(https:\/\/injuryattorneyofdallas.com\/wp-content\/uploads\/user-img-shortcode-second.jpg);\">\r\n  <div class=\"row justify-content-end\">\r\n    <div class=\"col-md-8\"> <p>Cuando has resultado lesionado debido a la negligencia de otra persona, mereces m\u00e1s que solo representaci\u00f3n legal: mereces un defensor que luche incansablemente por tus derechos. En The Law Firm of Aaron A. Herbert, entendemos el dolor, el estr\u00e9s y la incertidumbre que acompa\u00f1an a una lesi\u00f3n, y nos comprometemos a obtener la compensaci\u00f3n que necesitas para seguir adelante. Con un historial comprobado de \u00e9xito y un enfoque personalizado, nosotros nos encargamos de la batalla legal para que t\u00fa puedas concentrarte en tu recuperaci\u00f3n. No cobramos honorarios a menos que ganemos\u2014porque tu justicia es nuestra prioridad.<\/p>\n      <h3>AARON A. HERBERT<\/h3>\r\n    <\/div>\r\n  <\/div>\r\n<\/div>\r\n\u00a0<br \/><br \/><\/p>\r\n\r\n\r\n\r\n<h2 class=\"wp-block-heading\"><span class=\"ez-toc-section\" id=\"CUANDO_LLAMAR_A_UN_ABOGADO\"><\/span>CUANDO LLAMAR A UN ABOGADO<span class=\"ez-toc-section-end\"><\/span><\/h2>\r\n\r\n\r\n\r\n<p>Algunos ciclistas lesionados pueden esperar a ver c\u00f3mo pasan los d\u00edas despu\u00e9s de un accidente. Esperando para contactar con un abogado puede hacer una diferencia en las investigaciones de casos y puede obstaculizar sus posibilidades de obtener la mayor cantidad de compensaci\u00f3n. En algunos casos, un fabricante de productos puede ser culpable de un accidente devastador. La comprensi\u00f3n de las pruebas puede desempe\u00f1ar un fundamental papel para contener a la empresa de fabricaci\u00f3n responsable de su parte en sus lesiones.<\/p>\r\n\r\n\r\n\r\n<p>P\u00f3ngase en contacto con un abogado antes de hablar con los ajustadores de seguros para obtener una evaluaci\u00f3n gratuita del caso. Un abogado experimentado puede proporcionarle la informaci\u00f3n que necesita para tomar una decisi\u00f3n informada sobre la persecuci\u00f3n de un caso. Si primero habla con un ajustador o espera consultar a un profesional legal, sus propias declaraciones pueden funcionar en su contra en cualquier caso futuro.<\/p>\r\n\r\n\r\n\r\n<h2 class=\"wp-block-heading\"><span class=\"ez-toc-section\" id=\"CUANDO_LOS_CICLISTAS_SON_NEGLIGENTES\"><\/span>CUANDO LOS CICLISTAS SON NEGLIGENTES<span class=\"ez-toc-section-end\"><\/span><\/h2>\r\n\r\n\r\n\r\n<p>Bajo la ley de Texas, si se descubre que un ciclista es responsable de un 50% o m\u00e1s de un accidente, \u00e9l o ella puede ser incapaz de obtener compensaci\u00f3n en un caso de accidente. Cuando los ciclistas no siguen las reglas de la carretera pasando por las se\u00f1ales de alto, convirti\u00e9ndose r\u00e1pidamente en tr\u00e1fico, o por el camino equivocado por una calle de sentido \u00fanico, que est\u00e1n actuando con negligencia. Aseg\u00farese de que entiende las leyes locales y estatales para andar en bicicleta antes de salir en las carreteras. Hacerlo podr\u00eda salvarle la vida y evitar una demanda dirigida a usted.<\/p>\r\n\r\n\r\n\r\n<p>P\u00f3ngase en contacto con los abogados del <a href=\"https:\/\/injuryattorneyofdallas.com\/es\/contacto\/\">Bufete de Abogados de Aaron A. Herbert<\/a> para obtener una evaluaci\u00f3n gratuita del caso o para obtener m\u00e1s informaci\u00f3n sobre nuestro enfoque de la ley de lesiones personales.\u00a0<br \/><div class=\"user-shortcode\" style=\"background: url(https:\/\/injuryattorneyofdallas.com\/wp-content\/uploads\/user-img-shortcode.jpg);\">\r\n  <div class=\"row\">\r\n    <div class=\"col-md-8\"> <h3>AARON A. HERBERT<\/h3>\n<p>Aaron A. Herbert es un abogado litigante reconocido por su defensa firme y agresiva en nombre de clientes que han sufrido lesiones graves en accidentes importantes. Con m\u00e1s de una d\u00e9cada de experiencia, ha construido una reputaci\u00f3n por obtener veredictos y acuerdos significativos, muchos de ellos bajo acuerdos de confidencialidad. Su pr\u00e1ctica se basa en la pasi\u00f3n, la preparaci\u00f3n y la perseverancia, con el objetivo de maximizar el valor del caso y reducir el estr\u00e9s del proceso legal para sus clientes. Revisa su perfil en <a href=\"https:\/\/lawyers.justia.com\/lawyer\/aaron-alan-herbert-237375\">Justia<\/a> y <a href=\"https:\/\/www.yelp.com\/biz\/law-firm-of-aaron-a-herbert-pc-dallas-5\">Yelp<\/a>.<\/p>\n <\/div>\r\n  <\/div>\r\n<\/div>\r\n<br \/><br \/><\/p>\r\n","protected":false},"excerpt":{"rendered":"<p>Dallas es una gran ciudad en bicicleta. Tenemos varios senderos para bicicletas y senderos de uso m\u00faltiple en parques y caminos alrededor de la comunidad. Montar en las carreteras, sin embargo, puede ser peligroso. Los conductores de\u00a0veh\u00edculos de motor\u00a0que participan en actividades peligrosas como\u00a0conducir distra\u00eddo\u00a0o no seguir las reglas de la carretera pueden causar un&#8230;<\/p>\n","protected":false},"author":2,"featured_media":0,"parent":0,"menu_order":0,"comment_status":"closed","ping_status":"closed","template":"","meta":{"_acf_changed":false,"footnotes":""},"class_list":["post-8017","page","type-page","status-publish","hentry"],"acf":[],"yoast_head":"<!-- This site is optimized with the Yoast SEO Premium plugin v26.9 (Yoast SEO v26.9) - https:\/\/yoast.com\/product\/yoast-seo-premium-wordpress\/ -->\n<title>Abogado de accidentes de bicicleta en Dallas<\/title>\n<meta name=\"description\" content=\"Si usted fue atropellado mientras montaba en bicicleta en Dallas, Cont\u00e1ctanos ahora mismo para una consulta gratuita.\" \/>\n<meta name=\"robots\" content=\"index, follow, max-snippet:-1, max-image-preview:large, max-video-preview:-1\" \/>\n<link rel=\"canonical\" href=\"https:\/\/injuryattorneyofdallas.com\/es\/abogado-de-accidentes-de-bicicleta-en-dallas\/\" \/>\n<meta property=\"og:locale\" content=\"es_ES\" \/>\n<meta property=\"og:type\" content=\"article\" \/>\n<meta property=\"og:title\" content=\"Abogado de accidentes de bicicleta en Dallas\" \/>\n<meta property=\"og:description\" content=\"Si usted fue atropellado mientras montaba en bicicleta en Dallas, Cont\u00e1ctanos ahora mismo para una consulta gratuita.\" \/>\n<meta property=\"og:url\" content=\"https:\/\/injuryattorneyofdallas.com\/es\/abogado-de-accidentes-de-bicicleta-en-dallas\/\" \/>\n<meta property=\"og:site_name\" content=\"Aaron Herbert - Abogado de Lesiones de Texas\" \/>\n<meta property=\"article:publisher\" content=\"https:\/\/www.facebook.com\/injuryattorneyoftexas\/\" \/>\n<meta property=\"article:modified_time\" content=\"2025-12-26T22:03:46+00:00\" \/>\n<meta name=\"twitter:card\" content=\"summary_large_image\" \/>\n<meta name=\"twitter:site\" content=\"@dallaspilawyer\" \/>\n<meta name=\"twitter:label1\" content=\"Tiempo de lectura\" \/>\n\t<meta name=\"twitter:data1\" content=\"4 minutos\" \/>\n<script type=\"application\/ld+json\" class=\"yoast-schema-graph\">{\"@context\":\"https:\/\/schema.org\",\"@graph\":[{\"@type\":\"WebPage\",\"@id\":\"https:\/\/injuryattorneyofdallas.com\/es\/abogado-de-accidentes-de-bicicleta-en-dallas\/\",\"url\":\"https:\/\/injuryattorneyofdallas.com\/es\/abogado-de-accidentes-de-bicicleta-en-dallas\/\",\"name\":\"Abogado de accidentes de bicicleta en Dallas\",\"isPartOf\":{\"@id\":\"https:\/\/injuryattorneyofdallas.com\/es\/#website\"},\"datePublished\":\"2015-07-24T08:22:00+00:00\",\"dateModified\":\"2025-12-26T22:03:46+00:00\",\"description\":\"Si usted fue atropellado mientras montaba en bicicleta en Dallas, Cont\u00e1ctanos ahora mismo para una consulta gratuita.\",\"breadcrumb\":{\"@id\":\"https:\/\/injuryattorneyofdallas.com\/es\/abogado-de-accidentes-de-bicicleta-en-dallas\/#breadcrumb\"},\"inLanguage\":\"es\",\"potentialAction\":[{\"@type\":\"ReadAction\",\"target\":[\"https:\/\/injuryattorneyofdallas.com\/es\/abogado-de-accidentes-de-bicicleta-en-dallas\/\"]}]},{\"@type\":\"BreadcrumbList\",\"@id\":\"https:\/\/injuryattorneyofdallas.com\/es\/abogado-de-accidentes-de-bicicleta-en-dallas\/#breadcrumb\",\"itemListElement\":[{\"@type\":\"ListItem\",\"position\":1,\"name\":\"Dallas Personal Injury Lawyers\",\"item\":\"https:\/\/injuryattorneyofdallas.com\/es\/\"},{\"@type\":\"ListItem\",\"position\":2,\"name\":\"Abogado de accidentes de bicicleta en Dallas\"}]},{\"@type\":\"WebSite\",\"@id\":\"https:\/\/injuryattorneyofdallas.com\/es\/#website\",\"url\":\"https:\/\/injuryattorneyofdallas.com\/es\/\",\"name\":\"The Law Firm Of Aaron A Herbert, P.C.\",\"description\":\"Dallas Personal Injury Lawyer\",\"alternateName\":\"The Law Firm Of Aaron Herbert\",\"potentialAction\":[{\"@type\":\"SearchAction\",\"target\":{\"@type\":\"EntryPoint\",\"urlTemplate\":\"https:\/\/injuryattorneyofdallas.com\/es\/?s={search_term_string}\"},\"query-input\":{\"@type\":\"PropertyValueSpecification\",\"valueRequired\":true,\"valueName\":\"search_term_string\"}}],\"inLanguage\":\"es\"}]}<\/script>\n<!-- \/ Yoast SEO Premium plugin. -->","yoast_head_json":{"title":"Abogado de accidentes de bicicleta en Dallas","description":"Si usted fue atropellado mientras montaba en bicicleta en Dallas, Cont\u00e1ctanos ahora mismo para una consulta gratuita.","robots":{"index":"index","follow":"follow","max-snippet":"max-snippet:-1","max-image-preview":"max-image-preview:large","max-video-preview":"max-video-preview:-1"},"canonical":"https:\/\/injuryattorneyofdallas.com\/es\/abogado-de-accidentes-de-bicicleta-en-dallas\/","og_locale":"es_ES","og_type":"article","og_title":"Abogado de accidentes de bicicleta en Dallas","og_description":"Si usted fue atropellado mientras montaba en bicicleta en Dallas, Cont\u00e1ctanos ahora mismo para una consulta gratuita.","og_url":"https:\/\/injuryattorneyofdallas.com\/es\/abogado-de-accidentes-de-bicicleta-en-dallas\/","og_site_name":"Aaron Herbert - Abogado de Lesiones de Texas","article_publisher":"https:\/\/www.facebook.com\/injuryattorneyoftexas\/","article_modified_time":"2025-12-26T22:03:46+00:00","twitter_card":"summary_large_image","twitter_site":"@dallaspilawyer","twitter_misc":{"Tiempo de lectura":"4 minutos"},"schema":{"@context":"https:\/\/schema.org","@graph":[{"@type":"WebPage","@id":"https:\/\/injuryattorneyofdallas.com\/es\/abogado-de-accidentes-de-bicicleta-en-dallas\/","url":"https:\/\/injuryattorneyofdallas.com\/es\/abogado-de-accidentes-de-bicicleta-en-dallas\/","name":"Abogado de accidentes de bicicleta en Dallas","isPartOf":{"@id":"https:\/\/injuryattorneyofdallas.com\/es\/#website"},"datePublished":"2015-07-24T08:22:00+00:00","dateModified":"2025-12-26T22:03:46+00:00","description":"Si usted fue atropellado mientras montaba en bicicleta en Dallas, Cont\u00e1ctanos ahora mismo para una consulta gratuita.","breadcrumb":{"@id":"https:\/\/injuryattorneyofdallas.com\/es\/abogado-de-accidentes-de-bicicleta-en-dallas\/#breadcrumb"},"inLanguage":"es","potentialAction":[{"@type":"ReadAction","target":["https:\/\/injuryattorneyofdallas.com\/es\/abogado-de-accidentes-de-bicicleta-en-dallas\/"]}]},{"@type":"BreadcrumbList","@id":"https:\/\/injuryattorneyofdallas.com\/es\/abogado-de-accidentes-de-bicicleta-en-dallas\/#breadcrumb","itemListElement":[{"@type":"ListItem","position":1,"name":"Dallas Personal Injury Lawyers","item":"https:\/\/injuryattorneyofdallas.com\/es\/"},{"@type":"ListItem","position":2,"name":"Abogado de accidentes de bicicleta en Dallas"}]},{"@type":"WebSite","@id":"https:\/\/injuryattorneyofdallas.com\/es\/#website","url":"https:\/\/injuryattorneyofdallas.com\/es\/","name":"The Law Firm Of Aaron A Herbert, P.C.","description":"Dallas Personal Injury Lawyer","alternateName":"The Law Firm Of Aaron Herbert","potentialAction":[{"@type":"SearchAction","target":{"@type":"EntryPoint","urlTemplate":"https:\/\/injuryattorneyofdallas.com\/es\/?s={search_term_string}"},"query-input":{"@type":"PropertyValueSpecification","valueRequired":true,"valueName":"search_term_string"}}],"inLanguage":"es"}]}},"_links":{"self":[{"href":"https:\/\/injuryattorneyofdallas.com\/es\/wp-json\/wp\/v2\/pages\/8017","targetHints":{"allow":["GET"]}}],"collection":[{"href":"https:\/\/injuryattorneyofdallas.com\/es\/wp-json\/wp\/v2\/pages"}],"about":[{"href":"https:\/\/injuryattorneyofdallas.com\/es\/wp-json\/wp\/v2\/types\/page"}],"author":[{"embeddable":true,"href":"https:\/\/injuryattorneyofdallas.com\/es\/wp-json\/wp\/v2\/users\/2"}],"replies":[{"embeddable":true,"href":"https:\/\/injuryattorneyofdallas.com\/es\/wp-json\/wp\/v2\/comments?post=8017"}],"version-history":[{"count":0,"href":"https:\/\/injuryattorneyofdallas.com\/es\/wp-json\/wp\/v2\/pages\/8017\/revisions"}],"wp:attachment":[{"href":"https:\/\/injuryattorneyofdallas.com\/es\/wp-json\/wp\/v2\/media?parent=8017"}],"curies":[{"name":"wp","href":"https:\/\/api.w.org\/{rel}","templated":true}]}}